{"id":1858,"date":"2024-05-31T10:11:03","date_gmt":"2024-05-31T07:11:03","guid":{"rendered":"https:\/\/sivustot.lentopallo.fi\/lansi-suomi\/?page_id=1858"},"modified":"2025-08-29T13:35:31","modified_gmt":"2025-08-29T10:35:31","slug":"ilmoittautuminen","status":"publish","type":"page","link":"https:\/\/sivustot.lentopallo.fi\/lansi-suomi\/kilpailutoiminta\/aikuiset\/ilmoittautuminen\/","title":{"rendered":"Ilmoittautuminen"},"content":{"rendered":"\n<p>Aikuisten sarjoihin ilmoittautuminen tehd\u00e4\u00e4n kirjautumalla <a href=\"https:\/\/tulospalvelu.lentopallo.fi\/\">KiSa-palveluun<\/a> ilmoittajan SuomiSport-tunnuksilla. Ohjeet l\u00f6ytyv\u00e4t <a href=\"https:\/\/www.lentopallo.fi\/kilpailu\/ohjeet\/\"><u><strong><em>liiton sivuilta<\/em><\/strong><\/u><\/a>.<\/p>\n\n\n\n<p><strong>Ilmoittautuminen avautuu 15.8.2025<\/strong><\/p>\n\n\n\n<h3 class=\"wp-block-heading\">Ilmoittautumisajat, sarjamaksut ja pelipassit kaudella 2025-2026<\/h3>\n\n\n\n<figure class=\"wp-block-table is-style-stripes\"><table><tbody><tr><td><strong>Sarja<\/strong><\/td><td class=\"has-text-align-center\" data-align=\"center\"><strong>Ilmoittautuminen viimeist\u00e4\u00e4n<\/strong><\/td><td class=\"has-text-align-center\" data-align=\"center\"><strong>Sarjamaksu<\/strong><\/td><td><strong>Pelipassi <a href=\"https:\/\/www.lentopallo.fi\/kilpailu\/pelipassit\/\"><u><em><mark class=\"has-inline-color has-vivid-red-color\">Lis\u00e4tietoa pelipasseista<\/mark><\/em><\/u><\/a><\/strong><\/td><\/tr><tr><td>Miehet aluesarja<\/td><td class=\"has-text-align-center\" data-align=\"center\">17.9.2025<\/td><td class=\"has-text-align-center\" data-align=\"center\">180 \u20ac<\/td><td><mark class=\"has-inline-color has-vivid-red-color\">Aluesarjojen kilpapassi<\/mark> tai nuorten kilpapassi<\/td><\/tr><tr><td>Naiset aluesarja<\/td><td class=\"has-text-align-center\" data-align=\"center\">17.9.2025<\/td><td class=\"has-text-align-center\" data-align=\"center\">180 \u20ac<\/td><td><mark class=\"has-inline-color has-vivid-red-color\">Aluesarjojen kilpapassi<\/mark> tai nuorten kilpapassi<\/td><\/tr><tr><td>Miehet paikallissarja<\/td><td class=\"has-text-align-center\" data-align=\"center\">17.9.2025<\/td><td class=\"has-text-align-center\" data-align=\"center\">90 \u20ac<\/td><td><mark class=\"has-inline-color has-vivid-red-color\">Lentopallon harrastepassi<\/mark>&nbsp;tai nuorten kilpapassi<\/td><\/tr><tr><td>Naiset paikallissarja<\/td><td class=\"has-text-align-center\" data-align=\"center\">17.9.2025<\/td><td class=\"has-text-align-center\" data-align=\"center\">90 \u20ac<\/td><td><mark class=\"has-inline-color has-vivid-red-color\">Lentopallon harrastepassi&nbsp;<\/mark>&nbsp;tai nuorten kilpapassi<\/td><\/tr><\/tbody><\/table><\/figure>\n\n\n\n<p><\/p>\n","protected":false},"excerpt":{"rendered":"<p>Aikuisten sarjoihin ilmoittautuminen tehd\u00e4\u00e4n kirjautumalla KiSa-palveluun ilmoittajan SuomiSport-tunnuksilla. Ohjeet l\u00f6ytyv\u00e4t liiton sivuilta. Ilmoittautuminen avautuu 15.8.2025 Ilmoittautumisajat, sarjamaksut ja pelipassit kaudella 2025-2026 Sarja Ilmoittautuminen viimeist\u00e4\u00e4n Sarjamaksu Pelipassi Lis\u00e4tietoa pelipasseista Miehet aluesarja 17.9.2025 180 \u20ac Aluesarjojen kilpapassi tai nuorten kilpapassi Naiset aluesarja 17.9.2025 180 \u20ac Aluesarjojen kilpapassi tai nuorten kilpapassi Miehet paikallissarja 17.9.2025 90 \u20ac Lentopallon harrastepassi&nbsp;tai [&hellip;]<\/p>\n","protected":false},"author":9,"featured_media":0,"parent":278,"menu_order":0,"comment_status":"closed","ping_status":"closed","template":"pages\/template-kilpailu.php","meta":{"_acf_changed":false,"inline_featured_image":false,"footnotes":""},"class_list":["post-1858","page","type-page","status-publish","hentry"],"acf":[],"_links":{"self":[{"href":"https:\/\/sivustot.lentopallo.fi\/lansi-suomi\/wp-json\/wp\/v2\/pages\/1858","targetHints":{"allow":["GET"]}}],"collection":[{"href":"https:\/\/sivustot.lentopallo.fi\/lansi-suomi\/wp-json\/wp\/v2\/pages"}],"about":[{"href":"https:\/\/sivustot.lentopallo.fi\/lansi-suomi\/wp-json\/wp\/v2\/types\/page"}],"author":[{"embeddable":true,"href":"https:\/\/sivustot.lentopallo.fi\/lansi-suomi\/wp-json\/wp\/v2\/users\/9"}],"replies":[{"embeddable":true,"href":"https:\/\/sivustot.lentopallo.fi\/lansi-suomi\/wp-json\/wp\/v2\/comments?post=1858"}],"version-history":[{"count":19,"href":"https:\/\/sivustot.lentopallo.fi\/lansi-suomi\/wp-json\/wp\/v2\/pages\/1858\/revisions"}],"predecessor-version":[{"id":3017,"href":"https:\/\/sivustot.lentopallo.fi\/lansi-suomi\/wp-json\/wp\/v2\/pages\/1858\/revisions\/3017"}],"up":[{"embeddable":true,"href":"https:\/\/sivustot.lentopallo.fi\/lansi-suomi\/wp-json\/wp\/v2\/pages\/278"}],"wp:attachment":[{"href":"https:\/\/sivustot.lentopallo.fi\/lansi-suomi\/wp-json\/wp\/v2\/media?parent=1858"}],"curies":[{"name":"wp","href":"https:\/\/api.w.org\/{rel}","templated":true}]}}