{"id":192,"date":"2025-08-01T07:27:00","date_gmt":"2025-08-01T04:27:00","guid":{"rendered":"https:\/\/sivustot.lentopallo.fi\/lansi-suomi\/?page_id=192"},"modified":"2026-04-07T19:45:56","modified_gmt":"2026-04-07T16:45:56","slug":"etusivu","status":"publish","type":"page","link":"https:\/\/sivustot.lentopallo.fi\/lansi-suomi\/","title":{"rendered":"L\u00e4nsi &#8211; Etusivu"},"content":{"rendered":"\n<section id=\"block_8bd4dfae9df2723f3cbe7728f16574d6\" class=\"intro-carousel\">\n\t\n\n\t\t\t<div class=\"carousel-list cl-custom\">\n\t\t\t\t\t\t\t\t\t\t\t\t\t\t\t\t\t\t\t\t\t\t\t\t\t\t\t<div class=\"slide slide-custom\" style=\"background-image:url(https:\/\/sivustot.lentopallo.fi\/lansi-suomi\/files\/2024\/02\/Ct1_Rollo_2023_06-1920x1440.jpg);\">\n\t\t\t\t\t\t\t<div class=\"container\">\n\t\t\t\t\t\t\t\t\t\t\t\t\t\t\t\t\t<div class=\"slide-custom-content\">\n\t\t\t\t\t\t\t\t\t\t\t\t\t\t\t\t\t\t\t\t\t<h3 class=\"slide-custom-title\">Me ollaan L\u00e4nsi<\/h3>\n\t\t\t\t\t\t\t\t\t\t\n\t\t\t\t\t\t\t\t\t\t\t\t\t\t\t\t\t\t\t<\/div>\n\t\t\t\t\t\t\t\t\t\t\t\t\t\t\t<\/div>\n\t\t\t\t\t\t<\/div>\n\t\t\t\t\t\t\t\t\t\t\t\t\t\t\t\t\t\t\t\t\t\t\t\t\t\t\t\t\t\t\t\t\t\t\t\t<div class=\"slide slide-custom\" style=\"background-image:url(https:\/\/sivustot.lentopallo.fi\/lansi-suomi\/files\/2024\/02\/Ct_Rollo_Johto_2023_02_Muo-e1746194231297.jpg);\">\n\t\t\t\t\t\t\t<div class=\"container\">\n\t\t\t\t\t\t\t\t\t\t\t\t\t\t\t\t\t<div class=\"slide-custom-content\">\n\t\t\t\t\t\t\t\t\t\t\t\t\t\t\t\t\t\t\t\t\t<h3 class=\"slide-custom-title\">Ct johtoa 2023<\/h3>\n\t\t\t\t\t\t\t\t\t\t\n\t\t\t\t\t\t\t\t\t\t\t\t\t\t\t\t\t\t\t<\/div>\n\t\t\t\t\t\t\t\t\t\t\t\t\t\t\t<\/div>\n\t\t\t\t\t\t<\/div>\n\t\t\t\t\t\t\t\t\t\t\t\t\t\t\t\t\t\t\t\t\t\t\t\t\t\t\t\t\t\t\t\t\t\t\t\t<div class=\"slide slide-custom\" style=\"background-image:url(https:\/\/sivustot.lentopallo.fi\/lansi-suomi\/files\/2024\/02\/Ct1_Rollo_2023_02-e1708036900709-1920x1520.jpg);\">\n\t\t\t\t\t\t\t<div class=\"container\">\n\t\t\t\t\t\t\t\t\t\t\t\t\t\t\t\t\t<div class=\"slide-custom-content\">\n\t\t\t\t\t\t\t\t\t\t\t\t\t\t\t\t\t\t\t\t\t<h3 class=\"slide-custom-title\">Ct1 2023<\/h3>\n\t\t\t\t\t\t\t\t\t\t\n\t\t\t\t\t\t\t\t\t\t\t\t\t\t\t\t\t\t\t<\/div>\n\t\t\t\t\t\t\t\t\t\t\t\t\t\t\t<\/div>\n\t\t\t\t\t\t<\/div>\n\t\t\t\t\t\t\t\t\t\t\t\t\t\t\t\t\t\t\t\t\t\t\t\t\t\t\t\t\t\t\t\t\t\t\t\t<div class=\"slide slide-custom\" style=\"background-image:url(https:\/\/sivustot.lentopallo.fi\/lansi-suomi\/files\/2024\/02\/Bp_Bt_Joens_Mestarit_2023_01-e1708036758211.jpg);\">\n\t\t\t\t\t\t\t<div class=\"container\">\n\t\t\t\t\t\t\t\t\t\t\t\t\t\t\t\t\t<div class=\"slide-custom-content\">\n\t\t\t\t\t\t\t\t\t\t\t\t\t\t\t\t\t\t\t\t\t<h3 class=\"slide-custom-title\">Bp\/t mestarit 2023<\/h3>\n\t\t\t\t\t\t\t\t\t\t\n\t\t\t\t\t\t\t\t\t\t\t\t\t\t\t\t\t\t\t<\/div>\n\t\t\t\t\t\t\t\t\t\t\t\t\t\t\t<\/div>\n\t\t\t\t\t\t<\/div>\n\t\t\t\t\t\t\t\t\t\t\t\t\t\t\t\t\t\t\t\t\t\t\t\t\t\t\t\t\t\t\t\t\t\t\t\t\t\t\t<\/div>\n\t<\/section>\n\n\n\n<h2 class=\"wp-block-heading\"><\/h2>\n\n\n\n<p class=\"has-text-align-center\"><br><\/p>\n\n\n\n<h2 class=\"wp-block-heading has-text-align-center\"><br><strong>Tervetuloa L\u00e4nnen lentopallon kotisivuille<\/strong><\/h2>\n\n\n\n<p><br><\/p>\n\n\n\n<p class=\"has-text-align-center\"><\/p>\n\n\n\n<hr class=\"wp-block-separator has-alpha-channel-opacity\" \/>\n\n\n\n<p class=\"has-text-align-center\"><\/p>\n\n\n\n<h3 class=\"wp-block-heading has-text-align-center\"><br><strong><em><a href=\"https:\/\/www.facebook.com\/story.php?story_fbid=1469694921769093&amp;id=100061857982943&amp;rdid=oUdYGFz8teysDQa8\" data-type=\"page\" data-id=\"3357\" target=\"_blank\" rel=\"noreferrer noopener\">Urheilijan ymp\u00e4rivuotinen kehittyminen<\/a><\/em><\/strong><\/h3>\n\n\n\n<p class=\"has-text-align-center\"><br><\/p>\n\n\n\n<hr class=\"wp-block-separator has-alpha-channel-opacity\" \/>\n\n\n\n<p class=\"has-text-align-center\"><\/p>\n\n\n\n<h3 class=\"wp-block-heading has-text-align-center\"><br><strong><em><a href=\"https:\/\/sivustot.lentopallo.fi\/lansi-suomi\/keski-suomi\/keski-suomen-urheilugaala-2026\/\" data-type=\"page\" data-id=\"3357\">Keski-Suomen Urheilugaala 2026<\/a><\/em><\/strong><a href=\"https:\/\/sivustot.lentopallo.fi\/lansi-suomi\/lannen-odotettu-uutinen\/\"><br><\/a><br><\/h3>\n\n\n\n<hr class=\"wp-block-separator has-alpha-channel-opacity\" \/>\n\n\n\n<h3 class=\"wp-block-heading has-text-align-center\"><br><strong><em><a href=\"https:\/\/sivustot.lentopallo.fi\/lansi-suomi\/aluevalmennus\/paavalmnennuksen-soihdunkantaja-vaihtuu\/\" data-type=\"page\" data-id=\"3357\">Soihdunkantaja vaihtuu<\/a><\/em><\/strong><a href=\"https:\/\/sivustot.lentopallo.fi\/lansi-suomi\/lannen-odotettu-uutinen\/\"><br><\/a><br><\/h3>\n\n\n\n<hr class=\"wp-block-separator has-alpha-channel-opacity\" \/>\n\n\n\n<h3 class=\"wp-block-heading has-text-align-center\"><br><strong><em><a href=\"https:\/\/sivustot.lentopallo.fi\/lansi-suomi\/aluevalmennus\/u17-alue-sm-2025\/\" data-type=\"page\" data-id=\"3357\">B Alue SM-turnaus, Kuortane<\/a><\/em><\/strong><a href=\"https:\/\/sivustot.lentopallo.fi\/lansi-suomi\/lannen-odotettu-uutinen\/\"><br><\/a><br><\/h3>\n\n\n\n<hr class=\"wp-block-separator has-alpha-channel-opacity\" \/>\n\n\n\n<p class=\"has-text-align-center\"><br><\/p>\n\n\n\n<div class=\"wp-block-buttons is-content-justification-center is-layout-flex wp-container-core-buttons-is-layout-16018d1d wp-block-buttons-is-layout-flex\">\n<div class=\"wp-block-button\"><a class=\"wp-block-button__link wp-element-button\" href=\"https:\/\/sivustot.lentopallo.fi\/lansi-suomi\/uutiset\/sarjainfot\/\">Nuorten ja minien sarjainfot &#8211; tallenteet<\/a><\/div>\n<\/div>\n\n\n\n<p><\/p>\n\n\n\n<p class=\"has-text-align-center\">________________________<\/p>\n\n\n\n<h3 class=\"wp-block-heading has-text-align-center\"><br><a href=\"https:\/\/sivustot.lentopallo.fi\/lansi-suomi\/lannen-odotettu-uutinen\/\"><strong><em>L\u00e4nnen odotettu uutinen<\/em><\/strong><br><\/a><br><\/h3>\n\n\n\n<p class=\"has-text-align-center\"><\/p>\n\n\n\n<p><\/p>\n\n\n\n<hr class=\"wp-block-separator has-alpha-channel-opacity\" \/>\n\n\n\n<h3 class=\"wp-block-heading has-text-align-center\"><br><strong><a href=\"https:\/\/sivustot.lentopallo.fi\/lansi-suomi\/kilpailutoiminta\/aikuiset\/saannot-ja-sarjamaaraykset\/\"><em>L\u00e4nnen aikuisten sarjam\u00e4\u00e4r\u00e4ykset 2025-2026<\/em><\/a><\/strong><br><br><\/h3>\n\n\n\n<p><\/p>\n\n\n\n<hr class=\"wp-block-separator has-alpha-channel-opacity\" \/>\n\n\n\n<h3 class=\"wp-block-heading has-text-align-center\"><br><a href=\"https:\/\/sivustot.lentopallo.fi\/lansi-suomi\/aluevalmennus\/c-alue-sm-2025\/\" data-type=\"page\" data-id=\"3025\" target=\"_blank\" rel=\"noreferrer noopener\"><em><strong>U15 (C) alue SM kisajoukkueet valittu<\/strong><\/em><\/a><br><br><\/h3>\n\n\n\n<p><\/p>\n\n\n\n<hr class=\"wp-block-separator has-alpha-channel-opacity\" \/>\n\n\n\n<h3 class=\"wp-block-heading has-text-align-center\"><br><a href=\"https:\/\/sivustot.lentopallo.fi\/lansi-suomi\/aluevalmennus\/b-alue-sm-2025\/\" data-type=\"link\" data-id=\"http:\/\/www.karhuvolley.fi\/\"><em><strong>U17 (B) alue SM kisajoukkueet valittu<\/strong><\/em><\/a><br><br><\/h3>\n\n\n\n<p><\/p>\n\n\n\n<hr class=\"wp-block-separator has-alpha-channel-opacity\" \/>\n\n\n\n<h3 class=\"wp-block-heading has-text-align-center\"><br><a href=\"http:\/\/www.karhuvolley.fi\/\" data-type=\"link\" data-id=\"http:\/\/www.karhuvolley.fi\/\" target=\"_blank\" rel=\"noreferrer noopener\"><em><strong>Tassulentis, Kauhajoki<\/strong><\/em><\/a><br><br><\/h3>\n\n\n\n<p><\/p>\n\n\n\n<hr class=\"wp-block-separator has-alpha-channel-opacity\" \/>\n\n\n\n<h3 class=\"wp-block-heading has-text-align-center\"><br><a href=\"https:\/\/sivustot.lentopallo.fi\/lansi-suomi\/kilpailutoiminta\/minit\/\" data-type=\"page\" data-id=\"276\"><strong><em>Minit, 2025-2026 infoa<\/em><\/strong><\/a><br><br><\/h3>\n\n\n\n<hr class=\"wp-block-separator has-alpha-channel-opacity\" \/>\n\n\n\n<h3 class=\"wp-block-heading has-text-align-center\"><br><a href=\"https:\/\/sivustot.lentopallo.fi\/lansi-suomi\/beach-volley-2025\/biitsin-sm-kauhajoki\/\"><em><strong>Biitsin SM Kauhajoki<\/strong><\/em><\/a><br><br><\/h3>\n\n\n\n<hr class=\"wp-block-separator has-alpha-channel-opacity\" \/>\n\n\n\n<h3 class=\"wp-block-heading has-text-align-center\"><br><em><strong><a href=\"https:\/\/sivustot.lentopallo.fi\/lansi-suomi\/aluevalmennus\/ylakoululeiritys-2025-2026\/\" data-type=\"page\" data-id=\"2691\">Yl\u00e4koululeiritys 2025-2026<\/a><\/strong><\/em><br><br><\/h3>\n\n\n\n<hr class=\"wp-block-separator has-alpha-channel-opacity\" \/>\n\n\n\n<h3 class=\"wp-block-heading has-text-align-center\"><br><em><a href=\"https:\/\/sivustot.lentopallo.fi\/lansi-suomi\/aluevalmennus\/b-c-valintaleirit\/\" data-type=\"page\" data-id=\"2791\"><strong>B-C, valintaleirit 3.8.<\/strong><\/a><\/em><\/h3>\n\n\n\n<p><br><\/p>\n\n\n\n<hr class=\"wp-block-separator has-alpha-channel-opacity\" \/>\n\n\n\n<h3 class=\"wp-block-heading has-text-align-center\"><br><em><strong><a href=\"https:\/\/www.lentopallo.fi\/uutiset\/puma-volley-ja-vaasan-kiisto-a-nuorten-suomen-mestareiksi\/\" data-type=\"page\" data-id=\"2593\" target=\"_blank\" rel=\"noreferrer noopener\">Kiiston A-pojille mestaruus<\/a><\/strong><\/em><\/h3>\n\n\n\n<p><br><\/p>\n\n\n\n<hr class=\"wp-block-separator has-alpha-channel-opacity\" \/>\n\n\n\n<h3 class=\"wp-block-heading has-text-align-center\"><br><a href=\"https:\/\/sivustot.lentopallo.fi\/lansi-suomi\/b-c-poikien-kesatreenipaiva\/\" data-type=\"page\" data-id=\"2593\"><em><strong>B-C- poikien kes\u00e4treenip\u00e4iv\u00e4, 18.5.<\/strong><\/em><\/a><\/h3>\n\n\n\n<p><br><\/p>\n\n\n\n<hr class=\"wp-block-separator has-alpha-channel-opacity\" \/>\n\n\n\n<p><\/p>\n\n\n\n<h3 class=\"wp-block-heading has-text-align-center\"><br><em><strong><a href=\"https:\/\/sivustot.lentopallo.fi\/lansi-suomi\/1-taso\/\" data-type=\"page\" data-id=\"2567\" target=\"_blank\" rel=\"noreferrer noopener\">1-tason valmentajakoulutus, L\u00e4nsi<\/a><\/strong><\/em><\/h3>\n\n\n\n<p><br><\/p>\n\n\n\n<hr class=\"wp-block-separator has-alpha-channel-opacity\" \/>\n\n\n\n<h3 class=\"wp-block-heading has-text-align-center\"><br><em><strong><a href=\"https:\/\/sivustot.lentopallo.fi\/lansi-suomi\/leiripaiva-4-5-2025\/\" data-type=\"page\" data-id=\"2512\">Avoin leirip\u00e4iv\u00e4 B-C-nuorille 4.5.2025<\/a><\/strong><\/em><\/h3>\n\n\n\n<p><br><\/p>\n\n\n\n<hr class=\"wp-block-separator has-alpha-channel-opacity\" \/>\n\n\n\n<p><\/p>\n\n\n\n<h3 class=\"wp-block-heading has-text-align-center\"><br><em><strong><a href=\"https:\/\/sivustot.lentopallo.fi\/lansi-suomi\/aluemestaruudet\/\" data-type=\"page\" data-id=\"2445\">B-C-nuorten Aluemestaruudet ratkottu<\/a><\/strong><\/em><\/h3>\n\n\n\n<p><br><\/p>\n\n\n\n<hr class=\"wp-block-separator has-alpha-channel-opacity\" \/>\n\n\n\n<p><br><\/p>\n\n\n\n<h3 class=\"wp-block-heading has-text-align-center\"><em><strong><a href=\"https:\/\/sivustot.lentopallo.fi\/lansi-suomi\/vallan-vaihto\/\" data-type=\"page\" data-id=\"2383\" target=\"_blank\" rel=\"noreferrer noopener\">Valta vaihtuu, uusi alueen p\u00e4\u00e4valmentaja<\/a><\/strong><\/em><\/h3>\n\n\n\n<p class=\"has-text-align-center\"><br><\/p>\n\n\n\n<hr class=\"wp-block-separator has-alpha-channel-opacity\" \/>\n\n\n\n<h3 class=\"wp-block-heading has-text-align-center\"><br><a href=\"https:\/\/sivustot.lentopallo.fi\/lansi-suomi\/aluevalmennus\/c-alue-sm-2024\/\" data-type=\"page\" data-id=\"2055\"><strong><em>L\u00e4nnelle tuplamestaruus C Alue SM-kisoista Kuortaneelta 2024<br><\/em><\/strong><\/a><\/h3>\n\n\n\n<p><br><\/p>\n\n\n\n<p><\/p>\n\n\n\n<p><\/p>\n\n\n\n<hr class=\"wp-block-separator has-alpha-channel-opacity\" \/>\n\n\n\n<p><\/p>\n\n\n\n<p><\/p>\n\n\n\n<p><\/p>\n\n\n\n<h6 class=\"wp-block-heading has-text-align-center\"><br><br><em>Copyright<\/em><br><a href=\"https:\/\/sivustot.lentopallo.fi\/lansi-suomi\/wp-admin\/\" target=\"_blank\" rel=\"noreferrer noopener\"><em>L\u00e4nnen lentis<\/em><\/a><\/h6>\n\n\n\n<p><\/p>\n\n\n\n<p class=\"has-text-align-center\"><br><\/p>\n\n\n\n<p><br><br><\/p>\n","protected":false},"excerpt":{"rendered":"<p>Tervetuloa L\u00e4nnen lentopallon kotisivuille Urheilijan ymp\u00e4rivuotinen kehittyminen Keski-Suomen Urheilugaala 2026 Soihdunkantaja vaihtuu B Alue SM-turnaus, Kuortane ________________________ L\u00e4nnen odotettu uutinen L\u00e4nnen aikuisten sarjam\u00e4\u00e4r\u00e4ykset 2025-2026 U15 (C) alue SM kisajoukkueet valittu U17 (B) alue SM kisajoukkueet valittu Tassulentis, Kauhajoki Minit, 2025-2026 infoa Biitsin SM Kauhajoki Yl\u00e4koululeiritys 2025-2026 B-C, valintaleirit 3.8. Kiiston A-pojille mestaruus B-C- poikien kes\u00e4treenip\u00e4iv\u00e4, [&hellip;]<\/p>\n","protected":false},"author":1,"featured_media":0,"parent":251,"menu_order":0,"comment_status":"closed","ping_status":"closed","template":"pages\/template-home.php","meta":{"_acf_changed":false,"inline_featured_image":false,"footnotes":""},"class_list":["post-192","page","type-page","status-publish","hentry"],"acf":[],"_links":{"self":[{"href":"https:\/\/sivustot.lentopallo.fi\/lansi-suomi\/wp-json\/wp\/v2\/pages\/192","targetHints":{"allow":["GET"]}}],"collection":[{"href":"https:\/\/sivustot.lentopallo.fi\/lansi-suomi\/wp-json\/wp\/v2\/pages"}],"about":[{"href":"https:\/\/sivustot.lentopallo.fi\/lansi-suomi\/wp-json\/wp\/v2\/types\/page"}],"author":[{"embeddable":true,"href":"https:\/\/sivustot.lentopallo.fi\/lansi-suomi\/wp-json\/wp\/v2\/users\/1"}],"replies":[{"embeddable":true,"href":"https:\/\/sivustot.lentopallo.fi\/lansi-suomi\/wp-json\/wp\/v2\/comments?post=192"}],"version-history":[{"count":20,"href":"https:\/\/sivustot.lentopallo.fi\/lansi-suomi\/wp-json\/wp\/v2\/pages\/192\/revisions"}],"predecessor-version":[{"id":3730,"href":"https:\/\/sivustot.lentopallo.fi\/lansi-suomi\/wp-json\/wp\/v2\/pages\/192\/revisions\/3730"}],"up":[{"embeddable":true,"href":"https:\/\/sivustot.lentopallo.fi\/lansi-suomi\/wp-json\/wp\/v2\/pages\/251"}],"wp:attachment":[{"href":"https:\/\/sivustot.lentopallo.fi\/lansi-suomi\/wp-json\/wp\/v2\/media?parent=192"}],"curies":[{"name":"wp","href":"https:\/\/api.w.org\/{rel}","templated":true}]}}