{"id":2055,"date":"2024-09-12T14:38:23","date_gmt":"2024-09-12T11:38:23","guid":{"rendered":"https:\/\/sivustot.lentopallo.fi\/lansi-suomi\/?page_id=2055"},"modified":"2025-07-22T22:10:42","modified_gmt":"2025-07-22T19:10:42","slug":"c-alue-sm-2024","status":"publish","type":"page","link":"https:\/\/sivustot.lentopallo.fi\/lansi-suomi\/aluevalmennus\/c-alue-sm-2024\/","title":{"rendered":"C Alue-SM 2024"},"content":{"rendered":"\n<h3 class=\"wp-block-heading\"><strong>L\u00e4nnelle tuplamestaruus Kuortaneen kotikisoista<\/strong><\/h3>\n\n\n\n<p><\/p>\n\n\n\n<figure class=\"wp-block-table is-style-stripes\"><table class=\"has-fixed-layout\"><tbody><tr><td><strong><em>Tytt\u00f6jen mestarijoukkue<\/em><\/strong><\/td><td><\/td><\/tr><tr><td>Hietala Helmi<\/td><td>Vaasan Kiisto<\/td><\/tr><tr><td>Hietanen Sonja<\/td><td>Nurmon Jymy<\/td><\/tr><tr><td>Jalkanen Sissi<\/td><td>Jyv\u00e4sLentis<\/td><\/tr><tr><td>Kimpim\u00e4ki Sera<\/td><td>Nurmon Jymy<\/td><\/tr><tr><td>Luoma Vanilja<\/td><td>Nurmon Jymy<\/td><\/tr><tr><td>Lyyski Sara | C<\/td><td>Laihian Luja<\/td><\/tr><tr><td>M\u00e4ki-Knuuttila Fianna<\/td><td>Nurmon Jymy<\/td><\/tr><tr><td>M\u00e4ki-Valtari Ina<\/td><td>Vaasan Kiisto<\/td><\/tr><tr><td>Per\u00e4salo Venla<\/td><td>Ylih\u00e4rm\u00e4n Junkkarit<\/td><\/tr><tr><td>Rajakallio Anni-Sofia<\/td><td>Kauhavan Wisa<\/td><\/tr><tr><td>Tynj\u00e4l\u00e4 Oona<\/td><td>Kauhan Wisa<\/td><\/tr><tr><td>Vesterinen Aino<\/td><td>Jyv\u00e4sLentis<\/td><\/tr><tr><td><strong><em>P\u00e4\u00e4valmentaja<\/em><\/strong><br>Essi-Mari Tuomola<\/td><td><\/td><\/tr><tr><td><strong><em>Apuvalmentaja<\/em><\/strong><br>Tuomo Per\u00e4salo<\/td><td><br><\/td><\/tr><\/tbody><\/table><\/figure>\n\n\n\n<figure class=\"wp-block-image size-large\"><img loading=\"lazy\" decoding=\"async\" width=\"1024\" height=\"768\" src=\"https:\/\/sivustot.lentopallo.fi\/lansi-suomi\/files\/2024\/09\/Kultaa_Ct-Lansi_alue-sm-2024-1024x768.jpg\" alt=\"\" class=\"wp-image-2177\" srcset=\"https:\/\/sivustot.lentopallo.fi\/lansi-suomi\/files\/2024\/09\/Kultaa_Ct-Lansi_alue-sm-2024-1024x768.jpg 1024w, https:\/\/sivustot.lentopallo.fi\/lansi-suomi\/files\/2024\/09\/Kultaa_Ct-Lansi_alue-sm-2024-300x225.jpg 300w, https:\/\/sivustot.lentopallo.fi\/lansi-suomi\/files\/2024\/09\/Kultaa_Ct-Lansi_alue-sm-2024-768x576.jpg 768w, https:\/\/sivustot.lentopallo.fi\/lansi-suomi\/files\/2024\/09\/Kultaa_Ct-Lansi_alue-sm-2024-1536x1152.jpg 1536w, https:\/\/sivustot.lentopallo.fi\/lansi-suomi\/files\/2024\/09\/Kultaa_Ct-Lansi_alue-sm-2024-1920x1440.jpg 1920w, https:\/\/sivustot.lentopallo.fi\/lansi-suomi\/files\/2024\/09\/Kultaa_Ct-Lansi_alue-sm-2024-1640x1230.jpg 1640w, https:\/\/sivustot.lentopallo.fi\/lansi-suomi\/files\/2024\/09\/Kultaa_Ct-Lansi_alue-sm-2024-1126x845.jpg 1126w, https:\/\/sivustot.lentopallo.fi\/lansi-suomi\/files\/2024\/09\/Kultaa_Ct-Lansi_alue-sm-2024-1060x795.jpg 1060w, https:\/\/sivustot.lentopallo.fi\/lansi-suomi\/files\/2024\/09\/Kultaa_Ct-Lansi_alue-sm-2024-1039x779.jpg 1039w, https:\/\/sivustot.lentopallo.fi\/lansi-suomi\/files\/2024\/09\/Kultaa_Ct-Lansi_alue-sm-2024-55x41.jpg 55w, https:\/\/sivustot.lentopallo.fi\/lansi-suomi\/files\/2024\/09\/Kultaa_Ct-Lansi_alue-sm-2024.jpg 2048w\" sizes=\"auto, (max-width: 1024px) 100vw, 1024px\" \/><\/figure>\n\n\n\n<figure class=\"wp-block-table is-style-stripes\"><table class=\"has-fixed-layout\"><tbody><tr><td><strong><em>Tytt\u00f6jen t\u00e4hdist\u00f6<\/em><\/strong><\/td><td><\/td><td><\/td><\/tr><tr><td><strong>Passari<\/strong><\/td><td>Olga Kakko<\/td><td>Lounas<\/td><\/tr><tr><td><strong>Yleispelaajat<\/strong><\/td><td>Iirs Havulinnan<\/td><td>Etel\u00e4<\/td><\/tr><tr><td><\/td><td><strong>Fianna M\u00e4ki-Knuuttila<\/strong><\/td><td><strong>L\u00e4nsi<\/strong><\/td><\/tr><tr><td><strong>Keskipelaajat<\/strong><\/td><td>Olivia Lehtola<\/td><td>Lounas<\/td><\/tr><tr><td><\/td><td>Matleena Mets\u00e4ranta<\/td><td>Lounas<\/td><\/tr><tr><td><strong>Hakkuri<\/strong><\/td><td><strong>Oona Tynj\u00e4l\u00e4<\/strong><\/td><td><strong>L\u00e4nsi<\/strong><\/td><\/tr><tr><td><strong>Libero<\/strong><\/td><td><strong>Sera Kimpim\u00e4ki<\/strong><\/td><td><strong>L\u00e4nsi<\/strong><\/td><\/tr><\/tbody><\/table><\/figure>\n\n\n\n<figure class=\"wp-block-table is-style-stripes\"><table class=\"has-fixed-layout\"><tbody><tr><td><strong><em>Poikien mestarijoukkue<\/em><\/strong><\/td><td><\/td><\/tr><tr><td>Ebong Aate<\/td><td>Laihian Luja<\/td><\/tr><tr><td>Huhtaluhta Eino<\/td><td>Alah\u00e4rm\u00e4n Kisa<\/td><\/tr><tr><td>Knutar Robin<\/td><td>Kokkolan Tiikerit<\/td><\/tr><tr><td>Piispanen Jimi<\/td><td>Kristiinan Vesa<\/td><\/tr><tr><td>Puttonen Eemil<\/td><td>Jyv\u00e4sLentis<\/td><\/tr><tr><td>Strang Eeli<\/td><td>Kokkolan Tiikerit<\/td><\/tr><tr><td>Tanttinen Eeli<\/td><td>Kokkolan Tiikerit<\/td><\/tr><tr><td>Virta Viljami<\/td><td>Vaasan Kiisto<\/td><\/tr><tr><td>Wentus Samuel | C<\/td><td>Kokkolan Tiikerit<\/td><\/tr><tr><td><em><strong>P\u00e4\u00e4valmentaja<\/strong><\/em><\/td><td><\/td><\/tr><tr><td>Dima Virkunen<\/td><td><\/td><\/tr><tr><td><strong><em>Apuvalmentaja<\/em><\/strong><\/td><td><\/td><\/tr><tr><td>Aleksi Mutka<\/td><td><\/td><\/tr><\/tbody><\/table><\/figure>\n\n\n\n<figure class=\"wp-block-image size-large\"><img loading=\"lazy\" decoding=\"async\" width=\"1024\" height=\"768\" src=\"https:\/\/sivustot.lentopallo.fi\/lansi-suomi\/files\/2024\/09\/Kultaa_Cp_Lansi_alue-sm-2024-1024x768.jpg\" alt=\"\" class=\"wp-image-2176\" srcset=\"https:\/\/sivustot.lentopallo.fi\/lansi-suomi\/files\/2024\/09\/Kultaa_Cp_Lansi_alue-sm-2024-1024x768.jpg 1024w, https:\/\/sivustot.lentopallo.fi\/lansi-suomi\/files\/2024\/09\/Kultaa_Cp_Lansi_alue-sm-2024-300x225.jpg 300w, https:\/\/sivustot.lentopallo.fi\/lansi-suomi\/files\/2024\/09\/Kultaa_Cp_Lansi_alue-sm-2024-768x576.jpg 768w, https:\/\/sivustot.lentopallo.fi\/lansi-suomi\/files\/2024\/09\/Kultaa_Cp_Lansi_alue-sm-2024-1536x1152.jpg 1536w, https:\/\/sivustot.lentopallo.fi\/lansi-suomi\/files\/2024\/09\/Kultaa_Cp_Lansi_alue-sm-2024-1920x1440.jpg 1920w, https:\/\/sivustot.lentopallo.fi\/lansi-suomi\/files\/2024\/09\/Kultaa_Cp_Lansi_alue-sm-2024-1640x1230.jpg 1640w, https:\/\/sivustot.lentopallo.fi\/lansi-suomi\/files\/2024\/09\/Kultaa_Cp_Lansi_alue-sm-2024-1126x845.jpg 1126w, https:\/\/sivustot.lentopallo.fi\/lansi-suomi\/files\/2024\/09\/Kultaa_Cp_Lansi_alue-sm-2024-1060x795.jpg 1060w, https:\/\/sivustot.lentopallo.fi\/lansi-suomi\/files\/2024\/09\/Kultaa_Cp_Lansi_alue-sm-2024-1039x779.jpg 1039w, https:\/\/sivustot.lentopallo.fi\/lansi-suomi\/files\/2024\/09\/Kultaa_Cp_Lansi_alue-sm-2024-55x41.jpg 55w, https:\/\/sivustot.lentopallo.fi\/lansi-suomi\/files\/2024\/09\/Kultaa_Cp_Lansi_alue-sm-2024.jpg 2048w\" sizes=\"auto, (max-width: 1024px) 100vw, 1024px\" \/><\/figure>\n\n\n\n<p><\/p>\n\n\n\n<figure class=\"wp-block-table is-style-stripes\"><table class=\"has-fixed-layout\"><tbody><tr><td><strong><em>Poikien t\u00e4hdist\u00f6<\/em><\/strong><\/td><td><\/td><td><\/td><\/tr><tr><td><strong>Passari<\/strong><\/td><td><strong>Oskari Tyynismaa<\/strong><\/td><td><strong>L\u00e4nsi<\/strong><\/td><\/tr><tr><td><strong>Yleispelaajat<\/strong><\/td><td><strong>Eino Huhtaluhta<\/strong><\/td><td><strong>L\u00e4nsi<\/strong><\/td><\/tr><tr><td><\/td><td>Eetu Kupari<\/td><td>Pohjoinen<\/td><\/tr><tr><td><\/td><td>Veti P\u00e4iv\u00e4rinta<\/td><td>Pohjoinen<\/td><\/tr><tr><td><strong>Keskipelaajat<\/strong><\/td><td><strong>Eeli Tanttinen<\/strong><\/td><td><strong>L\u00e4nsi<\/strong><\/td><\/tr><tr><td><\/td><td>Konsta Vilenius<\/td><td>Lounas<\/td><\/tr><tr><td><strong>Hakkuri<\/strong><\/td><td>Miikka V\u00e4is\u00e4nen<\/td><td>It\u00e4<\/td><\/tr><\/tbody><\/table><\/figure>\n\n\n\n<div class=\"wp-block-buttons is-layout-flex wp-block-buttons-is-layout-flex\">\n<div class=\"wp-block-button has-custom-width wp-block-button__width-75 is-style-fill\"><a class=\"wp-block-button__link has-black-color has-vivid-cyan-blue-background-color has-text-color has-background has-link-color wp-element-button\" href=\"https:\/\/www.lentopallo.fi\/uutiset\/lansi-c-nuorten-ykkosalue-tuplamestaruudella\/\" target=\"_blank\" rel=\"noreferrer noopener\"><strong><em>Lis\u00e4\u00e4 kisoista ja kuvia<\/em><\/strong><\/a><\/div>\n<\/div>\n\n\n\n<p><\/p>\n\n\n\n<hr class=\"wp-block-separator has-alpha-channel-opacity\" \/>\n\n\n\n<figure class=\"wp-block-image size-full\"><img loading=\"lazy\" decoding=\"async\" width=\"284\" height=\"95\" src=\"https:\/\/sivustot.lentopallo.fi\/lansi-suomi\/files\/2023\/11\/Logo_Lannen_2023_11_29.jpg\" alt=\"\" class=\"wp-image-828\" srcset=\"https:\/\/sivustot.lentopallo.fi\/lansi-suomi\/files\/2023\/11\/Logo_Lannen_2023_11_29.jpg 284w, https:\/\/sivustot.lentopallo.fi\/lansi-suomi\/files\/2023\/11\/Logo_Lannen_2023_11_29-55x18.jpg 55w\" sizes=\"auto, (max-width: 284px) 100vw, 284px\" \/><\/figure>\n\n\n\n<p><em>&#8221;Me ollaan L\u00e4nsi&#8221;<\/em> ja jaostona vastaamme v. 2024 kisoista yhdess\u00e4 yhteisty\u00f6seurojen ja -kumppaneiden kanssa.<br>Kisavastaavana toimii jaoston puheenjohtaja Susanna Kirvesm\u00e4ki (040 760 3569).<br>Striimauksesta vastaa Jarmo Viljamaa,<br>kuulutuksesta vastaa Jouni V\u00e4limaa,<br>kirjureista vastaa Sannan Sipi.<\/p>\n\n\n\n<p><strong>Kisat pelataan Kuortaneen Urheiluopistolla 20.-22.9.2024.<\/strong><\/p>\n\n\n\n<p>Pelipaikkoina toimivat Kuortanehalli (3 kentt\u00e4\u00e4) ja LP Areena (1 kentt\u00e4).<br><strong>Molemmissa halleissa palvelevat kahviot, joista vastaa Kauhavan Wisan M2 joukkue.<\/strong><\/p>\n\n\n\n<p><strong>Ruokailu<em>, <\/em><\/strong>opiston maittavat ruokapalvelut ovat tarjolla Liikuntahotellin tiloissa, Eppula ja \u00c0la Carte, <a href=\"https:\/\/www.kuortane.com\/ravintola.html\"><em>https:\/\/www.kuortane.com\/ravintola.html<\/em><\/a><\/p>\n\n\n\n<p><strong>Majoittumisia<\/strong> voi tiedustella Sein\u00e4joelta.<\/p>\n\n\n\n<p><strong>Kisakanslia<\/strong> on Kuortanehallin 2. kerroksessa.<\/p>\n\n\n\n<p><strong>Arpajaiset on la 21.9.<\/strong> Kuortanehallissa, kisakanslian vieress\u00e4.<\/p>\n\n\n\n<p><strong>Valokuvaus<\/strong>, kuvauksesta vastaa Onni Keinonen by <em><a href=\"https:\/\/onni.kuvat.fi\/KOTI\/\" target=\"_blank\" rel=\"noreferrer noopener\">onni.kuvat.fi<\/a><\/em> ja kuvia n\u00e4ht\u00e4viss\u00e4 l\u00e4hes reaaliajassa <br><a href=\"https:\/\/lentopalloliitto.kuvat.fi\/kuvat\/Nuoret\/SM+2024\/\" target=\"_blank\" rel=\"noreferrer noopener\"><em>https:\/\/lentopalloliitto.kuvat.fi\/kuvat\/Nuoret\/SM+2024\/<\/em><\/a><\/p>\n\n\n\n<p><strong>Ensiapu<\/strong>, SPR Alaj\u00e4rvi, EA-piste Kuortanehallin j\u00e4\u00e4palakoneen vieress\u00e4, partioivat hallien v\u00e4lill\u00e4.<br><em>Ilta-aika<\/em>, tarvittaessa soitto Alavuden p\u00e4\u00e4terveysasemalle, 06 2525 7612 (klo 22 asti).<br><em>Y\u00f6p\u00e4ivystys<\/em>, Sein\u00e4joella, tarvittaessa soitto ensin 116 117.<\/p>\n\n\n\n<p><\/p>\n\n\n\n<p><\/p>\n\n\n\n<h3 class=\"wp-block-heading\"><strong><em>Urheiluopiston aluekartta<\/em><\/strong><\/h3>\n\n\n\n<figure class=\"wp-block-image size-full\"><img loading=\"lazy\" decoding=\"async\" width=\"680\" height=\"800\" src=\"https:\/\/sivustot.lentopallo.fi\/lansi-suomi\/files\/2024\/09\/Kartta_Kuortane.jpeg\" alt=\"\" class=\"wp-image-2070\" srcset=\"https:\/\/sivustot.lentopallo.fi\/lansi-suomi\/files\/2024\/09\/Kartta_Kuortane.jpeg 680w, https:\/\/sivustot.lentopallo.fi\/lansi-suomi\/files\/2024\/09\/Kartta_Kuortane-255x300.jpeg 255w, https:\/\/sivustot.lentopallo.fi\/lansi-suomi\/files\/2024\/09\/Kartta_Kuortane-300x353.jpeg 300w, https:\/\/sivustot.lentopallo.fi\/lansi-suomi\/files\/2024\/09\/Kartta_Kuortane-55x65.jpeg 55w\" sizes=\"auto, (max-width: 680px) 100vw, 680px\" \/><\/figure>\n\n\n\n<p><br><\/p>\n\n\n\n<h3 class=\"wp-block-heading\"><strong><em>Yhteisty\u00f6kumppanit<\/em><\/strong><\/h3>\n\n\n\n<p><\/p>\n\n\n\n<p><\/p>\n\n\n\n<p><\/p>\n\n\n\n<figure class=\"wp-block-image size-large is-resized\"><a href=\"https:\/\/ilkkapohjalainen.fi\/\" target=\"_blank\" rel=\"noreferrer noopener\"><img loading=\"lazy\" decoding=\"async\" width=\"1024\" height=\"124\" src=\"https:\/\/sivustot.lentopallo.fi\/lansi-suomi\/files\/2024\/09\/Ilkka-Pohjalainen-uusi-logo-1024x124.jpg\" alt=\"\" class=\"wp-image-2063\" style=\"width:557px;height:auto\" srcset=\"https:\/\/sivustot.lentopallo.fi\/lansi-suomi\/files\/2024\/09\/Ilkka-Pohjalainen-uusi-logo-1024x124.jpg 1024w, https:\/\/sivustot.lentopallo.fi\/lansi-suomi\/files\/2024\/09\/Ilkka-Pohjalainen-uusi-logo-300x36.jpg 300w, https:\/\/sivustot.lentopallo.fi\/lansi-suomi\/files\/2024\/09\/Ilkka-Pohjalainen-uusi-logo-768x93.jpg 768w, https:\/\/sivustot.lentopallo.fi\/lansi-suomi\/files\/2024\/09\/Ilkka-Pohjalainen-uusi-logo-1536x185.jpg 1536w, https:\/\/sivustot.lentopallo.fi\/lansi-suomi\/files\/2024\/09\/Ilkka-Pohjalainen-uusi-logo-1126x136.jpg 1126w, https:\/\/sivustot.lentopallo.fi\/lansi-suomi\/files\/2024\/09\/Ilkka-Pohjalainen-uusi-logo-1060x128.jpg 1060w, https:\/\/sivustot.lentopallo.fi\/lansi-suomi\/files\/2024\/09\/Ilkka-Pohjalainen-uusi-logo-1039x125.jpg 1039w, https:\/\/sivustot.lentopallo.fi\/lansi-suomi\/files\/2024\/09\/Ilkka-Pohjalainen-uusi-logo-55x7.jpg 55w, https:\/\/sivustot.lentopallo.fi\/lansi-suomi\/files\/2024\/09\/Ilkka-Pohjalainen-uusi-logo.jpg 1625w\" sizes=\"auto, (max-width: 1024px) 100vw, 1024px\" \/><\/a><\/figure>\n\n\n\n<figure class=\"wp-block-image size-full\"><a href=\"https:\/\/www.kuortane.com\/\" target=\"_blank\" rel=\"noreferrer noopener\"><img loading=\"lazy\" decoding=\"async\" width=\"616\" height=\"262\" src=\"https:\/\/sivustot.lentopallo.fi\/lansi-suomi\/files\/2024\/09\/Logo_Kuortane.png\" alt=\"\" class=\"wp-image-2065\" srcset=\"https:\/\/sivustot.lentopallo.fi\/lansi-suomi\/files\/2024\/09\/Logo_Kuortane.png 616w, https:\/\/sivustot.lentopallo.fi\/lansi-suomi\/files\/2024\/09\/Logo_Kuortane-300x128.png 300w, https:\/\/sivustot.lentopallo.fi\/lansi-suomi\/files\/2024\/09\/Logo_Kuortane-55x23.png 55w\" sizes=\"auto, (max-width: 616px) 100vw, 616px\" \/><\/a><\/figure>\n\n\n\n<figure class=\"wp-block-image size-full is-resized\"><a href=\"https:\/\/softwave.fi\/\" target=\"_blank\" rel=\"noreferrer noopener\"><img loading=\"lazy\" decoding=\"async\" width=\"350\" height=\"32\" src=\"https:\/\/sivustot.lentopallo.fi\/lansi-suomi\/files\/2024\/09\/logo-softwave.png\" alt=\"\" class=\"wp-image-2127\" style=\"width:517px;height:auto\" srcset=\"https:\/\/sivustot.lentopallo.fi\/lansi-suomi\/files\/2024\/09\/logo-softwave.png 350w, https:\/\/sivustot.lentopallo.fi\/lansi-suomi\/files\/2024\/09\/logo-softwave-300x27.png 300w, https:\/\/sivustot.lentopallo.fi\/lansi-suomi\/files\/2024\/09\/logo-softwave-55x5.png 55w\" sizes=\"auto, (max-width: 350px) 100vw, 350px\" \/><\/a><\/figure>\n\n\n\n<figure class=\"wp-block-image size-full is-resized\"><a href=\"https:\/\/www.tai-tex.fi\/\" target=\"_blank\" rel=\"noreferrer noopener\"><img loading=\"lazy\" decoding=\"async\" width=\"501\" height=\"130\" src=\"https:\/\/sivustot.lentopallo.fi\/lansi-suomi\/files\/2024\/09\/Logo_TaiTex_2024.jpg\" alt=\"\" class=\"wp-image-2159\" style=\"width:494px;height:auto\" srcset=\"https:\/\/sivustot.lentopallo.fi\/lansi-suomi\/files\/2024\/09\/Logo_TaiTex_2024.jpg 501w, https:\/\/sivustot.lentopallo.fi\/lansi-suomi\/files\/2024\/09\/Logo_TaiTex_2024-300x78.jpg 300w, https:\/\/sivustot.lentopallo.fi\/lansi-suomi\/files\/2024\/09\/Logo_TaiTex_2024-55x14.jpg 55w\" sizes=\"auto, (max-width: 501px) 100vw, 501px\" \/><\/a><\/figure>\n\n\n\n<figure class=\"wp-block-image size-large is-resized\"><a href=\"https:\/\/www.lentopallo.fi\/\" target=\"_blank\" rel=\"noreferrer noopener\"><img loading=\"lazy\" decoding=\"async\" width=\"260\" height=\"85\" src=\"https:\/\/sivustot.lentopallo.fi\/lansi-suomi\/files\/2023\/02\/lentopalloliitto-logo.svg\" alt=\"\" class=\"wp-image-218\" style=\"width:547px;height:auto\" \/><\/a><\/figure>\n\n\n\n<hr class=\"wp-block-separator has-alpha-channel-opacity\" \/>\n\n\n\n<p><\/p>\n\n\n\n<h3 class=\"wp-block-heading\"><strong><em>Turnauksen tulospalvelu<\/em><\/strong><\/h3>\n\n\n\n<p><strong><em>C-pojat<\/em><\/strong><br><a href=\"https:\/\/tulospalvelu.lentopallo.fi\/category\/PCalueSM24!vb2024n\/tables\"><em>https:\/\/tulospalvelu.lentopallo.fi\/category\/PCalueSM24!vb2024n\/tables<\/em><\/a><\/p>\n\n\n\n<p><strong><em>C-tyt\u00f6t<\/em><\/strong><br><a href=\"https:\/\/tulospalvelu.lentopallo.fi\/category\/TCalueSM24!vb2024n\/tables\"><em>https:\/\/tulospalvelu.lentopallo.fi\/category\/TCalueSM24!vb2024n\/tables<\/em><\/a><br><br><strong>Kisastriimit<\/strong> ovat katsottavissa LentisTV:n kautta<br><a href=\"https:\/\/live.lentopallo.fi\/alue-sm-cjuniorit-2024\" target=\"_blank\" rel=\"noreferrer noopener\"><em>https:\/\/live.lentopallo.fi\/alue-sm-cjuniorit-2024<\/em><\/a><\/p>\n\n\n\n<p><strong>Pelit alkavat perjantaina klo 17:00<\/strong>.<\/p>\n\n\n\n<p><strong>Turnauksen avajaiset ovat perjantaina noin klo 19:00 Kuortanehallissa.<\/strong><\/p>\n\n\n\n<p>Pelit jatkuvat viel\u00e4 em. j\u00e4lkeen, n. klo 20.<\/p>\n\n\n\n<hr class=\"wp-block-separator has-alpha-channel-opacity\" \/>\n\n\n\n<p><\/p>\n\n\n\n<h3 class=\"wp-block-heading\"><strong><em>Turnauksen tuomaristo<\/em><\/strong><\/h3>\n\n\n\n<p>Muutamana vuotena aluekisojen tuomaroinneista ovat vastanneet eri alueilta kutsutut nuoret tuomarit.<br>Nuorille j\u00e4rjestet\u00e4\u00e4n ohjattua koulutusta ja tuomarivalmennusta. Mukana ovat L\u00e4nnen alueen tuomarikouluttajat Juha Savinainen (liitto\/ETJ nuorten vastuuhenkil\u00f6), Ari Hautala ja Markku Ylisiurua.<br>Toivomme joukkueiden, yleis\u00f6n ym. taholta ymm\u00e4rryst\u00e4 ja ty\u00f6rauhaa nuorille tuomareille.<br>Kouluttajilla ja turnausvastaavalla on oikeus ja velvollisuus puuttua mahdollisiin tuomareihin kohdistuviin ep\u00e4kohtiin.<br><br>Turnauksessa mukana olevat alueiden tuomarit.<br><strong>Etel\u00e4<\/strong><br>Igor Boreysho<br><strong>It\u00e4<\/strong><br>Venla Koponen, Janette Niemel\u00e4<br><strong>Lounais<\/strong><br>Julia J\u00e4rvi, Jutta J\u00e4rvi<br><strong>L\u00e4nsi<\/strong><br>Leevi Ahonen, Eemeli M\u00e4ki, Eero M\u00e4kinen, Iina Niemel\u00e4, Iisa Pievil\u00e4inen, Matias Viikil\u00e4<br><strong>Pohjoinen<\/strong><br>Aatu Hurtig, Joonatan Impi\u00f6<\/p>\n\n\n\n<p><strong>Kirjuroinnit\/toimitsijat hoitaa<\/strong><br>Himangan Roima, Nurmon Jymy ja Ploki Pihtipudas.<\/p>\n\n\n\n<p><strong><em>Tsemppi\u00e4 tuomareille ja kirjureille turnaukseen<\/em><\/strong><\/p>\n\n\n\n<p><strong><em><a href=\"https:\/\/sivustot.lentopallo.fi\/lansi-suomi\/files\/2024\/09\/C-alue-SM-2024-Kuortane_Ohjelma_2024_09_20_Lopullinen.pdf\" data-type=\"link\" data-id=\"https:\/\/sivustot.lentopallo.fi\/lansi-suomi\/files\/2024\/09\/C-alue-SM-2024-Kuortane_Ohjelma_2024_09_12.pdf\" target=\"_blank\" rel=\"noreferrer noopener\">Otteluohjelma (PDF)<\/a><\/em><\/strong><\/p>\n\n\n\n<p><strong><em><a href=\"https:\/\/sivustot.lentopallo.fi\/lansi-suomi\/files\/2024\/09\/Kasiohjelma_C_Alue_SM_2024_09_20_Lopullinen.pdf\" target=\"_blank\" rel=\"noreferrer noopener\">K\u00e4siohjelma (PDF)<\/a><\/em><\/strong><br><\/p>\n\n\n\n<p>Otteluohjelma on my\u00f6s k\u00e4siohjelmassa, TV-n\u00e4yt\u00f6ill\u00e4 molemmissa halleissa, kisakahviossa.<br><br><\/p>\n\n\n\n<hr class=\"wp-block-separator has-alpha-channel-opacity\" \/>\n\n\n\n<p><br><\/p>\n\n\n\n<h5 class=\"wp-block-heading has-text-align-center\"><em><strong>Kiitos kaikille turnaukseen osallistuville joukkueille, kannustusjoukoille, katsojille, talkoolaisille (pohojalaasittain K\u00d6KK\u00c4) sek\u00e4 yhteisty\u00f6kumppaneille. <\/strong><\/em><\/h5>\n\n\n\n<p class=\"has-text-align-center\"><em><strong>Tehd\u00e4\u00e4n yhdess\u00e4 reilu ja rehti lentistapahtuma.<\/strong><\/em><\/p>\n\n\n\n<p><br><\/p>\n\n\n\n<p><\/p>\n\n\n\n<section id=\"block_d8544a090d11c078a3fd7f7eac6cd501\" class=\"contact-box\">\n\t\n\n\n\t<div class=\"contact-box-holder related-tm-info\">\n\t\t\t\t\t\t\t\n\t\t\t\t\t<div class=\"col-content\">\n\t\t\t\t\t\t\t\t\t<h3 class=\"contact-box-title\">Kisavastaava<\/h3>\n\t\t\t\t\n\t\t\t\t\n\t\t\t\t\n\t\t\t\t\t\t\t<\/div>\n\t\t\t<\/div>\n\n\n\n\n\n<\/section>\n","protected":false},"excerpt":{"rendered":"<p>L\u00e4nnelle tuplamestaruus Kuortaneen kotikisoista Tytt\u00f6jen mestarijoukkue Hietala Helmi Vaasan Kiisto Hietanen Sonja Nurmon Jymy Jalkanen Sissi Jyv\u00e4sLentis Kimpim\u00e4ki Sera Nurmon Jymy Luoma Vanilja Nurmon Jymy Lyyski Sara | C Laihian Luja M\u00e4ki-Knuuttila Fianna Nurmon Jymy M\u00e4ki-Valtari Ina Vaasan Kiisto Per\u00e4salo Venla Ylih\u00e4rm\u00e4n Junkkarit Rajakallio Anni-Sofia Kauhavan Wisa Tynj\u00e4l\u00e4 Oona Kauhan Wisa Vesterinen Aino Jyv\u00e4sLentis P\u00e4\u00e4valmentajaEssi-Mari [&hellip;]<\/p>\n","protected":false},"author":12,"featured_media":1913,"parent":257,"menu_order":9,"comment_status":"closed","ping_status":"closed","template":"pages\/template-kilpailu.php","meta":{"_acf_changed":false,"inline_featured_image":false,"footnotes":""},"class_list":["post-2055","page","type-page","status-publish","has-post-thumbnail","hentry"],"acf":[],"_links":{"self":[{"href":"https:\/\/sivustot.lentopallo.fi\/lansi-suomi\/wp-json\/wp\/v2\/pages\/2055","targetHints":{"allow":["GET"]}}],"collection":[{"href":"https:\/\/sivustot.lentopallo.fi\/lansi-suomi\/wp-json\/wp\/v2\/pages"}],"about":[{"href":"https:\/\/sivustot.lentopallo.fi\/lansi-suomi\/wp-json\/wp\/v2\/types\/page"}],"author":[{"embeddable":true,"href":"https:\/\/sivustot.lentopallo.fi\/lansi-suomi\/wp-json\/wp\/v2\/users\/12"}],"replies":[{"embeddable":true,"href":"https:\/\/sivustot.lentopallo.fi\/lansi-suomi\/wp-json\/wp\/v2\/comments?post=2055"}],"version-history":[{"count":20,"href":"https:\/\/sivustot.lentopallo.fi\/lansi-suomi\/wp-json\/wp\/v2\/pages\/2055\/revisions"}],"predecessor-version":[{"id":2708,"href":"https:\/\/sivustot.lentopallo.fi\/lansi-suomi\/wp-json\/wp\/v2\/pages\/2055\/revisions\/2708"}],"up":[{"embeddable":true,"href":"https:\/\/sivustot.lentopallo.fi\/lansi-suomi\/wp-json\/wp\/v2\/pages\/257"}],"wp:featuredmedia":[{"embeddable":true,"href":"https:\/\/sivustot.lentopallo.fi\/lansi-suomi\/wp-json\/wp\/v2\/media\/1913"}],"wp:attachment":[{"href":"https:\/\/sivustot.lentopallo.fi\/lansi-suomi\/wp-json\/wp\/v2\/media?parent=2055"}],"curies":[{"name":"wp","href":"https:\/\/api.w.org\/{rel}","templated":true}]}}