{"id":2197,"date":"2024-10-07T18:00:13","date_gmt":"2024-10-07T15:00:13","guid":{"rendered":"https:\/\/sivustot.lentopallo.fi\/lansi-suomi\/?page_id=2197"},"modified":"2025-05-26T15:02:30","modified_gmt":"2025-05-26T12:02:30","slug":"k-sn-maakuntaparlamentti-2024","status":"publish","type":"page","link":"https:\/\/sivustot.lentopallo.fi\/lansi-suomi\/keski-suomi\/k-sn-maakuntaparlamentti-2024\/","title":{"rendered":"Mk parlamentti 2024"},"content":{"rendered":"\n<h2 class=\"wp-block-heading\" id=\"tervetuloa-uusille-kotisivuille\">Pidet\u00e4\u00e4n keskiviikkona 30.10.2024, klo 19:00, Teamsiss\u00e4<\/h2>\n\n\n\n<p><\/p>\n\n\n\n<p><strong>Osallistuminen<\/strong><\/p>\n\n\n\n<p>\u00c4\u00e4nioikeutta ei ole j\u00e4senell\u00e4 = seuralla, joka ei ole hoitanut edellisen vuoden j\u00e4senvelvoitteitaan maaliskuun loppuun menness\u00e4.<\/p>\n\n\n\n<p><strong>Valtakirjojen tarkastus:&nbsp;<\/strong><\/p>\n\n\n\n<p>Valtakirja (kuva\/t) tulee toimittaa viimeist\u00e4\u00e4n 2 h ennen kokouksen alkua Keski-Suomen maakuntajaoston puheenjohtaja Markku Ylisiurualle, markku.ylisiurua@lentopalloliitto.fi ja sihteeri Virpi Yl\u00e4lehdolle, vylalehto@outlook.com <\/p>\n\n\n\n<p><strong>L\u00e4sn\u00e4 olevien valtakirjojen tarkastus aloitetaan klo 18:30.<\/strong><\/p>\n\n\n\n<p><strong>Esityslista<\/strong><\/p>\n\n\n\n<ol class=\"wp-block-list\">\n<li>Kokouksen avaus<\/li>\n\n\n\n<li>Laillisuus ja p\u00e4\u00e4t\u00f6svaltaisuus<\/li>\n\n\n\n<li>Todetaan edustettuina olevat j\u00e4senseurat ja \u00e4\u00e4nim\u00e4\u00e4r\u00e4t<\/li>\n\n\n\n<li>Kokouksen j\u00e4rjest\u00e4ytyminen<br><em> puheenjohtaja, sihteeri, p\u00f6yt\u00e4kirjantarkastajat ja \u00e4\u00e4ntenlaskijat<\/em><\/li>\n\n\n\n<li>Maakuntajaoston toimintakatsaus 2023-2024<\/li>\n\n\n\n<li>Maakuntajaoston toimintasuunnitelma 2024-2025<\/li>\n\n\n\n<li>Maakuntajaoston puheenjohtajan valinta vuodelle 2025<\/li>\n\n\n\n<li>Maakuntajaoston j\u00e4senten valinta vuosille 2025-20256<br><em>erovuorossa Janne Flyktman, Tuire Koljonen ja Virpi Yl\u00e4lehto.<\/em><br><em>jaostossa jatkavat 2025 Susanna Kirvesm\u00e4ki, Perttu Nuija ja Sanna Pahkala.<\/em><\/li>\n\n\n\n<li>Muut asiat<\/li>\n\n\n\n<li>Kokouksen p\u00e4\u00e4t\u00f6s<\/li>\n<\/ol>\n\n\n\n<hr class=\"wp-block-separator has-alpha-channel-opacity\" \/>\n\n\n\n<p><br><strong><em>Ilmoittautumiset SuomiSportin kautta, 28.10.2024, klo 20.00 menness\u00e4<\/em><\/strong><\/p>\n\n\n\n<div class=\"wp-block-buttons is-layout-flex wp-block-buttons-is-layout-flex\">\n<div class=\"wp-block-button has-custom-width wp-block-button__width-75\"><a class=\"wp-block-button__link has-vivid-red-background-color has-background wp-element-button\" href=\"https:\/\/www.suomisport.fi\/events\/082ba97a-5859-45f9-af6c-f82a13d33fd6\" target=\"_blank\" rel=\"noreferrer noopener\"><strong><em>Ilmoittautuminen K-S:n Maakuntaparlamenttiin 2024<\/em><\/strong><\/a><\/div>\n<\/div>\n\n\n\n<p><br><\/p>\n\n\n\n<hr class=\"wp-block-separator has-alpha-channel-opacity\" \/>\n\n\n\n<p><\/p>\n\n\n\n<p><strong><em>Tulosta valtakirja parlamenttiin 2024 ja se toimita yll\u00e4 olevan ohjeen mukaisesti<\/em><\/strong><\/p>\n\n\n\n<div class=\"wp-block-buttons is-layout-flex wp-block-buttons-is-layout-flex\">\n<div class=\"wp-block-button has-custom-width wp-block-button__width-75 is-style-outline is-style-outline--1\"><a class=\"wp-block-button__link has-vivid-red-background-color has-background wp-element-button\" href=\"https:\/\/sivustot.lentopallo.fi\/lansi-suomi\/files\/2024\/10\/Valtakirjapohja_Maakuntaparlamentti_2024_10_30.pdf\" target=\"_blank\" rel=\"noreferrer noopener\"><em><strong>Valtakirja K-S:n Maakuntaparlamenttiin 2024<\/strong><\/em><\/a><\/div>\n<\/div>\n\n\n\n<p><br><\/p>\n\n\n\n<section id=\"block_30a48087e2f43eda7b40151a08e77795\" class=\"contact-box\">\n\t\n\n\n\t<div class=\"contact-box-holder related-tm-info\">\n\t\t\t\t\t\t\t\n\t\t\t\t\t<div class=\"col-content\">\n\t\t\t\t\t\t\t\t\t<h3 class=\"contact-box-title\">Lis\u00e4tietoja<\/h3>\n\t\t\t\t\n\t\t\t\t\t\t\t\t\t<h2 class=\"persona-title\">Markku Ylisiurua<\/h2>\n\t\t\t\t\n\t\t\t\t\t\t\t\t\t<div class=\"persona-role\">Puheenjohtaja, tuomarikouluttaja<\/div>\n\t\t\t\t\n\t\t\t\t\t\t\t\t\t<div class=\"holder-personal-info\">\n\t\t\t\t\t\t<div class=\"persona-contact\">\n\t\t\t\t\t\t\t\t\t\t\t\t\t\t\t<div class=\"persona-phone\">\n\t\t\t\t\t\t\t\t\t<a href=\"tel:0405828895\">040 582 8895<\/a>\n\t\t\t\t\t\t\t\t<\/div>\n\t\t\t\t\t\t\t\n\t\t\t\t\t\t\t\t\t\t\t\t\t\t\t<div class=\"persona-email\">\n\t\t\t\t\t\t\t\t\t<a href=\"mailto:m&#97;r&#107;k&#117;&#46;yl&#105;&#115;&#105;&#117;r&#117;&#97;&#40;&#97;&#116;)&#108;en&#116;o&#112;&#97;&#108;l&#111;li&#105;&#116;&#116;&#111;&#46;fi\">&#109;ar&#107;&#107;u&#46;&#121;lis&#105;uru&#97;&#40;&#97;t)le&#110;&#116;&#111;p&#97;l&#108;&#111;&#108;&#105;i&#116;to.&#102;&#105;<\/a>\n\t\t\t\t\t\t\t\t<\/div>\n\t\t\t\t\t\t\t\t\t\t\t\t\t<\/div>\n\t\t\t\t\t\t<div class=\"persona-contact-link\">\n\t\t\t\t\t\t\t\t\t\t\t\t\t\t\t<a class=\"btn btn-contact btn btn-read-more\" href=\"tel:0405828895\">Ota yhteytt\u00e4<\/a>\n\t\t\t\t\t\t\t\t\t\t\t\t\t<\/div>\n\t\t\t\t\t<\/div>\n\t\t\t\t\t\t\t<\/div>\n\t\t\t<\/div>\n\n\n\n\n\n<\/section>\n","protected":false},"excerpt":{"rendered":"<p>Pidet\u00e4\u00e4n keskiviikkona 30.10.2024, klo 19:00, Teamsiss\u00e4 Osallistuminen \u00c4\u00e4nioikeutta ei ole j\u00e4senell\u00e4 = seuralla, joka ei ole hoitanut edellisen vuoden j\u00e4senvelvoitteitaan maaliskuun loppuun menness\u00e4. Valtakirjojen tarkastus:&nbsp; Valtakirja (kuva\/t) tulee toimittaa viimeist\u00e4\u00e4n 2 h ennen kokouksen alkua Keski-Suomen maakuntajaoston puheenjohtaja Markku Ylisiurualle, markku.ylisiurua@lentopalloliitto.fi ja sihteeri Virpi Yl\u00e4lehdolle, vylalehto@outlook.com L\u00e4sn\u00e4 olevien valtakirjojen tarkastus aloitetaan klo 18:30. Esityslista Ilmoittautumiset [&hellip;]<\/p>\n","protected":false},"author":12,"featured_media":1081,"parent":898,"menu_order":5,"comment_status":"closed","ping_status":"closed","template":"pages\/template-kilpailu.php","meta":{"_acf_changed":false,"inline_featured_image":false,"footnotes":""},"class_list":["post-2197","page","type-page","status-publish","has-post-thumbnail","hentry"],"acf":[],"_links":{"self":[{"href":"https:\/\/sivustot.lentopallo.fi\/lansi-suomi\/wp-json\/wp\/v2\/pages\/2197","targetHints":{"allow":["GET"]}}],"collection":[{"href":"https:\/\/sivustot.lentopallo.fi\/lansi-suomi\/wp-json\/wp\/v2\/pages"}],"about":[{"href":"https:\/\/sivustot.lentopallo.fi\/lansi-suomi\/wp-json\/wp\/v2\/types\/page"}],"author":[{"embeddable":true,"href":"https:\/\/sivustot.lentopallo.fi\/lansi-suomi\/wp-json\/wp\/v2\/users\/12"}],"replies":[{"embeddable":true,"href":"https:\/\/sivustot.lentopallo.fi\/lansi-suomi\/wp-json\/wp\/v2\/comments?post=2197"}],"version-history":[{"count":13,"href":"https:\/\/sivustot.lentopallo.fi\/lansi-suomi\/wp-json\/wp\/v2\/pages\/2197\/revisions"}],"predecessor-version":[{"id":2744,"href":"https:\/\/sivustot.lentopallo.fi\/lansi-suomi\/wp-json\/wp\/v2\/pages\/2197\/revisions\/2744"}],"up":[{"embeddable":true,"href":"https:\/\/sivustot.lentopallo.fi\/lansi-suomi\/wp-json\/wp\/v2\/pages\/898"}],"wp:featuredmedia":[{"embeddable":true,"href":"https:\/\/sivustot.lentopallo.fi\/lansi-suomi\/wp-json\/wp\/v2\/media\/1081"}],"wp:attachment":[{"href":"https:\/\/sivustot.lentopallo.fi\/lansi-suomi\/wp-json\/wp\/v2\/media?parent=2197"}],"curies":[{"name":"wp","href":"https:\/\/api.w.org\/{rel}","templated":true}]}}