{"id":2378,"date":"2025-02-01T15:55:21","date_gmt":"2025-02-01T13:55:21","guid":{"rendered":"https:\/\/sivustot.lentopallo.fi\/lansi-suomi\/?page_id=2378"},"modified":"2025-05-26T15:03:27","modified_gmt":"2025-05-26T12:03:27","slug":"urheilugaala-2025","status":"publish","type":"page","link":"https:\/\/sivustot.lentopallo.fi\/lansi-suomi\/keski-suomi\/urheilugaala-2025\/","title":{"rendered":"K-S Urheilugaala 2025"},"content":{"rendered":"\n<p>Keski-Suomen perinteist\u00e4 Urheilugaala juhlittiin 31.1.2025, Scandic Laajavuoressa.<\/p>\n\n\n\n<p>Keski-Suomen maakuntajaosto palkitsi Gaalassa Lauri Ahvenj\u00e4rven <em><strong>Lentopallon v. 2024 Urheiluteko-palkinnolla<\/strong><\/em>.<br><\/p>\n\n\n\n<p class=\"has-text-align-center\"><em>Is\u00e4 Hannu, LAURI ja \u00e4iti Marja<\/em><\/p>\n\n\n\n<figure class=\"wp-block-image size-large\"><img loading=\"lazy\" decoding=\"async\" width=\"1024\" height=\"768\" src=\"https:\/\/sivustot.lentopallo.fi\/lansi-suomi\/files\/2025\/02\/Kuva_Lauri_2025-1024x768.jpg\" alt=\"asd\" class=\"wp-image-2421\" srcset=\"https:\/\/sivustot.lentopallo.fi\/lansi-suomi\/files\/2025\/02\/Kuva_Lauri_2025-1024x768.jpg 1024w, https:\/\/sivustot.lentopallo.fi\/lansi-suomi\/files\/2025\/02\/Kuva_Lauri_2025-300x225.jpg 300w, https:\/\/sivustot.lentopallo.fi\/lansi-suomi\/files\/2025\/02\/Kuva_Lauri_2025-768x576.jpg 768w, https:\/\/sivustot.lentopallo.fi\/lansi-suomi\/files\/2025\/02\/Kuva_Lauri_2025-1536x1151.jpg 1536w, https:\/\/sivustot.lentopallo.fi\/lansi-suomi\/files\/2025\/02\/Kuva_Lauri_2025-1920x1439.jpg 1920w, https:\/\/sivustot.lentopallo.fi\/lansi-suomi\/files\/2025\/02\/Kuva_Lauri_2025-1640x1229.jpg 1640w, https:\/\/sivustot.lentopallo.fi\/lansi-suomi\/files\/2025\/02\/Kuva_Lauri_2025-1126x844.jpg 1126w, https:\/\/sivustot.lentopallo.fi\/lansi-suomi\/files\/2025\/02\/Kuva_Lauri_2025-1060x794.jpg 1060w, https:\/\/sivustot.lentopallo.fi\/lansi-suomi\/files\/2025\/02\/Kuva_Lauri_2025-1039x779.jpg 1039w, https:\/\/sivustot.lentopallo.fi\/lansi-suomi\/files\/2025\/02\/Kuva_Lauri_2025-55x41.jpg 55w, https:\/\/sivustot.lentopallo.fi\/lansi-suomi\/files\/2025\/02\/Kuva_Lauri_2025.jpg 2048w\" sizes=\"auto, (max-width: 1024px) 100vw, 1024px\" \/><\/figure>\n\n\n\n<p><em>Muuramelainen 17-vuotias Lauri aloitti lentopalloharrastuksen ik\u00e4tovereihinsa n\u00e4hden varsin my\u00f6h\u00e4\u00e4n.<br>Perheen ja suvun my\u00f6t\u00e4vaikutuksella lentopallosta muodostui viimein Laurin ykk\u00f6slaji.<\/em><\/p>\n\n\n\n<p><em>Korpilahden Pyrinn\u00f6ss\u00e4 Ikkalan P\u00e4ivin opissa alkanut ura, ennakkoluuloton asennoituminen harjoitteluun ja kehittymiseen, niin henkil\u00f6kohtaisella kuin joukkueenj\u00e4senenkin tasolla tuottivat tulosta nopeasti. Asiantuntevan valmennuksen siivitt\u00e4m\u00e4n\u00e4 ja valmentajien mallioppilaana Lauri l\u00f6ysi itsens\u00e4 pian ik\u00e4luokkansa parhaiden pelaajien joukosta L\u00e4nsi-Suomen alueella.<\/em><\/p>\n\n\n\n<p><em>Menestys seura- ja aluejoukkuetasoilla avasi Laurille ovet my\u00f6s nuorten maajoukkueleirityksiin ja nuorten U18 maajoukkueeseen. Euroopan mestaruuskilpailuissa 2024 Bulgariassa parimetrinen Lauri n\u00e4htiin maajoukkueen kuusikon luotettavana keskipelaajana. Suomi saavutti EM-kisoissa 5. sijan ja lunasti paikan U19 MM-kilpailuihin Uzbekistaniin, jossa pelataan hein\u00e4kuussa 2025.<\/em><\/p>\n\n\n\n<p><em>T\u00e4ll\u00e4 hetkell\u00e4 Lauri opiskelee Kuortaneen urheilulukiossa ja edustaa miesten ykk\u00f6ssarjatasolla Kuortaneen valmennuskeskuksen joukkuetta, joka taisteli tiens\u00e4 aina Suomen Cupin semifinaalivaiheeseen asti, kaatamalla mm. 2 liigajoukkuetta mutta 2024 Suomen Mestarit, Hurrikaani-Loimaa oli parempi.<br>A-poikien SM-sarjassa Lauri pelaa Lemp\u00e4\u00e4l\u00e4n Lempo-volleyn riveiss\u00e4.<\/em><\/p>\n\n\n\n<p><em>\u201dLiigajoukkueissa on her\u00e4nnyt kiinnostusta Lauria kohtaan, ei hiiskuta niist\u00e4 viel\u00e4 Laurin ja vanhempien kuullen mutta liigadebyytti\u00e4 j\u00e4\u00e4mme luottavaisina odottelemaan.\u201d<\/em><br><br><strong>\u201dMuurame, Korpilahti, aina Laurilla mieless\u00e4\u201d<\/strong><\/p>\n\n\n\n<h4 class=\"wp-block-heading\"><em><strong>Onnea Laurille ja koko perheelle<\/strong><\/em><\/h4>\n\n\n\n<p><br><\/p>\n\n\n\n<hr class=\"wp-block-separator has-alpha-channel-opacity\" \/>\n\n\n\n<p><br><\/p>\n\n\n\n<h3 class=\"wp-block-heading\"><strong>Kyyj\u00e4rven kunta, Liikuntateko-palkinto<\/strong><\/h3>\n\n\n\n<p><\/p>\n\n\n\n<p><strong>Esa Kyr\u00f6nlahti<\/strong><\/p>\n\n\n\n<p><em>Aktiiviurheilu-ura vaihtui verenperint\u00f6n\u00e4 saatuun aktiiviseen urheilun hyv\u00e4ksi teht\u00e4v\u00e4\u00e4n taustaty\u00f6h\u00f6n Kyyj\u00e4rven KyKy ry:ss\u00e4.<br>Urheiluseurassa teht\u00e4v\u00e4 ty\u00f6 on pyyteet\u00f6nt\u00e4 ja pitk\u00e4j\u00e4nteist\u00e4 vapaaehtoisuuteen perustuvaa.<\/em><\/p>\n\n\n\n<p><em>Paikallisessa urheiluseura Kyyj\u00e4rven KyKy ry:ss\u00e4 tehty\u00e4 ty\u00f6t\u00e4 yli nelj\u00e4kymment\u00e4 vuotta: aluksi urheiluseuran toiminnoissa vastaavissa jaostoissa mukana j\u00e4senen\u00e4 ja sihteerin\u00e4. My\u00f6hemm\u00e4ss\u00e4 vaiheessa koko seuran toiminnasta vastaavassa eli johtokunnan j\u00e4sen. Uusien haasteiden ja teht\u00e4vien my\u00f6t\u00e4 toimiminen seuran sihteerin\u00e4 ja rahastonhoitajana.<\/em><\/p>\n\n\n\n<p><em>T\u00e4ll\u00e4 hetkell\u00e4 Esa on urheiluseura Kyyj\u00e4rven KyKy ry:n rahastonhoitaja, sek\u00e4 seuran j\u00e4rjest\u00e4miss\u00e4 tapahtumissa kantamassa kortensa kekoon organisoinnissa ett\u00e4 talkoissa.<\/em><\/p>\n\n\n\n<p><em>Toimii yhteyshenkil\u00f6n\u00e4 kolmatta vuotta KyKy-Betset Miesten lentopallon mestaruusliiga joukkueen ja mestaruusliigan v\u00e4lill\u00e4 .<\/em><\/p>\n\n\n\n<p><em>Lukuisia talkooty\u00f6 tunteja paikkakunnan liikunnan edist\u00e4misen hyv\u00e4ksi mainittakoon lasten yleisurheilu tapahtumien organisointi, liikuntapaikkahankkeiden osalta mm. kuntoportaat, Harsunkankaan kehitt\u00e4misprojekti.<\/em><\/p>\n\n\n\n<h4 class=\"wp-block-heading\"><strong><em>Onnea Esalle.<\/em><\/strong><\/h4>\n\n\n\n<figure class=\"wp-block-image size-large\"><img loading=\"lazy\" decoding=\"async\" width=\"1024\" height=\"768\" src=\"https:\/\/sivustot.lentopallo.fi\/lansi-suomi\/files\/2025\/03\/Kuva_Esa_gaala_2025-1024x768.jpg\" alt=\"\" class=\"wp-image-2491\" srcset=\"https:\/\/sivustot.lentopallo.fi\/lansi-suomi\/files\/2025\/03\/Kuva_Esa_gaala_2025-1024x768.jpg 1024w, https:\/\/sivustot.lentopallo.fi\/lansi-suomi\/files\/2025\/03\/Kuva_Esa_gaala_2025-300x225.jpg 300w, https:\/\/sivustot.lentopallo.fi\/lansi-suomi\/files\/2025\/03\/Kuva_Esa_gaala_2025-768x576.jpg 768w, https:\/\/sivustot.lentopallo.fi\/lansi-suomi\/files\/2025\/03\/Kuva_Esa_gaala_2025-1536x1152.jpg 1536w, https:\/\/sivustot.lentopallo.fi\/lansi-suomi\/files\/2025\/03\/Kuva_Esa_gaala_2025-2048x1536.jpg 2048w, https:\/\/sivustot.lentopallo.fi\/lansi-suomi\/files\/2025\/03\/Kuva_Esa_gaala_2025-1920x1440.jpg 1920w, https:\/\/sivustot.lentopallo.fi\/lansi-suomi\/files\/2025\/03\/Kuva_Esa_gaala_2025-1640x1230.jpg 1640w, https:\/\/sivustot.lentopallo.fi\/lansi-suomi\/files\/2025\/03\/Kuva_Esa_gaala_2025-1126x845.jpg 1126w, https:\/\/sivustot.lentopallo.fi\/lansi-suomi\/files\/2025\/03\/Kuva_Esa_gaala_2025-1060x795.jpg 1060w, https:\/\/sivustot.lentopallo.fi\/lansi-suomi\/files\/2025\/03\/Kuva_Esa_gaala_2025-1039x779.jpg 1039w, https:\/\/sivustot.lentopallo.fi\/lansi-suomi\/files\/2025\/03\/Kuva_Esa_gaala_2025-55x41.jpg 55w\" sizes=\"auto, (max-width: 1024px) 100vw, 1024px\" \/><\/figure>\n\n\n\n<p><\/p>\n\n\n\n<p><\/p>\n\n\n\n<hr class=\"wp-block-separator has-alpha-channel-opacity\" \/>\n\n\n\n<p><br><a href=\"https:\/\/www.kesli.fi\/uutiset\/jonni-sarkkinen-vuoden-keskisuomala\/\" target=\"_blank\" rel=\"noreferrer noopener\"><em><strong>Kaikki palkitut, 2025 Urheilugaala<\/strong><\/em><\/a><\/p>\n\n\n\n<p><a href=\"https:\/\/kihu.kuvat.fi\/i\/XRmcM7ap5seCz36THW8YUnABrbZjDufx\/kuvat\/JAKO\/Keski-Suomen+Urheilugaala\/KESKI-SUOMEN+URHEILUGAALA+2025\/\" target=\"_blank\" rel=\"noreferrer noopener\"><strong><em>Valokuvia, 2025 Urheilugaala (Kihu)<\/em><\/strong><\/a><\/p>\n\n\n\n<p><em><strong><a href=\"https:\/\/photos.google.com\/share\/AF1QipP0i-WtBIHi3JskcZ4hoJfv7ulTSVlItCSNrkCO5YSuNzYNE_ns4xmUMjasKMr6EA?key=Rlk0Rk9pRkNwd3ZERXFOd1ZtLTZHcnZnQjFqQ3BB\" target=\"_blank\" rel=\"noreferrer noopener\">Valokuvia, 2025 Urheilugaala (Tanja Kyr\u00f6nlahti)<\/a><\/strong><\/em><\/p>\n\n\n\n<p><br><\/p>\n\n\n\n<p><\/p>\n","protected":false},"excerpt":{"rendered":"<p>Keski-Suomen perinteist\u00e4 Urheilugaala juhlittiin 31.1.2025, Scandic Laajavuoressa. Keski-Suomen maakuntajaosto palkitsi Gaalassa Lauri Ahvenj\u00e4rven Lentopallon v. 2024 Urheiluteko-palkinnolla. Is\u00e4 Hannu, LAURI ja \u00e4iti Marja Muuramelainen 17-vuotias Lauri aloitti lentopalloharrastuksen ik\u00e4tovereihinsa n\u00e4hden varsin my\u00f6h\u00e4\u00e4n.Perheen ja suvun my\u00f6t\u00e4vaikutuksella lentopallosta muodostui viimein Laurin ykk\u00f6slaji. Korpilahden Pyrinn\u00f6ss\u00e4 Ikkalan P\u00e4ivin opissa alkanut ura, ennakkoluuloton asennoituminen harjoitteluun ja kehittymiseen, niin henkil\u00f6kohtaisella kuin [&hellip;]<\/p>\n","protected":false},"author":12,"featured_media":0,"parent":898,"menu_order":4,"comment_status":"closed","ping_status":"closed","template":"pages\/template-kilpailu.php","meta":{"_acf_changed":false,"inline_featured_image":false,"footnotes":""},"class_list":["post-2378","page","type-page","status-publish","hentry"],"acf":[],"_links":{"self":[{"href":"https:\/\/sivustot.lentopallo.fi\/lansi-suomi\/wp-json\/wp\/v2\/pages\/2378","targetHints":{"allow":["GET"]}}],"collection":[{"href":"https:\/\/sivustot.lentopallo.fi\/lansi-suomi\/wp-json\/wp\/v2\/pages"}],"about":[{"href":"https:\/\/sivustot.lentopallo.fi\/lansi-suomi\/wp-json\/wp\/v2\/types\/page"}],"author":[{"embeddable":true,"href":"https:\/\/sivustot.lentopallo.fi\/lansi-suomi\/wp-json\/wp\/v2\/users\/12"}],"replies":[{"embeddable":true,"href":"https:\/\/sivustot.lentopallo.fi\/lansi-suomi\/wp-json\/wp\/v2\/comments?post=2378"}],"version-history":[{"count":20,"href":"https:\/\/sivustot.lentopallo.fi\/lansi-suomi\/wp-json\/wp\/v2\/pages\/2378\/revisions"}],"predecessor-version":[{"id":2745,"href":"https:\/\/sivustot.lentopallo.fi\/lansi-suomi\/wp-json\/wp\/v2\/pages\/2378\/revisions\/2745"}],"up":[{"embeddable":true,"href":"https:\/\/sivustot.lentopallo.fi\/lansi-suomi\/wp-json\/wp\/v2\/pages\/898"}],"wp:attachment":[{"href":"https:\/\/sivustot.lentopallo.fi\/lansi-suomi\/wp-json\/wp\/v2\/media?parent=2378"}],"curies":[{"name":"wp","href":"https:\/\/api.w.org\/{rel}","templated":true}]}}