{"id":2383,"date":"2025-02-08T21:17:19","date_gmt":"2025-02-08T19:17:19","guid":{"rendered":"https:\/\/sivustot.lentopallo.fi\/lansi-suomi\/?page_id=2383"},"modified":"2025-07-22T22:14:55","modified_gmt":"2025-07-22T19:14:55","slug":"vallan-vaihto","status":"publish","type":"page","link":"https:\/\/sivustot.lentopallo.fi\/lansi-suomi\/aluevalmennus\/vallan-vaihto\/","title":{"rendered":"Valta vaihtuu"},"content":{"rendered":"\n<h3 class=\"wp-block-heading has-text-align-left\"><em><strong>L\u00e4nnen p\u00e4\u00e4valmennuksessa tapahtui vallan vaihto.<\/strong><\/em><\/h3>\n\n\n\n<p class=\"has-text-align-left\">Rantasen Aapo v\u00e4istyy ja Huumarkankaan Henrik astuu uusiin saappaisiin.<\/p>\n\n\n<div class=\"wp-block-image is-style-default\">\n<figure class=\"aligncenter size-large\"><img loading=\"lazy\" decoding=\"async\" width=\"839\" height=\"1024\" src=\"https:\/\/sivustot.lentopallo.fi\/lansi-suomi\/files\/2025\/02\/Kuva_APV_valtikan_vaihto_2025-839x1024.jpg\" alt=\"\" class=\"wp-image-2385\" srcset=\"https:\/\/sivustot.lentopallo.fi\/lansi-suomi\/files\/2025\/02\/Kuva_APV_valtikan_vaihto_2025-839x1024.jpg 839w, https:\/\/sivustot.lentopallo.fi\/lansi-suomi\/files\/2025\/02\/Kuva_APV_valtikan_vaihto_2025-246x300.jpg 246w, https:\/\/sivustot.lentopallo.fi\/lansi-suomi\/files\/2025\/02\/Kuva_APV_valtikan_vaihto_2025-768x938.jpg 768w, https:\/\/sivustot.lentopallo.fi\/lansi-suomi\/files\/2025\/02\/Kuva_APV_valtikan_vaihto_2025-300x366.jpg 300w, https:\/\/sivustot.lentopallo.fi\/lansi-suomi\/files\/2025\/02\/Kuva_APV_valtikan_vaihto_2025-55x67.jpg 55w, https:\/\/sivustot.lentopallo.fi\/lansi-suomi\/files\/2025\/02\/Kuva_APV_valtikan_vaihto_2025-350x426.jpg 350w, https:\/\/sivustot.lentopallo.fi\/lansi-suomi\/files\/2025\/02\/Kuva_APV_valtikan_vaihto_2025.jpg 846w\" sizes=\"auto, (max-width: 839px) 100vw, 839px\" \/><figcaption class=\"wp-element-caption\"><em>Vallanvaihtajat, Henkka (vas.) ja Aapo (oik)<\/em><\/figcaption><\/figure>\n<\/div>\n\n\n<p><strong>Henkka<\/strong><br><em>On helppo ottaa p\u00e4\u00e4valmentajan teht\u00e4v\u00e4t vastaan kun tied\u00e4n, ett\u00e4 hyv\u00e4\u00e4 pohjaty\u00f6t\u00e4 on jo tehty valmiiksi tulevalle vuodelle. Tietysti olen innoissani uudesta teht\u00e4v\u00e4st\u00e4 ja uusista haasteista. <\/em><br><em><strong>Yhdess\u00e4&nbsp;eteenp\u00e4in!<\/strong><\/em><br><\/p>\n\n\n\n<hr class=\"wp-block-separator has-alpha-channel-opacity\" \/>\n\n\n\n<p><br><strong>Aapo<\/strong><br><em>Olen eritt\u00e4in iloinen, ett\u00e4 p\u00e4\u00e4valmentajan pesti siirtyy hyviin k\u00e4siiin. Uskon vakaasti, ett\u00e4 aluetoiminta saa p\u00e4\u00e4valmentajan vaihdosta piristysruiskeen.<br>Aluetoiminnassa on hyvi\u00e4 osaajia mukana. Aluevalmentajat eiv\u00e4tk\u00e4 aluejaoston j\u00e4senet pysty ratkaisemaan kaikkia seurojen ja joukkueiden ongelmia. Heihin kannattaa kuitenkin olla yhteydess\u00e4 ja kysy\u00e4 neuvoa, sek\u00e4 vaihtaa ajatuksia.<br>Jokaisella paikkakunnalla ja seuralla on toisistaan poikkeavia tarpeita, jotka seuran sis\u00e4ll\u00e4 tunnistetaan ja osataan hoitaa hyvin. Lentopallojoukkeen tai -seuran kehitt\u00e4minen ei kuitenkaan poikkea el\u00e4m\u00e4n muista aloista mitenk\u00e4\u00e4n. Uudet virikkeet l\u00f6ytyv\u00e4t l\u00e4hes aina oman postinumeron ulkopuolelta. Miksi joku tekee asian eri tavalla? Siihen on varmasti syy.<br>Kannustakaa valmentajia k\u00e4ym\u00e4\u00e4n koulutuksissa. Siell\u00e4 joku toinen on pureksinut asioita valmiiksi ja kertoo varmasti my\u00f6s miksi h\u00e4n n\u00e4in asian neuvoo. Keskustelut toisten seurojen koulutettavien kanssa kruunaa koulutuksen.<br>My\u00f6s t\u00e4st\u00e4 syyst\u00e4 p\u00e4\u00e4valmentajan vaihto on hyv\u00e4st\u00e4.<\/em><br><em>Henkka tuo oman persoonansa lis\u00e4ksi oman taustansa ja kokemuksensa. Aito L\u00e4nnen j\u00e4tk\u00e4 lis\u00e4\u00e4 kierroksia koneeseen.<\/em><\/p>\n\n\n\n<p><em>Kiitos kaikille entisille ja nykyisille aluevalmentajille. Kiitos entisille ja nykyisille aluejaoston j\u00e4senille tuesta ja luottamuksesta, jota teilt\u00e4 t\u00e4ll\u00e4 matkalla sain. Erityisesti kiitokset Jounille ja Susannalle!<br><em>Kiit\u00e4n kovasti<\/em> alueen seuroja ja valmentajia yhteisty\u00f6st\u00e4. Kiitos kun teette arvokasta ty\u00f6t\u00e4nne nuorten hyv\u00e4ksi. N\u00e4in se lentis s\u00e4ilyy ja kehittyy!<br><strong>Isoin kiitos pelaajille. Te opetatte meit\u00e4 valmentajia kaikkein eniten.<\/strong><br><strong>Jatketaan treenej\u00e4, HOS !!<\/strong><\/em><br><\/p>\n\n\n\n<hr class=\"wp-block-separator has-alpha-channel-opacity\" \/>\n\n\n\n<p><br><\/p>\n\n\n\n<section id=\"block_baf50c6be1f5d56c4312acb5e74377a8\" class=\"contact-box\">\n\t\n\n\n\t<div class=\"contact-box-holder related-tm-info\">\n\t\t\t\t\t\t\t\n\t\t\t\t\t<div class=\"col-content\">\n\t\t\t\t\t\t\t\t\t<h3 class=\"contact-box-title\">Lis\u00e4tietoja<\/h3>\n\t\t\t\t\n\t\t\t\t\t\t\t\t\t<h2 class=\"persona-title\">Henrik Huumarkangas<\/h2>\n\t\t\t\t\n\t\t\t\t\t\t\t\t\t<div class=\"persona-role\">P\u00e4\u00e4valmentaja<\/div>\n\t\t\t\t\n\t\t\t\t\t\t\t\t\t<div class=\"holder-personal-info\">\n\t\t\t\t\t\t<div class=\"persona-contact\">\n\t\t\t\t\t\t\t\t\t\t\t\t\t\t\t<div class=\"persona-phone\">\n\t\t\t\t\t\t\t\t\t<a href=\"tel:0456306871\">045 630 6871 <\/a>\n\t\t\t\t\t\t\t\t<\/div>\n\t\t\t\t\t\t\t\n\t\t\t\t\t\t\t\t\t\t\t\t\t\t\t<div class=\"persona-email\">\n\t\t\t\t\t\t\t\t\t<a href=\"mailto:&#104;uumh&#101;&#40;at)g&#109;&#97;&#105;l&#46;c&#111;m \">&#104;&#117;um&#104;e&#40;&#97;t)g&#109;ai&#108;&#46;c&#111;m&#32;<\/a>\n\t\t\t\t\t\t\t\t<\/div>\n\t\t\t\t\t\t\t\t\t\t\t\t\t<\/div>\n\t\t\t\t\t\t<div class=\"persona-contact-link\">\n\t\t\t\t\t\t\t\t\t\t\t\t\t\t\t<a class=\"btn btn-contact btn btn-read-more\" href=\"tel:0456306871\">Ota yhteytt\u00e4<\/a>\n\t\t\t\t\t\t\t\t\t\t\t\t\t<\/div>\n\t\t\t\t\t<\/div>\n\t\t\t\t\t\t\t<\/div>\n\t\t\t<\/div>\n\n\n\n\n\n<\/section>\n\n\n\n<p><\/p>\n\n\n\n<section id=\"block_f52a01980a52e2fc42b457029279be7c\" class=\"contact-box\">\n\t\n\n\n\t<div class=\"contact-box-holder related-tm-info\">\n\t\t\t\t\t\t\t\n\t\t\t\t\t<div class=\"col-content\">\n\t\t\t\t\t\t\t\t\t<h3 class=\"contact-box-title\">Lis\u00e4tietoja<\/h3>\n\t\t\t\t\n\t\t\t\t\n\t\t\t\t\n\t\t\t\t\t\t\t<\/div>\n\t\t\t<\/div>\n\n\n\n\n\n<\/section>\n\n\n\n<p><\/p>\n","protected":false},"excerpt":{"rendered":"<p>L\u00e4nnen p\u00e4\u00e4valmennuksessa tapahtui vallan vaihto. Rantasen Aapo v\u00e4istyy ja Huumarkankaan Henrik astuu uusiin saappaisiin. HenkkaOn helppo ottaa p\u00e4\u00e4valmentajan teht\u00e4v\u00e4t vastaan kun tied\u00e4n, ett\u00e4 hyv\u00e4\u00e4 pohjaty\u00f6t\u00e4 on jo tehty valmiiksi tulevalle vuodelle. Tietysti olen innoissani uudesta teht\u00e4v\u00e4st\u00e4 ja uusista haasteista. Yhdess\u00e4&nbsp;eteenp\u00e4in! AapoOlen eritt\u00e4in iloinen, ett\u00e4 p\u00e4\u00e4valmentajan pesti siirtyy hyviin k\u00e4siiin. Uskon vakaasti, ett\u00e4 aluetoiminta saa p\u00e4\u00e4valmentajan [&hellip;]<\/p>\n","protected":false},"author":12,"featured_media":0,"parent":257,"menu_order":7,"comment_status":"closed","ping_status":"closed","template":"pages\/template-kilpailu.php","meta":{"_acf_changed":false,"inline_featured_image":false,"footnotes":""},"class_list":["post-2383","page","type-page","status-publish","hentry"],"acf":[],"_links":{"self":[{"href":"https:\/\/sivustot.lentopallo.fi\/lansi-suomi\/wp-json\/wp\/v2\/pages\/2383","targetHints":{"allow":["GET"]}}],"collection":[{"href":"https:\/\/sivustot.lentopallo.fi\/lansi-suomi\/wp-json\/wp\/v2\/pages"}],"about":[{"href":"https:\/\/sivustot.lentopallo.fi\/lansi-suomi\/wp-json\/wp\/v2\/types\/page"}],"author":[{"embeddable":true,"href":"https:\/\/sivustot.lentopallo.fi\/lansi-suomi\/wp-json\/wp\/v2\/users\/12"}],"replies":[{"embeddable":true,"href":"https:\/\/sivustot.lentopallo.fi\/lansi-suomi\/wp-json\/wp\/v2\/comments?post=2383"}],"version-history":[{"count":20,"href":"https:\/\/sivustot.lentopallo.fi\/lansi-suomi\/wp-json\/wp\/v2\/pages\/2383\/revisions"}],"predecessor-version":[{"id":2418,"href":"https:\/\/sivustot.lentopallo.fi\/lansi-suomi\/wp-json\/wp\/v2\/pages\/2383\/revisions\/2418"}],"up":[{"embeddable":true,"href":"https:\/\/sivustot.lentopallo.fi\/lansi-suomi\/wp-json\/wp\/v2\/pages\/257"}],"wp:attachment":[{"href":"https:\/\/sivustot.lentopallo.fi\/lansi-suomi\/wp-json\/wp\/v2\/media?parent=2383"}],"curies":[{"name":"wp","href":"https:\/\/api.w.org\/{rel}","templated":true}]}}