{"id":2512,"date":"2025-04-01T13:49:44","date_gmt":"2025-04-01T10:49:44","guid":{"rendered":"https:\/\/sivustot.lentopallo.fi\/lansi-suomi\/?page_id=2512"},"modified":"2025-07-22T22:16:00","modified_gmt":"2025-07-22T19:16:00","slug":"leiripaiva-4-5-2025","status":"publish","type":"page","link":"https:\/\/sivustot.lentopallo.fi\/lansi-suomi\/aluevalmennus\/leiripaiva-4-5-2025\/","title":{"rendered":"Leirip\u00e4iv\u00e4, 4.5."},"content":{"rendered":"\n<p><strong>2009-2012 syntyneiden tytt\u00f6jen ja poikien avoin leirip\u00e4iv\u00e4 j\u00e4rjestet\u00e4\u00e4n su 4.5.2025 <\/strong><strong>Kuortaneen Urheiluopistolla.<\/strong><\/p>\n\n\n\n<p><strong>P\u00e4iv\u00e4 koostuu kahdesta 2 h harjoituksesta ja yhdest\u00e4 aluevalmentajien pit\u00e4m\u00e4st\u00e4 luennosta.<\/strong><\/p>\n\n\n\n<p><strong>Toivotamme kaikki B-C ik\u00e4luokkien pelaajat tervetulleeksi leirip\u00e4iv\u00e4\u00e4n ja toivomme viime vuoden tapaan runsaasti osallistujia.<\/strong><\/p>\n\n\n\n<p>Leirin tarkoituksena on antaa jokaiselle paikalle olevalle pelaajalle hyv\u00e4t harjoitukset osaavassa valmennuksessa.<br>Katsastamme samalla pelaajia tuleviin B- ja C-aluejoukkueisiin.<br>C-ik\u00e4isten Alue SM-turnaus j\u00e4rjestet\u00e4\u00e4n Lounaan alueella 19.-21.9.2025 ja <br>B-ik\u00e4isten turnaus meill\u00e4 L\u00e4nnen alueella 26.-28.9.2925.<br><\/p>\n\n\n\n<hr class=\"wp-block-separator has-alpha-channel-opacity\" \/>\n\n\n\n<h2 class=\"wp-block-heading\"><br><strong>Leirip\u00e4iv\u00e4n ohjelma<\/strong><\/h2>\n\n\n\n<p><strong>2011-2012 syntyneet (C-ik\u00e4iset)<\/strong><\/p>\n\n\n\n<p><strong>klo 9.30-9.45<\/strong><br><strong><em>Ilmoittautuminen<\/em><\/strong><br>Tyt\u00f6t LP-Areenalla ja pojat Kuortanehallissa<\/p>\n\n\n\n<p><strong>klo 10-12<\/strong><br><strong><em>Harjoitus<\/em><\/strong><\/p>\n\n\n\n<p><strong>klo 12.30<\/strong><br><strong><em>Lounas<\/em><\/strong><\/p>\n\n\n\n<p><strong>klo \u202a13.30-14.30\u202c<\/strong><br><strong><em>Luento<\/em><\/strong><\/p>\n\n\n\n<p><strong>klo 15-17<\/strong><br><em><strong>Harjoitus<\/strong><\/em><\/p>\n\n\n\n<p><strong><em>Kotiin \u2026<\/em><\/strong><\/p>\n\n\n\n<hr class=\"wp-block-separator has-alpha-channel-opacity is-style-wide\" \/>\n\n\n\n<p><br><\/p>\n\n\n\n<p><strong>2009-2010 syntyneet (B-ik\u00e4iset)<\/strong><\/p>\n\n\n\n<p><strong>klo 11.30-11.45<\/strong><br><strong><em>Ilmoittautuminen<\/em><\/strong><br>Tyt\u00f6t LP-Areenalla ja pojat Kuortanehallissa<\/p>\n\n\n\n<p><strong>klo 12-14 <\/strong><br><strong><em>Harjoitus<\/em><\/strong><\/p>\n\n\n\n<p><strong>klo 14.30<\/strong><br><strong><em>Lounas<\/em><\/strong><\/p>\n\n\n\n<p><strong>klo \u202a15.30-16.30\u202c<\/strong><br><strong><em>Luento<\/em><\/strong><\/p>\n\n\n\n<p><strong>klo 17-19 <\/strong><br><strong><em>Harjoitus<\/em><\/strong><\/p>\n\n\n\n<p><strong><em>Kotiin \u2026<\/em><\/strong><\/p>\n\n\n\n<hr class=\"wp-block-separator has-alpha-channel-opacity\" \/>\n\n\n\n<p><br>Ole yhteydess\u00e4 Henkkaan, mik\u00e4li et terveydellisist\u00e4 tms. syist\u00e4 pysty osallistumaan leirip\u00e4iv\u00e4\u00e4n.<br>N\u00e4in tied\u00e4mme, ett\u00e4 olet kiinnostunut aluevalmennustoiminnasta.<\/p>\n\n\n\n<p><strong>Leirip\u00e4iv\u00e4n hinta on 55 \u20ac, joka maksetaan SuomiSportin ilmoittautumisen yhteydess\u00e4.<\/strong><\/p>\n\n\n\n<p><strong>Mik\u00e4li sinulla on eritysruokavalio tms. huomioitavaa, ilmoittaudu viimeist\u00e4\u00e4n su 27.4.2025.<\/strong><br><strong>Muutoin ilmoittautuminen leirille p\u00e4\u00e4ttyy to 1.5.2025<\/strong>.<\/p>\n\n\n\n<p><br><\/p>\n\n\n\n<div class=\"wp-block-buttons is-layout-flex wp-container-core-buttons-is-layout-c07eda73 wp-block-buttons-is-layout-flex\">\n<div class=\"wp-block-button has-custom-width wp-block-button__width-100\"><a class=\"wp-block-button__link has-black-color has-pale-cyan-blue-background-color has-text-color has-background has-link-color has-text-align-center wp-element-button\" href=\"https:\/\/www.suomisport.fi\/events\/79e07d56-74e7-4a4b-9f41-81698fc25ae6\" target=\"_blank\" rel=\"noreferrer noopener\"><em><strong>Linkki <em>C<\/em>-ik\u00e4isten Leirip\u00e4iv\u00e4n ilmoittautumiseen<\/strong><\/em><\/a><\/div>\n\n\n\n<div class=\"wp-block-button has-custom-width wp-block-button__width-100\"><a class=\"wp-block-button__link has-black-color has-vivid-cyan-blue-background-color has-text-color has-background has-link-color has-text-align-center wp-element-button\" href=\"https:\/\/www.suomisport.fi\/events\/1b5eb923-e5e1-4dbe-89fb-02dde412e57f\" target=\"_blank\" rel=\"noreferrer noopener\"><em><strong>Linkki B-ik\u00e4isten Leirip\u00e4iv\u00e4n ilmoittautumiseen<\/strong><\/em><\/a><\/div>\n<\/div>\n\n\n\n<p><br><\/p>\n\n\n\n<p><em>Yst\u00e4v\u00e4llisin terveisin<br>Henkka<\/em><\/p>\n\n\n\n<section id=\"block_bd68b4071d69abf1a28b19d8c4c255f4\" class=\"contact-box\">\n\t\n\n\n\t<div class=\"contact-box-holder related-tm-info\">\n\t\t\t\t\t\t\t\n\t\t\t\t\t<div class=\"col-content\">\n\t\t\t\t\t\t\t\t\t<h3 class=\"contact-box-title\">Lis\u00e4tietoja<\/h3>\n\t\t\t\t\n\t\t\t\t\t\t\t\t\t<h2 class=\"persona-title\">Henrik Huumarkangas<\/h2>\n\t\t\t\t\n\t\t\t\t\t\t\t\t\t<div class=\"persona-role\">P\u00e4\u00e4valmentaja<\/div>\n\t\t\t\t\n\t\t\t\t\t\t\t\t\t<div class=\"holder-personal-info\">\n\t\t\t\t\t\t<div class=\"persona-contact\">\n\t\t\t\t\t\t\t\t\t\t\t\t\t\t\t<div class=\"persona-phone\">\n\t\t\t\t\t\t\t\t\t<a href=\"tel:0456306871\">045 630 6871 <\/a>\n\t\t\t\t\t\t\t\t<\/div>\n\t\t\t\t\t\t\t\n\t\t\t\t\t\t\t\t\t\t\t\t\t\t\t<div class=\"persona-email\">\n\t\t\t\t\t\t\t\t\t<a href=\"mailto:h&#117;u&#109;&#104;&#101;&#40;&#97;t)&#103;&#109;a&#105;l&#46;&#99;&#111;m \">&#104;&#117;&#117;m&#104;e(&#97;t)&#103;m&#97;&#105;l&#46;&#99;om <\/a>\n\t\t\t\t\t\t\t\t<\/div>\n\t\t\t\t\t\t\t\t\t\t\t\t\t<\/div>\n\t\t\t\t\t\t<div class=\"persona-contact-link\">\n\t\t\t\t\t\t\t\t\t\t\t\t\t\t\t<a class=\"btn btn-contact btn btn-read-more\" href=\"tel:0456306871\">Ota yhteytt\u00e4<\/a>\n\t\t\t\t\t\t\t\t\t\t\t\t\t<\/div>\n\t\t\t\t\t<\/div>\n\t\t\t\t\t\t\t<\/div>\n\t\t\t<\/div>\n\n\n\n\n\n<\/section>\n\n\n\n<section id=\"block_a3a2666b78bb3dd1f215db3061b27987\" class=\"contact-box\">\n\t\n\n\n\t<div class=\"contact-box-holder related-tm-info\">\n\t\t\t\t\t\t\t\n\t\t\t\t\t<div class=\"col-content\">\n\t\t\t\t\t\t\t\t\t<h3 class=\"contact-box-title\">Lis\u00e4tietoja<\/h3>\n\t\t\t\t\n\t\t\t\t\t\t\t\t\t<h2 class=\"persona-title\">Mari M\u00e4ki-Knuuttila<\/h2>\n\t\t\t\t\n\t\t\t\t\t\t\t\t\t<div class=\"persona-role\">Nuorisovastaava<\/div>\n\t\t\t\t\n\t\t\t\t\t\t\t\t\t<div class=\"holder-personal-info\">\n\t\t\t\t\t\t<div class=\"persona-contact\">\n\t\t\t\t\t\t\t\t\t\t\t\t\t\t\t<div class=\"persona-phone\">\n\t\t\t\t\t\t\t\t\t<a href=\"tel:0400478526\">040 047 8526<\/a>\n\t\t\t\t\t\t\t\t<\/div>\n\t\t\t\t\t\t\t\n\t\t\t\t\t\t\t\t\t\t\t\t\t\t\t<div class=\"persona-email\">\n\t\t\t\t\t\t\t\t\t<a href=\"mailto:&#109;&#97;r&#105;&#46;m&#97;&#107;i&#45;k&#110;&#117;utti&#108;a(&#97;&#116;&#41;&#104;&#111;&#116;&#109;a&#105;&#108;&#46;c&#111;&#109;\">m&#97;ri.ma&#107;i-&#107;&#110;u&#117;t&#116;&#105;&#108;&#97;&#40;&#97;&#116;&#41;h&#111;&#116;ma&#105;l.&#99;&#111;&#109;<\/a>\n\t\t\t\t\t\t\t\t<\/div>\n\t\t\t\t\t\t\t\t\t\t\t\t\t<\/div>\n\t\t\t\t\t\t<div class=\"persona-contact-link\">\n\t\t\t\t\t\t\t\t\t\t\t\t\t\t\t<a class=\"btn btn-contact btn btn-read-more\" href=\"tel:0400478526\">Ota yhteytt\u00e4<\/a>\n\t\t\t\t\t\t\t\t\t\t\t\t\t<\/div>\n\t\t\t\t\t<\/div>\n\t\t\t\t\t\t\t<\/div>\n\t\t\t<\/div>\n\n\n\n\n\n<\/section>\n\n\n\n<p><\/p>\n","protected":false},"excerpt":{"rendered":"<p>2009-2012 syntyneiden tytt\u00f6jen ja poikien avoin leirip\u00e4iv\u00e4 j\u00e4rjestet\u00e4\u00e4n su 4.5.2025 Kuortaneen Urheiluopistolla. P\u00e4iv\u00e4 koostuu kahdesta 2 h harjoituksesta ja yhdest\u00e4 aluevalmentajien pit\u00e4m\u00e4st\u00e4 luennosta. Toivotamme kaikki B-C ik\u00e4luokkien pelaajat tervetulleeksi leirip\u00e4iv\u00e4\u00e4n ja toivomme viime vuoden tapaan runsaasti osallistujia. Leirin tarkoituksena on antaa jokaiselle paikalle olevalle pelaajalle hyv\u00e4t harjoitukset osaavassa valmennuksessa.Katsastamme samalla pelaajia tuleviin B- ja C-aluejoukkueisiin.C-ik\u00e4isten [&hellip;]<\/p>\n","protected":false},"author":12,"featured_media":0,"parent":257,"menu_order":5,"comment_status":"closed","ping_status":"closed","template":"pages\/template-kilpailu.php","meta":{"_acf_changed":false,"inline_featured_image":false,"footnotes":""},"class_list":["post-2512","page","type-page","status-publish","hentry"],"acf":[],"_links":{"self":[{"href":"https:\/\/sivustot.lentopallo.fi\/lansi-suomi\/wp-json\/wp\/v2\/pages\/2512","targetHints":{"allow":["GET"]}}],"collection":[{"href":"https:\/\/sivustot.lentopallo.fi\/lansi-suomi\/wp-json\/wp\/v2\/pages"}],"about":[{"href":"https:\/\/sivustot.lentopallo.fi\/lansi-suomi\/wp-json\/wp\/v2\/types\/page"}],"author":[{"embeddable":true,"href":"https:\/\/sivustot.lentopallo.fi\/lansi-suomi\/wp-json\/wp\/v2\/users\/12"}],"replies":[{"embeddable":true,"href":"https:\/\/sivustot.lentopallo.fi\/lansi-suomi\/wp-json\/wp\/v2\/comments?post=2512"}],"version-history":[{"count":20,"href":"https:\/\/sivustot.lentopallo.fi\/lansi-suomi\/wp-json\/wp\/v2\/pages\/2512\/revisions"}],"predecessor-version":[{"id":2804,"href":"https:\/\/sivustot.lentopallo.fi\/lansi-suomi\/wp-json\/wp\/v2\/pages\/2512\/revisions\/2804"}],"up":[{"embeddable":true,"href":"https:\/\/sivustot.lentopallo.fi\/lansi-suomi\/wp-json\/wp\/v2\/pages\/257"}],"wp:attachment":[{"href":"https:\/\/sivustot.lentopallo.fi\/lansi-suomi\/wp-json\/wp\/v2\/media?parent=2512"}],"curies":[{"name":"wp","href":"https:\/\/api.w.org\/{rel}","templated":true}]}}