{"id":2567,"date":"2025-04-14T18:58:13","date_gmt":"2025-04-14T15:58:13","guid":{"rendered":"https:\/\/sivustot.lentopallo.fi\/lansi-suomi\/?page_id=2567"},"modified":"2025-07-22T22:15:30","modified_gmt":"2025-07-22T19:15:30","slug":"1-taso","status":"publish","type":"page","link":"https:\/\/sivustot.lentopallo.fi\/lansi-suomi\/aluevalmennus\/1-taso\/","title":{"rendered":"1-tason valmentajakoulutus"},"content":{"rendered":"\n<h2 class=\"wp-block-heading\"><strong>L\u00e4nsi-Suomi<\/strong><\/h2>\n\n\n\n<p><strong>Ajankohta<\/strong><br>1. l\u00e4hijakso 10.-11.5.2025 (la-su)<br>2. l\u00e4hijakso 9.-10.8.2925 (la-su)<\/p>\n\n\n\n<p><strong>Sijainti<\/strong><br>Kuortaneen Urheiluopisto, Opistotie 1, 63100 Kuortane<\/p>\n\n\n\n<p><strong>Kouluttajat<\/strong><br>Aapo Rantanen ja Pertti Honkanen<\/p>\n\n\n\n<p>Suomen Lentopalloliitto j\u00e4rjest\u00e4\u00e4 L\u00e4nsi-Suomen alueella 1-tason<br>koulutuksen kokonaisuuden Kuortaneella.<\/p>\n\n\n\n<p>Sis\u00e4lt\u00f6 on kohdennettu lapsuusvaiheen valmentajille, mutta soveltuu my\u00f6s<br>vasta v\u00e4hemm\u00e4n valmennuskokemusta omaaville valmentajille.<\/p>\n\n\n\n<p><strong>Hinnat<\/strong><br>1-tason valmentajakoulutus 560,00 \u20ac<br>1-tason valmentajakoulutus, Suomen Lentopallovalmentajat-kerhon j\u00e4senhinta 504,00 \u20ac (alennus 10% ovh:sta).<br>(Molemmat hinnat sis\u00e4lt\u00e4v\u00e4t materiaalit ja k\u00e4yt\u00e4nn\u00f6n koulutuksen, sek\u00e4 osallistumismaksun vuoden 2026 lasten ja nuorten valmennusseminaariin)<br><br><\/p>\n\n\n\n<div class=\"wp-block-buttons is-layout-flex wp-block-buttons-is-layout-flex\">\n<div class=\"wp-block-button has-custom-width wp-block-button__width-100\"><a class=\"wp-block-button__link has-black-color has-pale-cyan-blue-background-color has-text-color has-background has-link-color wp-element-button\" href=\"https:\/\/www.suomisport.fi\/events\/6e706307-ad8b-417d-b883-ce84d5791675\" target=\"_blank\" rel=\"noreferrer noopener\"><strong><em>Ilmoittautuminen 1-tason koulutukseen<\/em><\/strong><\/a><\/div>\n<\/div>\n\n\n\n<p><\/p>\n\n\n\n<div class=\"wp-block-buttons is-layout-flex wp-block-buttons-is-layout-flex\">\n<div class=\"wp-block-button has-custom-width wp-block-button__width-100\"><a class=\"wp-block-button__link has-black-color has-pale-cyan-blue-background-color has-text-color has-background has-link-color wp-element-button\" href=\"https:\/\/www.lentopallo.fi\/tapahtumat\/koulutukset\/\" target=\"_blank\" rel=\"noreferrer noopener\"><strong><em>Linkki liiton koulutuskalenteriin<\/em><\/strong><\/a><\/div>\n<\/div>\n\n\n\n<p><br><br><\/p>\n\n\n\n<p><\/p>\n\n\n\n<p><\/p>\n\n\n\n<section id=\"block_930d1d61105d0a9c5977c2a1b1d6ad81\" class=\"contact-box\">\n\t\n\n\n\t<div class=\"contact-box-holder related-tm-info\">\n\t\t\t\t\t\t\t\n\t\t\t\t\t<div class=\"col-content\">\n\t\t\t\t\t\t\t\t\t<h3 class=\"contact-box-title\">Lis\u00e4tietoja<\/h3>\n\t\t\t\t\n\t\t\t\t\t\t\t\t\t<h2 class=\"persona-title\">Oskar Muurinen<\/h2>\n\t\t\t\t\n\t\t\t\t\t\t\t\t\t<div class=\"persona-role\">Valmennusp\u00e4\u00e4llikk\u00f6<\/div>\n\t\t\t\t\n\t\t\t\t\t\t\t\t\t<div class=\"holder-personal-info\">\n\t\t\t\t\t\t<div class=\"persona-contact\">\n\t\t\t\t\t\t\t\t\t\t\t\t\t\t\t<div class=\"persona-phone\">\n\t\t\t\t\t\t\t\t\t<a href=\"tel:0503226163\">050 322 6163<\/a>\n\t\t\t\t\t\t\t\t<\/div>\n\t\t\t\t\t\t\t\n\t\t\t\t\t\t\t\t\t\t\t\t\t\t\t<div class=\"persona-email\">\n\t\t\t\t\t\t\t\t\t<a href=\"mailto:os&#107;&#97;r&#46;m&#117;ur&#105;ne&#110;&#64;&#108;&#101;ntopa&#108;lo&#108;iitt&#111;&#46;f&#105;\">osk&#97;r&#46;&#109;uur&#105;ne&#110;&#64;&#108;en&#116;op&#97;l&#108;&#111;&#108;&#105;&#105;t&#116;&#111;&#46;&#102;&#105;<\/a>\n\t\t\t\t\t\t\t\t<\/div>\n\t\t\t\t\t\t\t\t\t\t\t\t\t<\/div>\n\t\t\t\t\t\t<div class=\"persona-contact-link\">\n\t\t\t\t\t\t\t\t\t\t\t\t\t\t\t<a class=\"btn btn-contact btn btn-read-more\" href=\"mailto:o&#115;&#107;a&#114;&#46;mu&#117;rin&#101;n&#64;lent&#111;pal&#108;&#111;l&#105;&#105;&#116;t&#111;.f&#105;\">Ota yhteytt\u00e4<\/a>\n\t\t\t\t\t\t\t\t\t\t\t\t\t<\/div>\n\t\t\t\t\t<\/div>\n\t\t\t\t\t\t\t<\/div>\n\t\t\t<\/div>\n\n\n\n\n\n<\/section>\n\n\n\n<p><\/p>\n","protected":false},"excerpt":{"rendered":"<p>L\u00e4nsi-Suomi Ajankohta1. l\u00e4hijakso 10.-11.5.2025 (la-su)2. l\u00e4hijakso 9.-10.8.2925 (la-su) SijaintiKuortaneen Urheiluopisto, Opistotie 1, 63100 Kuortane KouluttajatAapo Rantanen ja Pertti Honkanen Suomen Lentopalloliitto j\u00e4rjest\u00e4\u00e4 L\u00e4nsi-Suomen alueella 1-tasonkoulutuksen kokonaisuuden Kuortaneella. Sis\u00e4lt\u00f6 on kohdennettu lapsuusvaiheen valmentajille, mutta soveltuu my\u00f6svasta v\u00e4hemm\u00e4n valmennuskokemusta omaaville valmentajille. Hinnat1-tason valmentajakoulutus 560,00 \u20ac1-tason valmentajakoulutus, Suomen Lentopallovalmentajat-kerhon j\u00e4senhinta 504,00 \u20ac (alennus 10% ovh:sta).(Molemmat hinnat sis\u00e4lt\u00e4v\u00e4t materiaalit [&hellip;]<\/p>\n","protected":false},"author":12,"featured_media":0,"parent":257,"menu_order":6,"comment_status":"closed","ping_status":"closed","template":"pages\/template-kilpailu.php","meta":{"_acf_changed":false,"inline_featured_image":false,"footnotes":""},"class_list":["post-2567","page","type-page","status-publish","hentry"],"acf":[],"_links":{"self":[{"href":"https:\/\/sivustot.lentopallo.fi\/lansi-suomi\/wp-json\/wp\/v2\/pages\/2567","targetHints":{"allow":["GET"]}}],"collection":[{"href":"https:\/\/sivustot.lentopallo.fi\/lansi-suomi\/wp-json\/wp\/v2\/pages"}],"about":[{"href":"https:\/\/sivustot.lentopallo.fi\/lansi-suomi\/wp-json\/wp\/v2\/types\/page"}],"author":[{"embeddable":true,"href":"https:\/\/sivustot.lentopallo.fi\/lansi-suomi\/wp-json\/wp\/v2\/users\/12"}],"replies":[{"embeddable":true,"href":"https:\/\/sivustot.lentopallo.fi\/lansi-suomi\/wp-json\/wp\/v2\/comments?post=2567"}],"version-history":[{"count":16,"href":"https:\/\/sivustot.lentopallo.fi\/lansi-suomi\/wp-json\/wp\/v2\/pages\/2567\/revisions"}],"predecessor-version":[{"id":2586,"href":"https:\/\/sivustot.lentopallo.fi\/lansi-suomi\/wp-json\/wp\/v2\/pages\/2567\/revisions\/2586"}],"up":[{"embeddable":true,"href":"https:\/\/sivustot.lentopallo.fi\/lansi-suomi\/wp-json\/wp\/v2\/pages\/257"}],"wp:attachment":[{"href":"https:\/\/sivustot.lentopallo.fi\/lansi-suomi\/wp-json\/wp\/v2\/media?parent=2567"}],"curies":[{"name":"wp","href":"https:\/\/api.w.org\/{rel}","templated":true}]}}