{"id":259,"date":"2023-05-23T10:26:16","date_gmt":"2023-05-23T10:26:16","guid":{"rendered":"https:\/\/sivustot.lentopallo.fi\/lansi-suomi\/?page_id=259"},"modified":"2025-08-04T11:34:21","modified_gmt":"2025-08-04T08:34:21","slug":"kilpailutoiminta","status":"publish","type":"page","link":"https:\/\/sivustot.lentopallo.fi\/lansi-suomi\/kilpailutoiminta\/","title":{"rendered":"Kilpailutoiminta"},"content":{"rendered":"\n<p>Etel\u00e4-Pohjanmaan, Keski-Pohjanmaan ja Keski-Suomen mini-ik\u00e4isten (D-E) ja aikuisten kilpailu- ja sarjatoiminnat ovat   L\u00e4nsi-Suomen aluejaoston alaista toimintaa, jota aluejaosto hallinnoi yhten\u00e4 kokonaisuutena.<\/p>\n\n\n\n<p>Mini-ik\u00e4isten ja aikuisten sarjanhoitajana toimii Kaisu Polso ja kilpailuvastaavana Susanna Kirvesm\u00e4ki.<br>Aikuisten kilpailuryhm\u00e4ss\u00e4 ovat Susannan lis\u00e4ksi Juha Savinainen ja Markku Ylisiurua.<\/p>\n\n\n\n<p>Alueen aikuisten sarjoissa noudatetaan Lentopalloliiton kilpailus\u00e4\u00e4nt\u00f6j\u00e4 ja sarjam\u00e4\u00e4r\u00e4yksi\u00e4, sek\u00e4 erillisi\u00e4, omia <em><a href=\"https:\/\/sivustot.lentopallo.fi\/lansi-suomi\/kilpailutoiminta\/aikuiset\/saannot-ja-sarjamaaraykset\/\">L\u00e4nnen aikuisten sarjam\u00e4\u00e4r\u00e4yksi\u00e4<\/a>.<\/em><\/p>\n\n\n\n<p>Alueen mini-ik\u00e4isten sarjoissa noudatetaan Junnulentiksen sarjam\u00e4\u00e4r\u00e4yksi\u00e4 sek\u00e4 erillisi\u00e4, omia <em><a href=\"https:\/\/sivustot.lentopallo.fi\/lansi-suomi\/kilpailutoiminta\/minit\/sarjainfo\/\">L\u00e4nnen mini-ik\u00e4isten sarjam\u00e4\u00e4r\u00e4yksi\u00e4.<\/a><\/em><\/p>\n\n\n\n<p><em><a href=\"https:\/\/junnulentis.fi\/ikakaudet\/f-juniorit\/\" target=\"_blank\" rel=\"noreferrer noopener\">F-ik\u00e4isten sarjatoiminnasta vastaa ja hoitaa liitto.<\/a><\/em><\/p>\n\n\n\n<p><br><\/p>\n\n\n\n<section id=\"block_ad524a5c7fb7df785dc68053e9bf6d23\" class=\"contact-box\">\n\t\n\n\n\t<div class=\"contact-box-holder related-tm-info\">\n\t\t\t\t\t\t\t\n\t\t\t\t\t<div class=\"col-content\">\n\t\t\t\t\t\t\t\t\t<h3 class=\"contact-box-title\">Lis\u00e4tietoja<\/h3>\n\t\t\t\t\n\t\t\t\t\t\t\t\t\t<h2 class=\"persona-title\">Susanna Kirvesm\u00e4ki<\/h2>\n\t\t\t\t\n\t\t\t\t\t\t\t\t\t<div class=\"persona-role\">L\u00e4nnen puheenjohtaja, kilpailuvastaava<\/div>\n\t\t\t\t\n\t\t\t\t\t\t\t\t\t<div class=\"holder-personal-info\">\n\t\t\t\t\t\t<div class=\"persona-contact\">\n\t\t\t\t\t\t\t\t\t\t\t\t\t\t\t<div class=\"persona-phone\">\n\t\t\t\t\t\t\t\t\t<a href=\"tel:0407603569\">040 760 3569<\/a>\n\t\t\t\t\t\t\t\t<\/div>\n\t\t\t\t\t\t\t\n\t\t\t\t\t\t\t\t\t\t\t\t\t\t\t<div class=\"persona-email\">\n\t\t\t\t\t\t\t\t\t<a href=\"mailto:s&#117;&#115;&#97;nn&#97;.&#107;ir&#118;es&#109;&#97;k&#105;(&#97;&#116;&#41;l&#101;n&#116;opal&#108;&#111;&#108;i&#105;&#116;&#116;o&#46;f&#105;\">su&#115;an&#110;&#97;&#46;k&#105;&#114;ve&#115;&#109;ak&#105;&#40;&#97;&#116;&#41;le&#110;&#116;&#111;&#112;al&#108;oliitto.&#102;&#105;<\/a>\n\t\t\t\t\t\t\t\t<\/div>\n\t\t\t\t\t\t\t\t\t\t\t\t\t<\/div>\n\t\t\t\t\t\t<div class=\"persona-contact-link\">\n\t\t\t\t\t\t\t\t\t\t\t\t\t\t\t<a class=\"btn btn-contact btn btn-read-more\" href=\"tel:0407603569\">Ota yhteytt\u00e4<\/a>\n\t\t\t\t\t\t\t\t\t\t\t\t\t<\/div>\n\t\t\t\t\t<\/div>\n\t\t\t\t\t\t\t<\/div>\n\t\t\t<\/div>\n\n\n\n\n\n<\/section>\n\n\n\n<p><\/p>\n","protected":false},"excerpt":{"rendered":"<p>Etel\u00e4-Pohjanmaan, Keski-Pohjanmaan ja Keski-Suomen mini-ik\u00e4isten (D-E) ja aikuisten kilpailu- ja sarjatoiminnat ovat L\u00e4nsi-Suomen aluejaoston alaista toimintaa, jota aluejaosto hallinnoi yhten\u00e4 kokonaisuutena. Mini-ik\u00e4isten ja aikuisten sarjanhoitajana toimii Kaisu Polso ja kilpailuvastaavana Susanna Kirvesm\u00e4ki.Aikuisten kilpailuryhm\u00e4ss\u00e4 ovat Susannan lis\u00e4ksi Juha Savinainen ja Markku Ylisiurua. Alueen aikuisten sarjoissa noudatetaan Lentopalloliiton kilpailus\u00e4\u00e4nt\u00f6j\u00e4 ja sarjam\u00e4\u00e4r\u00e4yksi\u00e4, sek\u00e4 erillisi\u00e4, omia L\u00e4nnen aikuisten sarjam\u00e4\u00e4r\u00e4yksi\u00e4. [&hellip;]<\/p>\n","protected":false},"author":12,"featured_media":0,"parent":0,"menu_order":0,"comment_status":"closed","ping_status":"closed","template":"pages\/template-kilpailu.php","meta":{"_acf_changed":false,"inline_featured_image":false,"footnotes":""},"class_list":["post-259","page","type-page","status-publish","hentry"],"acf":[],"_links":{"self":[{"href":"https:\/\/sivustot.lentopallo.fi\/lansi-suomi\/wp-json\/wp\/v2\/pages\/259","targetHints":{"allow":["GET"]}}],"collection":[{"href":"https:\/\/sivustot.lentopallo.fi\/lansi-suomi\/wp-json\/wp\/v2\/pages"}],"about":[{"href":"https:\/\/sivustot.lentopallo.fi\/lansi-suomi\/wp-json\/wp\/v2\/types\/page"}],"author":[{"embeddable":true,"href":"https:\/\/sivustot.lentopallo.fi\/lansi-suomi\/wp-json\/wp\/v2\/users\/12"}],"replies":[{"embeddable":true,"href":"https:\/\/sivustot.lentopallo.fi\/lansi-suomi\/wp-json\/wp\/v2\/comments?post=259"}],"version-history":[{"count":20,"href":"https:\/\/sivustot.lentopallo.fi\/lansi-suomi\/wp-json\/wp\/v2\/pages\/259\/revisions"}],"predecessor-version":[{"id":2843,"href":"https:\/\/sivustot.lentopallo.fi\/lansi-suomi\/wp-json\/wp\/v2\/pages\/259\/revisions\/2843"}],"wp:attachment":[{"href":"https:\/\/sivustot.lentopallo.fi\/lansi-suomi\/wp-json\/wp\/v2\/media?parent=259"}],"curies":[{"name":"wp","href":"https:\/\/api.w.org\/{rel}","templated":true}]}}