{"id":2682,"date":"2025-05-05T19:20:33","date_gmt":"2025-05-05T16:20:33","guid":{"rendered":"https:\/\/sivustot.lentopallo.fi\/lansi-suomi\/?page_id=2682"},"modified":"2025-07-22T22:19:09","modified_gmt":"2025-07-22T19:19:09","slug":"lannen-alueleiritykset-kayntiin","status":"publish","type":"page","link":"https:\/\/sivustot.lentopallo.fi\/lansi-suomi\/aluevalmennus\/lannen-alueleiritykset-kayntiin\/","title":{"rendered":"Alueleiritykset k\u00e4yntiin"},"content":{"rendered":"\n<p>4.5 L\u00e4nnen alueella j\u00e4rjestettiin B- ja C-ik\u00e4isille ty\u00f6ille ja pojille avoin leirip\u00e4iv\u00e4.<br>P\u00e4iv\u00e4 koostui kahdesta lajiharjoitteesta ja luennosta, jossa aiheena oli kes\u00e4harjoittelu.<\/p>\n\n\n\n<p><strong>Avoimeen leirip\u00e4iv\u00e4\u00e4n ilmoittautui yhteens\u00e4 245 nuorta joka on todella upea m\u00e4\u00e4r\u00e4!<\/strong><\/p>\n\n\n\n<p>N\u00e4in suuren pelaajam\u00e4\u00e4r\u00e4\u00e4n leiritt\u00e4minen yhden p\u00e4iv\u00e4n aikana on kaikilta osallistujilta kova ponnistus. Mielest\u00e4ni onnistuimme, yll\u00e4tt\u00e4vist\u00e4kin haasteista huolimatta hyvin. P\u00e4iv\u00e4n aikana kentill\u00e4 n\u00e4kyi mielest\u00e4ni se kaikkein t\u00e4rkein asia, liikunnan ja treenaamisen ilo! <br>Vaikka pelaajam\u00e4\u00e4r\u00e4 oli hyvin suuri treenin aikana, pelaajat sopeutuivat hienosti tilanteeseen ja p\u00e4\u00e4stiin harjoittelemaan sit\u00e4 mik\u00e4 kulloinkin oli harjoitteen teemana.<br>P\u00e4iv\u00e4n aikana n\u00e4htiin tuhansia lentopallokosketuksia.<\/p>\n\n\n\n<p><strong><em>L\u00e4nnen alueleiritykset jatkuvat.<\/em><\/strong><br>Pojille j\u00e4rjest\u00e4mme kaksi kes\u00e4treenip\u00e4iv\u00e4\u00e4, ensimm\u00e4inen on jo 18.5. <br>Ilmoittautuminen on aukaistu SuomiSporttiin ja toinen kes\u00e4treenip\u00e4iv\u00e4 pojille j\u00e4rjestet\u00e4\u00e4n 28.6. <br>T\u00e4h\u00e4n leirip\u00e4iv\u00e4\u00e4n ilmoittautuminen aukeaa my\u00f6hemmin.<\/p>\n\n\n\n<p>Seuraava isompi alueleiri on 3.8. valintaleiri, johon osallistuvat tyt\u00f6t ja pojat. Valintaleirille kutsuttavat pelaajat selvi\u00e4v\u00e4t hieman my\u00f6hemmin.<\/p>\n\n\n\n<p><strong>Ja nyt tulee t\u00e4rke\u00e4 asia.<\/strong><br><em><strong>Meid\u00e4n on hyv\u00e4 ymm\u00e4rt\u00e4\u00e4 ett\u00e4 jos nuori urheilijan alku tulee valituksi valintaleirille, tai ei tule valituksi, niin se ei m\u00e4\u00e4rit\u00e4 mitenk\u00e4\u00e4n sit\u00e4 voiko pelaajasta tulla SM-tason, Maajoukkuetaso tai olympiatason urheilijaa. Nuoren urheilijan ominaisuudet kehittyv\u00e4t eri vaiheissa.<\/strong><\/em><\/p>\n\n\n\n<p>Mielest\u00e4ni t\u00e4rkeint\u00e4 on nuoren urheilijan oppia nauttimaan liikunnasta, treenamisesta monipuolisesti ja tuomaan omaan p\u00e4ivitt\u00e4iseen arkeen liikunnallista el\u00e4m\u00e4ntapaa.<br>Tottakai, jos n\u00e4m\u00e4 asiat ovat jo arkeen kuuluneet, niin siin\u00e4 vaiheessa voidaan alkaa harjoittelemaan tavoitteelliseen suuntaan.<\/p>\n\n\n\n<p>Omasta puolestani iso kiitos pelaajien huoltajille, valmentajille ja tietysti pelaajille.<br>Nautitaan kes\u00e4st\u00e4 ja harjoitellaan monipuolisesti, riitt\u00e4v\u00e4n usein mutta muistetaan my\u00f6s lev\u00e4t\u00e4.<br>T\u00e4st\u00e4 on hyv\u00e4 jatkaa!\u00a0<\/p>\n\n\n\n<p>terv<br><em>Henkka<\/em><\/p>\n\n\n\n<p><\/p>\n\n\n\n<section id=\"block_f832326a014a3da2b0d2e1ba55cdb1c3\" class=\"contact-box\">\n\t\n\n\n\t<div class=\"contact-box-holder related-tm-info\">\n\t\t\t\t\t\t\t\n\t\t\t\t\t<div class=\"col-content\">\n\t\t\t\t\t\t\t\t\t<h3 class=\"contact-box-title\">Lis\u00e4tietoja<\/h3>\n\t\t\t\t\n\t\t\t\t\t\t\t\t\t<h2 class=\"persona-title\">Henrik Huumarkangas<\/h2>\n\t\t\t\t\n\t\t\t\t\t\t\t\t\t<div class=\"persona-role\">P\u00e4\u00e4valmentaja<\/div>\n\t\t\t\t\n\t\t\t\t\t\t\t\t\t<div class=\"holder-personal-info\">\n\t\t\t\t\t\t<div class=\"persona-contact\">\n\t\t\t\t\t\t\t\t\t\t\t\t\t\t\t<div class=\"persona-phone\">\n\t\t\t\t\t\t\t\t\t<a href=\"tel:0456306871\">045 630 6871 <\/a>\n\t\t\t\t\t\t\t\t<\/div>\n\t\t\t\t\t\t\t\n\t\t\t\t\t\t\t\t\t\t\t\t\t\t\t<div class=\"persona-email\">\n\t\t\t\t\t\t\t\t\t<a href=\"mailto:&#104;&#117;um&#104;e(a&#116;&#41;g&#109;&#97;i&#108;&#46;&#99;&#111;m \">h&#117;umh&#101;&#40;&#97;&#116;)&#103;m&#97;il.co&#109;&#32;<\/a>\n\t\t\t\t\t\t\t\t<\/div>\n\t\t\t\t\t\t\t\t\t\t\t\t\t<\/div>\n\t\t\t\t\t\t<div class=\"persona-contact-link\">\n\t\t\t\t\t\t\t\t\t\t\t\t\t\t\t<a class=\"btn btn-contact btn btn-read-more\" href=\"tel:0456306871\">Ota yhteytt\u00e4<\/a>\n\t\t\t\t\t\t\t\t\t\t\t\t\t<\/div>\n\t\t\t\t\t<\/div>\n\t\t\t\t\t\t\t<\/div>\n\t\t\t<\/div>\n\n\n\n\n\n<\/section>\n","protected":false},"excerpt":{"rendered":"<p>4.5 L\u00e4nnen alueella j\u00e4rjestettiin B- ja C-ik\u00e4isille ty\u00f6ille ja pojille avoin leirip\u00e4iv\u00e4.P\u00e4iv\u00e4 koostui kahdesta lajiharjoitteesta ja luennosta, jossa aiheena oli kes\u00e4harjoittelu. Avoimeen leirip\u00e4iv\u00e4\u00e4n ilmoittautui yhteens\u00e4 245 nuorta joka on todella upea m\u00e4\u00e4r\u00e4! N\u00e4in suuren pelaajam\u00e4\u00e4r\u00e4\u00e4n leiritt\u00e4minen yhden p\u00e4iv\u00e4n aikana on kaikilta osallistujilta kova ponnistus. Mielest\u00e4ni onnistuimme, yll\u00e4tt\u00e4vist\u00e4kin haasteista huolimatta hyvin. P\u00e4iv\u00e4n aikana kentill\u00e4 n\u00e4kyi mielest\u00e4ni [&hellip;]<\/p>\n","protected":false},"author":12,"featured_media":0,"parent":257,"menu_order":3,"comment_status":"closed","ping_status":"closed","template":"pages\/template-kilpailu.php","meta":{"_acf_changed":false,"inline_featured_image":false,"footnotes":""},"class_list":["post-2682","page","type-page","status-publish","hentry"],"acf":[],"_links":{"self":[{"href":"https:\/\/sivustot.lentopallo.fi\/lansi-suomi\/wp-json\/wp\/v2\/pages\/2682","targetHints":{"allow":["GET"]}}],"collection":[{"href":"https:\/\/sivustot.lentopallo.fi\/lansi-suomi\/wp-json\/wp\/v2\/pages"}],"about":[{"href":"https:\/\/sivustot.lentopallo.fi\/lansi-suomi\/wp-json\/wp\/v2\/types\/page"}],"author":[{"embeddable":true,"href":"https:\/\/sivustot.lentopallo.fi\/lansi-suomi\/wp-json\/wp\/v2\/users\/12"}],"replies":[{"embeddable":true,"href":"https:\/\/sivustot.lentopallo.fi\/lansi-suomi\/wp-json\/wp\/v2\/comments?post=2682"}],"version-history":[{"count":4,"href":"https:\/\/sivustot.lentopallo.fi\/lansi-suomi\/wp-json\/wp\/v2\/pages\/2682\/revisions"}],"predecessor-version":[{"id":2721,"href":"https:\/\/sivustot.lentopallo.fi\/lansi-suomi\/wp-json\/wp\/v2\/pages\/2682\/revisions\/2721"}],"up":[{"embeddable":true,"href":"https:\/\/sivustot.lentopallo.fi\/lansi-suomi\/wp-json\/wp\/v2\/pages\/257"}],"wp:attachment":[{"href":"https:\/\/sivustot.lentopallo.fi\/lansi-suomi\/wp-json\/wp\/v2\/media?parent=2682"}],"curies":[{"name":"wp","href":"https:\/\/api.w.org\/{rel}","templated":true}]}}