{"id":2734,"date":"2025-05-26T12:13:59","date_gmt":"2025-05-26T09:13:59","guid":{"rendered":"https:\/\/sivustot.lentopallo.fi\/lansi-suomi\/?page_id=2734"},"modified":"2025-05-26T17:09:06","modified_gmt":"2025-05-26T14:09:06","slug":"isc-2025","status":"publish","type":"page","link":"https:\/\/sivustot.lentopallo.fi\/lansi-suomi\/keski-suomi\/isc-2025\/","title":{"rendered":"ISC 2025"},"content":{"rendered":"\n<p>Pelattiin Jyv\u00e4skyl\u00e4ss\u00e4, Hipposhallissa ja Monnarilla 9:ll\u00e4 kent\u00e4ll\u00e4. <br>Otteluita riitti joka kent\u00e4ll\u00e4 koko pitk\u00e4ksi p\u00e4iv\u00e4ksi.<\/p>\n\n\n\n<p><strong>Tulospalveluun<\/strong><\/p>\n\n\n\n<figure class=\"wp-block-table is-style-stripes\"><table class=\"has-black-color has-text-color has-link-color has-fixed-layout\"><tbody><tr><td><a href=\"https:\/\/tulospalvelu.lentopallo.fi\/category\/ISC_TE!vb2024isuomi\/tables\" target=\"_blank\" rel=\"noreferrer noopener\"><strong><em>E-tyt\u00f6t<\/em><\/strong><\/a><\/td><td><strong><em><a href=\"https:\/\/tulospalvelu.lentopallo.fi\/category\/ISC_PE!vb2024isuomi\/tables\" target=\"_blank\" rel=\"noreferrer noopener\">E-pojat<\/a><\/em><\/strong><\/td><\/tr><tr><td><a href=\"https:\/\/tulospalvelu.lentopallo.fi\/category\/ISC_TD!vb2024isuomi\/tables\" target=\"_blank\" rel=\"noreferrer noopener\"><strong><em>D-tyt\u00f6t<\/em><\/strong><\/a><\/td><td><a href=\"https:\/\/tulospalvelu.lentopallo.fi\/category\/ISC_PD!vb2024isuomi\/tables\" target=\"_blank\" rel=\"noreferrer noopener\"><strong><em>D-pojat<\/em><\/strong><\/a><\/td><\/tr><tr><td><strong><em><a href=\"https:\/\/tulospalvelu.lentopallo.fi\/category\/ISC_TC!vb2024isuomi\/tables\" target=\"_blank\" rel=\"noreferrer noopener\">C-tyt\u00f6t<\/a><\/em><\/strong><\/td><td><a href=\"https:\/\/tulospalvelu.lentopallo.fi\/category\/ISC_PC!vb2024isuomi\/group\/1\" target=\"_blank\" rel=\"noreferrer noopener\"><em><strong>C-pojat<\/strong><\/em><\/a><\/td><\/tr><\/tbody><\/table><\/figure>\n\n\n\n<p><\/p>\n\n\n\n<p><\/p>\n\n\n\n<p><\/p>\n\n\n\n<p><\/p>\n\n\n\n<p><\/p>\n\n\n\n<p><\/p>\n\n\n\n<p><\/p>\n","protected":false},"excerpt":{"rendered":"<p>Pelattiin Jyv\u00e4skyl\u00e4ss\u00e4, Hipposhallissa ja Monnarilla 9:ll\u00e4 kent\u00e4ll\u00e4. Otteluita riitti joka kent\u00e4ll\u00e4 koko pitk\u00e4ksi p\u00e4iv\u00e4ksi. Tulospalveluun E-tyt\u00f6t E-pojat D-tyt\u00f6t D-pojat C-tyt\u00f6t C-pojat<\/p>\n","protected":false},"author":12,"featured_media":0,"parent":898,"menu_order":1,"comment_status":"closed","ping_status":"closed","template":"pages\/template-kilpailu.php","meta":{"_acf_changed":false,"inline_featured_image":false,"footnotes":""},"class_list":["post-2734","page","type-page","status-publish","hentry"],"acf":[],"_links":{"self":[{"href":"https:\/\/sivustot.lentopallo.fi\/lansi-suomi\/wp-json\/wp\/v2\/pages\/2734","targetHints":{"allow":["GET"]}}],"collection":[{"href":"https:\/\/sivustot.lentopallo.fi\/lansi-suomi\/wp-json\/wp\/v2\/pages"}],"about":[{"href":"https:\/\/sivustot.lentopallo.fi\/lansi-suomi\/wp-json\/wp\/v2\/types\/page"}],"author":[{"embeddable":true,"href":"https:\/\/sivustot.lentopallo.fi\/lansi-suomi\/wp-json\/wp\/v2\/users\/12"}],"replies":[{"embeddable":true,"href":"https:\/\/sivustot.lentopallo.fi\/lansi-suomi\/wp-json\/wp\/v2\/comments?post=2734"}],"version-history":[{"count":4,"href":"https:\/\/sivustot.lentopallo.fi\/lansi-suomi\/wp-json\/wp\/v2\/pages\/2734\/revisions"}],"predecessor-version":[{"id":2740,"href":"https:\/\/sivustot.lentopallo.fi\/lansi-suomi\/wp-json\/wp\/v2\/pages\/2734\/revisions\/2740"}],"up":[{"embeddable":true,"href":"https:\/\/sivustot.lentopallo.fi\/lansi-suomi\/wp-json\/wp\/v2\/pages\/898"}],"wp:attachment":[{"href":"https:\/\/sivustot.lentopallo.fi\/lansi-suomi\/wp-json\/wp\/v2\/media?parent=2734"}],"curies":[{"name":"wp","href":"https:\/\/api.w.org\/{rel}","templated":true}]}}