{"id":276,"date":"2023-05-23T10:51:02","date_gmt":"2023-05-23T10:51:02","guid":{"rendered":"https:\/\/sivustot.lentopallo.fi\/lansi-suomi\/?page_id=276"},"modified":"2024-02-16T18:51:36","modified_gmt":"2024-02-16T16:51:36","slug":"minit","status":"publish","type":"page","link":"https:\/\/sivustot.lentopallo.fi\/lansi-suomi\/kilpailutoiminta\/minit\/","title":{"rendered":"Mini-ik\u00e4iset"},"content":{"rendered":"\n<p>Etel\u00e4-Pohjanmaan, Keski-Pohjanmaan ja Keski-Suomen nuorten sarjatoiminta on yksi kokonaisuus L\u00e4nsi-Suomen aluejaoston alaisuudessa.<br>Mini-ik\u00e4isten (D-E) sarjanhoito on lentopalloliiton alaisuudessa, sarjanhoitajana\u00a0toimii Kaisu Polso.<br>L\u00e4nsi-Suomen aluejaosto hallinnoi koko alueen toimintaa yhten\u00e4 kokonaisuutena.<br>Alueen kilpailuvastaavana toimii Susanna Kirvesm\u00e4ki.<\/p>\n\n\n\n<p>Alueella noudatetaan Liiton kilpailus\u00e4\u00e4nt\u00f6j\u00e4 ja sarjam\u00e4\u00e4r\u00e4yksi\u00e4 sek\u00e4 alueen omia sarjam\u00e4\u00e4r\u00e4yspoikkeuksia kaikissa alueen sarjoissa.<\/p>\n","protected":false},"excerpt":{"rendered":"<p>Etel\u00e4-Pohjanmaan, Keski-Pohjanmaan ja Keski-Suomen nuorten sarjatoiminta on yksi kokonaisuus L\u00e4nsi-Suomen aluejaoston alaisuudessa.Mini-ik\u00e4isten (D-E) sarjanhoito on lentopalloliiton alaisuudessa, sarjanhoitajana\u00a0toimii Kaisu Polso.L\u00e4nsi-Suomen aluejaosto hallinnoi koko alueen toimintaa yhten\u00e4 kokonaisuutena.Alueen kilpailuvastaavana toimii Susanna Kirvesm\u00e4ki. Alueella noudatetaan Liiton kilpailus\u00e4\u00e4nt\u00f6j\u00e4 ja sarjam\u00e4\u00e4r\u00e4yksi\u00e4 sek\u00e4 alueen omia sarjam\u00e4\u00e4r\u00e4yspoikkeuksia kaikissa alueen sarjoissa.<\/p>\n","protected":false},"author":4,"featured_media":0,"parent":259,"menu_order":0,"comment_status":"closed","ping_status":"closed","template":"pages\/template-kilpailu.php","meta":{"_acf_changed":false,"inline_featured_image":false,"footnotes":""},"class_list":["post-276","page","type-page","status-publish","hentry"],"acf":[],"_links":{"self":[{"href":"https:\/\/sivustot.lentopallo.fi\/lansi-suomi\/wp-json\/wp\/v2\/pages\/276","targetHints":{"allow":["GET"]}}],"collection":[{"href":"https:\/\/sivustot.lentopallo.fi\/lansi-suomi\/wp-json\/wp\/v2\/pages"}],"about":[{"href":"https:\/\/sivustot.lentopallo.fi\/lansi-suomi\/wp-json\/wp\/v2\/types\/page"}],"author":[{"embeddable":true,"href":"https:\/\/sivustot.lentopallo.fi\/lansi-suomi\/wp-json\/wp\/v2\/users\/4"}],"replies":[{"embeddable":true,"href":"https:\/\/sivustot.lentopallo.fi\/lansi-suomi\/wp-json\/wp\/v2\/comments?post=276"}],"version-history":[{"count":5,"href":"https:\/\/sivustot.lentopallo.fi\/lansi-suomi\/wp-json\/wp\/v2\/pages\/276\/revisions"}],"predecessor-version":[{"id":1139,"href":"https:\/\/sivustot.lentopallo.fi\/lansi-suomi\/wp-json\/wp\/v2\/pages\/276\/revisions\/1139"}],"up":[{"embeddable":true,"href":"https:\/\/sivustot.lentopallo.fi\/lansi-suomi\/wp-json\/wp\/v2\/pages\/259"}],"wp:attachment":[{"href":"https:\/\/sivustot.lentopallo.fi\/lansi-suomi\/wp-json\/wp\/v2\/media?parent=276"}],"curies":[{"name":"wp","href":"https:\/\/api.w.org\/{rel}","templated":true}]}}