{"id":2770,"date":"2025-06-16T13:04:19","date_gmt":"2025-06-16T10:04:19","guid":{"rendered":"https:\/\/sivustot.lentopallo.fi\/lansi-suomi\/?page_id=2770"},"modified":"2025-06-16T14:05:31","modified_gmt":"2025-06-16T11:05:31","slug":"beach-volley-2025","status":"publish","type":"page","link":"https:\/\/sivustot.lentopallo.fi\/lansi-suomi\/beach-volley-2025\/","title":{"rendered":"Beach volley 2025"},"content":{"rendered":"\n<p>Kes\u00e4n 2025 toimintaa L\u00e4nnen alueella<br><br><\/p>\n\n\n\n<h3 class=\"wp-block-heading\"><strong>NURMO<\/strong><\/h3>\n\n\n\n<p><a href=\"https:\/\/www.facebook.com\/groups\/1361375640607634\/?locale=fi_FI\" target=\"_blank\" rel=\"noreferrer noopener\"><em>https:\/\/www.facebook.com\/groups\/1361375640607634\/?locale=fi_FI<\/em><\/a><\/p>\n\n\n\n<p><a href=\"https:\/\/www.seinajoki.fi\/kulttuuri-ja-liikunta\/liikunta\/liikunta-ja-ulkoilupaikat\/kentat\/lentopallokentat\/\" target=\"_blank\" rel=\"noreferrer noopener\"><em>https:\/\/www.seinajoki.fi\/kulttuuri-ja-liikunta\/liikunta\/liikunta-ja-ulkoilupaikat\/kentat\/lentopallokentat\/<\/em><\/a><\/p>\n\n\n\n<p>C- ja B-ik\u00e4isille tiistaibiitsit. <br>Aloitus 11.6.2025 &gt; loppuu vko 33<br><br>Nurmovolley j\u00e4rjest\u00e4\u00e4 aikuisten keskarit keskiviikkoisin. <br>Aloitus 11.6.2025 &gt; loppuu vko 33<\/p>\n\n\n\n<p><strong>Yhteyshenkil\u00f6 Ari Hautala 040 6836670<\/strong><\/p>\n\n\n\n<p><br><\/p>\n\n\n\n<hr class=\"wp-block-separator has-alpha-channel-opacity\" \/>\n\n\n\n<h3 class=\"wp-block-heading\"><br><strong>VAASA<\/strong><\/h3>\n\n\n\n<p><a href=\"https:\/\/beachvolley.torneopal.fi\/taso\/ilmoittautuneet.php?sarja=NC2\" target=\"_blank\" rel=\"noreferrer noopener\"><em>https:\/\/beachvolley.torneopal.fi\/taso\/ilmoittautuneet.php?sarja=NC2<\/em><\/a><\/p>\n\n\n\n<p>T14 tyt\u00f6t ja pojat 11.7 SM<br>T16 tyt\u00f6t ja pojat 12.7 SM<br>T18 tyt\u00f6t ja pojat 13.7 SM<br><br>Viikkokisat eli keskarit alkaa 28.5 <a href=\"https:\/\/www.vaasabeachclub.fi\/keskarit\/\" target=\"_blank\" rel=\"noreferrer noopener\"><em>Keskarit :: Vaasa Beach Club<\/em><\/a><br>Biitsitreenit by Viljamaa 9.6 <a href=\"https:\/\/www.vaasabeachclub.fi\/biitsitreeni-by-viljamaa\/\" target=\"_blank\" rel=\"noreferrer noopener\"><em>BiitsiTreeni by Viljamaa :: Vaasa Beach Club<\/em><\/a><br>Kes\u00e4sarja (4vs4) 01.07.-07.08.2025&nbsp; <a href=\"https:\/\/www.vaasabeachclub.fi\/kesasarja\/\" target=\"_blank\" rel=\"noreferrer noopener\"><em>Kes\u00e4sarja :: Vaasa Beach Club<\/em><\/a><\/p>\n\n\n\n<p>N\u00e4ist\u00e4 kaikista tulee lis\u00e4infoa Vaasa beach club nettisivulle l\u00e4hiaikoina <a href=\"http:\/\/www.vaasabeachclub.fi\" target=\"_blank\" rel=\"noreferrer noopener\"><em>www.vaasabeachclub.fi<\/em><\/a><\/p>\n\n\n\n<p><strong>Yhteyshenkil\u00f6 Jarmo Viljamaa 050 3358731<\/strong><br><br><\/p>\n\n\n\n<hr class=\"wp-block-separator has-alpha-channel-opacity\" \/>\n\n\n\n<p><br><\/p>\n\n\n\n<h3 class=\"wp-block-heading\"><strong>KAUHAJOKI<\/strong><\/h3>\n\n\n\n<p>Beachvolley harjoitukset \/ pelailut ti \/ to klo 17-20 aloitus 10.6.2025 &gt; loppuu vko 32\/33 koulujen alkuun.<\/p>\n\n\n\n<p><a href=\"https:\/\/beachvolley.torneopal.fi\/taso\/ilmoittautuneet.php?sarja=NC2\" target=\"_blank\" rel=\"noreferrer noopener\"><em>https:\/\/beachvolley.torneopal.fi\/taso\/ilmoittautuneet.php?sarja=NC2<\/em><\/a><\/p>\n\n\n\n<p>T14 tyt\u00f6t ja pojat 30.7 SM<br>T16 tyt\u00f6t 31.7 SM<br>T16 pojat 1.8 SM<br>T18 tyt\u00f6t 1.8 SM<br>JNCT NAISET JA MIEHET 2.8<br><strong>Aluemestaruus T12 \u2013 T18 tyt\u00f6t ja pojat 3.8<\/strong><br><br><strong>Yhteyshenkil\u00f6 Jarkko Hautala 040 7458445<\/strong><br><br><\/p>\n\n\n\n<hr class=\"wp-block-separator has-alpha-channel-opacity\" \/>\n\n\n\n<h3 class=\"wp-block-heading\"><br><strong>JYV\u00c4SKYL\u00c4<\/strong><\/h3>\n\n\n\n<p><a href=\"https:\/\/www.jyvaslentis.fi\/uutiset\/4722\/beach-volley-huumaa-tuomiojarvella-kesalla-2025-vapaa-paasy\" target=\"_blank\" rel=\"noreferrer noopener\"><em>https:\/\/www.jyvaslentis.fi\/uutiset\/4722\/beach-volley-huumaa-tuomiojarvella-kesalla-2025-vapaa-paasy<\/em><\/a><\/p>\n\n\n\n<p><a href=\"https:\/\/www.jyvaskyla.fi\/liikunta\/liikuntapaikat\/ulkoliikuntapaikat\/beachvolley\" target=\"_blank\" rel=\"noreferrer noopener\"><em>https:\/\/www.jyvaskyla.fi\/liikunta\/liikuntapaikat\/ulkoliikuntapaikat\/beachvolley<\/em><\/a><\/p>\n\n\n\n<p>T14 tyt\u00f6t ja pojat 2.7 SM<br>T16 tyt\u00f6t ja pojat 1.7 SM<br>T18 tyt\u00f6t ja pojat 30.6 SM<br>JNBT NAISET 29.6<br>JNBT MIEHET 28.6<\/p>\n\n\n\n<p><a href=\"https:\/\/beachvolley.torneopal.fi\/taso\/sarja.php?sarja=NA13\"><em>https:\/\/beachvolley.torneopal.fi\/taso\/sarja.php?sarja=NA13<\/em><\/a><\/p>\n\n\n\n<p>Miehet<a href=\"https:\/\/beachvolley.torneopal.fi\/taso\/sarja.php?sarja=MA13\" target=\"_blank\" rel=\"noreferrer noopener\"><em> https:\/\/beachvolley.torneopal.fi\/taso\/sarja.php?sarja=MA13<\/em><\/a><\/p>\n\n\n\n<p>Naiset <em><a href=\"https:\/\/beachvolley.torneopal.fi\/taso\/sarja.php?sarja=NA13\" target=\"_blank\" rel=\"noreferrer noopener\">https:\/\/beachvolley.torneopal.fi\/taso\/sarja.php?sarja=NA13<\/a><\/em><\/p>\n\n\n\n<p><strong>Turnausvastaava:<br>Juha Tenhunen<br>juha.tenhunen@wellpro.fi<br>050 5345075<\/strong><br><br><\/p>\n\n\n\n<hr class=\"wp-block-separator has-alpha-channel-opacity\" \/>\n\n\n\n<h3 class=\"wp-block-heading\"><br><strong>KALAJOKI <\/strong><\/h3>\n\n\n\n<p>(Ylivieskan Kuula ry \/ lentopallojaosto)<\/p>\n\n\n\n<p><a href=\"https:\/\/beachvolley.torneopal.fi\/taso\/ilmoittautuneet.php?sarja=NC2\" target=\"_blank\" rel=\"noreferrer noopener\"><em>https:\/\/beachvolley.torneopal.fi\/taso\/ilmoittautuneet.php?sarja=NC2<\/em><\/a><\/p>\n\n\n\n<p>T14 tyt\u00f6t ja pojat 8.7 SM<br>T16 tyt\u00f6t ja pojat 9.7 SM<br>T18 tyt\u00f6t ja pojat 10.7 SM<br>JNCT NAISET JA MIEHET 11.7<br>JNBT NAISET JA MIEHET 12.7<br>NAISET JA MIEHET 11.-13.7<\/p>\n\n\n\n<p><strong>Turnausvastaava:<br>Teemu Sorvoja<br>044 3831077<br>teemu.sorvoja@gmail.com<\/strong><br><br><\/p>\n\n\n\n<hr class=\"wp-block-separator has-alpha-channel-opacity\" \/>\n\n\n\n<p><br><\/p>\n\n\n\n<h3 class=\"wp-block-heading\"><strong>KOKKOLA<\/strong><\/h3>\n\n\n\n<p><em><a href=\"https:\/\/www.facebook.com\/kokkolabeachvolley\" target=\"_blank\" rel=\"noreferrer noopener\">https:\/\/www.facebook.com\/kokkolabeachvolley<\/a><\/em><\/p>\n\n\n\n<p><img loading=\"lazy\" decoding=\"async\" width=\"16\" height=\"16\" src=\"https:\/\/sivustot.lentopallo.fi\/be962ae9-160a-446b-a21e-a66f6a458444\" alt=\"\ud83d\udd38\">AVOIMET TREENIT <img loading=\"lazy\" decoding=\"async\" width=\"16\" height=\"16\" src=\"https:\/\/sivustot.lentopallo.fi\/63a824f8-dfcc-45f6-b283-a7a6016a9347\" alt=\"\ud83d\udd38\"><\/p>\n\n\n\n<p>Toukokuu vaihtui kes\u00e4kuuhun, mik\u00e4 tarkoittaa sit\u00e4, ett\u00e4 kes\u00e4 vihdoin virallisesti alkaa! <br>T\u00e4m\u00e4 tarkoittaa tietysti sit\u00e4, ett\u00e4 kes\u00e4n ekat seuran j\u00e4senille suunnatut j\u00e4sentreenit siint\u00e4\u00e4 jo n\u00e4k\u00f6piiriss\u00e4! <img loading=\"lazy\" decoding=\"async\" width=\"16\" height=\"16\" src=\"https:\/\/sivustot.lentopallo.fi\/c8c9cb50-db9d-4ed6-9a77-3dbbe5d82cf5\" alt=\"\u2600\ufe0f\"><\/p>\n\n\n\n<p>Maanantaina tarjolla on treeni\u00e4 ja vinkkej\u00e4 sy\u00f6tt\u00f6\u00f6n ja vastaanottoon!<\/p>\n\n\n\n<p>Mit\u00e4 sinun pit\u00e4\u00e4 tehd\u00e4?<\/p>\n\n\n\n<p><img loading=\"lazy\" decoding=\"async\" width=\"16\" height=\"16\" src=\"https:\/\/sivustot.lentopallo.fi\/79a41b22-9a7b-4c39-a72c-1f496950b596\" alt=\"\u2705\">Varmista, ett\u00e4 j\u00e4senmaksu on maksettu<\/p>\n\n\n\n<p><img loading=\"lazy\" decoding=\"async\" width=\"16\" height=\"16\" src=\"https:\/\/sivustot.lentopallo.fi\/69f4d4bb-a6d5-4aa1-b34f-da1752505a9e\" alt=\"\u2705\">Laita kalenteriin treenip\u00e4iv\u00e4t&nbsp; 7.7 ja 4.8<\/p>\n\n\n\n<p><img loading=\"lazy\" decoding=\"async\" width=\"16\" height=\"16\" src=\"https:\/\/sivustot.lentopallo.fi\/a19491c7-2566-45b7-96e2-5304c7558632\" alt=\"\u2705\">Pakkaa treenikassiin juomapullo, aurinkorasva ja hyv\u00e4\u00e4 mielt\u00e4<\/p>\n\n\n\n<p><img loading=\"lazy\" decoding=\"async\" width=\"16\" height=\"16\" src=\"https:\/\/sivustot.lentopallo.fi\/84c7e149-19f5-4943-aa0b-762ae329ec58\" alt=\"\u2705\">Tule biitsikentille viimeist\u00e4\u00e4n klo 18.00 (jos kehosi vaatii pidemp\u00e4\u00e4 l\u00e4mmittelyaikaa, niin tule hieman aikaisemmin <img loading=\"lazy\" decoding=\"async\" width=\"16\" height=\"16\" src=\"https:\/\/sivustot.lentopallo.fi\/e111f8d3-41e8-4535-ba1b-0f21d8754a52\" alt=\"\ud83d\ude06\">)<\/p>\n\n\n\n<p><\/p>\n\n\n\n<p><strong>Yhteyshenkil\u00f6 Seija Malkam\u00e4ki 040&nbsp;572 5030<\/strong><br><br><\/p>\n\n\n\n<hr class=\"wp-block-separator has-alpha-channel-opacity\" \/>\n\n\n\n<p><br><\/p>\n\n\n\n<section id=\"block_f067d506ebc802958f5ae5e47d65f43d\" class=\"contact-box\">\n\t\n\n\n\t<div class=\"contact-box-holder related-tm-info\">\n\t\t\t\t\t\t\t\n\t\t\t\t\t<div class=\"col-content\">\n\t\t\t\t\t\t\t\t\t<h3 class=\"contact-box-title\">Lis\u00e4tietoja<\/h3>\n\t\t\t\t\n\t\t\t\t\t\t\t\t\t<h2 class=\"persona-title\">Jarkko Hautala<\/h2>\n\t\t\t\t\n\t\t\t\t\t\t\t\t\t<div class=\"persona-role\">Beach-kehitt\u00e4j\u00e4<\/div>\n\t\t\t\t\n\t\t\t\t\t\t\t\t\t<div class=\"holder-personal-info\">\n\t\t\t\t\t\t<div class=\"persona-contact\">\n\t\t\t\t\t\t\t\t\t\t\t\t\t\t\t<div class=\"persona-phone\">\n\t\t\t\t\t\t\t\t\t<a href=\"tel:0407458445\">040 745 8445<\/a>\n\t\t\t\t\t\t\t\t<\/div>\n\t\t\t\t\t\t\t\n\t\t\t\t\t\t\t\t\t\t\t\t\t\t\t<div class=\"persona-email\">\n\t\t\t\t\t\t\t\t\t<a href=\"mailto:j&#97;rkko&#46;ha&#117;ta&#108;&#97;&#40;at)&#112;p4.&#105;&#110;e&#116;&#46;&#102;&#105;\">ja&#114;&#107;ko&#46;&#104;a&#117;&#116;&#97;&#108;a(at&#41;p&#112;&#52;.i&#110;&#101;&#116;&#46;fi<\/a>\n\t\t\t\t\t\t\t\t<\/div>\n\t\t\t\t\t\t\t\t\t\t\t\t\t<\/div>\n\t\t\t\t\t\t<div class=\"persona-contact-link\">\n\t\t\t\t\t\t\t\t\t\t\t\t\t\t\t<a class=\"btn btn-contact btn btn-read-more\" href=\"tel:0407458445\">Ota yhteytt\u00e4<\/a>\n\t\t\t\t\t\t\t\t\t\t\t\t\t<\/div>\n\t\t\t\t\t<\/div>\n\t\t\t\t\t\t\t<\/div>\n\t\t\t<\/div>\n\n\n\n\n\n<\/section>\n\n\n\n<p><br><\/p>\n","protected":false},"excerpt":{"rendered":"<p>Kes\u00e4n 2025 toimintaa L\u00e4nnen alueella NURMO https:\/\/www.facebook.com\/groups\/1361375640607634\/?locale=fi_FI https:\/\/www.seinajoki.fi\/kulttuuri-ja-liikunta\/liikunta\/liikunta-ja-ulkoilupaikat\/kentat\/lentopallokentat\/ C- ja B-ik\u00e4isille tiistaibiitsit. Aloitus 11.6.2025 &gt; loppuu vko 33 Nurmovolley j\u00e4rjest\u00e4\u00e4 aikuisten keskarit keskiviikkoisin. Aloitus 11.6.2025 &gt; loppuu vko 33 Yhteyshenkil\u00f6 Ari Hautala 040 6836670 VAASA https:\/\/beachvolley.torneopal.fi\/taso\/ilmoittautuneet.php?sarja=NC2 T14 tyt\u00f6t ja pojat 11.7 SMT16 tyt\u00f6t ja pojat 12.7 SMT18 tyt\u00f6t ja pojat 13.7 SM Viikkokisat eli keskarit [&hellip;]<\/p>\n","protected":false},"author":12,"featured_media":2783,"parent":0,"menu_order":0,"comment_status":"closed","ping_status":"closed","template":"pages\/template-kilpailu.php","meta":{"_acf_changed":false,"inline_featured_image":false,"footnotes":""},"class_list":["post-2770","page","type-page","status-publish","has-post-thumbnail","hentry"],"acf":[],"_links":{"self":[{"href":"https:\/\/sivustot.lentopallo.fi\/lansi-suomi\/wp-json\/wp\/v2\/pages\/2770","targetHints":{"allow":["GET"]}}],"collection":[{"href":"https:\/\/sivustot.lentopallo.fi\/lansi-suomi\/wp-json\/wp\/v2\/pages"}],"about":[{"href":"https:\/\/sivustot.lentopallo.fi\/lansi-suomi\/wp-json\/wp\/v2\/types\/page"}],"author":[{"embeddable":true,"href":"https:\/\/sivustot.lentopallo.fi\/lansi-suomi\/wp-json\/wp\/v2\/users\/12"}],"replies":[{"embeddable":true,"href":"https:\/\/sivustot.lentopallo.fi\/lansi-suomi\/wp-json\/wp\/v2\/comments?post=2770"}],"version-history":[{"count":12,"href":"https:\/\/sivustot.lentopallo.fi\/lansi-suomi\/wp-json\/wp\/v2\/pages\/2770\/revisions"}],"predecessor-version":[{"id":2789,"href":"https:\/\/sivustot.lentopallo.fi\/lansi-suomi\/wp-json\/wp\/v2\/pages\/2770\/revisions\/2789"}],"wp:featuredmedia":[{"embeddable":true,"href":"https:\/\/sivustot.lentopallo.fi\/lansi-suomi\/wp-json\/wp\/v2\/media\/2783"}],"wp:attachment":[{"href":"https:\/\/sivustot.lentopallo.fi\/lansi-suomi\/wp-json\/wp\/v2\/media?parent=2770"}],"curies":[{"name":"wp","href":"https:\/\/api.w.org\/{rel}","templated":true}]}}