{"id":278,"date":"2023-05-23T10:56:30","date_gmt":"2023-05-23T10:56:30","guid":{"rendered":"https:\/\/sivustot.lentopallo.fi\/lansi-suomi\/?page_id=278"},"modified":"2025-08-28T20:19:02","modified_gmt":"2025-08-28T17:19:02","slug":"aikuiset","status":"publish","type":"page","link":"https:\/\/sivustot.lentopallo.fi\/lansi-suomi\/kilpailutoiminta\/aikuiset\/","title":{"rendered":"Aikuiset"},"content":{"rendered":"\n<p>Etel\u00e4-Pohjanmaan, Keski-Pohjanmaan ja Keski-Suomen sarjatoiminta on yksi kokonaisuus L\u00e4nsi-Suomen aluejaoston alaisuudessa.<\/p>\n\n\n\n<p>Joukkuem\u00e4\u00e4rist\u00e4 riippuen, kaikissa sarjoissa runkosarjat pyrit\u00e4\u00e4n luomaan ja pelaamaan maakunnallisina alkulohkointa.<\/p>\n\n\n\n<p>Sarjanhoitajana toimii Kaisu Polso, kilpailuvastaavana toimii Susanna Kirvesm\u00e4ki ja Susannan lis\u00e4ksi kilpailuryhm\u00e4\u00e4n kuuluvat Juha Savinainen ja Markku Ylisiurua.<\/p>\n\n\n\n<p>Alueen aikuisten sarjoissa noudatetaan Lentopalloliiton kilpailus\u00e4\u00e4nt\u00f6j\u00e4 ja sarjam\u00e4\u00e4r\u00e4yksi\u00e4, sek\u00e4 erillisi\u00e4, omia <em><a href=\"https:\/\/sivustot.lentopallo.fi\/lansi-suomi\/kilpailutoiminta\/aikuiset\/saannot-ja-sarjamaaraykset\/\">L\u00e4nnen aikuisten sarjam\u00e4\u00e4r\u00e4yksi\u00e4<\/a>.<\/em><\/p>\n","protected":false},"excerpt":{"rendered":"<p>Etel\u00e4-Pohjanmaan, Keski-Pohjanmaan ja Keski-Suomen sarjatoiminta on yksi kokonaisuus L\u00e4nsi-Suomen aluejaoston alaisuudessa. Joukkuem\u00e4\u00e4rist\u00e4 riippuen, kaikissa sarjoissa runkosarjat pyrit\u00e4\u00e4n luomaan ja pelaamaan maakunnallisina alkulohkointa. Sarjanhoitajana toimii Kaisu Polso, kilpailuvastaavana toimii Susanna Kirvesm\u00e4ki ja Susannan lis\u00e4ksi kilpailuryhm\u00e4\u00e4n kuuluvat Juha Savinainen ja Markku Ylisiurua. Alueen aikuisten sarjoissa noudatetaan Lentopalloliiton kilpailus\u00e4\u00e4nt\u00f6j\u00e4 ja sarjam\u00e4\u00e4r\u00e4yksi\u00e4, sek\u00e4 erillisi\u00e4, omia L\u00e4nnen aikuisten sarjam\u00e4\u00e4r\u00e4yksi\u00e4.<\/p>\n","protected":false},"author":12,"featured_media":0,"parent":259,"menu_order":0,"comment_status":"closed","ping_status":"closed","template":"pages\/template-kilpailu.php","meta":{"_acf_changed":false,"inline_featured_image":false,"footnotes":""},"class_list":["post-278","page","type-page","status-publish","hentry"],"acf":[],"_links":{"self":[{"href":"https:\/\/sivustot.lentopallo.fi\/lansi-suomi\/wp-json\/wp\/v2\/pages\/278","targetHints":{"allow":["GET"]}}],"collection":[{"href":"https:\/\/sivustot.lentopallo.fi\/lansi-suomi\/wp-json\/wp\/v2\/pages"}],"about":[{"href":"https:\/\/sivustot.lentopallo.fi\/lansi-suomi\/wp-json\/wp\/v2\/types\/page"}],"author":[{"embeddable":true,"href":"https:\/\/sivustot.lentopallo.fi\/lansi-suomi\/wp-json\/wp\/v2\/users\/12"}],"replies":[{"embeddable":true,"href":"https:\/\/sivustot.lentopallo.fi\/lansi-suomi\/wp-json\/wp\/v2\/comments?post=278"}],"version-history":[{"count":10,"href":"https:\/\/sivustot.lentopallo.fi\/lansi-suomi\/wp-json\/wp\/v2\/pages\/278\/revisions"}],"predecessor-version":[{"id":3230,"href":"https:\/\/sivustot.lentopallo.fi\/lansi-suomi\/wp-json\/wp\/v2\/pages\/278\/revisions\/3230"}],"up":[{"embeddable":true,"href":"https:\/\/sivustot.lentopallo.fi\/lansi-suomi\/wp-json\/wp\/v2\/pages\/259"}],"wp:attachment":[{"href":"https:\/\/sivustot.lentopallo.fi\/lansi-suomi\/wp-json\/wp\/v2\/media?parent=278"}],"curies":[{"name":"wp","href":"https:\/\/api.w.org\/{rel}","templated":true}]}}