{"id":2791,"date":"2025-07-04T13:07:18","date_gmt":"2025-07-04T10:07:18","guid":{"rendered":"https:\/\/sivustot.lentopallo.fi\/lansi-suomi\/?page_id=2791"},"modified":"2025-07-22T22:19:44","modified_gmt":"2025-07-22T19:19:44","slug":"b-c-valintaleirit","status":"publish","type":"page","link":"https:\/\/sivustot.lentopallo.fi\/lansi-suomi\/aluevalmennus\/b-c-valintaleirit\/","title":{"rendered":"B-C, Valintaleirit 3.8."},"content":{"rendered":"\n<p>L\u00e4nnen tytt\u00f6jen ja poikien ensimm\u00e4inen valintap\u00e4iv\u00e4 pidet\u00e4\u00e4n Kuortaneella 3.8.2025.<\/p>\n\n\n\n<p>L\u00e4nnen alueleirill\u00e4 on t\u00e4n\u00e4 vuonna treenannut oikein mukava m\u00e4\u00e4r\u00e4 nuoria lentopalloilijoita. <br>Nyt siirryt\u00e4\u00e4n leirityksiss\u00e4 ensimm\u00e4iseen valintap\u00e4iv\u00e4\u00e4n.<\/p>\n\n\n\n<p>P\u00e4iv\u00e4n tarkoituksena on tietysti taata pelaajille kaksi laadukasta lajiharjoitusta.<br>Harjoitusten teemana on vastaanotto-hy\u00f6kk\u00e4ys.<\/p>\n\n\n\n<p><strong>Tyt\u00f6t, 3.8.2025 valintap\u00e4iv\u00e4lle on kutsuttu pelaajat 4.5.2025 leirin perusteella, sek\u00e4 my\u00f6s ne pelaajat, jotka eiv\u00e4t p\u00e4\u00e4sseet avoimeen leirip\u00e4iv\u00e4\u00e4n, saavat nyt mahdollisuutensa.<\/strong><\/p>\n\n\n\n<p><\/p>\n\n\n\n<div class=\"wp-block-buttons is-layout-flex wp-block-buttons-is-layout-flex\">\n<div class=\"wp-block-button has-custom-width wp-block-button__width-100 is-style-outline is-style-outline--1\"><a class=\"wp-block-button__link has-pale-pink-background-color has-background wp-element-button\" href=\"https:\/\/www.suomisport.fi\/events\/b057ac5f-3adc-4378-af39-ea14038e1677\" target=\"_blank\" rel=\"noreferrer noopener\"><em><strong>B-C tyt\u00f6t, infoa, ohjelma ja ilmoittautuminen<\/strong><\/em><\/a><\/div>\n<\/div>\n\n\n\n<p><\/p>\n\n\n\n<p><strong>Pojat, 3.8.2025 valintap\u00e4iv\u00e4lle ovat kaikki halukkaat tervetulleita.\u00a0<\/strong><\/p>\n\n\n\n<p><\/p>\n\n\n\n<div class=\"wp-block-buttons is-layout-flex wp-block-buttons-is-layout-flex\">\n<div class=\"wp-block-button has-custom-width wp-block-button__width-100 is-style-outline is-style-outline--2\"><a class=\"wp-block-button__link has-pale-cyan-blue-background-color has-background wp-element-button\" href=\"https:\/\/www.suomisport.fi\/events\/2427ef35-2b54-42b7-94bd-323a20caebb4\" target=\"_blank\" rel=\"noreferrer noopener\"><em><strong>B-C pojat, infoa, ohjelma ja ilmoittautuminen<\/strong><\/em><\/a><\/div>\n<\/div>\n\n\n\n<p><\/p>\n\n\n\n<p><br><\/p>\n\n\n\n<section id=\"block_ac1710a326d1826383ad18038c05a0fa\" class=\"contact-box\">\n\t\n\n\n\t<div class=\"contact-box-holder related-tm-info\">\n\t\t\t\t\t\t\t\n\t\t\t\t\t<div class=\"col-content\">\n\t\t\t\t\t\t\t\t\t<h3 class=\"contact-box-title\">Lis\u00e4titoja<\/h3>\n\t\t\t\t\n\t\t\t\t\t\t\t\t\t<h2 class=\"persona-title\">Henrik Huumarkangas<\/h2>\n\t\t\t\t\n\t\t\t\t\t\t\t\t\t<div class=\"persona-role\">P\u00e4\u00e4valmentaja<\/div>\n\t\t\t\t\n\t\t\t\t\t\t\t\t\t<div class=\"holder-personal-info\">\n\t\t\t\t\t\t<div class=\"persona-contact\">\n\t\t\t\t\t\t\t\t\t\t\t\t\t\t\t<div class=\"persona-phone\">\n\t\t\t\t\t\t\t\t\t<a href=\"tel:0456306871\">045 630 6871 <\/a>\n\t\t\t\t\t\t\t\t<\/div>\n\t\t\t\t\t\t\t\n\t\t\t\t\t\t\t\t\t\t\t\t\t\t\t<div class=\"persona-email\">\n\t\t\t\t\t\t\t\t\t<a href=\"mailto:hu&#117;&#109;&#104;e&#40;&#97;t)&#103;ma&#105;&#108;&#46;&#99;&#111;&#109; \">huu&#109;&#104;&#101;(&#97;&#116;)&#103;m&#97;&#105;&#108;&#46;c&#111;m <\/a>\n\t\t\t\t\t\t\t\t<\/div>\n\t\t\t\t\t\t\t\t\t\t\t\t\t<\/div>\n\t\t\t\t\t\t<div class=\"persona-contact-link\">\n\t\t\t\t\t\t\t\t\t\t\t\t\t\t\t<a class=\"btn btn-contact btn btn-read-more\" href=\"tel:0456306871\">Ota yhteytt\u00e4<\/a>\n\t\t\t\t\t\t\t\t\t\t\t\t\t<\/div>\n\t\t\t\t\t<\/div>\n\t\t\t\t\t\t\t<\/div>\n\t\t\t<\/div>\n\n\n\n\n\n<\/section>\n\n\n\n<p><\/p>\n","protected":false},"excerpt":{"rendered":"<p>L\u00e4nnen tytt\u00f6jen ja poikien ensimm\u00e4inen valintap\u00e4iv\u00e4 pidet\u00e4\u00e4n Kuortaneella 3.8.2025. L\u00e4nnen alueleirill\u00e4 on t\u00e4n\u00e4 vuonna treenannut oikein mukava m\u00e4\u00e4r\u00e4 nuoria lentopalloilijoita. Nyt siirryt\u00e4\u00e4n leirityksiss\u00e4 ensimm\u00e4iseen valintap\u00e4iv\u00e4\u00e4n. P\u00e4iv\u00e4n tarkoituksena on tietysti taata pelaajille kaksi laadukasta lajiharjoitusta.Harjoitusten teemana on vastaanotto-hy\u00f6kk\u00e4ys. Tyt\u00f6t, 3.8.2025 valintap\u00e4iv\u00e4lle on kutsuttu pelaajat 4.5.2025 leirin perusteella, sek\u00e4 my\u00f6s ne pelaajat, jotka eiv\u00e4t p\u00e4\u00e4sseet avoimeen leirip\u00e4iv\u00e4\u00e4n, [&hellip;]<\/p>\n","protected":false},"author":12,"featured_media":0,"parent":257,"menu_order":2,"comment_status":"closed","ping_status":"closed","template":"pages\/template-kilpailu.php","meta":{"_acf_changed":false,"inline_featured_image":false,"footnotes":""},"class_list":["post-2791","page","type-page","status-publish","hentry"],"acf":[],"_links":{"self":[{"href":"https:\/\/sivustot.lentopallo.fi\/lansi-suomi\/wp-json\/wp\/v2\/pages\/2791","targetHints":{"allow":["GET"]}}],"collection":[{"href":"https:\/\/sivustot.lentopallo.fi\/lansi-suomi\/wp-json\/wp\/v2\/pages"}],"about":[{"href":"https:\/\/sivustot.lentopallo.fi\/lansi-suomi\/wp-json\/wp\/v2\/types\/page"}],"author":[{"embeddable":true,"href":"https:\/\/sivustot.lentopallo.fi\/lansi-suomi\/wp-json\/wp\/v2\/users\/12"}],"replies":[{"embeddable":true,"href":"https:\/\/sivustot.lentopallo.fi\/lansi-suomi\/wp-json\/wp\/v2\/comments?post=2791"}],"version-history":[{"count":7,"href":"https:\/\/sivustot.lentopallo.fi\/lansi-suomi\/wp-json\/wp\/v2\/pages\/2791\/revisions"}],"predecessor-version":[{"id":2803,"href":"https:\/\/sivustot.lentopallo.fi\/lansi-suomi\/wp-json\/wp\/v2\/pages\/2791\/revisions\/2803"}],"up":[{"embeddable":true,"href":"https:\/\/sivustot.lentopallo.fi\/lansi-suomi\/wp-json\/wp\/v2\/pages\/257"}],"wp:attachment":[{"href":"https:\/\/sivustot.lentopallo.fi\/lansi-suomi\/wp-json\/wp\/v2\/media?parent=2791"}],"curies":[{"name":"wp","href":"https:\/\/api.w.org\/{rel}","templated":true}]}}