{"id":3025,"date":"2025-08-27T17:47:03","date_gmt":"2025-08-27T14:47:03","guid":{"rendered":"https:\/\/sivustot.lentopallo.fi\/lansi-suomi\/?page_id=3025"},"modified":"2025-11-10T23:07:22","modified_gmt":"2025-11-10T21:07:22","slug":"c-alue-sm-2025","status":"publish","type":"page","link":"https:\/\/sivustot.lentopallo.fi\/lansi-suomi\/aluevalmennus\/c-alue-sm-2025\/","title":{"rendered":"C (U15) Alue SM 2025 valinnat"},"content":{"rendered":"\n<p>Pelataan Tampereella, Tesoman palloiluhallilla ja Tesoman koululla.<br>Pe-su, 19.-21.9.2025<\/p>\n\n\n\n<p>J\u00e4rjestelyist\u00e4 vastaa Tampereen Pyrint\u00f6<\/p>\n\n\n\n<div class=\"wp-block-buttons is-layout-flex wp-block-buttons-is-layout-flex\">\n<div class=\"wp-block-button has-custom-width wp-block-button__width-100 is-style-fill\"><a class=\"wp-block-button__link has-black-color has-pale-cyan-blue-background-color has-text-color has-background has-link-color wp-element-button\" href=\"https:\/\/tampereenpyrinto.fi\/lentopallo\/alue-sm\/\" target=\"_blank\" rel=\"noreferrer noopener\"><em><strong>Linkki U15 alue SM kisaj\u00e4rjest\u00e4jien sivuille<\/strong><\/em><\/a><\/div>\n<\/div>\n\n\n\n<p> <br><\/p>\n\n\n\n<hr class=\"wp-block-separator has-alpha-channel-opacity\" \/>\n\n\n\n<p><br><strong>L\u00e4nnen aluelta l\u00e4htee kisoihin perinteisesti 4 joukkuetta<\/strong>.<br><strong>2 joukkuetta poikien ja 2 joukkuetta tytt\u00f6jen sarjoihin.<\/strong><\/p>\n\n\n\n<h3 class=\"wp-block-heading\" id=\"Paluu-sivun-alkuun\"><br><strong>L\u00e4nnen U15 joukkueet ja pelaajat<\/strong>:<br><br><\/h3>\n\n\n\n<p><br><em><strong>Pikalinkit joukkueen kokoonpanoihin<\/strong><br><a href=\"#C-pojat-1\">Cp1<\/a><br><a href=\"#C-pojat-2\" data-type=\"internal\" data-id=\"#C-pojat-2\">Cp2<\/a><br><a href=\"#C-tyt\u00f6t-1\" data-type=\"internal\" data-id=\"#C-tyt\u00f6t-1\">Ct1<\/a><br><a href=\"#C-tyt\u00f6t-2\">Ct2<\/a><\/em><\/p>\n\n\n\n<h2 class=\"wp-block-heading\" id=\"C-pojat-1\"><br><strong><em>C pojat 1<\/em><\/strong><br><\/h2>\n\n\n\n<p><\/p>\n\n\n\n<figure id=\"cp1\" class=\"wp-block-table is-style-stripes\"><table class=\"has-fixed-layout\"><tbody><tr><td><strong>Pelaaja<\/strong><\/td><td class=\"has-text-align-left\" data-align=\"left\"><strong>Seura<\/strong><\/td><\/tr><tr><td>Chygrin Lev<\/td><td class=\"has-text-align-left\" data-align=\"left\">VIP<\/td><\/tr><tr><td>Ebong Aate<\/td><td class=\"has-text-align-left\" data-align=\"left\">Luja<\/td><\/tr><tr><td>Hakam\u00e4ki Leevi<\/td><td class=\"has-text-align-left\" data-align=\"left\">VIP<\/td><\/tr><tr><td>Hietanen Otto<\/td><td class=\"has-text-align-left\" data-align=\"left\">Luja<\/td><\/tr><tr><td>Jeskanen Peetu<\/td><td class=\"has-text-align-left\" data-align=\"left\">JyLe<\/td><\/tr><tr><td>Knutar Robin<\/td><td class=\"has-text-align-left\" data-align=\"left\">Tiikerit<\/td><\/tr><tr><td>K\u00e4pyaho Viljami<\/td><td class=\"has-text-align-left\" data-align=\"left\">Jymy<\/td><\/tr><tr><td>Paananen Aleksi<\/td><td class=\"has-text-align-left\" data-align=\"left\">JyLe<\/td><\/tr><tr><td>Rintala Riku<\/td><td class=\"has-text-align-left\" data-align=\"left\">Luja<\/td><\/tr><tr><td>Virkunen Mitja<\/td><td class=\"has-text-align-left\" data-align=\"left\">VIP<\/td><\/tr><tr><td>Virtala Anton<\/td><td class=\"has-text-align-left\" data-align=\"left\">Jymy<\/td><\/tr><tr><td>Ylih\u00e4rsil\u00e4 Mikko<\/td><td class=\"has-text-align-left\" data-align=\"left\">AK<\/td><\/tr><tr><td>\u00c5lander Iisakki<\/td><td class=\"has-text-align-left\" data-align=\"left\">Jymy<\/td><\/tr><tr><td><strong>Valmentajat<\/strong><\/td><td class=\"has-text-align-left\" data-align=\"left\"><em><a href=\"#Paluu-sivun-alkuun\" data-type=\"internal\" data-id=\"#alkuun\"><strong><mark class=\"has-inline-color has-vivid-red-color\">Paluu sivun alkuun<\/mark><\/strong><\/a><\/em><\/td><\/tr><tr><td>Virkunen Dimitri<\/td><td class=\"has-text-align-left\" data-align=\"left\">VIP<\/td><\/tr><tr><td>Wisen Alex<\/td><td class=\"has-text-align-left\" data-align=\"left\">Kiisto<\/td><\/tr><\/tbody><\/table><\/figure>\n\n\n\n<p><\/p>\n\n\n\n<hr class=\"wp-block-separator has-alpha-channel-opacity\" \/>\n\n\n\n<h2 class=\"wp-block-heading\" id=\"C-pojat-2\"><br><strong><em>C pojat 2<\/em><\/strong><\/h2>\n\n\n\n<figure id=\"ct1\" class=\"wp-block-table is-style-stripes\"><table class=\"has-fixed-layout\"><tbody><tr><td><strong>Pelaaja<\/strong><\/td><td><strong>Seura<\/strong><\/td><\/tr><tr><td>Antila Eeli<\/td><td>Jymy<\/td><\/tr><tr><td>Aro Kalle<\/td><td>Wisa<\/td><\/tr><tr><td>Chaykin Egor<\/td><td>Roima<\/td><\/tr><tr><td>Heikkil\u00e4 Arttu<\/td><td>JyLe<\/td><\/tr><tr><td>Hiiliaho Otto<\/td><td>JyLe<\/td><\/tr><tr><td>J\u00e4rvim\u00e4ki Eeli<\/td><td>Jymy<\/td><\/tr><tr><td>Kivel\u00e4 Oiva<\/td><td>Wisa<\/td><\/tr><tr><td>Koltsov Petr<\/td><td>VIP<\/td><\/tr><tr><td>Mesik\u00e4mmen Tuomas<\/td><td>VIP<\/td><\/tr><tr><td>R\u00f6ytt\u00e4 Niilo<\/td><td>JyLe<\/td><\/tr><tr><td>Schreibmaier Samu<\/td><td>VIP<\/td><\/tr><tr><td>Varam\u00e4ki Vilho<\/td><td>Jymy<\/td><\/tr><tr><td><strong>Valmentajat<\/strong><\/td><td><a href=\"#Paluu-sivun-alkuun\"><em><strong><mark class=\"has-inline-color has-vivid-red-color\">Paluu sivun alkuun<\/mark><\/strong><\/em><\/a><\/td><\/tr><tr><td>Sasse Paula<\/td><td>JyLe<\/td><\/tr><tr><td>Antila Ida<\/td><td>Jymy<\/td><\/tr><\/tbody><\/table><\/figure>\n\n\n\n<p><\/p>\n\n\n\n<hr class=\"wp-block-separator has-alpha-channel-opacity\" \/>\n\n\n\n<h2 class=\"wp-block-heading\" id=\"C-tyt\u00f6t-1\"><br><strong><em>C-tyt\u00f6t 1<\/em><\/strong><\/h2>\n\n\n\n<figure id=\"ct1\" class=\"wp-block-table is-style-stripes\"><table class=\"has-fixed-layout\"><tbody><tr><td><strong>Pelaaja<\/strong><\/td><td><strong>Seura<\/strong><\/td><\/tr><tr><td>Antila Aurora<\/td><td>AA<\/td><\/tr><tr><td>Hietala Helmi<\/td><td>Kiisto<\/td><\/tr><tr><td>Koskiahde Alli<\/td><td>Jymy<\/td><\/tr><tr><td>Kuivasm\u00e4ki Minttu<\/td><td>Jymy<\/td><\/tr><tr><td>Kulmala Laura<\/td><td>Karhu<\/td><\/tr><tr><td>Luoma Vanilja<\/td><td>Jymy<\/td><\/tr><tr><td>L\u00e4hetkangas Ella<\/td><td>Jymy<\/td><\/tr><tr><td>L\u00f6ytynoja Milla<\/td><td>Luja<\/td><\/tr><tr><td>Penttinen Emmi<\/td><td>Jymy<\/td><\/tr><tr><td>Per\u00e4salo Venla<\/td><td>Junkkarit<\/td><\/tr><tr><td>Rajakallio Nelli<\/td><td>Jymy\/Wisa<\/td><\/tr><tr><td>Takala Maija<\/td><td>Jymy<\/td><\/tr><tr><td><strong>Valmentajat<\/strong><\/td><td><a href=\"#Paluu-sivun-alkuun\" data-type=\"internal\" data-id=\"#Paluu-sivun-alkuun\"><em><strong><mark class=\"has-inline-color has-vivid-red-color\">Paluu sivun alkuun<\/mark><\/strong><\/em><\/a><\/td><\/tr><tr><td>Flyktman Janne<\/td><td>seuraton\/K-S<\/td><\/tr><tr><td>Mantila Tiina<\/td><td>Karhu<\/td><\/tr><\/tbody><\/table><\/figure>\n\n\n\n<p><\/p>\n\n\n\n<hr class=\"wp-block-separator has-alpha-channel-opacity\" \/>\n\n\n\n<h2 class=\"wp-block-heading\" id=\"C-tyt\u00f6t-2\"><br><strong><em>C tyt\u00f6t 2<\/em><\/strong><\/h2>\n\n\n\n<figure id=\"ct2\" class=\"wp-block-table is-style-stripes\"><table class=\"has-fixed-layout\"><tbody><tr><td><strong>Pelaaja<\/strong><\/td><td><strong>Seura<\/strong><\/td><\/tr><tr><td>Huhtala Venla<\/td><td>JyLe<\/td><\/tr><tr><td>Kortteinen Liisa<\/td><td>JyLe<\/td><\/tr><tr><td>Loukko Elli<\/td><td>Karhu<\/td><\/tr><tr><td>Niemel\u00e4 Maya<\/td><td>Luja<\/td><\/tr><tr><td>Peltokangas Enni<\/td><td>Jymy<\/td><\/tr><tr><td>Plukka Isa<\/td><td>Luja<\/td><\/tr><tr><td>Rinta-Keturi Emmi<\/td><td>Jymy<\/td><\/tr><tr><td>Ristim\u00e4ki Laura<\/td><td>Luja<\/td><\/tr><tr><td>Sillanp\u00e4\u00e4 Neea<\/td><td>AA<\/td><\/tr><tr><td>Tynj\u00e4l\u00e4 Ella<\/td><td>Wisa<\/td><\/tr><tr><td>\u00c5lander Martta<\/td><td>Jymy<\/td><\/tr><tr><td>\u00c4ij\u00f6 Maija<\/td><td>Jymy<\/td><\/tr><tr><td><strong>Valmentajat<\/strong><\/td><td><a href=\"#Paluu-sivun-alkuun\"><em><strong><mark class=\"has-inline-color has-vivid-red-color\">Paluu sivun alkuun<\/mark><\/strong><\/em><\/a><\/td><\/tr><tr><td>Per\u00e4salo Tuomo<\/td><td>Junkkarit<\/td><\/tr><tr><td>Penttinen Harri<\/td><td>Jymy<\/td><\/tr><\/tbody><\/table><\/figure>\n\n\n\n<p><\/p>\n\n\n\n<hr class=\"wp-block-separator has-alpha-channel-opacity\" \/>\n\n\n\n<p><br><\/p>\n\n\n\n<section id=\"block_31dcc1a735232a115e5baf6163f637db\" class=\"contact-box\">\n\t\n\n\n\t<div class=\"contact-box-holder related-tm-info\">\n\t\t\t\t\t\t\t\n\t\t\t\t\t<div class=\"col-content\">\n\t\t\t\t\t\t\t\t\t<h3 class=\"contact-box-title\">Lis\u00e4tietoja<\/h3>\n\t\t\t\t\n\t\t\t\t\t\t\t\t\t<h2 class=\"persona-title\">Henrik Huumarkangas<\/h2>\n\t\t\t\t\n\t\t\t\t\t\t\t\t\t<div class=\"persona-role\">P\u00e4\u00e4valmentaja<\/div>\n\t\t\t\t\n\t\t\t\t\t\t\t\t\t<div class=\"holder-personal-info\">\n\t\t\t\t\t\t<div class=\"persona-contact\">\n\t\t\t\t\t\t\t\t\t\t\t\t\t\t\t<div class=\"persona-phone\">\n\t\t\t\t\t\t\t\t\t<a href=\"tel:0456306871\">045 630 6871 <\/a>\n\t\t\t\t\t\t\t\t<\/div>\n\t\t\t\t\t\t\t\n\t\t\t\t\t\t\t\t\t\t\t\t\t\t\t<div class=\"persona-email\">\n\t\t\t\t\t\t\t\t\t<a href=\"mailto:h&#117;u&#109;he&#40;&#97;&#116;)&#103;ma&#105;l&#46;c&#111;&#109; \">&#104;&#117;umh&#101;(at)&#103;m&#97;&#105;l&#46;co&#109;&#32;<\/a>\n\t\t\t\t\t\t\t\t<\/div>\n\t\t\t\t\t\t\t\t\t\t\t\t\t<\/div>\n\t\t\t\t\t\t<div class=\"persona-contact-link\">\n\t\t\t\t\t\t\t\t\t\t\t\t\t\t\t<a class=\"btn btn-contact btn btn-read-more\" href=\"tel:0456306871\">Ota yhteytt\u00e4<\/a>\n\t\t\t\t\t\t\t\t\t\t\t\t\t<\/div>\n\t\t\t\t\t<\/div>\n\t\t\t\t\t\t\t<\/div>\n\t\t\t<\/div>\n\n\n\n\n\n<\/section>\n","protected":false},"excerpt":{"rendered":"<p>Pelataan Tampereella, Tesoman palloiluhallilla ja Tesoman koululla.Pe-su, 19.-21.9.2025 J\u00e4rjestelyist\u00e4 vastaa Tampereen Pyrint\u00f6 L\u00e4nnen aluelta l\u00e4htee kisoihin perinteisesti 4 joukkuetta.2 joukkuetta poikien ja 2 joukkuetta tytt\u00f6jen sarjoihin. L\u00e4nnen U15 joukkueet ja pelaajat: Pikalinkit joukkueen kokoonpanoihinCp1Cp2Ct1Ct2 C pojat 1 Pelaaja Seura Chygrin Lev VIP Ebong Aate Luja Hakam\u00e4ki Leevi VIP Hietanen Otto Luja Jeskanen Peetu JyLe Knutar [&hellip;]<\/p>\n","protected":false},"author":12,"featured_media":0,"parent":257,"menu_order":1,"comment_status":"closed","ping_status":"closed","template":"pages\/template-kilpailu.php","meta":{"_acf_changed":false,"inline_featured_image":false,"footnotes":""},"class_list":["post-3025","page","type-page","status-publish","hentry"],"acf":[],"_links":{"self":[{"href":"https:\/\/sivustot.lentopallo.fi\/lansi-suomi\/wp-json\/wp\/v2\/pages\/3025","targetHints":{"allow":["GET"]}}],"collection":[{"href":"https:\/\/sivustot.lentopallo.fi\/lansi-suomi\/wp-json\/wp\/v2\/pages"}],"about":[{"href":"https:\/\/sivustot.lentopallo.fi\/lansi-suomi\/wp-json\/wp\/v2\/types\/page"}],"author":[{"embeddable":true,"href":"https:\/\/sivustot.lentopallo.fi\/lansi-suomi\/wp-json\/wp\/v2\/users\/12"}],"replies":[{"embeddable":true,"href":"https:\/\/sivustot.lentopallo.fi\/lansi-suomi\/wp-json\/wp\/v2\/comments?post=3025"}],"version-history":[{"count":20,"href":"https:\/\/sivustot.lentopallo.fi\/lansi-suomi\/wp-json\/wp\/v2\/pages\/3025\/revisions"}],"predecessor-version":[{"id":3392,"href":"https:\/\/sivustot.lentopallo.fi\/lansi-suomi\/wp-json\/wp\/v2\/pages\/3025\/revisions\/3392"}],"up":[{"embeddable":true,"href":"https:\/\/sivustot.lentopallo.fi\/lansi-suomi\/wp-json\/wp\/v2\/pages\/257"}],"wp:attachment":[{"href":"https:\/\/sivustot.lentopallo.fi\/lansi-suomi\/wp-json\/wp\/v2\/media?parent=3025"}],"curies":[{"name":"wp","href":"https:\/\/api.w.org\/{rel}","templated":true}]}}