{"id":3315,"date":"2025-08-29T15:20:12","date_gmt":"2025-08-29T12:20:12","guid":{"rendered":"https:\/\/sivustot.lentopallo.fi\/lansi-suomi\/?page_id=3315"},"modified":"2025-08-29T16:07:01","modified_gmt":"2025-08-29T13:07:01","slug":"lannen-odotettu-uutinen","status":"publish","type":"page","link":"https:\/\/sivustot.lentopallo.fi\/lansi-suomi\/lannen-odotettu-uutinen\/","title":{"rendered":"L\u00e4nnen odotettu uutinen"},"content":{"rendered":"\n<h2 class=\"wp-block-heading\"><strong>Vihdoinkin se on tarjolla<\/strong><\/h2>\n\n\n\n<h3 class=\"wp-block-heading\"><br><strong>Koetko olevasi L\u00e4nnen lentisperheen j\u00e4sen?<\/strong><\/h3>\n\n\n\n<p>U17 Alue SM kotikisojen kunniaksi tarjoamme arvon Lentiskansa <em><strong>#meollaanl\u00e4nsi<\/strong><\/em> kannattajapaitaa.<\/p>\n\n\n\n<p><strong><em>Hankkimalla omasi tuet alueemme lentistoimintaa ja voit tunnustaa ns. v\u00e4ri\u00e4 &#8211; t\u00e4ss\u00e4 tilanteessa aluetta<\/em><\/strong><\/p>\n\n\n<div class=\"wp-block-image\">\n<figure class=\"aligncenter size-full\"><img loading=\"lazy\" decoding=\"async\" width=\"384\" height=\"264\" src=\"https:\/\/sivustot.lentopallo.fi\/lansi-suomi\/files\/2025\/08\/Kuva1.png\" alt=\"\" class=\"wp-image-3318\" srcset=\"https:\/\/sivustot.lentopallo.fi\/lansi-suomi\/files\/2025\/08\/Kuva1.png 384w, https:\/\/sivustot.lentopallo.fi\/lansi-suomi\/files\/2025\/08\/Kuva1-300x206.png 300w, https:\/\/sivustot.lentopallo.fi\/lansi-suomi\/files\/2025\/08\/Kuva1-55x38.png 55w\" sizes=\"auto, (max-width: 384px) 100vw, 384px\" \/><\/figure>\n<\/div>\n\n\n<p class=\"has-text-align-center\"><em>Paidan materiaali tekninen, v\u00e4ri musta, toisessa hihassa pieni tasku. <br>Sel\u00e4ss\u00e4 painatus #meollaanl\u00e4nsi ja Suomen Lentopallo-logo.<\/em><\/p>\n\n\n\n<h3 class=\"wp-block-heading has-text-align-center\"><br><strong>Tilaa t\u00e4st\u00e4 kannattaja-paita, hinta 40 \u20ac<\/strong><\/h3>\n\n\n\n<p class=\"has-text-align-center\"><strong><br><\/strong><\/p>\n\n\n\n<div class=\"wp-block-buttons is-layout-flex wp-block-buttons-is-layout-flex\">\n<div class=\"wp-block-button has-custom-width wp-block-button__width-100 is-style-fill\"><a class=\"wp-block-button__link has-black-color has-vivid-cyan-blue-background-color has-text-color has-background has-link-color wp-element-button\" href=\"https:\/\/www.suomisport.fi\/events\/761fb63c-b6ba-4788-889e-fc52b52742ef\" target=\"_blank\" rel=\"noreferrer noopener\"><strong><em>Linkki SuomiSporttiin paitatilaukseen<\/em><\/strong><\/a><\/div>\n<\/div>\n\n\n\n<p class=\"has-text-align-center\"><br><br><strong>Tuote myynniss\u00e4 ennakkotilausten perusteella.<br>Noudettavissa U17 Alue SM kotikisojen aikana, Kuortaneen Urheiluopistolta 26.-28.9.2025.<\/strong><br><br><\/p>\n\n\n\n<hr class=\"wp-block-separator has-alpha-channel-opacity\" \/>\n","protected":false},"excerpt":{"rendered":"<p>Vihdoinkin se on tarjolla Koetko olevasi L\u00e4nnen lentisperheen j\u00e4sen? U17 Alue SM kotikisojen kunniaksi tarjoamme arvon Lentiskansa #meollaanl\u00e4nsi kannattajapaitaa. Hankkimalla omasi tuet alueemme lentistoimintaa ja voit tunnustaa ns. v\u00e4ri\u00e4 &#8211; t\u00e4ss\u00e4 tilanteessa aluetta Paidan materiaali tekninen, v\u00e4ri musta, toisessa hihassa pieni tasku. Sel\u00e4ss\u00e4 painatus #meollaanl\u00e4nsi ja Suomen Lentopallo-logo. Tilaa t\u00e4st\u00e4 kannattaja-paita, hinta 40 \u20ac Tuote [&hellip;]<\/p>\n","protected":false},"author":12,"featured_media":0,"parent":0,"menu_order":0,"comment_status":"closed","ping_status":"closed","template":"pages\/template-kilpailu.php","meta":{"_acf_changed":false,"inline_featured_image":false,"footnotes":""},"class_list":["post-3315","page","type-page","status-publish","hentry"],"acf":[],"_links":{"self":[{"href":"https:\/\/sivustot.lentopallo.fi\/lansi-suomi\/wp-json\/wp\/v2\/pages\/3315","targetHints":{"allow":["GET"]}}],"collection":[{"href":"https:\/\/sivustot.lentopallo.fi\/lansi-suomi\/wp-json\/wp\/v2\/pages"}],"about":[{"href":"https:\/\/sivustot.lentopallo.fi\/lansi-suomi\/wp-json\/wp\/v2\/types\/page"}],"author":[{"embeddable":true,"href":"https:\/\/sivustot.lentopallo.fi\/lansi-suomi\/wp-json\/wp\/v2\/users\/12"}],"replies":[{"embeddable":true,"href":"https:\/\/sivustot.lentopallo.fi\/lansi-suomi\/wp-json\/wp\/v2\/comments?post=3315"}],"version-history":[{"count":8,"href":"https:\/\/sivustot.lentopallo.fi\/lansi-suomi\/wp-json\/wp\/v2\/pages\/3315\/revisions"}],"predecessor-version":[{"id":3325,"href":"https:\/\/sivustot.lentopallo.fi\/lansi-suomi\/wp-json\/wp\/v2\/pages\/3315\/revisions\/3325"}],"wp:attachment":[{"href":"https:\/\/sivustot.lentopallo.fi\/lansi-suomi\/wp-json\/wp\/v2\/media?parent=3315"}],"curies":[{"name":"wp","href":"https:\/\/api.w.org\/{rel}","templated":true}]}}