{"id":3357,"date":"2025-09-15T19:51:00","date_gmt":"2025-09-15T16:51:00","guid":{"rendered":"https:\/\/sivustot.lentopallo.fi\/lansi-suomi\/?page_id=3357"},"modified":"2025-11-10T23:08:21","modified_gmt":"2025-11-10T21:08:21","slug":"u17-alue-sm-2025","status":"publish","type":"page","link":"https:\/\/sivustot.lentopallo.fi\/lansi-suomi\/aluevalmennus\/u17-alue-sm-2025\/","title":{"rendered":"B (U17) Alue SM 2025"},"content":{"rendered":"\n<figure class=\"wp-block-image size-full\"><img loading=\"lazy\" decoding=\"async\" width=\"187\" height=\"186\" src=\"https:\/\/sivustot.lentopallo.fi\/lansi-suomi\/files\/2025\/08\/lansi-rintalogo-2025.svg\" alt=\"\" class=\"wp-image-3287\" \/><\/figure>\n\n\n\n<p><em>&#8221;Me ollaan L\u00e4nsi&#8221;<\/em> ja jaostona vastaamme v. 2025 U17 kisoista yhdess\u00e4 yhteisty\u00f6seurojen ja -kumppaneiden kanssa.<br>Kisavastaavana toimii jaoston puheenjohtaja Susanna Kirvesm\u00e4ki (040 760 3569).<br>striimauksesta vastaa Jarkko Hautala,<br>kuulutuksesta vastaa Jouni V\u00e4limaa,<br>tuomaritoiminnasta vastaa Juha Savinainen,<br>kirjureista vastaa Sannan Sipi.<\/p>\n\n\n\n<p>Kisat pelataan Kuortaneen Urheiluopistolla 26.-28.9.2025, viidell\u00e4 kent\u00e4ll\u00e4.<br>Pelikent\u00e4t ovat Kuortanehallissa (3 kentt\u00e4\u00e4), Kuortaneen pallohallissa (1 kentt\u00e4) ja LP Areenalla (1 kentt\u00e4).<strong><br><\/strong>Kuortanehallissa ja LP Areenalla toimivat kahviot, joista vastaa Kauhavan Wisan M2 joukkue.<\/p>\n\n\n\n<p><strong>Ruokailu<em>, <\/em><\/strong>opiston maittavat ruokapalvelut ovat tarjolla Liikuntahotellin tiloissa, Eppula ja \u00c0la Carte, <a href=\"https:\/\/www.kuortane.com\/ravintola.html\"><em>https:\/\/www.kuortane.com\/ravintola.html<\/em><\/a><\/p>\n\n\n\n<p><strong>Majoittumisia<\/strong> voi tiedustella Sein\u00e4joelta.<\/p>\n\n\n\n<p><strong>Kisakanslia<\/strong> on Kuortanehallin 2. kerroksessa.<\/p>\n\n\n\n<p><strong>Valokuvaus<\/strong>, kuvauksesta vastaa Onni Keinonen by <em><a href=\"https:\/\/onni.kuvat.fi\/KOTI\/\" target=\"_blank\" rel=\"noreferrer noopener\">onni.kuvat.fi<\/a><\/em> ja kuvia n\u00e4ht\u00e4viss\u00e4 l\u00e4hes reaaliajassa &#8230;, linkki julkaistaan my\u00f6hemmin.<\/p>\n\n\n\n<p><strong>Ensiapu<\/strong>, SPR Alaj\u00e4rvi, EA-piste Kuortanehallin j\u00e4\u00e4palakoneen vieress\u00e4, partio kiert\u00e4\u00e4 hallien v\u00e4lill\u00e4.<br><em>Ilta-aika<\/em>, tarvittaessa soitto Alavuden p\u00e4\u00e4terveysasemalle, 06 2525 7612 (klo 22 asti).<br><em>Y\u00f6p\u00e4ivystys<\/em>, Sein\u00e4joella, tarvittaessa soitto ensin 116 117.<\/p>\n\n\n\n<p><br><\/p>\n\n\n\n<p><\/p>\n\n\n\n<p><\/p>\n\n\n\n<hr class=\"wp-block-separator has-alpha-channel-opacity\" \/>\n\n\n\n<p><br><\/p>\n\n\n\n<h3 class=\"wp-block-heading\"><strong><em>Urheiluopiston aluekartta<\/em><\/strong><\/h3>\n\n\n\n<figure class=\"wp-block-image size-full\"><img loading=\"lazy\" decoding=\"async\" width=\"680\" height=\"800\" src=\"https:\/\/sivustot.lentopallo.fi\/lansi-suomi\/files\/2024\/09\/Kartta_Kuortane.jpeg\" alt=\"\" class=\"wp-image-2070\" srcset=\"https:\/\/sivustot.lentopallo.fi\/lansi-suomi\/files\/2024\/09\/Kartta_Kuortane.jpeg 680w, https:\/\/sivustot.lentopallo.fi\/lansi-suomi\/files\/2024\/09\/Kartta_Kuortane-255x300.jpeg 255w, https:\/\/sivustot.lentopallo.fi\/lansi-suomi\/files\/2024\/09\/Kartta_Kuortane-300x353.jpeg 300w, https:\/\/sivustot.lentopallo.fi\/lansi-suomi\/files\/2024\/09\/Kartta_Kuortane-55x65.jpeg 55w\" sizes=\"auto, (max-width: 680px) 100vw, 680px\" \/><\/figure>\n\n\n\n<p><br><\/p>\n\n\n\n<h3 class=\"wp-block-heading\"><strong><em>Yhteisty\u00f6kumppanit<\/em><\/strong><\/h3>\n\n\n\n<p><\/p>\n\n\n\n<p><\/p>\n\n\n\n<p><\/p>\n\n\n\n<figure class=\"wp-block-image size-large is-resized\"><a href=\"https:\/\/ilkkapohjalainen.fi\/\" target=\"_blank\" rel=\"noreferrer noopener\"><img loading=\"lazy\" decoding=\"async\" width=\"1024\" height=\"124\" src=\"https:\/\/sivustot.lentopallo.fi\/lansi-suomi\/files\/2024\/09\/Ilkka-Pohjalainen-uusi-logo-1024x124.jpg\" alt=\"\" class=\"wp-image-2063\" style=\"width:557px;height:auto\" srcset=\"https:\/\/sivustot.lentopallo.fi\/lansi-suomi\/files\/2024\/09\/Ilkka-Pohjalainen-uusi-logo-1024x124.jpg 1024w, https:\/\/sivustot.lentopallo.fi\/lansi-suomi\/files\/2024\/09\/Ilkka-Pohjalainen-uusi-logo-300x36.jpg 300w, https:\/\/sivustot.lentopallo.fi\/lansi-suomi\/files\/2024\/09\/Ilkka-Pohjalainen-uusi-logo-768x93.jpg 768w, https:\/\/sivustot.lentopallo.fi\/lansi-suomi\/files\/2024\/09\/Ilkka-Pohjalainen-uusi-logo-1536x185.jpg 1536w, https:\/\/sivustot.lentopallo.fi\/lansi-suomi\/files\/2024\/09\/Ilkka-Pohjalainen-uusi-logo-1126x136.jpg 1126w, https:\/\/sivustot.lentopallo.fi\/lansi-suomi\/files\/2024\/09\/Ilkka-Pohjalainen-uusi-logo-1060x128.jpg 1060w, https:\/\/sivustot.lentopallo.fi\/lansi-suomi\/files\/2024\/09\/Ilkka-Pohjalainen-uusi-logo-1039x125.jpg 1039w, https:\/\/sivustot.lentopallo.fi\/lansi-suomi\/files\/2024\/09\/Ilkka-Pohjalainen-uusi-logo-55x7.jpg 55w, https:\/\/sivustot.lentopallo.fi\/lansi-suomi\/files\/2024\/09\/Ilkka-Pohjalainen-uusi-logo.jpg 1625w\" sizes=\"auto, (max-width: 1024px) 100vw, 1024px\" \/><\/a><\/figure>\n\n\n\n<figure class=\"wp-block-image size-full\"><a href=\"https:\/\/www.kuortane.com\/\" target=\"_blank\" rel=\"noreferrer noopener\"><img loading=\"lazy\" decoding=\"async\" width=\"616\" height=\"262\" src=\"https:\/\/sivustot.lentopallo.fi\/lansi-suomi\/files\/2024\/09\/Logo_Kuortane.png\" alt=\"\" class=\"wp-image-2065\" srcset=\"https:\/\/sivustot.lentopallo.fi\/lansi-suomi\/files\/2024\/09\/Logo_Kuortane.png 616w, https:\/\/sivustot.lentopallo.fi\/lansi-suomi\/files\/2024\/09\/Logo_Kuortane-300x128.png 300w, https:\/\/sivustot.lentopallo.fi\/lansi-suomi\/files\/2024\/09\/Logo_Kuortane-55x23.png 55w\" sizes=\"auto, (max-width: 616px) 100vw, 616px\" \/><\/a><\/figure>\n\n\n\n<figure class=\"wp-block-image size-full is-resized\"><a href=\"https:\/\/softwave.fi\/\" target=\"_blank\" rel=\"noreferrer noopener\"><img loading=\"lazy\" decoding=\"async\" width=\"350\" height=\"32\" src=\"https:\/\/sivustot.lentopallo.fi\/lansi-suomi\/files\/2024\/09\/logo-softwave.png\" alt=\"\" class=\"wp-image-2127\" style=\"width:517px;height:auto\" srcset=\"https:\/\/sivustot.lentopallo.fi\/lansi-suomi\/files\/2024\/09\/logo-softwave.png 350w, https:\/\/sivustot.lentopallo.fi\/lansi-suomi\/files\/2024\/09\/logo-softwave-300x27.png 300w, https:\/\/sivustot.lentopallo.fi\/lansi-suomi\/files\/2024\/09\/logo-softwave-55x5.png 55w\" sizes=\"auto, (max-width: 350px) 100vw, 350px\" \/><\/a><\/figure>\n\n\n\n<figure class=\"wp-block-image size-full is-resized\"><a href=\"https:\/\/www.tai-tex.fi\/\" target=\"_blank\" rel=\"noreferrer noopener\"><img loading=\"lazy\" decoding=\"async\" width=\"501\" height=\"130\" src=\"https:\/\/sivustot.lentopallo.fi\/lansi-suomi\/files\/2024\/09\/Logo_TaiTex_2024.jpg\" alt=\"\" class=\"wp-image-2159\" style=\"width:494px;height:auto\" srcset=\"https:\/\/sivustot.lentopallo.fi\/lansi-suomi\/files\/2024\/09\/Logo_TaiTex_2024.jpg 501w, https:\/\/sivustot.lentopallo.fi\/lansi-suomi\/files\/2024\/09\/Logo_TaiTex_2024-300x78.jpg 300w, https:\/\/sivustot.lentopallo.fi\/lansi-suomi\/files\/2024\/09\/Logo_TaiTex_2024-55x14.jpg 55w\" sizes=\"auto, (max-width: 501px) 100vw, 501px\" \/><\/a><\/figure>\n\n\n\n<figure class=\"wp-block-image size-large is-resized\"><a href=\"https:\/\/www.lentopallo.fi\/\" target=\"_blank\" rel=\"noreferrer noopener\"><img loading=\"lazy\" decoding=\"async\" width=\"260\" height=\"85\" src=\"https:\/\/sivustot.lentopallo.fi\/lansi-suomi\/files\/2023\/02\/lentopalloliitto-logo.svg\" alt=\"\" class=\"wp-image-218\" style=\"width:547px;height:auto\" \/><\/a><\/figure>\n\n\n\n<hr class=\"wp-block-separator has-alpha-channel-opacity\" \/>\n\n\n\n<p><br><\/p>\n\n\n\n<h3 class=\"wp-block-heading\"><strong><em>Turnauksen tulospalvelu<\/em><\/strong><\/h3>\n\n\n\n<p><strong><em>B-pojat<\/em><\/strong><br><a href=\"https:\/\/tulospalvelu.lentopallo.fi\/category\/U17PalueSM25!vb2025n\/tables\"><em>https:\/\/tulospalvelu.lentopallo.fi\/category\/U17PalueSM25!vb2025n\/tables<\/em><\/a><\/p>\n\n\n\n<p><strong><em>B-tyt\u00f6t<\/em><\/strong><br><a href=\"https:\/\/tulospalvelu.lentopallo.fi\/category\/U17TalueSM25!vb2025n\/tables\"><em>https:\/\/tulospalvelu.lentopallo.fi\/category\/U17TalueSM25!vb2025n\/tables<\/em><\/a><br><br><strong>Kisastriimit<\/strong> ovat katsottavissa LentisTV:n kautta<br><em><a href=\"https:\/\/live.lentopallo.fi\/alue-sm-bjuniorit-2025\" target=\"_blank\" rel=\"noreferrer noopener\">https:\/\/live.lentopallo.fi\/alue-sm-bjuniorit-2025<\/a><\/em><\/p>\n\n\n\n<p><strong>Turnauksen avajaiset ovat perjantaina klo 15:45 Kuortanehallissa.<\/strong><\/p>\n\n\n\n<p><strong>Pelit alkavat perjantaina klo 17:00<\/strong>.<\/p>\n\n\n\n<p><\/p>\n\n\n\n<p>Pelit jatkuvat viel\u00e4 em. j\u00e4lkeen, n. klo 20<\/p>\n\n\n\n<p><br><br><\/p>\n\n\n\n<hr class=\"wp-block-separator has-alpha-channel-opacity\" \/>\n\n\n\n<p><br><\/p>\n\n\n\n<h3 class=\"wp-block-heading\"><strong><em>Turnauksen tuomaristo<\/em><\/strong><\/h3>\n\n\n\n<p>Muutamana vuotena aluekisojen tuomaroinneista ovat vastanneet eri alueilta kutsutut nuoret tuomarit, joille j\u00e4rjestet\u00e4\u00e4n ohjattua k\u00e4yt\u00e4nn\u00f6n harjoittelua ja tuomarivalmennusta. Mukana ovat liiton\/tr:n nuorten tuomareiden vastuuhenkil\u00f6 Juha Savinaisen johdolla L\u00e4nnen tuomarikouluttajat Ari Hautala, Arttu Ylinen ja Markku Ylisiurua sek\u00e4 Pohjoisen tuomarikouluttaja Jussi M\u00e4kinen.<\/p>\n\n\n\n<p>Lis\u00e4ksi turnauksessa on mukana liiton\/tr:n Pasi Hakkaraisen vet\u00e4m\u00e4n I lk korotustilaisuuden 5 tuomaria, Julia J\u00e4rvi, Jutta J\u00e4rvi, Jenni K\u00e4rkk\u00e4inen, Janette Nimel\u00e4 ja Mikko T\u00f6rm\u00e4.<\/p>\n\n\n\n<p><strong>Toivomme joukkueiden, yleis\u00f6n yms. ymm\u00e4rt\u00e4v\u00e4n tilanteet ja antavat ty\u00f6rauhan kaikille tuomareille.<br>Kouluttajilla ja turnausvastaavalla on oikeus ja velvollisuus puuttua mahdollisiin tuomareihin kohdistuviin ep\u00e4kohtiin.<\/strong><br><br>Turnauksessa mukana olevat alueiden tuomarit.<br><strong>Etel\u00e4<\/strong><br>Antti Kalo, Serafima Kouosti<br><strong>It\u00e4<\/strong><br>Emma Nenonen, Jenna Tuomainen<br><strong>Lounas<\/strong><br>Kasper Koliseva, Veera Korpiniitty<br><strong>L\u00e4nsi<\/strong><br>Leevi Ahonen, Juho-Heikki Korhonen, Eemeli M\u00e4ki, Eero M\u00e4kinen<br><strong>Pohjoinen<\/strong><br>Joona P\u00f6ll\u00e4nen, Jenna Tillaeus<br><\/p>\n\n\n\n<p><strong>Kirjuroinnit\/toimitsijat hoitaa<\/strong><br>Himangan Roima, Nurmon Jymy ja Ploki Pihtipudas.<\/p>\n\n\n\n<p><strong><em>Tsemppi\u00e4 tuomareille ja kirjureille turnaukseen<\/em><\/strong><\/p>\n\n\n\n<p><strong><em><a href=\"https:\/\/sivustot.lentopallo.fi\/lansi-suomi\/files\/2025\/09\/Ohjelma_B-ALUE-SM-Kuortane_2025.pdf\" data-type=\"link\" data-id=\"https:\/\/sivustot.lentopallo.fi\/lansi-suomi\/files\/2024\/09\/C-alue-SM-2024-Kuortane_Ohjelma_2024_09_12.pdf\" target=\"_blank\" rel=\"noreferrer noopener\">Otteluohjelma (PDF)<\/a><\/em><\/strong><\/p>\n\n\n\n<p><\/p>\n\n\n\n<p>Otteluohjelma on my\u00f6s k\u00e4siohjelmassa, TV-n\u00e4yt\u00f6ill\u00e4 halleissa, kisakahviossa.<br><br><\/p>\n\n\n\n<hr class=\"wp-block-separator has-alpha-channel-opacity\" \/>\n\n\n\n<p><br><\/p>\n\n\n\n<h5 class=\"wp-block-heading has-text-align-center\"><em><strong>Kiitos kaikille turnaukseen osallistuville joukkueille, kannustusjoukoille, katsojille, talkoolaisille (pohojalaasittain K\u00d6KK\u00c4) sek\u00e4 yhteisty\u00f6kumppaneille. <\/strong><\/em><\/h5>\n\n\n\n<p class=\"has-text-align-center\"><em><strong>Tehd\u00e4\u00e4n yhdess\u00e4 reilu ja rehti lentistapahtuma.<\/strong><\/em><\/p>\n\n\n\n<p><br><\/p>\n\n\n\n<p><\/p>\n\n\n\n<section id=\"block_544e095b8094f915c1344e37edd754b7\" class=\"contact-box\">\n\t\n\n\n\t<div class=\"contact-box-holder related-tm-info\">\n\t\t\t\t\t\t\t\n\t\t\t\t\t<div class=\"col-content\">\n\t\t\t\t\t\t\t\t\t<h3 class=\"contact-box-title\">Kisavastaava<\/h3>\n\t\t\t\t\n\t\t\t\t\n\t\t\t\t\n\t\t\t\t\t\t\t<\/div>\n\t\t\t<\/div>\n\n\n\n\n\n<\/section>\n","protected":false},"excerpt":{"rendered":"<p>&#8221;Me ollaan L\u00e4nsi&#8221; ja jaostona vastaamme v. 2025 U17 kisoista yhdess\u00e4 yhteisty\u00f6seurojen ja -kumppaneiden kanssa.Kisavastaavana toimii jaoston puheenjohtaja Susanna Kirvesm\u00e4ki (040 760 3569).striimauksesta vastaa Jarkko Hautala,kuulutuksesta vastaa Jouni V\u00e4limaa,tuomaritoiminnasta vastaa Juha Savinainen,kirjureista vastaa Sannan Sipi. Kisat pelataan Kuortaneen Urheiluopistolla 26.-28.9.2025, viidell\u00e4 kent\u00e4ll\u00e4.Pelikent\u00e4t ovat Kuortanehallissa (3 kentt\u00e4\u00e4), Kuortaneen pallohallissa (1 kentt\u00e4) ja LP Areenalla (1 kentt\u00e4).Kuortanehallissa [&hellip;]<\/p>\n","protected":false},"author":12,"featured_media":0,"parent":257,"menu_order":1,"comment_status":"closed","ping_status":"closed","template":"pages\/template-kilpailu.php","meta":{"_acf_changed":false,"inline_featured_image":false,"footnotes":""},"class_list":["post-3357","page","type-page","status-publish","hentry"],"acf":[],"_links":{"self":[{"href":"https:\/\/sivustot.lentopallo.fi\/lansi-suomi\/wp-json\/wp\/v2\/pages\/3357","targetHints":{"allow":["GET"]}}],"collection":[{"href":"https:\/\/sivustot.lentopallo.fi\/lansi-suomi\/wp-json\/wp\/v2\/pages"}],"about":[{"href":"https:\/\/sivustot.lentopallo.fi\/lansi-suomi\/wp-json\/wp\/v2\/types\/page"}],"author":[{"embeddable":true,"href":"https:\/\/sivustot.lentopallo.fi\/lansi-suomi\/wp-json\/wp\/v2\/users\/12"}],"replies":[{"embeddable":true,"href":"https:\/\/sivustot.lentopallo.fi\/lansi-suomi\/wp-json\/wp\/v2\/comments?post=3357"}],"version-history":[{"count":20,"href":"https:\/\/sivustot.lentopallo.fi\/lansi-suomi\/wp-json\/wp\/v2\/pages\/3357\/revisions"}],"predecessor-version":[{"id":3449,"href":"https:\/\/sivustot.lentopallo.fi\/lansi-suomi\/wp-json\/wp\/v2\/pages\/3357\/revisions\/3449"}],"up":[{"embeddable":true,"href":"https:\/\/sivustot.lentopallo.fi\/lansi-suomi\/wp-json\/wp\/v2\/pages\/257"}],"wp:attachment":[{"href":"https:\/\/sivustot.lentopallo.fi\/lansi-suomi\/wp-json\/wp\/v2\/media?parent=3357"}],"curies":[{"name":"wp","href":"https:\/\/api.w.org\/{rel}","templated":true}]}}