{"id":3470,"date":"2025-10-06T11:53:22","date_gmt":"2025-10-06T08:53:22","guid":{"rendered":"https:\/\/sivustot.lentopallo.fi\/lansi-suomi\/?page_id=3470"},"modified":"2025-10-08T20:52:18","modified_gmt":"2025-10-08T17:52:18","slug":"kutsu-keski-suomen-maakuntaparlamenttiin-2025","status":"publish","type":"page","link":"https:\/\/sivustot.lentopallo.fi\/lansi-suomi\/kutsu-keski-suomen-maakuntaparlamenttiin-2025\/","title":{"rendered":"Kutsu Keski-Suomen maakuntaparlamenttiin 2025"},"content":{"rendered":"\n<figure class=\"wp-block-table is-style-stripes\"><table class=\"has-fixed-layout\"><tbody><tr><td><strong>2025 Parlamentin <\/strong><\/td><td><\/td><\/tr><tr><td><em><strong>Ajankohta<\/strong>:<\/em><\/td><td><em><strong>Tiistai, 28.10.2025, klo 20:00<\/strong><\/em><\/td><\/tr><tr><td><em><strong>Paikka<\/strong>:<\/em><\/td><td><em><strong>Teams-et\u00e4yhteys<\/strong><\/em><\/td><\/tr><\/tbody><\/table><\/figure>\n\n\n\n<h3 class=\"wp-block-heading\"><br><\/h3>\n\n\n\n<div class=\"wp-block-buttons is-layout-flex wp-block-buttons-is-layout-flex\">\n<div class=\"wp-block-button has-custom-width wp-block-button__width-100 is-style-outline is-style-outline--1\"><a class=\"wp-block-button__link has-vivid-cyan-blue-background-color has-background wp-element-button\" href=\"https:\/\/sivustot.lentopallo.fi\/lansi-suomi\/files\/2025\/10\/Valtakirja_Mk-parlamentti_2025_10_28.pdf\" target=\"_blank\" rel=\"noreferrer noopener\"><strong><em>Tulosta t\u00e4st\u00e4 2025 valtakirja<\/em><\/strong><\/a><\/div>\n<\/div>\n\n\n\n<p><br><br><strong>Valtakirjojen tarkastus:<\/strong><\/p>\n\n\n\n<p>Valtakirja (kuva\/-t) tulee toimittaa viimeist\u00e4\u00e4n 2 h ennen kokouksen alkua Keski-Suomen maakuntajaoston<br>puheenjohtaja Markku Ylisiurualle osoitteeseen<br><a href=\"markku.ylisiurua@lentopalloliitto.fi\" target=\"_blank\" rel=\"noreferrer noopener\">markku.ylisiurua@lentopalloliitto.fi<\/a> <br><strong>JA<\/strong> <br>sihteeri Sanna Pahkalalle osoitteeseen <br><a href=\"mailto:sajopahkala@gmail.com\" target=\"_blank\" rel=\"noreferrer noopener\">sajopahkala@gmail.com<\/a><\/p>\n\n\n\n<p><strong>L\u00e4sn\u00e4olevien edustajien valtakirjojen tarkastus alkaa klo 19:30.<\/strong><br><br><\/p>\n\n\n\n<hr class=\"wp-block-separator has-alpha-channel-opacity\" \/>\n\n\n\n<p><br><strong>Ilmoittautuminen parlamenttiin p\u00e4\u00e4ttyy maanantaina 27.10.2025, klo 17:00<\/strong><br><br><\/p>\n\n\n\n<div class=\"wp-block-buttons is-layout-flex wp-container-core-buttons-is-layout-c07eda73 wp-block-buttons-is-layout-flex\">\n<div class=\"wp-block-button has-custom-width wp-block-button__width-100 is-style-outline is-style-outline--2\"><a class=\"wp-block-button__link has-black-color has-pale-cyan-blue-background-color has-text-color has-background wp-element-button\" href=\"https:\/\/www.suomisport.fi\/events\/47d78850-e1fb-4d69-a587-a6d7effb45ee\" style=\"border-radius:50px\" target=\"_blank\" rel=\"noreferrer noopener\"><strong>SuomiSport-linkki 2025 K-S maakuntaparlamentin ilmoittautumiseen<\/strong><\/a><\/div>\n<\/div>\n\n\n\n<p><br><br><\/p>\n\n\n\n<p><\/p>\n\n\n\n<p><\/p>\n\n\n\n<hr class=\"wp-block-separator has-alpha-channel-opacity\" \/>\n\n\n\n<p><br><strong><em>Kokouksen esityslista<\/em><\/strong><\/p>\n\n\n\n<figure class=\"wp-block-table is-style-stripes\"><table class=\"has-black-color has-white-background-color has-text-color has-background\"><tbody><tr><td class=\"has-text-align-right\" data-align=\"right\">1.<\/td><td>\u00a7<\/td><td>Avaus<\/td><\/tr><tr><td class=\"has-text-align-right\" data-align=\"right\">2.<\/td><td>\u00a7<\/td><td>Kokouksen laillisuus ja p\u00e4\u00e4t\u00f6svaltaisuus<\/td><\/tr><tr><td class=\"has-text-align-right\" data-align=\"right\">3.<\/td><td>\u00a7<\/td><td>Todetaan edustettuina olevat j\u00e4senseurat ja \u00e4\u00e4nim\u00e4\u00e4r\u00e4t<\/td><\/tr><tr><td class=\"has-text-align-right\" data-align=\"right\">4.<\/td><td>\u00a7<\/td><td>Kokouksen j\u00e4rjest\u00e4ytyminen.<br><em>Valitaan kokoukselle puheenjohtaja, sihteeri, kaksi p\u00f6yt\u00e4kirjan tarkastajaa sek\u00e4 kaksi \u00e4\u00e4ntenlaskijaa<\/em><\/td><\/tr><tr><td class=\"has-text-align-right\" data-align=\"right\">5.<\/td><td>\u00a7<\/td><td>Maakuntajaoston toimintakatsaus 2024-2025<\/td><\/tr><tr><td class=\"has-text-align-right\" data-align=\"right\">6.<\/td><td>\u00a7<\/td><td>Maakuntajaoston toimintasuunnitelma 2025-2026<\/td><\/tr><tr><td class=\"has-text-align-right\" data-align=\"right\">7.<\/td><td>\u00a7<\/td><td><mark class=\"has-inline-color has-black-color\">Valitaan maakuntajaostolle puheenjohtaja vuodelle 2026<\/mark><\/td><\/tr><tr><td class=\"has-text-align-right\" data-align=\"right\">8.<\/td><td>\u00a7<\/td><td><mark class=\"has-inline-color has-black-color\">Valitaan Keski-Suomen aluejaoston j\u00e4senet erovuoroisten tilalle vuosille 2026-2027<br><em>Erovuorossa Susanna Kirvesm\u00e4ki, Perttu Nuija ja Sanna Pahkala <\/em><\/mark><\/td><\/tr><tr><td class=\"has-text-align-right\" data-align=\"right\">9.<\/td><td>\u00a7<\/td><td>Valitaan Keski-Suomen edustajat Lentopalloliiton liittovaltuustoon 2026-2027<br><em>2024-2025 Markku Ylisiurua (varaj\u00e4sen Sanna Pahkala)<\/em><\/td><\/tr><tr><td class=\"has-text-align-right\" data-align=\"right\">10.<\/td><td>\u00a7<\/td><td>Muut asiat<\/td><\/tr><tr><td class=\"has-text-align-right\" data-align=\"right\">11.<\/td><td>\u00a7<\/td><td>Kokouksen p\u00e4\u00e4tt\u00e4minen<\/td><\/tr><tr><td class=\"has-text-align-right\" data-align=\"right\"><\/td><td><\/td><td><\/td><\/tr><\/tbody><\/table><\/figure>\n\n\n\n<h3 class=\"wp-block-heading\"><br><em><strong>Tervetuloa<\/strong><\/em><br><\/h3>\n\n\n\n<p><em>Keski-Suomen maakuntajaosto<\/em><br><\/p>\n\n\n\n<section id=\"block_18abceaacb8bdf4ad8549a5b30090a19\" class=\"contact-box\">\n\t\n\n\n\t<div class=\"contact-box-holder related-tm-info\">\n\t\t\t\t\t\t\t\n\t\t\t\t\t<div class=\"col-content\">\n\t\t\t\t\t\t\t\t\t<h3 class=\"contact-box-title\">Lis\u00e4tietoja<\/h3>\n\t\t\t\t\n\t\t\t\t\t\t\t\t\t<h2 class=\"persona-title\">Markku Ylisiurua<\/h2>\n\t\t\t\t\n\t\t\t\t\t\t\t\t\t<div class=\"persona-role\">Puheenjohtaja, tuomarikouluttaja<\/div>\n\t\t\t\t\n\t\t\t\t\t\t\t\t\t<div class=\"holder-personal-info\">\n\t\t\t\t\t\t<div class=\"persona-contact\">\n\t\t\t\t\t\t\t\t\t\t\t\t\t\t\t<div class=\"persona-phone\">\n\t\t\t\t\t\t\t\t\t<a href=\"tel:0405828895\">040 582 8895<\/a>\n\t\t\t\t\t\t\t\t<\/div>\n\t\t\t\t\t\t\t\n\t\t\t\t\t\t\t\t\t\t\t\t\t\t\t<div class=\"persona-email\">\n\t\t\t\t\t\t\t\t\t<a href=\"mailto:m&#97;&#114;kku.ylisi&#117;r&#117;a&#40;&#97;t)len&#116;o&#112;&#97;&#108;&#108;&#111;liitto.f&#105;\">m&#97;rk&#107;u.&#121;lis&#105;uru&#97;&#40;at)len&#116;&#111;pa&#108;&#108;oli&#105;t&#116;o&#46;&#102;&#105;<\/a>\n\t\t\t\t\t\t\t\t<\/div>\n\t\t\t\t\t\t\t\t\t\t\t\t\t<\/div>\n\t\t\t\t\t\t<div class=\"persona-contact-link\">\n\t\t\t\t\t\t\t\t\t\t\t\t\t\t\t<a class=\"btn btn-contact btn btn-read-more\" href=\"mailto:m&#97;&#114;&#107;k&#117;.y&#108;is&#105;u&#114;&#117;&#97;(at)le&#110;&#116;&#111;pa&#108;lol&#105;i&#116;to.&#102;&#105;\">Ota yhteytt\u00e4<\/a>\n\t\t\t\t\t\t\t\t\t\t\t\t\t<\/div>\n\t\t\t\t\t<\/div>\n\t\t\t\t\t\t\t<\/div>\n\t\t\t<\/div>\n\n\n\n\n\n<\/section>\n\n\n\n<p><\/p>\n\n\n\n<p><\/p>\n","protected":false},"excerpt":{"rendered":"<p>2025 Parlamentin Ajankohta: Tiistai, 28.10.2025, klo 20:00 Paikka: Teams-et\u00e4yhteys Valtakirjojen tarkastus: Valtakirja (kuva\/-t) tulee toimittaa viimeist\u00e4\u00e4n 2 h ennen kokouksen alkua Keski-Suomen maakuntajaostonpuheenjohtaja Markku Ylisiurualle osoitteeseenmarkku.ylisiurua@lentopalloliitto.fi JA sihteeri Sanna Pahkalalle osoitteeseen sajopahkala@gmail.com L\u00e4sn\u00e4olevien edustajien valtakirjojen tarkastus alkaa klo 19:30. Ilmoittautuminen parlamenttiin p\u00e4\u00e4ttyy maanantaina 27.10.2025, klo 17:00 Kokouksen esityslista 1. \u00a7 Avaus 2. \u00a7 Kokouksen laillisuus [&hellip;]<\/p>\n","protected":false},"author":12,"featured_media":0,"parent":0,"menu_order":0,"comment_status":"closed","ping_status":"closed","template":"pages\/template-kilpailu.php","meta":{"_acf_changed":false,"inline_featured_image":false,"footnotes":""},"class_list":["post-3470","page","type-page","status-publish","hentry"],"acf":[],"_links":{"self":[{"href":"https:\/\/sivustot.lentopallo.fi\/lansi-suomi\/wp-json\/wp\/v2\/pages\/3470","targetHints":{"allow":["GET"]}}],"collection":[{"href":"https:\/\/sivustot.lentopallo.fi\/lansi-suomi\/wp-json\/wp\/v2\/pages"}],"about":[{"href":"https:\/\/sivustot.lentopallo.fi\/lansi-suomi\/wp-json\/wp\/v2\/types\/page"}],"author":[{"embeddable":true,"href":"https:\/\/sivustot.lentopallo.fi\/lansi-suomi\/wp-json\/wp\/v2\/users\/12"}],"replies":[{"embeddable":true,"href":"https:\/\/sivustot.lentopallo.fi\/lansi-suomi\/wp-json\/wp\/v2\/comments?post=3470"}],"version-history":[{"count":20,"href":"https:\/\/sivustot.lentopallo.fi\/lansi-suomi\/wp-json\/wp\/v2\/pages\/3470\/revisions"}],"predecessor-version":[{"id":3517,"href":"https:\/\/sivustot.lentopallo.fi\/lansi-suomi\/wp-json\/wp\/v2\/pages\/3470\/revisions\/3517"}],"wp:attachment":[{"href":"https:\/\/sivustot.lentopallo.fi\/lansi-suomi\/wp-json\/wp\/v2\/media?parent=3470"}],"curies":[{"name":"wp","href":"https:\/\/api.w.org\/{rel}","templated":true}]}}