{"id":3531,"date":"2025-11-10T17:03:35","date_gmt":"2025-11-10T15:03:35","guid":{"rendered":"https:\/\/sivustot.lentopallo.fi\/lansi-suomi\/?page_id=3531"},"modified":"2025-11-11T13:25:21","modified_gmt":"2025-11-11T11:25:21","slug":"u13-leiritys-2025-11-30","status":"publish","type":"page","link":"https:\/\/sivustot.lentopallo.fi\/lansi-suomi\/aluevalmennus\/u13-leiritys-2025-11-30\/","title":{"rendered":"U13 leiritys 30.11.2025"},"content":{"rendered":"\n<p><strong>L\u00e4nnen alue j\u00e4rjest\u00e4\u00e4 30.11.2025 Teho-\/katsastusleirin 2013 syntyneille tyt\u00f6ille ja pojille.<\/strong><br><br><\/p>\n\n\n\n<figure class=\"wp-block-table is-style-stripes\"><table class=\"has-fixed-layout\"><tbody><tr><td><strong><em>Pojat leireilev\u00e4t Kuortaneella<\/em><\/strong>.<\/td><td><\/td><\/tr><tr><td><strong><em>Aikataulu<\/em><\/strong><\/td><td><\/td><\/tr><tr><td>09:30<\/td><td>Ilmoittautuminen<\/td><\/tr><tr><td>10:00 &#8211; 12:00<\/td><td>Lp-Areena<\/td><\/tr><tr><td>12:30 &#8211; 13:30<\/td><td>Lounas<\/td><\/tr><tr><td>15:00 &#8211; 17:00<\/td><td>Lp-Areena<\/td><\/tr><tr><td><\/td><td>kotiin<\/td><\/tr><\/tbody><\/table><\/figure>\n\n\n\n<p><\/p>\n\n\n\n<figure class=\"wp-block-table is-style-stripes\"><table class=\"has-fixed-layout\"><tbody><tr><td><strong><em>Tyt\u00f6t leireilev\u00e4t Kyyj\u00e4rvell\u00e4.<\/em><\/strong><\/td><td><\/td><\/tr><tr><td><em><strong>Aikataulu<\/strong><\/em><\/td><td><\/td><\/tr><tr><td>09:30<\/td><td>Ilmoittautuminen<\/td><\/tr><tr><td>10:00 &#8211; 12:00<\/td><td>Kyy York Areena<\/td><\/tr><tr><td>12:30 &#8211; 13:30<\/td><td>Lounas<\/td><\/tr><tr><td>15:00 &#8211; 17:00<\/td><td>Kyy York Areena<\/td><\/tr><tr><td><\/td><td>kotiin<\/td><\/tr><\/tbody><\/table><\/figure>\n\n\n\n<p>Leirip\u00e4iv\u00e4 on avoin tapahtuma. <br>Sen tarkoituksena on antaa laadukasta treeni\u00e4 ja katsastaa samalla alueen pelaajia.<br>Leirilt\u00e4 pelaajilla on mahdollisuus tulla valituksi tammikuun U16 maajoukkueleirille.<\/p>\n\n\n\n<p>Valmentajina toimii L\u00e4nnen alue- ja mahdollisesti my\u00f6s U16 maajoukkuevalmentajia.<\/p>\n\n\n\n<p>Leirip\u00e4iv\u00e4n hinta on 50 \u20ac\/pelaaja.<\/p>\n\n\n\n<p><em><strong>Ilmoittautuminen p\u00e4\u00e4ttyy ke 26.11.2025, klo 22:00<\/strong><\/em><\/p>\n\n\n\n<p><br><\/p>\n\n\n\n<p><strong><em>Ilmoittautumislinkit<\/em><\/strong><\/p>\n\n\n\n<div class=\"wp-block-buttons is-layout-flex wp-block-buttons-is-layout-flex\">\n<div class=\"wp-block-button has-custom-width wp-block-button__width-100 is-style-outline is-style-outline--1\"><a class=\"wp-block-button__link has-black-color has-pale-cyan-blue-background-color has-text-color has-background has-link-color wp-element-button\" href=\"https:\/\/www.suomisport.fi\/events\/b2c6784d-7a60-40b8-bf20-b8c9dd1767aa\" style=\"border-radius:15px\" target=\"_blank\" rel=\"noreferrer noopener\"><strong><em>U13 Pojat, ilmoittautuminen Kuortaneen leirille 30.11.2025<\/em><\/strong><\/a><\/div>\n<\/div>\n\n\n\n<p><br><\/p>\n\n\n\n<div class=\"wp-block-buttons is-layout-flex wp-block-buttons-is-layout-flex\">\n<div class=\"wp-block-button has-custom-width wp-block-button__width-100 is-style-fill\"><a class=\"wp-block-button__link has-black-color has-pale-pink-background-color has-text-color has-background has-link-color wp-element-button\" href=\"https:\/\/www.suomisport.fi\/events\/ebb74bce-8ea9-42e5-bd2f-93814d21ab0f\" style=\"border-radius:15px\" target=\"_blank\" rel=\"noreferrer noopener\"><strong><em>U13 Tyt\u00f6t, ilmoittautuminen Kyyj\u00e4rven leirille 30.11.2025<\/em><\/strong><\/a><\/div>\n<\/div>\n\n\n\n<p><\/p>\n\n\n\n<p><br><\/p>\n\n\n\n<section id=\"block_9e48769cabd0582c282863057c3c18a7\" class=\"contact-box\">\n\t\n\n\n\t<div class=\"contact-box-holder related-tm-info\">\n\t\t\t\t\t\t\t\n\t\t\t\t\t<div class=\"col-content\">\n\t\t\t\t\t\t\t\t\t<h3 class=\"contact-box-title\">Lis\u00e4tietoja<\/h3>\n\t\t\t\t\n\t\t\t\t\t\t\t\t\t<h2 class=\"persona-title\">Henrik Huumarkangas<\/h2>\n\t\t\t\t\n\t\t\t\t\t\t\t\t\t<div class=\"persona-role\">P\u00e4\u00e4valmentaja<\/div>\n\t\t\t\t\n\t\t\t\t\t\t\t\t\t<div class=\"holder-personal-info\">\n\t\t\t\t\t\t<div class=\"persona-contact\">\n\t\t\t\t\t\t\t\t\t\t\t\t\t\t\t<div class=\"persona-phone\">\n\t\t\t\t\t\t\t\t\t<a href=\"tel:0456306871\">045 630 6871 <\/a>\n\t\t\t\t\t\t\t\t<\/div>\n\t\t\t\t\t\t\t\n\t\t\t\t\t\t\t\t\t\t\t\t\t\t\t<div class=\"persona-email\">\n\t\t\t\t\t\t\t\t\t<a href=\"mailto:h&#117;um&#104;e&#40;at)&#103;m&#97;il&#46;&#99;&#111;m \">&#104;u&#117;m&#104;&#101;&#40;at)gm&#97;&#105;&#108;&#46;co&#109;&#32;<\/a>\n\t\t\t\t\t\t\t\t<\/div>\n\t\t\t\t\t\t\t\t\t\t\t\t\t<\/div>\n\t\t\t\t\t\t<div class=\"persona-contact-link\">\n\t\t\t\t\t\t\t\t\t\t\t\t\t\t\t<a class=\"btn btn-contact btn btn-read-more\" href=\"tel:0456306871\">Ota yhteytt\u00e4<\/a>\n\t\t\t\t\t\t\t\t\t\t\t\t\t<\/div>\n\t\t\t\t\t<\/div>\n\t\t\t\t\t\t\t<\/div>\n\t\t\t<\/div>\n\n\n\n\n\n<\/section>\n","protected":false},"excerpt":{"rendered":"<p>L\u00e4nnen alue j\u00e4rjest\u00e4\u00e4 30.11.2025 Teho-\/katsastusleirin 2013 syntyneille tyt\u00f6ille ja pojille. Pojat leireilev\u00e4t Kuortaneella. Aikataulu 09:30 Ilmoittautuminen 10:00 &#8211; 12:00 Lp-Areena 12:30 &#8211; 13:30 Lounas 15:00 &#8211; 17:00 Lp-Areena kotiin Tyt\u00f6t leireilev\u00e4t Kyyj\u00e4rvell\u00e4. Aikataulu 09:30 Ilmoittautuminen 10:00 &#8211; 12:00 Kyy York Areena 12:30 &#8211; 13:30 Lounas 15:00 &#8211; 17:00 Kyy York Areena kotiin Leirip\u00e4iv\u00e4 on avoin [&hellip;]<\/p>\n","protected":false},"author":12,"featured_media":0,"parent":257,"menu_order":0,"comment_status":"closed","ping_status":"closed","template":"pages\/template-kilpailu.php","meta":{"_acf_changed":false,"inline_featured_image":false,"footnotes":""},"class_list":["post-3531","page","type-page","status-publish","hentry"],"acf":[],"_links":{"self":[{"href":"https:\/\/sivustot.lentopallo.fi\/lansi-suomi\/wp-json\/wp\/v2\/pages\/3531","targetHints":{"allow":["GET"]}}],"collection":[{"href":"https:\/\/sivustot.lentopallo.fi\/lansi-suomi\/wp-json\/wp\/v2\/pages"}],"about":[{"href":"https:\/\/sivustot.lentopallo.fi\/lansi-suomi\/wp-json\/wp\/v2\/types\/page"}],"author":[{"embeddable":true,"href":"https:\/\/sivustot.lentopallo.fi\/lansi-suomi\/wp-json\/wp\/v2\/users\/12"}],"replies":[{"embeddable":true,"href":"https:\/\/sivustot.lentopallo.fi\/lansi-suomi\/wp-json\/wp\/v2\/comments?post=3531"}],"version-history":[{"count":20,"href":"https:\/\/sivustot.lentopallo.fi\/lansi-suomi\/wp-json\/wp\/v2\/pages\/3531\/revisions"}],"predecessor-version":[{"id":3576,"href":"https:\/\/sivustot.lentopallo.fi\/lansi-suomi\/wp-json\/wp\/v2\/pages\/3531\/revisions\/3576"}],"up":[{"embeddable":true,"href":"https:\/\/sivustot.lentopallo.fi\/lansi-suomi\/wp-json\/wp\/v2\/pages\/257"}],"wp:attachment":[{"href":"https:\/\/sivustot.lentopallo.fi\/lansi-suomi\/wp-json\/wp\/v2\/media?parent=3531"}],"curies":[{"name":"wp","href":"https:\/\/api.w.org\/{rel}","templated":true}]}}