{"id":3590,"date":"2026-01-11T16:31:20","date_gmt":"2026-01-11T14:31:20","guid":{"rendered":"https:\/\/sivustot.lentopallo.fi\/lansi-suomi\/?page_id=3590"},"modified":"2026-01-31T14:43:24","modified_gmt":"2026-01-31T12:43:24","slug":"paavalmnennuksen-soihdunkantaja-vaihtuu","status":"publish","type":"page","link":"https:\/\/sivustot.lentopallo.fi\/lansi-suomi\/aluevalmennus\/paavalmnennuksen-soihdunkantaja-vaihtuu\/","title":{"rendered":"Pv, soihdunkantaja vaihtuu"},"content":{"rendered":"\n<p class=\"has-text-align-left\"><strong>Henkka v\u00e4istyy L\u00e4nsi-Suomen p\u00e4\u00e4valmentajan teht\u00e4v\u00e4st\u00e4 ja uutena p\u00e4\u00e4valmentajana aloittaa Tuire Koljonen.<\/strong><\/p>\n\n\n\n<p><em>Tuire on tehnyt eritt\u00e4in mittavan valmentajauransa aikana valtavan paljon hyv\u00e4\u00e4 ty\u00f6t\u00e4 my\u00f6s L\u00e4nsi-Suomen aluevalmentajana. H\u00e4nell\u00e4 on laaja kokemus lentopallon kehittymisest\u00e4 vuosituhannen alkup\u00e4\u00e4st\u00e4 nykyp\u00e4iv\u00e4\u00e4n ja h\u00e4nen intohimonsa lajia kohtaan on edelleen poikkeuksellisen vahva.<\/em><br><em>Tuire haluaa kehitty\u00e4 jatkuvasti valmentajana &#8211; t\u00e4st\u00e4 osoituksena on mm. juuri p\u00e4\u00e4ttynyt 2-tason koulutus sek\u00e4 nyt vastaanotettu p\u00e4\u00e4valmentajan teht\u00e4v\u00e4.<\/em><br><em>Olen eritt\u00e4in tyytyv\u00e4inen t\u00e4h\u00e4n liiton ja alueen ratkaisuun. L\u00e4nsi-Suomi saa todella hyv\u00e4n p\u00e4\u00e4valmentajan.<\/em><\/p>\n\n\n\n<p><em>Omasta puolestani haluan kiitt\u00e4\u00e4 L\u00e4nsi-Suomen aluejaostoa, seuroja ja vanhempia hyv\u00e4st\u00e4 ja rakentavasta yhteisty\u00f6st\u00e4 toimikauteni aikana.<\/em><br><em>Erityiskiitos jaoston puheenjohtaja Susanna Kirvesm\u00e4elle<\/em><br><em>\ud83d\ude4f<\/em><\/p>\n\n\n\n<p><strong>&#8211; <em>Henkka<\/em> &#8211;<\/strong><\/p>\n\n\n\n<p><\/p>\n\n\n\n<p><\/p>\n\n\n\n<p><br><strong><em>Tuiren turina<\/em><\/strong><br><em>Olen kiitollinen t\u00e4st\u00e4 mahdollisuudesta.<\/em><br><em>Olen ollut pitk\u00e4\u00e4n mukana aluevalmennuksessa ja nauttinut siit\u00e4. Nyt koin, ett\u00e4 t\u00e4m\u00e4 olisi minulle positiivinen uusi haaste valmennusteht\u00e4viss\u00e4.<\/em><br><em>Lentopallo on joukkuepeli\u00e4, t\u00e4t\u00e4 t\u00e4rke\u00e4\u00e4 aluevalmennustakin tehd\u00e4\u00e4n tiimin\u00e4, yhdess\u00e4 lajin ja nuorten eteen. Mutta uskon ja luotan, ett\u00e4 saan tueksi hyv\u00e4n tiimin.<\/em><br><em>Kiitos my\u00f6s liitolle ja aluejaostolle luottamuksesta ja valinnasta t\u00e4h\u00e4n teht\u00e4v\u00e4\u00e4n.<\/em><\/p>\n\n\n\n<p class=\"has-text-align-left\"><br><strong>Samassa yhteydess\u00e4 Liitto ja L\u00e4nnen aluejaosto ovat p\u00e4\u00e4tt\u00e4neet, ett\u00e4 uudessa toimessa p\u00e4\u00e4valmentajan parina, <em>L\u00e4nnen alueen joukkueenjohtajana<\/em>, aloittaa Perttu Nuija.<\/strong><\/p>\n\n\n\n<p class=\"has-text-align-left\"><\/p>\n\n\n\n<p><\/p>\n\n\n\n<p><strong><em>Pertun pakina<br><\/em><\/strong><em>Useampia vuosia olen ollut mukana maakuntavalmennuksessa. Aluevalmennusta ja SM-kilpailuja katsomon puolelta seuranneena kiit\u00e4n luottamuksesta, otan haasteen vastaan ja l\u00e4hden avoimin mielin mukaan aluevalmennuksen toimintaan.<\/em><\/p>\n\n\n\n<p><br><\/p>\n\n\n\n<p class=\"has-text-align-left\"><strong>Tsemppi\u00e4 uudelle kaksikolle ja koko aluevalmennustiimille uusiin teht\u00e4viin.<\/strong><br><br><\/p>\n\n\n\n<hr class=\"wp-block-separator has-alpha-channel-opacity\" \/>\n\n\n\n<p><br><\/p>\n\n\n\n<section id=\"block_0004f2c963148e652308e32c1133c300\" class=\"contact-box\">\n\t\n\n\n\t<div class=\"contact-box-holder related-tm-info\">\n\t\t\t\t\t\t\t\n\t\t\t\t\t<div class=\"col-content\">\n\t\t\t\t\t\t\t\t\t<h3 class=\"contact-box-title\">Lis\u00e4tietoja<\/h3>\n\t\t\t\t\n\t\t\t\t\t\t\t\t\t<h2 class=\"persona-title\">Tuire Koljonen<\/h2>\n\t\t\t\t\n\t\t\t\t\t\t\t\t\t<div class=\"persona-role\">L\u00e4nnen p\u00e4\u00e4valmentaja<\/div>\n\t\t\t\t\n\t\t\t\t\t\t\t\t\t<div class=\"holder-personal-info\">\n\t\t\t\t\t\t<div class=\"persona-contact\">\n\t\t\t\t\t\t\t\t\t\t\t\t\t\t\t<div class=\"persona-phone\">\n\t\t\t\t\t\t\t\t\t<a href=\"tel:0440940149\">044 094 0149<\/a>\n\t\t\t\t\t\t\t\t<\/div>\n\t\t\t\t\t\t\t\n\t\t\t\t\t\t\t\t\t\t\t\t\t\t\t<div class=\"persona-email\">\n\t\t\t\t\t\t\t\t\t<a href=\"mailto:t&#117;i&#114;e&#46;k&#111;ljone&#110;&#40;a&#116;)g&#109;ai&#108;.com\">&#116;u&#105;&#114;e.k&#111;&#108;&#106;&#111;ne&#110;&#40;&#97;t)gma&#105;&#108;.&#99;o&#109;<\/a>\n\t\t\t\t\t\t\t\t<\/div>\n\t\t\t\t\t\t\t\t\t\t\t\t\t<\/div>\n\t\t\t\t\t\t<div class=\"persona-contact-link\">\n\t\t\t\t\t\t\t\t\t\t\t\t\t\t\t<a class=\"btn btn-contact btn btn-read-more\" href=\"tel:0440940149\">Ota yhteytt\u00e4<\/a>\n\t\t\t\t\t\t\t\t\t\t\t\t\t<\/div>\n\t\t\t\t\t<\/div>\n\t\t\t\t\t\t\t<\/div>\n\t\t\t<\/div>\n\n\n\n\n\n<\/section>\n\n\n\n<section id=\"block_68a494e02b8476be3c1dd586087176a4\" class=\"contact-box\">\n\t\n\n\n\t<div class=\"contact-box-holder related-tm-info\">\n\t\t\t\t\t\t\t\n\t\t\t\t\t<div class=\"col-content\">\n\t\t\t\t\t\t\t\t\t<h3 class=\"contact-box-title\">Lis\u00e4tietoja<\/h3>\n\t\t\t\t\n\t\t\t\t\t\t\t\t\t<h2 class=\"persona-title\">Perttu Nuija<\/h2>\n\t\t\t\t\n\t\t\t\t\t\t\t\t\t<div class=\"persona-role\">L\u00e4nnen joukkueenjohtaja<\/div>\n\t\t\t\t\n\t\t\t\t\t\t\t\t\t<div class=\"holder-personal-info\">\n\t\t\t\t\t\t<div class=\"persona-contact\">\n\t\t\t\t\t\t\t\t\t\t\t\t\t\t\t<div class=\"persona-phone\">\n\t\t\t\t\t\t\t\t\t<a href=\"tel:0405474512\">040 547 4512<\/a>\n\t\t\t\t\t\t\t\t<\/div>\n\t\t\t\t\t\t\t\n\t\t\t\t\t\t\t\t\t\t\t\t\t\t\t<div class=\"persona-email\">\n\t\t\t\t\t\t\t\t\t<a href=\"mailto:p&#101;rt&#116;&#117;.&#110;ui&#106;a&#40;&#97;t&#41;g&#109;&#97;il&#46;c&#111;m\">&#112;ertt&#117;.&#110;u&#105;ja&#40;&#97;&#116;&#41;g&#109;&#97;i&#108;.&#99;o&#109;<\/a>\n\t\t\t\t\t\t\t\t<\/div>\n\t\t\t\t\t\t\t\t\t\t\t\t\t<\/div>\n\t\t\t\t\t\t<div class=\"persona-contact-link\">\n\t\t\t\t\t\t\t\t\t\t\t\t\t\t\t<a class=\"btn btn-contact btn btn-read-more\" href=\"tel:0405474512\">Ota yhteytt\u00e4<\/a>\n\t\t\t\t\t\t\t\t\t\t\t\t\t<\/div>\n\t\t\t\t\t<\/div>\n\t\t\t\t\t\t\t<\/div>\n\t\t\t<\/div>\n\n\n\n\n\n<\/section>\n\n\n\n<section id=\"block_8f67dac194a589bb24f575ecb275566e\" class=\"contact-box\">\n\t\n\n\n\t<div class=\"contact-box-holder related-tm-info\">\n\t\t\t\t\t\t\t\n\t\t\t\t\t<div class=\"col-content\">\n\t\t\t\t\t\t\t\t\t<h3 class=\"contact-box-title\">Lis\u00e4tietoja<\/h3>\n\t\t\t\t\n\t\t\t\t\t\t\t\t\t<h2 class=\"persona-title\">Susanna Kirvesm\u00e4ki<\/h2>\n\t\t\t\t\n\t\t\t\t\t\t\t\t\t<div class=\"persona-role\">L\u00e4nnen puheenjohtaja, kilpailuvastaava<\/div>\n\t\t\t\t\n\t\t\t\t\t\t\t\t\t<div class=\"holder-personal-info\">\n\t\t\t\t\t\t<div class=\"persona-contact\">\n\t\t\t\t\t\t\t\t\t\t\t\t\t\t\t<div class=\"persona-phone\">\n\t\t\t\t\t\t\t\t\t<a href=\"tel:0407603569\">040 760 3569<\/a>\n\t\t\t\t\t\t\t\t<\/div>\n\t\t\t\t\t\t\t\n\t\t\t\t\t\t\t\t\t\t\t\t\t\t\t<div class=\"persona-email\">\n\t\t\t\t\t\t\t\t\t<a href=\"mailto:s&#117;san&#110;&#97;.&#107;i&#114;ve&#115;&#109;&#97;k&#105;&#40;&#97;t&#41;&#108;e&#110;t&#111;pall&#111;&#108;iit&#116;o&#46;&#102;&#105;\">&#115;u&#115;&#97;nna.&#107;irvesmaki&#40;a&#116;&#41;&#108;e&#110;t&#111;p&#97;l&#108;&#111;&#108;&#105;&#105;&#116;t&#111;&#46;f&#105;<\/a>\n\t\t\t\t\t\t\t\t<\/div>\n\t\t\t\t\t\t\t\t\t\t\t\t\t<\/div>\n\t\t\t\t\t\t<div class=\"persona-contact-link\">\n\t\t\t\t\t\t\t\t\t\t\t\t\t\t\t<a class=\"btn btn-contact btn btn-read-more\" href=\"tel:0407603569\">Ota yhteytt\u00e4<\/a>\n\t\t\t\t\t\t\t\t\t\t\t\t\t<\/div>\n\t\t\t\t\t<\/div>\n\t\t\t\t\t\t\t<\/div>\n\t\t\t<\/div>\n\n\n\n\n\n<\/section>\n","protected":false},"excerpt":{"rendered":"<p>Henkka v\u00e4istyy L\u00e4nsi-Suomen p\u00e4\u00e4valmentajan teht\u00e4v\u00e4st\u00e4 ja uutena p\u00e4\u00e4valmentajana aloittaa Tuire Koljonen. Tuire on tehnyt eritt\u00e4in mittavan valmentajauransa aikana valtavan paljon hyv\u00e4\u00e4 ty\u00f6t\u00e4 my\u00f6s L\u00e4nsi-Suomen aluevalmentajana. H\u00e4nell\u00e4 on laaja kokemus lentopallon kehittymisest\u00e4 vuosituhannen alkup\u00e4\u00e4st\u00e4 nykyp\u00e4iv\u00e4\u00e4n ja h\u00e4nen intohimonsa lajia kohtaan on edelleen poikkeuksellisen vahva.Tuire haluaa kehitty\u00e4 jatkuvasti valmentajana &#8211; t\u00e4st\u00e4 osoituksena on mm. juuri p\u00e4\u00e4ttynyt 2-tason [&hellip;]<\/p>\n","protected":false},"author":12,"featured_media":0,"parent":257,"menu_order":0,"comment_status":"closed","ping_status":"closed","template":"pages\/template-kilpailu.php","meta":{"_acf_changed":false,"inline_featured_image":false,"footnotes":""},"class_list":["post-3590","page","type-page","status-publish","hentry"],"acf":[],"_links":{"self":[{"href":"https:\/\/sivustot.lentopallo.fi\/lansi-suomi\/wp-json\/wp\/v2\/pages\/3590","targetHints":{"allow":["GET"]}}],"collection":[{"href":"https:\/\/sivustot.lentopallo.fi\/lansi-suomi\/wp-json\/wp\/v2\/pages"}],"about":[{"href":"https:\/\/sivustot.lentopallo.fi\/lansi-suomi\/wp-json\/wp\/v2\/types\/page"}],"author":[{"embeddable":true,"href":"https:\/\/sivustot.lentopallo.fi\/lansi-suomi\/wp-json\/wp\/v2\/users\/12"}],"replies":[{"embeddable":true,"href":"https:\/\/sivustot.lentopallo.fi\/lansi-suomi\/wp-json\/wp\/v2\/comments?post=3590"}],"version-history":[{"count":19,"href":"https:\/\/sivustot.lentopallo.fi\/lansi-suomi\/wp-json\/wp\/v2\/pages\/3590\/revisions"}],"predecessor-version":[{"id":3671,"href":"https:\/\/sivustot.lentopallo.fi\/lansi-suomi\/wp-json\/wp\/v2\/pages\/3590\/revisions\/3671"}],"up":[{"embeddable":true,"href":"https:\/\/sivustot.lentopallo.fi\/lansi-suomi\/wp-json\/wp\/v2\/pages\/257"}],"wp:attachment":[{"href":"https:\/\/sivustot.lentopallo.fi\/lansi-suomi\/wp-json\/wp\/v2\/media?parent=3590"}],"curies":[{"name":"wp","href":"https:\/\/api.w.org\/{rel}","templated":true}]}}