{"id":3636,"date":"2026-01-31T11:57:32","date_gmt":"2026-01-31T09:57:32","guid":{"rendered":"https:\/\/sivustot.lentopallo.fi\/lansi-suomi\/?page_id=3636"},"modified":"2026-01-31T14:59:32","modified_gmt":"2026-01-31T12:59:32","slug":"keski-suomen-urheilugaala-2026","status":"publish","type":"page","link":"https:\/\/sivustot.lentopallo.fi\/lansi-suomi\/keski-suomi\/keski-suomen-urheilugaala-2026\/","title":{"rendered":"K-S Urheilugaala 2026"},"content":{"rendered":"\n<p><strong>pidettiin 30.1.2026, Scandic Laajavuoressa.<\/strong><br><\/p>\n\n\n\n<p>Lentopalloliiton Keski-Suomen maakuntajaosto palkitsi <strong>Petri Mielosen<\/strong> <em><strong>v. 2025 Urheiluteko <\/strong><\/em><strong>palkinnolla<\/strong>.<\/p>\n\n\n\n<figure class=\"wp-block-image size-large is-style-rounded\"><img loading=\"lazy\" decoding=\"async\" width=\"768\" height=\"1024\" src=\"https:\/\/sivustot.lentopallo.fi\/lansi-suomi\/files\/2026\/01\/Kuva_Pete_Gaala_2026_01_30-768x1024.jpeg\" alt=\"\" class=\"wp-image-3641\" srcset=\"https:\/\/sivustot.lentopallo.fi\/lansi-suomi\/files\/2026\/01\/Kuva_Pete_Gaala_2026_01_30-768x1024.jpeg 768w, https:\/\/sivustot.lentopallo.fi\/lansi-suomi\/files\/2026\/01\/Kuva_Pete_Gaala_2026_01_30-225x300.jpeg 225w, https:\/\/sivustot.lentopallo.fi\/lansi-suomi\/files\/2026\/01\/Kuva_Pete_Gaala_2026_01_30-1152x1536.jpeg 1152w, https:\/\/sivustot.lentopallo.fi\/lansi-suomi\/files\/2026\/01\/Kuva_Pete_Gaala_2026_01_30-1126x1501.jpeg 1126w, https:\/\/sivustot.lentopallo.fi\/lansi-suomi\/files\/2026\/01\/Kuva_Pete_Gaala_2026_01_30-1060x1413.jpeg 1060w, https:\/\/sivustot.lentopallo.fi\/lansi-suomi\/files\/2026\/01\/Kuva_Pete_Gaala_2026_01_30-1039x1385.jpeg 1039w, https:\/\/sivustot.lentopallo.fi\/lansi-suomi\/files\/2026\/01\/Kuva_Pete_Gaala_2026_01_30-300x400.jpeg 300w, https:\/\/sivustot.lentopallo.fi\/lansi-suomi\/files\/2026\/01\/Kuva_Pete_Gaala_2026_01_30-55x73.jpeg 55w, https:\/\/sivustot.lentopallo.fi\/lansi-suomi\/files\/2026\/01\/Kuva_Pete_Gaala_2026_01_30.jpeg 1536w\" sizes=\"auto, (max-width: 768px) 100vw, 768px\" \/><\/figure>\n\n\n\n<p><em>L\u00e4hes 20 vuotta sitten Auli Rahikainen pyysi saarij\u00e4rvel\u00e4isen Petri Mielosen mukaan pienten lasten lentopallovalmennukseen Saarij\u00e4rven Pullistukseen.<br>My\u00f6hemmin SaPun lentopallotoiminta siirtyi uuden seuran, J\u00e4rvi-Suomen Pallon toiminnaksi.<\/em><\/p>\n\n\n\n<p><em>Muutama vuosi sitten Petri l\u00e4hti mukaan my\u00f6s naapuriseuran, Uuraisten Raikun lasten toimintaan.<br>Liiton koulutusten ja seuratoiminnan my\u00f6t\u00e4 Petri on toiminut my\u00f6s maakuntajaoston F-minien vastaavana. H\u00e4n sai Keski-Suomen pienten lentopallotoiminnan hyv\u00e4\u00e4n nousuun.<\/em><br><\/p>\n\n\n\n<figure class=\"wp-block-image size-full is-resized\"><img loading=\"lazy\" decoding=\"async\" width=\"265\" height=\"199\" src=\"https:\/\/sivustot.lentopallo.fi\/lansi-suomi\/files\/2026\/01\/image-2.jpeg\" alt=\"\" class=\"wp-image-3645\" style=\"aspect-ratio:1.3316676585569174;object-fit:contain;width:550px\" srcset=\"https:\/\/sivustot.lentopallo.fi\/lansi-suomi\/files\/2026\/01\/image-2.jpeg 265w, https:\/\/sivustot.lentopallo.fi\/lansi-suomi\/files\/2026\/01\/image-2-55x41.jpeg 55w\" sizes=\"auto, (max-width: 265px) 100vw, 265px\" \/><\/figure>\n\n\n\n<figure class=\"wp-block-image size-full is-resized\"><img loading=\"lazy\" decoding=\"async\" width=\"265\" height=\"199\" src=\"https:\/\/sivustot.lentopallo.fi\/lansi-suomi\/files\/2026\/01\/image.jpeg\" alt=\"\" class=\"wp-image-3643\" style=\"width:550px\" srcset=\"https:\/\/sivustot.lentopallo.fi\/lansi-suomi\/files\/2026\/01\/image.jpeg 265w, https:\/\/sivustot.lentopallo.fi\/lansi-suomi\/files\/2026\/01\/image-55x41.jpeg 55w\" sizes=\"auto, (max-width: 265px) 100vw, 265px\" \/><\/figure>\n\n\n\n<p><em>\u201dKeski-Suomen Cousteau\u201d (K-S:n \u201dkustoo\u201d) tunnetaan punaisesta pipostaan ja parhaiten pienten lasten ohjaajana, kannustajana yms. mutta toki h\u00e4n saa aikuisistakin esiin uusia puolia.<\/em><\/p>\n\n\n\n<p><em>Petri on ollut mukana my\u00f6s liiton koululentis-kampanjoissa, kiert\u00e4en Keski-Suomen kouluja. Maakuntavalmennuksessa h\u00e4n on toiminut n. 10 vuotta.<br>Valmennusura jatkuu edelleen, niin seura- kuin maakuntavalmennuksessakin, vaikka omat lapset ovat kasvaneet \u201dyli mini-i\u00e4n\u201d.<\/em><\/p>\n\n\n\n<p><em>Petrin joukkueen pelaajat olivat hiukka ihmetelleet valmentajansa toimintaa ja kysyneet, <strong>\u201dmink\u00e4 joukkueen puolella sin\u00e4 olet, kun kannustat vierasjoukkueita\u201d<\/strong>.<br>Petri oli rauhallisesti todennut lapsille, <strong>\u201dmin\u00e4 olen aina kaikkien joukkueiden puolella\u201d<\/strong>.<br>Vastaus kuvastaa hienosti valmentaja Pete\u00e4 ja h\u00e4nen periaatteitaan toimiessaan pienten kanssa.<br>Mielest\u00e4mme t\u00e4m\u00e4 on t\u00e4rke\u00e4 periaate kaikille lasten valmennuksessa toimiville.<\/em><\/p>\n\n\n\n<p><em>Viime vuosina Petrill\u00e4 on riitt\u00e4nyt aikaa my\u00f6s tuomaritoimintaan.<br>H\u00e4net on n\u00e4hty usein my\u00f6s Kyy York Areenalla tai Ruudussa liigaotteluiden rajatuomariteht\u00e4viss\u00e4.<\/em><br><\/p>\n\n\n\n<figure class=\"wp-block-image size-full is-resized\"><img loading=\"lazy\" decoding=\"async\" width=\"264\" height=\"173\" src=\"https:\/\/sivustot.lentopallo.fi\/lansi-suomi\/files\/2026\/01\/image-1.jpeg\" alt=\"\" class=\"wp-image-3644\" style=\"width:550px\" srcset=\"https:\/\/sivustot.lentopallo.fi\/lansi-suomi\/files\/2026\/01\/image-1.jpeg 264w, https:\/\/sivustot.lentopallo.fi\/lansi-suomi\/files\/2026\/01\/image-1-55x36.jpeg 55w\" sizes=\"auto, (max-width: 264px) 100vw, 264px\" \/><\/figure>\n\n\n\n<p>Kiitos pitk\u00e4st\u00e4, esimerkillisest\u00e4 toiminnasta lajimme ja etenkin pienten pelaajien parissa.<br>Kiitos, ett\u00e4 toimintasi jatkuu.<\/p>\n\n\n\n<p><\/p>\n\n\n\n<p><em><strong>Onnea Petrille<\/strong><\/em><br><br><br><\/p>\n\n\n\n<hr class=\"wp-block-separator has-alpha-channel-opacity\" \/>\n\n\n\n<p><br><br><br><strong><em>Muita gaalassa palkittuja, lajissamme vaikuttaneita\/-via<\/em><\/strong><br><br><br><strong>Laukaa: <em>Liikuntateko 2025<\/em> palkinto<\/strong><\/p>\n\n\n\n<p><strong>Lepp\u00e4veden Lep\u00e4n Beach Volley -leiri<\/strong><\/p>\n\n\n\n<p><a href=\"https:\/\/kihu.kuvat.fi\/i\/XRmcM7ap5seCz36THW8YUnABrbZjDufx\/kuvat\/JAKO\/Keski-Suomen+Urheilugaala\/Keski-suomen+urheilugaala+2026\/DSC_7299.JPG\" target=\"_blank\" rel=\"noreferrer noopener\"><em>Kuva, palkinnon vastaanottajat<\/em><\/a><br><strong><br><\/strong><em>Lepp\u00e4veden Lep\u00e4n j\u00e4rjest\u00e4m\u00e4 beach volley -leiri on j\u00e4rjestetty jo nelj\u00e4n\u00e4toista kes\u00e4n\u00e4. L\u00e4hes 250 lasta ymp\u00e4ri maakunnan on vuosien saatossa saanut leirill\u00e4 oppia beach volleyst\u00e4 sek\u00e4 vahvaa yhteis\u00f6llisyytt\u00e4. Kes\u00e4n 2025 uutuutena oli toisen kerran j\u00e4rjestetty matalan kynnyksen aikuisten alkeisbiitsileiri, joka niin ik\u00e4\u00e4n sai hyv\u00e4n vastaanoton. Leirill\u00e4 vastuuvalmentajana on toiminut Maarit Honkonen-Sepp\u00e4l\u00e4, ja h\u00e4nell\u00e4 on vuosien saatossa ollut valmentajina ja kes\u00e4ty\u00f6l\u00e4isin\u00e4 kaikkiaan 12 lajin nuorta lupausta.<\/em><\/p>\n\n\n\n<p><em>Lep\u00e4n ja samaisen biitsileirin kasvatti, naisten lentopallomaajoukkueen t\u00e4hti Suvi Kokkonen on osallistunut leirille useana vuonna vierailevana ohjaajana, vinkkien antajana sek\u00e4 palkintojen jakajana. Leirill\u00e4 tunnusomaista on leikkisyys, kaverin kannustaminen, hyv\u00e4t v\u00e4lipalat sek\u00e4 palkinnot. Kes\u00e4aikana j\u00e4rjestetyt leirit ovat ylitt\u00e4neet uutiskynnyksen maakuntamedioissa, joka on osaltaan tuonut n\u00e4kyvyytt\u00e4 pienelle lajille ja seuralle. Samalla on my\u00f6s pystytty nostamaan esille, ett\u00e4 pienest\u00e4kin seurasta voi edet\u00e4 jopa kansainv\u00e4liseksi lentopallon ammattilaiseksi, kun vaan l\u00f6ytyy aikuisia valmentajia, tapahtumien j\u00e4rjest\u00e4ji\u00e4 tai mahdollistajia.<\/em><br><br><strong><em>Onnea Maaritille ja Lep\u00e4lle.<\/em><\/strong><br><br><\/p>\n\n\n\n<hr class=\"wp-block-separator has-alpha-channel-opacity\" \/>\n\n\n\n<p><br><br><strong>Uurainen: <em>Liikuntateko 2025<\/em> palkinto<\/strong><\/p>\n\n\n\n<p><a href=\"https:\/\/kihu.kuvat.fi\/i\/XRmcM7ap5seCz36THW8YUnABrbZjDufx\/kuvat\/JAKO\/Keski-Suomen+Urheilugaala\/Keski-suomen+urheilugaala+2026\/DSC_7481.JPG\" target=\"_blank\" rel=\"noreferrer noopener\"><em>Kuva, palkinnon vastaanottaja<\/em><\/a><br><\/p>\n\n\n\n<p><em>Reijo L\u00e4nkinen on tehnyt vapaaehtoisty\u00f6t\u00e4 Uuraisilla 50-luvulta alkaen. Lis\u00e4ksi Reijo juontaa erilaisia urheilutapahtumia. Reijo on hyv\u00e4 esikuva my\u00f6s omalla urheilu-urallaan. H\u00e4n on ahkera harjoittelija ja saavuttanut menestyst\u00e4 aikuisurheilussa useana vuonna. Menestyst\u00e4 on tullut monessa eri lajissa.<\/em><\/p>\n\n\n\n<p><\/p>\n\n\n\n<p>Reijohan on toiminut pitk\u00e4\u00e4n my\u00f6s lentopallon parissa, mm. tuomarinakin.<\/p>\n\n\n\n<p><strong><em>Onnea Reijolle<\/em><\/strong><br><br><\/p>\n\n\n\n<hr class=\"wp-block-separator has-alpha-channel-opacity\" \/>\n\n\n\n<p><br><\/p>\n\n\n\n<p><strong>Keski-Suomen v. 2025 urheilijana palkittiin, Suvi Minkkinen<\/strong><\/p>\n\n\n\n<p><br><em><strong><a href=\"https:\/\/www.kesli.fi\/uutiset\/suvi-minkkinen-on-vuoden-keskisuoma\/\" target=\"_blank\" rel=\"noreferrer noopener\">Kaikki palkitut, 2026 Urheilugaala<\/a><\/strong><\/em><\/p>\n\n\n\n<p><strong><em><a href=\"https:\/\/kihu.kuvat.fi\/i\/XRmcM7ap5seCz36THW8YUnABrbZjDufx\/kuvat\/JAKO\/Keski-Suomen+Urheilugaala\/Keski-suomen+urheilugaala+2026\/\" target=\"_blank\" rel=\"noreferrer noopener\">Valokuvia, 2026 Urheilugaala (Kihu)<\/a><\/em><\/strong><\/p>\n\n\n\n<p><\/p>\n\n\n\n<p><br><\/p>\n\n\n\n<p><\/p>\n","protected":false},"excerpt":{"rendered":"<p>pidettiin 30.1.2026, Scandic Laajavuoressa. Lentopalloliiton Keski-Suomen maakuntajaosto palkitsi Petri Mielosen v. 2025 Urheiluteko palkinnolla. L\u00e4hes 20 vuotta sitten Auli Rahikainen pyysi saarij\u00e4rvel\u00e4isen Petri Mielosen mukaan pienten lasten lentopallovalmennukseen Saarij\u00e4rven Pullistukseen.My\u00f6hemmin SaPun lentopallotoiminta siirtyi uuden seuran, J\u00e4rvi-Suomen Pallon toiminnaksi. Muutama vuosi sitten Petri l\u00e4hti mukaan my\u00f6s naapuriseuran, Uuraisten Raikun lasten toimintaan.Liiton koulutusten ja seuratoiminnan my\u00f6t\u00e4 Petri [&hellip;]<\/p>\n","protected":false},"author":12,"featured_media":3641,"parent":898,"menu_order":0,"comment_status":"closed","ping_status":"closed","template":"pages\/template-kilpailu.php","meta":{"_acf_changed":false,"inline_featured_image":false,"footnotes":""},"class_list":["post-3636","page","type-page","status-publish","has-post-thumbnail","hentry"],"acf":[],"_links":{"self":[{"href":"https:\/\/sivustot.lentopallo.fi\/lansi-suomi\/wp-json\/wp\/v2\/pages\/3636","targetHints":{"allow":["GET"]}}],"collection":[{"href":"https:\/\/sivustot.lentopallo.fi\/lansi-suomi\/wp-json\/wp\/v2\/pages"}],"about":[{"href":"https:\/\/sivustot.lentopallo.fi\/lansi-suomi\/wp-json\/wp\/v2\/types\/page"}],"author":[{"embeddable":true,"href":"https:\/\/sivustot.lentopallo.fi\/lansi-suomi\/wp-json\/wp\/v2\/users\/12"}],"replies":[{"embeddable":true,"href":"https:\/\/sivustot.lentopallo.fi\/lansi-suomi\/wp-json\/wp\/v2\/comments?post=3636"}],"version-history":[{"count":20,"href":"https:\/\/sivustot.lentopallo.fi\/lansi-suomi\/wp-json\/wp\/v2\/pages\/3636\/revisions"}],"predecessor-version":[{"id":3676,"href":"https:\/\/sivustot.lentopallo.fi\/lansi-suomi\/wp-json\/wp\/v2\/pages\/3636\/revisions\/3676"}],"up":[{"embeddable":true,"href":"https:\/\/sivustot.lentopallo.fi\/lansi-suomi\/wp-json\/wp\/v2\/pages\/898"}],"wp:featuredmedia":[{"embeddable":true,"href":"https:\/\/sivustot.lentopallo.fi\/lansi-suomi\/wp-json\/wp\/v2\/media\/3641"}],"wp:attachment":[{"href":"https:\/\/sivustot.lentopallo.fi\/lansi-suomi\/wp-json\/wp\/v2\/media?parent=3636"}],"curies":[{"name":"wp","href":"https:\/\/api.w.org\/{rel}","templated":true}]}}