{"id":898,"date":"2023-12-06T19:06:00","date_gmt":"2023-12-06T17:06:00","guid":{"rendered":"https:\/\/sivustot.lentopallo.fi\/lansi-suomi\/?page_id=898"},"modified":"2025-05-02T19:56:13","modified_gmt":"2025-05-02T16:56:13","slug":"keski-suomi","status":"publish","type":"page","link":"https:\/\/sivustot.lentopallo.fi\/lansi-suomi\/keski-suomi\/","title":{"rendered":"K-S jaosto"},"content":{"rendered":"<div class=\"wp-block-image is-style-rounded\">\n<figure class=\"alignright size-full is-resized\"><img decoding=\"async\" src=\"https:\/\/sivustot.lentopallo.fi\/lansi-suomi\/files\/2024\/03\/Logo_Uus_2024_03_07_1.jpg\" alt=\"\" class=\"wp-image-1815\" style=\"width:350px\" \/><\/figure>\n<\/div>\n\n\n<h2 class=\"wp-block-heading\"><\/h2>\n\n\n\n<p><\/p>\n\n\n\n<p><br>Maakuntajaostomme toimii L\u00e4nsi-Suomen alueella ja olemme ilmeisesti ainoa toimiva maakuntajaosto Lentopalloliitossa.<\/p>\n\n\n\n<p>Maakuntajaoston toimintaa ohjaa p\u00e4\u00e4s\u00e4\u00e4nt\u00f6isesti maakuntavalmennukseen panostaminen, sen my\u00f6t\u00e4 It\u00e4-Suomi Cupiin osallistuminen ja omalla vuorollaan turnauksen j\u00e4rjest\u00e4minen.<\/p>\n\n\n\n<p>Jaosto vastaa keskisuomalaisten C-, D- ja E-ik\u00e4isten maakuntavalmennuksesta yhdess\u00e4 maakunnan eri seurojen valmentajien kanssa.<\/p>\n\n\n\n<p>Jaosto tukee osaltaan Keski-Suomen lentopalloseurojen toimintaa ja pyrkii omalta osaltaan tiedottamaan ajankohtaisista asioista maakunnassamme ja alueellamme.<\/p>\n\n\n\n<p>Muissa asioissa nojaamme L\u00e4nnen aluejaoston toimintaan ja sen p\u00e4\u00e4t\u00f6ksiin.<\/p>\n\n\n\n<p><br><\/p>\n\n\n\n<p><br><\/p>\n\n\n\n<section id=\"block_667e64b27a39bf05774bdaf85a455589\" class=\"contact-box\">\n\t\n\n\n\t<div class=\"contact-box-holder related-tm-info\">\n\t\t\t\t\t\t\t\n\t\t\t\t\t<div class=\"col-content\">\n\t\t\t\t\t\t\t\t\t<h3 class=\"contact-box-title\">Lis\u00e4tietoja<\/h3>\n\t\t\t\t\n\t\t\t\t\t\t\t\t\t<h2 class=\"persona-title\">Markku Ylisiurua<\/h2>\n\t\t\t\t\n\t\t\t\t\t\t\t\t\t<div class=\"persona-role\">Kotisivuvastaava, tuomarikouluttaja<\/div>\n\t\t\t\t\n\t\t\t\t\t\t\t\t\t<div class=\"holder-personal-info\">\n\t\t\t\t\t\t<div class=\"persona-contact\">\n\t\t\t\t\t\t\t\t\t\t\t\t\t\t\t<div class=\"persona-phone\">\n\t\t\t\t\t\t\t\t\t<a href=\"tel:0405828895\">040 582 8895<\/a>\n\t\t\t\t\t\t\t\t<\/div>\n\t\t\t\t\t\t\t\n\t\t\t\t\t\t\t\t\t\t\t\t\t\t\t<div class=\"persona-email\">\n\t\t\t\t\t\t\t\t\t<a href=\"mailto:m&#97;&#114;&#107;k&#117;&#46;&#121;&#108;&#105;s&#105;ur&#117;&#97;&#40;a&#116;&#41;len&#116;&#111;pa&#108;loli&#105;&#116;t&#111;.f&#105;\">mar&#107;&#107;&#117;&#46;&#121;l&#105;si&#117;r&#117;a(&#97;t)l&#101;&#110;t&#111;&#112;al&#108;&#111;&#108;ii&#116;&#116;o.f&#105;<\/a>\n\t\t\t\t\t\t\t\t<\/div>\n\t\t\t\t\t\t\t\t\t\t\t\t\t<\/div>\n\t\t\t\t\t\t<div class=\"persona-contact-link\">\n\t\t\t\t\t\t\t\t\t\t\t\t\t\t\t<a class=\"btn btn-contact btn btn-read-more\" href=\"mailto:&#109;a&#114;k&#107;u.&#121;&#108;i&#115;iuru&#97;&#40;at&#41;&#108;e&#110;&#116;&#111;p&#97;ll&#111;l&#105;&#105;&#116;&#116;&#111;&#46;fi\">Ota yhteytt\u00e4<\/a>\n\t\t\t\t\t\t\t\t\t\t\t\t\t<\/div>\n\t\t\t\t\t<\/div>\n\t\t\t\t\t\t\t<\/div>\n\t\t\t<\/div>\n\n\n\n\n\n<\/section>\n","protected":false},"excerpt":{"rendered":"<p>Maakuntajaostomme toimii L\u00e4nsi-Suomen alueella ja olemme ilmeisesti ainoa toimiva maakuntajaosto Lentopalloliitossa. Maakuntajaoston toimintaa ohjaa p\u00e4\u00e4s\u00e4\u00e4nt\u00f6isesti maakuntavalmennukseen panostaminen, sen my\u00f6t\u00e4 It\u00e4-Suomi Cupiin osallistuminen ja omalla vuorollaan turnauksen j\u00e4rjest\u00e4minen. Jaosto vastaa keskisuomalaisten C-, D- ja E-ik\u00e4isten maakuntavalmennuksesta yhdess\u00e4 maakunnan eri seurojen valmentajien kanssa. Jaosto tukee osaltaan Keski-Suomen lentopalloseurojen toimintaa ja pyrkii omalta osaltaan tiedottamaan ajankohtaisista asioista maakunnassamme [&hellip;]<\/p>\n","protected":false},"author":12,"featured_media":0,"parent":0,"menu_order":0,"comment_status":"closed","ping_status":"closed","template":"pages\/template-kilpailu.php","meta":{"_acf_changed":false,"inline_featured_image":false,"footnotes":""},"class_list":["post-898","page","type-page","status-publish","hentry"],"acf":[],"_links":{"self":[{"href":"https:\/\/sivustot.lentopallo.fi\/lansi-suomi\/wp-json\/wp\/v2\/pages\/898","targetHints":{"allow":["GET"]}}],"collection":[{"href":"https:\/\/sivustot.lentopallo.fi\/lansi-suomi\/wp-json\/wp\/v2\/pages"}],"about":[{"href":"https:\/\/sivustot.lentopallo.fi\/lansi-suomi\/wp-json\/wp\/v2\/types\/page"}],"author":[{"embeddable":true,"href":"https:\/\/sivustot.lentopallo.fi\/lansi-suomi\/wp-json\/wp\/v2\/users\/12"}],"replies":[{"embeddable":true,"href":"https:\/\/sivustot.lentopallo.fi\/lansi-suomi\/wp-json\/wp\/v2\/comments?post=898"}],"version-history":[{"count":20,"href":"https:\/\/sivustot.lentopallo.fi\/lansi-suomi\/wp-json\/wp\/v2\/pages\/898\/revisions"}],"predecessor-version":[{"id":2673,"href":"https:\/\/sivustot.lentopallo.fi\/lansi-suomi\/wp-json\/wp\/v2\/pages\/898\/revisions\/2673"}],"wp:attachment":[{"href":"https:\/\/sivustot.lentopallo.fi\/lansi-suomi\/wp-json\/wp\/v2\/media?parent=898"}],"curies":[{"name":"wp","href":"https:\/\/api.w.org\/{rel}","templated":true}]}}