{"id":925,"date":"2023-12-07T17:32:49","date_gmt":"2023-12-07T15:32:49","guid":{"rendered":"https:\/\/sivustot.lentopallo.fi\/lansi-suomi\/?page_id=925"},"modified":"2025-05-05T21:48:43","modified_gmt":"2025-05-05T18:48:43","slug":"kuvagalleria","status":"publish","type":"page","link":"https:\/\/sivustot.lentopallo.fi\/lansi-suomi\/linkkeja\/kuvagalleria\/","title":{"rendered":"Kuvagalleria"},"content":{"rendered":"\n<p><strong>Ker\u00e4\u00e4mme t\u00e4nne L\u00e4nnen eri tapahtumista kuvamateriaalia <\/strong><\/p>\n\n\n\n<ul class=\"wp-block-list\">\n<li><strong>2024-2025<\/strong>\n<ul class=\"wp-block-list\">\n<li><a href=\"https:\/\/lentopalloliitto.kuvat.fi\/kuvat\/Nuoret\/SM+2024\/\" target=\"_blank\" rel=\"noreferrer noopener\"><em>C-Alue SM 2024, Kuortane (Onni Keinonen)<\/em><\/a><\/li>\n\n\n\n<li>K<em><a href=\"https:\/\/kihu.kuvat.fi\/i\/XRmcM7ap5seCz36THW8YUnABrbZjDufx\/kuvat\/JAKO\/Keski-Suomen+Urheilugaala\/KESKI-SUOMEN+URHEILUGAALA+2025\/\" target=\"_blank\" rel=\"noreferrer noopener\">-S Urheilugaala, <strong>J\u00e4rjest\u00e4j\u00e4n kuvia<\/strong> (1\/2025)<\/a><\/em><\/li>\n\n\n\n<li><em><a href=\"https:\/\/photos.google.com\/share\/AF1QipP0i-WtBIHi3JskcZ4hoJfv7ulTSVlItCSNrkCO5YSuNzYNE_ns4xmUMjasKMr6EA?key=Rlk0Rk9pRkNwd3ZERXFOd1ZtLTZHcnZnQjFqQ3BB\" target=\"_blank\" rel=\"noreferrer noopener\">K-S Urheilugaala<\/a><strong><a href=\"https:\/\/photos.google.com\/share\/AF1QipP0i-WtBIHi3JskcZ4hoJfv7ulTSVlItCSNrkCO5YSuNzYNE_ns4xmUMjasKMr6EA?key=Rlk0Rk9pRkNwd3ZERXFOd1ZtLTZHcnZnQjFqQ3BB\" target=\"_blank\" rel=\"noreferrer noopener\">, Lentiksen kuvia <\/a><\/strong><a href=\"https:\/\/photos.google.com\/share\/AF1QipP0i-WtBIHi3JskcZ4hoJfv7ulTSVlItCSNrkCO5YSuNzYNE_ns4xmUMjasKMr6EA?key=Rlk0Rk9pRkNwd3ZERXFOd1ZtLTZHcnZnQjFqQ3BB\" target=\"_blank\" rel=\"noreferrer noopener\">(Tanja Kyr\u00f6nlahti)<\/a><\/em><\/li>\n<\/ul>\n<\/li>\n<\/ul>\n\n\n\n<p><\/p>\n\n\n\n<ul class=\"wp-block-list\">\n<li><strong>2023-2024<\/strong>\n<ul class=\"wp-block-list\">\n<li><em><a href=\"https:\/\/suomenlentopalloliitto-my.sharepoint.com\/:f:\/g\/personal\/lentopallo_lansi_lentopalloliitto_fi\/EnDRDkQepSNOsWdgEOWl8lwBEG7vgkaW7ilCzQGk_Qyjkw?e=BdEJo8\" target=\"_blank\" rel=\"noreferrer noopener\">K-S Urheilugaala, <strong>Lentiksen kuvia<\/strong> (1\/2024)<\/a><\/em><\/li>\n\n\n\n<li><em><a href=\"https:\/\/kihu.kuvat.fi\/i\/XRmcM7ap5seCz36THW8YUnABrbZjDufx\" data-type=\"link\" data-id=\"https:\/\/kihu.kuvat.fi\/i\/XRmcM7ap5seCz36THW8YUnABrbZjDufx\" target=\"_blank\" rel=\"noreferrer noopener\">K-S Urheilugaala, <strong>J\u00e4rjest\u00e4jien kuvia<\/strong> (1\/2024)<\/a><\/em><\/li>\n\n\n\n<li><a href=\"https:\/\/suomenlentopalloliitto-my.sharepoint.com\/:f:\/g\/personal\/lentopallo_lansi_lentopalloliitto_fi\/EnDRDkQepSNOsWdgEOWl8lwBEG7vgkaW7ilCzQGk_Qyjkw?e=BdEJo8\" data-type=\"link\" data-id=\"https:\/\/suomenlentopalloliitto-my.sharepoint.com\/:f:\/g\/personal\/lentopallo_lansi_lentopalloliitto_fi\/EnDRDkQepSNOsWdgEOWl8lwBEG7vgkaW7ilCzQGk_Qyjkw?e=BdEJo8\" target=\"_blank\" rel=\"noreferrer noopener\"><em>Aluemestaruus, Cp (2\/2024)<\/em><\/a><br><strong><br><\/strong><\/li>\n<\/ul>\n<\/li>\n\n\n\n<li><strong>2022-2023<\/strong>    \n\n\n\n\n\n\n\n\n\n\n\n\n\n\n<ul class=\"wp-block-list\">\n<li><a href=\"https:\/\/suomenlentopalloliitto-my.sharepoint.com\/:f:\/g\/personal\/lentopallo_lansi_lentopalloliitto_fi\/Eo1hKP2w-FpDhlY9hDDDNkkBvIoCmV2EPtZA87HyP5CBqg?e=kgODnD\" target=\"_blank\" rel=\"noreferrer noopener\"><em>K-S Urheilugaala, <strong>Lentiksen kuvia<\/strong> (1\/2023)<\/em><\/a><\/li>\n<\/ul>\n\n\n\n<ul class=\"wp-block-list\">\n<li><a href=\"https:\/\/kihu.kuvat.fi\/i\/QchFJ9gzvnp2UAX4reTYZkfBuGyW3dHK\" target=\"_blank\" rel=\"noreferrer noopener\"><em>K-S Urheilugaala<\/em><\/a>, <a href=\"https:\/\/kihu.kuvat.fi\/i\/QchFJ9gzvnp2UAX4reTYZkfBuGyW3dHK\" target=\"_blank\" rel=\"noreferrer noopener\"><em><strong>J\u00e4rjest\u00e4jien kuvia <\/strong>(1\/2023)<\/em><\/a><\/li>\n\n\n\n<li>B- ja C, Alue-SM kisojen kuvia (9\/2023)<br><br><\/li>\n<\/ul>\n<\/li>\n\n\n\n<li><strong>2021-2022<\/strong>\n<ul class=\"wp-block-list\">\n<li><em><a href=\"https:\/\/suomenlentopalloliitto-my.sharepoint.com\/:f:\/g\/personal\/lentopallo_lansi_lentopalloliitto_fi\/Eu6c33s6lxdLkTq_LudvQeEBjGTD7XRx1_fGe-4NmcEupA?e=HLQYfm\" target=\"_blank\" rel=\"noreferrer noopener\">C-nuoret Alue SM, Mikkeli (9\/2022)<\/a><\/em><\/li>\n\n\n\n<li><a href=\"https:\/\/suomenlentopalloliitto-my.sharepoint.com\/:f:\/g\/personal\/lentopallo_lansi_lentopalloliitto_fi\/EltY6OCJdDVFgjbswfpvajoB5WxKcyJa-DhBYUd-dHr24g?e=3EQ8Zh\" target=\"_blank\" rel=\"noreferrer noopener\"><em>Beach, Nuorten AM, Kauhajoki (8\/2022)<\/em><\/a><\/li>\n\n\n\n<li><em><a href=\"https:\/\/suomenlentopalloliitto-my.sharepoint.com\/:f:\/g\/personal\/lentopallo_lansi_lentopalloliitto_fi\/EtN1A7UHqS9IgO3GpJA8y_4B-WzvyU2Az5CK0OYhTugNRg?e=hUuTmT\" target=\"_blank\" rel=\"noreferrer noopener\">PowerCup, Kauhava (6\/2022)<\/a><\/em><\/li>\n\n\n\n<li><em><a href=\"https:\/\/suomenlentopalloliitto-my.sharepoint.com\/:f:\/g\/personal\/lentopallo_lansi_lentopalloliitto_fi\/Eoo9Vmz01VlKlGKtmbkYfZkBRYAKmVgdGMaQRQQ_XrQ9Mg?e=TToPI7\" target=\"_blank\" rel=\"noreferrer noopener\">Bp AM, Kyy York (5\/2022)<\/a><\/em><\/li>\n\n\n\n<li><em><a href=\"https:\/\/suomenlentopalloliitto-my.sharepoint.com\/:f:\/g\/personal\/lentopallo_lansi_lentopalloliitto_fi\/Eh1NDNIp9jVDu6xPdo5UN_0B3045hQTy8lhyaNEII0ck3g?e=HqfEOD\" target=\"_blank\" rel=\"noreferrer noopener\">Bt AM, Kauhajoki (5\/2022)<\/a><\/em><\/li>\n\n\n\n<li><em><a href=\"https:\/\/suomenlentopalloliitto-my.sharepoint.com\/:f:\/g\/personal\/lentopallo_lansi_lentopalloliitto_fi\/Es_HtRRMOKVEjgMeWSDXJ_kB0RevNZQz80CIZ6SUymMIEw?e=55qXbX\" target=\"_blank\" rel=\"noreferrer noopener\">Cp AM, Kristiina (5\/2022)<\/a><\/em><\/li>\n\n\n\n<li><em><a href=\"https:\/\/suomenlentopalloliitto-my.sharepoint.com\/:f:\/g\/personal\/lentopallo_lansi_lentopalloliitto_fi\/Es_HtRRMOKVEjgMeWSDXJ_kB0RevNZQz80CIZ6SUymMIEw?e=55qXbX\" target=\"_blank\" rel=\"noreferrer noopener\">Ct AM, Nurmo (5\/2022)<\/a><\/em><br><br><\/li>\n<\/ul>\n<\/li>\n\n\n\n<li><strong>2020-2021<\/strong>\n<ul class=\"wp-block-list\">\n<li><a href=\"https:\/\/suomenlentopalloliitto-my.sharepoint.com\/:f:\/g\/personal\/lentopallo_lansi_lentopalloliitto_fi\/EtvxTN9mG3VPnd5F3rdXW-8B7kAFSgfZ-D81FKWfK1vZdQ?e=aYHwDe\" target=\"_blank\" rel=\"noreferrer noopener\"><em>B-massaleiri, Saarij\u00e4rvi (1\/2021)<\/em><\/a><br><br><\/li>\n<\/ul>\n<\/li>\n\n\n\n<li><strong>2019-2020<\/strong>\n<ul class=\"wp-block-list\">\n<li><a href=\"https:\/\/suomenlentopalloliitto-my.sharepoint.com\/:f:\/g\/personal\/lentopallo_lansi_lentopalloliitto_fi\/ElnXEnl3rB9Opw3NkZdT4G0B9jwWFNqSpJPmDtuI7CrEjw?e=UGtQgn\" target=\"_blank\" rel=\"noreferrer noopener\"><em>C-nuoret Alue SM, Laihia, palkintojen jako (11\/2019)<\/em><\/a><\/li>\n\n\n\n<li><a href=\"https:\/\/suomenlentopalloliitto-my.sharepoint.com\/:f:\/g\/personal\/lentopallo_lansi_lentopalloliitto_fi\/EnGLkRh4SCFKhKEU6moyDAcBw_dTz8J7U7z3PARcEYmMeQ?e=holZkR\" target=\"_blank\" rel=\"noreferrer noopener\"><em>D-teholeiri, Jyv\u00e4skyl\u00e4 (12\/2019)<\/em><\/a><\/li>\n<\/ul>\n<\/li>\n<\/ul>\n\n\n\n<p><br><\/p>\n","protected":false},"excerpt":{"rendered":"<p>Ker\u00e4\u00e4mme t\u00e4nne L\u00e4nnen eri tapahtumista kuvamateriaalia<\/p>\n","protected":false},"author":12,"featured_media":0,"parent":837,"menu_order":0,"comment_status":"closed","ping_status":"closed","template":"pages\/template-kilpailu.php","meta":{"_acf_changed":false,"inline_featured_image":false,"footnotes":""},"class_list":["post-925","page","type-page","status-publish","hentry"],"acf":[],"_links":{"self":[{"href":"https:\/\/sivustot.lentopallo.fi\/lansi-suomi\/wp-json\/wp\/v2\/pages\/925","targetHints":{"allow":["GET"]}}],"collection":[{"href":"https:\/\/sivustot.lentopallo.fi\/lansi-suomi\/wp-json\/wp\/v2\/pages"}],"about":[{"href":"https:\/\/sivustot.lentopallo.fi\/lansi-suomi\/wp-json\/wp\/v2\/types\/page"}],"author":[{"embeddable":true,"href":"https:\/\/sivustot.lentopallo.fi\/lansi-suomi\/wp-json\/wp\/v2\/users\/12"}],"replies":[{"embeddable":true,"href":"https:\/\/sivustot.lentopallo.fi\/lansi-suomi\/wp-json\/wp\/v2\/comments?post=925"}],"version-history":[{"count":19,"href":"https:\/\/sivustot.lentopallo.fi\/lansi-suomi\/wp-json\/wp\/v2\/pages\/925\/revisions"}],"predecessor-version":[{"id":2711,"href":"https:\/\/sivustot.lentopallo.fi\/lansi-suomi\/wp-json\/wp\/v2\/pages\/925\/revisions\/2711"}],"up":[{"embeddable":true,"href":"https:\/\/sivustot.lentopallo.fi\/lansi-suomi\/wp-json\/wp\/v2\/pages\/837"}],"wp:attachment":[{"href":"https:\/\/sivustot.lentopallo.fi\/lansi-suomi\/wp-json\/wp\/v2\/media?parent=925"}],"curies":[{"name":"wp","href":"https:\/\/api.w.org\/{rel}","templated":true}]}}