{"id":1071,"date":"2025-06-05T15:02:47","date_gmt":"2025-06-05T15:02:47","guid":{"rendered":"https:\/\/sivustot.lentopallo.fi\/lounais-suomi\/?page_id=1071"},"modified":"2025-06-05T15:13:07","modified_gmt":"2025-06-05T15:13:07","slug":"1071-2","status":"publish","type":"page","link":"https:\/\/sivustot.lentopallo.fi\/lounais-suomi\/1071-2\/","title":{"rendered":""},"content":{"rendered":"\n\n\t<section id=\"block_e252c992b98743419c0669a8de95b673\" class=\"cta-section image-position-left\">\n\t\t<div class=\"cta-section-holder\">\n\t\t\t\n\t\t\t\t\t\t\t<div class=\"cta-s-content\">\n\t\t\t\t\t\t\t\t\t\t\t<h2 class=\"title\">2011-tytt\u00f6jen kes\u00e4leirivalinnat<\/h2>\n\t\t\t\t\t\n\t\t\t\t\t\t\t\t\t\t\t<div class=\"text\">Kes\u00e4leirille Varalaan (22.-25.7.) on valittu seuraavat pelaajat:<br \/>\r\nIiris Maansalo\tEuRa<br \/>\r\nIsla Juselius\tH\u00e4Le<br \/>\r\nAada Uusitalo\tH\u00e4Le<br \/>\r\nReetta Jokinen\tJankko<br \/>\r\nSilvia Ojala\tKoKa<br \/>\r\nMilvi Voda\tKoKa<br \/>\r\nVenla P\u00e4iv\u00e4nurmi\tLempo<br \/>\r\nOnerva Martikainen\tLempo<br \/>\r\nOlivia Salonen\tLempo<br \/>\r\nElli Kohtam\u00e4ki\tLempo<br \/>\r\nKira Takarautio\tLoimu<br \/>\r\nViivi Saarela \tLPK<br \/>\r\nLisa Lehtola\tLPK<br \/>\r\nHenni Siev\u00e4nen\tLPK<br \/>\r\nAmanda Lehtinen\tNarPa<br \/>\r\nEmilia Lehkonen\tOrPo<br \/>\r\nElla-Maria Hirvonen\tPirkat<br \/>\r\nMinttu Haavisto\tPirkat<br \/>\r\nMinttu Mikkola\tSoPa<br \/>\r\nEmmy Lundberg\tSoPa<br \/>\r\nIlona Anttila\tSoPa<br \/>\r\nJemina Keskinen\tSupi<br \/>\r\nVilma Hakanper\u00e4\tS\u00e4kU<br \/>\r\nEerika Kalli\tS\u00e4kU<br \/>\r\nNella Kyl\u00e4-Ketola\tS\u00e4kU<br \/>\r\nSara Nisula\tViesti<br \/>\r\nTilda Alha\tViesti<br \/>\r\nAmanda R\u00e4m\u00f6\tVU<br \/>\r\nMoona Manner\tYl\u00f6R<br \/>\r\nMoona Vuorinen\tYPa<br \/>\r\nViivi Isokoski\tYPa<br \/>\r\nHertta Saari\tYPa<br \/>\r\n<br \/>\r\nKiitos kaikille kev\u00e4\u00e4n leirille osallistuneille ja tsemppi\u00e4 kes\u00e4n treeneihin!<\/div>\n\t\t\t\t\t\n\t\t\t\t\t\t\t\t\t<\/div>\n\t\t\t\t\t<\/div>\n\t<\/section>\n","protected":false},"excerpt":{"rendered":"","protected":false},"author":34,"featured_media":832,"parent":0,"menu_order":0,"comment_status":"closed","ping_status":"closed","template":"pages\/template-kilpailu.php","meta":{"_acf_changed":false,"inline_featured_image":false,"footnotes":""},"class_list":["post-1071","page","type-page","status-publish","has-post-thumbnail","hentry"],"acf":[],"_links":{"self":[{"href":"https:\/\/sivustot.lentopallo.fi\/lounais-suomi\/wp-json\/wp\/v2\/pages\/1071","targetHints":{"allow":["GET"]}}],"collection":[{"href":"https:\/\/sivustot.lentopallo.fi\/lounais-suomi\/wp-json\/wp\/v2\/pages"}],"about":[{"href":"https:\/\/sivustot.lentopallo.fi\/lounais-suomi\/wp-json\/wp\/v2\/types\/page"}],"author":[{"embeddable":true,"href":"https:\/\/sivustot.lentopallo.fi\/lounais-suomi\/wp-json\/wp\/v2\/users\/34"}],"replies":[{"embeddable":true,"href":"https:\/\/sivustot.lentopallo.fi\/lounais-suomi\/wp-json\/wp\/v2\/comments?post=1071"}],"version-history":[{"count":2,"href":"https:\/\/sivustot.lentopallo.fi\/lounais-suomi\/wp-json\/wp\/v2\/pages\/1071\/revisions"}],"predecessor-version":[{"id":1074,"href":"https:\/\/sivustot.lentopallo.fi\/lounais-suomi\/wp-json\/wp\/v2\/pages\/1071\/revisions\/1074"}],"wp:featuredmedia":[{"embeddable":true,"href":"https:\/\/sivustot.lentopallo.fi\/lounais-suomi\/wp-json\/wp\/v2\/media\/832"}],"wp:attachment":[{"href":"https:\/\/sivustot.lentopallo.fi\/lounais-suomi\/wp-json\/wp\/v2\/media?parent=1071"}],"curies":[{"name":"wp","href":"https:\/\/api.w.org\/{rel}","templated":true}]}}