{"id":1288,"date":"2026-04-02T14:02:23","date_gmt":"2026-04-02T14:02:23","guid":{"rendered":"https:\/\/sivustot.lentopallo.fi\/lounais-suomi\/?page_id=1288"},"modified":"2026-04-02T14:09:27","modified_gmt":"2026-04-02T14:09:27","slug":"alueleiritykset-alkavat-ehdotukset-2012-ja-2013-tytoista-13-4-mennessa","status":"publish","type":"page","link":"https:\/\/sivustot.lentopallo.fi\/lounais-suomi\/alueleiritykset-alkavat-ehdotukset-2012-ja-2013-tytoista-13-4-mennessa\/","title":{"rendered":"Alueleiritykset alkavat \u2013 ehdotukset 2012- ja 2013- tyt\u00f6ist\u00e4 13.4. menness\u00e4"},"content":{"rendered":"\n<p>Hyv\u00e4 Lounaisen alueen 2012\/2013 -syntyneiden tytt\u00f6jen seuravalmentaja\/joukkueenjohtaja,<br><br>Leirit\u00e4mme alueen lupaavimpia tytt\u00f6j\u00e4 vuoden 2026 aikana seuraavasti:<\/p>\n\n\n\n<ul class=\"wp-block-list\">\n<li><strong>Tehotreenip\u00e4iv\u00e4, max 180 pelaajaa:<\/strong>\n<ul class=\"wp-block-list\">\n<li>1.5.2026 (Salo). max 90 pelaajaa.<\/li>\n\n\n\n<li>14.5.2026 (Pirkkala). max 90 pelaajaa.<\/li>\n<\/ul>\n<\/li>\n\n\n\n<li><strong>Valintaleiri, ~60 pelaajaa:<\/strong>\n<ul class=\"wp-block-list\">\n<li>15.-16.8.2026 (alustavasti Varala). Tarkemmat tiedot ilmoitetaan my\u00f6hemmin.<\/li>\n<\/ul>\n<\/li>\n\n\n\n<li><strong>Valmistava leiri, 42 pelaajaa:<\/strong>\n<ul class=\"wp-block-list\">\n<li>Kaksi p\u00e4iv\u00e4\u00e4 syyskuussa 2026. Tarkemmat tiedot ilmoitetaan my\u00f6hemmin.<\/li>\n<\/ul>\n<\/li>\n\n\n\n<li><strong>Alue SM-turnaus, 42 pelaajaa:&nbsp;<\/strong>\n<ul class=\"wp-block-list\">\n<li>25.-27.9.2026 (Kuortane). Tarkemmat tiedot ilmoitetaan my\u00f6hemmin.<\/li>\n<\/ul>\n<\/li>\n<\/ul>\n\n\n\n<p><br><strong>Tehotreenip\u00e4iville voitte ehdottaa potentiaalisia tytt\u00f6j\u00e4 vastaamalla&nbsp;joukkueesi valmentajalle\/joukkueenjohtajalle\/yhteyshenkil\u00f6lle l\u00e4hetettyyn&nbsp;s\u00e4hk\u00f6postiin maanantaihin 13.4.2026 klo 21:00 menness\u00e4.<\/strong><\/p>\n\n\n\n<p>Kuittaamme jokaisen s\u00e4hk\u00f6postin, joten jos kuittia ei tule, varmista, ett\u00e4 posti on l\u00e4htenyt matkaan. Emme k\u00e4sittele s\u00e4hk\u00f6posteja p\u00e4ivitt\u00e4in, joten huomioithan, ett\u00e4 kuittauksen saaminen saattaa kest\u00e4\u00e4 tovin.<br><br>Valinnat leireille tehd\u00e4\u00e4n kauden n\u00e4ytt\u00f6jen, tehotreenip\u00e4ivien ja aikaisempien leirien perusteella. Osa pelaajista (esimerkiksi maajoukkuerinkiin kuuluvat) valitaan suoraan elokuun valintaleirille, mutta ehdota kuitenkin kaikki potentiaaliset (my\u00f6s maajoukkuerinkiin kuuluvat) pelaajat&nbsp;joukkueesi valmentajalle\/joukkueenjohtajalle\/yhteyshenkil\u00f6lle toimitetulla&nbsp;lomakkeella.<br>Tehotreenip\u00e4ivien (Salo\/Pirkkala) osalta pyrit\u00e4\u00e4n huomioimaan kunkin pelaajan kotipaikan et\u00e4isyys treenipaikkakuntiin. Pelaaja voi osallistua jompaan kumpaan tehotreenip\u00e4iv\u00e4\u00e4n.<\/p>\n\n\n\n<p><strong>Ilmoitamme valituille henkil\u00f6kohtaisesti viimeist\u00e4\u00e4n sunnuntaina 19.4.2026.\u00a0<\/strong><br><br><strong>Speksit:<\/strong><br><br>Ehdota pelaajat rankingj\u00e4rjestyksess\u00e4 1., 2., 3., jne&#8230;<br>Huomioi pelaajan todellinen potentiaali aluejoukkueeseen t\u00e4n\u00e4 ja tulevina vuosina.\u00a0 \u00c4l\u00e4 siis ilmoita kaikkia pelaajia vain, koska se on mahdollista. Ilmoitathan joukkueesi kaikki potentiaaliset pelaajat, vaikka kaikki pelaajat eiv\u00e4t pystyisik\u00e4\u00e4n osallistumaan tehotreenip\u00e4iviin.<br><br>Pelaajan pit\u00e4\u00e4 olla syntynyt vuonna 2012 tai 2013, ei poikkeuksia.<br>Mik\u00e4li tehotreenip\u00e4iviin ilmoittautuu enemm\u00e4n pelaajia kuin maksimikapasiteetti on (180 pelaajaa), valinnoissa huomioidaan joukkueiden sarjasijoitus. Eli parhaiten sijoittuneista joukkueista valitaan enemm\u00e4n pelaajia kuin huonommin sijoittuneista.<br><br><strong>T\u00e4yt\u00e4 tarvittavat tiedot kyselylomakkeeseen, joka on l\u00e4hetetty joukkueesi valmentajalle\/joukkueenjohtajalle\/yhteyshenkil\u00f6lle ja l\u00e4het\u00e4 t\u00e4ytetty kyselylomake maanantaihin 13.4.2026 klo 21:00 menness\u00e4 s\u00e4hk\u00f6postiin\u00a0<a href=\"mailto:lounasalue2013@gmail.com\">lounasalue2013@gmail.com<\/a>.\u00a0<br><\/strong><br>Varmistattehan my\u00f6s, ett\u00e4 tieto kulkee seurassanne kaikkiin joukkueisiin, joissa pelaa leirityksen kannalta relevantteja pelaajia.<\/p>\n\n\n\n<p><a href=\"https:\/\/sivustot.lentopallo.fi\/lounais-suomi\/aluevalmennus\/leirit\/\">Lis\u00e4tietoa leireist\u00e4.<\/a><br><br>Kev\u00e4isin lentisterveisin,<br>Aluevalmentajat Tuomas, Juha, Piia, Essi, Henna ja Jussi<\/p>\n","protected":false},"excerpt":{"rendered":"<p>Hyv\u00e4 Lounaisen alueen 2012\/2013 -syntyneiden tytt\u00f6jen seuravalmentaja\/joukkueenjohtaja, Leirit\u00e4mme alueen lupaavimpia tytt\u00f6j\u00e4 vuoden 2026 aikana seuraavasti: Tehotreenip\u00e4iville voitte ehdottaa potentiaalisia tytt\u00f6j\u00e4 vastaamalla&nbsp;joukkueesi valmentajalle\/joukkueenjohtajalle\/yhteyshenkil\u00f6lle l\u00e4hetettyyn&nbsp;s\u00e4hk\u00f6postiin maanantaihin 13.4.2026 klo 21:00 menness\u00e4. Kuittaamme jokaisen s\u00e4hk\u00f6postin, joten jos kuittia ei tule, varmista, ett\u00e4 posti on l\u00e4htenyt matkaan. Emme k\u00e4sittele s\u00e4hk\u00f6posteja p\u00e4ivitt\u00e4in, joten huomioithan, ett\u00e4 kuittauksen saaminen saattaa kest\u00e4\u00e4 tovin. Valinnat [&hellip;]<\/p>\n","protected":false},"author":34,"featured_media":0,"parent":0,"menu_order":0,"comment_status":"closed","ping_status":"closed","template":"pages\/template-kilpailu.php","meta":{"_acf_changed":false,"inline_featured_image":false,"footnotes":""},"class_list":["post-1288","page","type-page","status-publish","hentry"],"acf":[],"_links":{"self":[{"href":"https:\/\/sivustot.lentopallo.fi\/lounais-suomi\/wp-json\/wp\/v2\/pages\/1288","targetHints":{"allow":["GET"]}}],"collection":[{"href":"https:\/\/sivustot.lentopallo.fi\/lounais-suomi\/wp-json\/wp\/v2\/pages"}],"about":[{"href":"https:\/\/sivustot.lentopallo.fi\/lounais-suomi\/wp-json\/wp\/v2\/types\/page"}],"author":[{"embeddable":true,"href":"https:\/\/sivustot.lentopallo.fi\/lounais-suomi\/wp-json\/wp\/v2\/users\/34"}],"replies":[{"embeddable":true,"href":"https:\/\/sivustot.lentopallo.fi\/lounais-suomi\/wp-json\/wp\/v2\/comments?post=1288"}],"version-history":[{"count":2,"href":"https:\/\/sivustot.lentopallo.fi\/lounais-suomi\/wp-json\/wp\/v2\/pages\/1288\/revisions"}],"predecessor-version":[{"id":1292,"href":"https:\/\/sivustot.lentopallo.fi\/lounais-suomi\/wp-json\/wp\/v2\/pages\/1288\/revisions\/1292"}],"wp:attachment":[{"href":"https:\/\/sivustot.lentopallo.fi\/lounais-suomi\/wp-json\/wp\/v2\/media?parent=1288"}],"curies":[{"name":"wp","href":"https:\/\/api.w.org\/{rel}","templated":true}]}}