{"id":1294,"date":"2026-04-02T14:38:21","date_gmt":"2026-04-02T14:38:21","guid":{"rendered":"https:\/\/sivustot.lentopallo.fi\/lounais-suomi\/?page_id=1294"},"modified":"2026-04-07T15:00:40","modified_gmt":"2026-04-07T15:00:40","slug":"aluejaoston-kokous-2-26","status":"publish","type":"page","link":"https:\/\/sivustot.lentopallo.fi\/lounais-suomi\/aluejaoston-kokous-2-26\/","title":{"rendered":"Aluejaoston kokous 2\/26"},"content":{"rendered":"\n<p>Varala 30.3.2026<\/p>\n\n\n\n<p>Paikalla: Juhani Lumme, Jukka Pelander, Juha Silvanto, Petri Saari, Joona V\u00e4\u00e4n\u00e4nen.<\/p>\n\n\n\n<p>Kooste aluejaoston kokouksesta 2\/26<\/p>\n\n\n\n<ul class=\"wp-block-list\">\n<li>Aluejaoston merkitt\u00e4viin teht\u00e4viin kuuluu aluevalmennuksen j\u00e4rjest\u00e4minen sek\u00e4 sarjatoiminnan j\u00e4rjest\u00e4minen alueella: Lounaisen alueen poikien p\u00e4\u00e4valmentaja Joona V\u00e4\u00e4n\u00e4nen kertoi aluevalmennuksen ajankohtaista asioista.<br><br>Keskusteltiin aluevalmentajille urheiluopistoilta tulevista leiritysp\u00e4iv\u00e4korvauksista, koska niiden maksu viime vuodelta on viiv\u00e4stynyt, sek\u00e4 yleens\u00e4 leirityksist\u00e4, koska leirip\u00e4ivien m\u00e4\u00e4r\u00e4\u00e4 ollaan lounaiselta alueelta v\u00e4hent\u00e4m\u00e4ss\u00e4 tasap\u00e4iseksi muiden alueiden leiritt\u00e4ess\u00e4 v\u00e4hemm\u00e4n<br><br>P\u00e4\u00e4tettiin jatkossa maksaa tasasumma per p\u00e4iv\u00e4 valmentajille leirip\u00e4ivist\u00e4, riippumatta siit\u00e4, ovatko leirit urheiluopistolla vai muualla. N\u00e4in maksut eiv\u00e4t j\u00e4\u00e4 kerralla maksettaviksi. P\u00e4\u00e4tettiin valmentajakorvauksen p\u00e4iv\u00e4summaksi 45 euroa. Palkkio maksetaan ty\u00f6korvauksena. P\u00e4\u00e4valmentajat koostavat valmennusp\u00e4iv\u00e4t aluevalmentajilta. Ohjeistetaan kaikki aluevalmentajat ilmoittamaan korvausp\u00e4iv\u00e4ns\u00e4 s\u00e4\u00e4nn\u00f6llisesti p\u00e4\u00e4valmentajille.<br><br>Kes\u00e4n 2026 alueen leirityksist\u00e4 p\u00e4\u00e4tettiin jatkaa P\u00e4rnun leirin suunnittelua, 13.-17.7. Hinta leiril\u00e4iselle on 450 \u20ac (sis. matkan t\u00e4ysihoidolla). Kaksi valmentajaa per joukkue saa matkan veloituksetta. Kokonaism\u00e4\u00e4r\u00e4 osallistujille on 50 henke\u00e4, jolloin U15-ik\u00e4isist\u00e4 leirille voisi osallistua kaksi tytt\u00f6jen joukkuetta ja yksi poikien joukkue.<br><br><\/li>\n\n\n\n<li>Varalan valmennuksen kehitt\u00e4j\u00e4 Juha Antikainen kertoi urheiluopiston asioista.<\/li>\n<\/ul>\n\n\n\n<p><\/p>\n\n\n\n<ul class=\"wp-block-list\">\n<li>Osa k\u00e4sitelt\u00e4vist\u00e4 asioista siirrettiin seuraavaan kokoukseen.<br><br><\/li>\n\n\n\n<li>Iltaa jatkettiin Pertti Kulluvaaran ja Jani Huoposen j\u00e4rjest\u00e4m\u00e4ll\u00e4 tilaisuudella Tampereen alueen seuroille kes\u00e4ll\u00e4 Tampereella j\u00e4rjestett\u00e4vien isojen lajitapahtumien hy\u00f6dynt\u00e4misest\u00e4.<\/li>\n<\/ul>\n\n\n\n<p><\/p>\n\n\n\n<p><\/p>\n","protected":false},"excerpt":{"rendered":"<p>Varala 30.3.2026 Paikalla: Juhani Lumme, Jukka Pelander, Juha Silvanto, Petri Saari, Joona V\u00e4\u00e4n\u00e4nen. Kooste aluejaoston kokouksesta 2\/26<\/p>\n","protected":false},"author":34,"featured_media":0,"parent":0,"menu_order":0,"comment_status":"closed","ping_status":"closed","template":"","meta":{"_acf_changed":false,"inline_featured_image":false,"footnotes":""},"class_list":["post-1294","page","type-page","status-publish","hentry"],"acf":[],"_links":{"self":[{"href":"https:\/\/sivustot.lentopallo.fi\/lounais-suomi\/wp-json\/wp\/v2\/pages\/1294","targetHints":{"allow":["GET"]}}],"collection":[{"href":"https:\/\/sivustot.lentopallo.fi\/lounais-suomi\/wp-json\/wp\/v2\/pages"}],"about":[{"href":"https:\/\/sivustot.lentopallo.fi\/lounais-suomi\/wp-json\/wp\/v2\/types\/page"}],"author":[{"embeddable":true,"href":"https:\/\/sivustot.lentopallo.fi\/lounais-suomi\/wp-json\/wp\/v2\/users\/34"}],"replies":[{"embeddable":true,"href":"https:\/\/sivustot.lentopallo.fi\/lounais-suomi\/wp-json\/wp\/v2\/comments?post=1294"}],"version-history":[{"count":2,"href":"https:\/\/sivustot.lentopallo.fi\/lounais-suomi\/wp-json\/wp\/v2\/pages\/1294\/revisions"}],"predecessor-version":[{"id":1300,"href":"https:\/\/sivustot.lentopallo.fi\/lounais-suomi\/wp-json\/wp\/v2\/pages\/1294\/revisions\/1300"}],"wp:attachment":[{"href":"https:\/\/sivustot.lentopallo.fi\/lounais-suomi\/wp-json\/wp\/v2\/media?parent=1294"}],"curies":[{"name":"wp","href":"https:\/\/api.w.org\/{rel}","templated":true}]}}