{"id":192,"date":"2023-02-24T07:27:37","date_gmt":"2023-02-24T07:27:37","guid":{"rendered":"https:\/\/sivustot.lentopallo.fi\/lounais-suomi\/?page_id=192"},"modified":"2024-10-30T17:39:33","modified_gmt":"2024-10-30T17:39:33","slug":"etusivu","status":"publish","type":"page","link":"https:\/\/sivustot.lentopallo.fi\/lounais-suomi\/","title":{"rendered":"Etusivu"},"content":{"rendered":"\n<section id=\"block_02d69e96cf4ebcdbb562b1ad20cd9d9e\" class=\"intro-carousel\">\n\t\n\n\t\t\t<div class=\"carousel-list cl-custom\">\n\t\t\t\t\t\t\t\t\t\t\t\t\t\t\t\t\t\t\t\t\t\t\t\t\t\t\t<div class=\"slide slide-custom\" style=\"background-image:url(https:\/\/sivustot.lentopallo.fi\/lounais-suomi\/files\/2023\/12\/FIN-CZE-rekola-1024x682-1-e1702925019461.jpg);\">\n\t\t\t\t\t\t\t<div class=\"container\">\n\t\t\t\t\t\t\t\t\t\t\t\t\t\t\t\t\t<div class=\"slide-custom-content\">\n\t\t\t\t\t\t\t\t\t\t\t\t\t\t\t\t\t\t\t\t\t<h3 class=\"slide-custom-title\">Tervetuloa Lounais-Suomen sivustolle!<\/h3>\n\t\t\t\t\t\t\t\t\t\t\n\t\t\t\t\t\t\t\t\t\t\t\t\t\t\t\t\t\t\t<\/div>\n\t\t\t\t\t\t\t\t\t\t\t\t\t\t\t<\/div>\n\t\t\t\t\t\t<\/div>\n\t\t\t\t\t\t\t\t\t\t\t\t\t\t\t\t\t\t\t\t\t\t\t\t\t\t\t\t\t\t\t\t\t\t\t\t<div class=\"slide slide-custom\" style=\"background-image:url(https:\/\/sivustot.lentopallo.fi\/lounais-suomi\/files\/2023\/12\/342706140_758146692424515_8639730872401723972_n.jpg);\">\n\t\t\t\t\t\t\t<div class=\"container\">\n\t\t\t\t\t\t\t\t\t\t\t\t\t\t\t\t\t<div class=\"slide-custom-content\">\n\t\t\t\t\t\t\t\t\t\t\t\t\t\t\t\t\t\t\t\t\t<h3 class=\"slide-custom-title\">Tapahtumat l\u00f6yd\u00e4t t\u00e4\u00e4lt\u00e4!<\/h3>\n\t\t\t\t\t\t\t\t\t\t\n\t\t\t\t\t\t\t\t\t\t\t\t\t\t\t\t\t\t\t\t\t<div class=\"caption\">\n\t\t\t\t\t\t\t\t\t\t\t\t<a class=\"btn btn-white btn-read-more\" href=\"https:\/\/sivustot.lentopallo.fi\/lounais-suomi\/ajankohtaista\/tapahtumat\/\" target=\"_self\">Tapahtumat<\/a>\t\t\t\t\t\t\t\t\t\t\t<\/div>\n\t\t\t\t\t\t\t\t\t\t\t\t\t\t\t\t\t\t\t<\/div>\n\t\t\t\t\t\t\t\t\t\t\t\t\t\t\t<\/div>\n\t\t\t\t\t\t<\/div>\n\t\t\t\t\t\t\t\t\t\t\t\t\t\t\t\t\t\t\t\t\t\t\t\t\t\t\t\t\t\t\t\t\t\t\t\t<div class=\"slide slide-custom\" style=\"background-image:url(https:\/\/sivustot.lentopallo.fi\/lounais-suomi\/files\/2023\/02\/lentis3-1920x1280.jpeg);\">\n\t\t\t\t\t\t\t<div class=\"container\">\n\t\t\t\t\t\t\t\t\t\t\t\t\t\t\t\t\t<div class=\"slide-custom-content\">\n\t\t\t\t\t\t\t\t\t\t\t\t\t\t\t\t\t\t\t\t\t<h3 class=\"slide-custom-title\">S\u00e4\u00e4nn\u00f6t ja sarjam\u00e4\u00e4r\u00e4ykset<\/h3>\n\t\t\t\t\t\t\t\t\t\t\n\t\t\t\t\t\t\t\t\t\t\t\t\t\t\t\t\t\t\t\t\t<div class=\"caption\">\n\t\t\t\t\t\t\t\t\t\t\t\t<a class=\"btn btn-white btn-read-more\" href=\"https:\/\/sivustot.lentopallo.fi\/lounais-suomi\/kilpailutoiminta\/saannot-ja-sarjamaaraykset\/\" target=\"_self\">S\u00e4\u00e4nn\u00f6t ja sarjam\u00e4\u00e4r\u00e4ykset<\/a>\t\t\t\t\t\t\t\t\t\t\t<\/div>\n\t\t\t\t\t\t\t\t\t\t\t\t\t\t\t\t\t\t\t<\/div>\n\t\t\t\t\t\t\t\t\t\t\t\t\t\t\t<\/div>\n\t\t\t\t\t\t<\/div>\n\t\t\t\t\t\t\t\t\t\t\t\t\t\t<\/div>\n\t<\/section>\n","protected":false},"excerpt":{"rendered":"","protected":false},"author":1,"featured_media":193,"parent":0,"menu_order":0,"comment_status":"closed","ping_status":"closed","template":"pages\/template-home.php","meta":{"_acf_changed":false,"inline_featured_image":false,"footnotes":""},"class_list":["post-192","page","type-page","status-publish","has-post-thumbnail","hentry"],"acf":[],"_links":{"self":[{"href":"https:\/\/sivustot.lentopallo.fi\/lounais-suomi\/wp-json\/wp\/v2\/pages\/192","targetHints":{"allow":["GET"]}}],"collection":[{"href":"https:\/\/sivustot.lentopallo.fi\/lounais-suomi\/wp-json\/wp\/v2\/pages"}],"about":[{"href":"https:\/\/sivustot.lentopallo.fi\/lounais-suomi\/wp-json\/wp\/v2\/types\/page"}],"author":[{"embeddable":true,"href":"https:\/\/sivustot.lentopallo.fi\/lounais-suomi\/wp-json\/wp\/v2\/users\/1"}],"replies":[{"embeddable":true,"href":"https:\/\/sivustot.lentopallo.fi\/lounais-suomi\/wp-json\/wp\/v2\/comments?post=192"}],"version-history":[{"count":19,"href":"https:\/\/sivustot.lentopallo.fi\/lounais-suomi\/wp-json\/wp\/v2\/pages\/192\/revisions"}],"predecessor-version":[{"id":879,"href":"https:\/\/sivustot.lentopallo.fi\/lounais-suomi\/wp-json\/wp\/v2\/pages\/192\/revisions\/879"}],"wp:featuredmedia":[{"embeddable":true,"href":"https:\/\/sivustot.lentopallo.fi\/lounais-suomi\/wp-json\/wp\/v2\/media\/193"}],"wp:attachment":[{"href":"https:\/\/sivustot.lentopallo.fi\/lounais-suomi\/wp-json\/wp\/v2\/media?parent=192"}],"curies":[{"name":"wp","href":"https:\/\/api.w.org\/{rel}","templated":true}]}}