{"id":274,"date":"2023-05-23T10:49:33","date_gmt":"2023-05-23T10:49:33","guid":{"rendered":"https:\/\/sivustot.lentopallo.fi\/lounais-suomi\/?page_id=274"},"modified":"2025-09-02T17:01:40","modified_gmt":"2025-09-02T17:01:40","slug":"aluevalmentajat","status":"publish","type":"page","link":"https:\/\/sivustot.lentopallo.fi\/lounais-suomi\/aluevalmennus\/aluevalmentajat\/","title":{"rendered":"Aluevalmentajat"},"content":{"rendered":"\n<div class=\"wp-block-columns is-layout-flex wp-container-core-columns-is-layout-9d6595d7 wp-block-columns-is-layout-flex\">\n<div class=\"wp-block-column is-layout-flow wp-block-column-is-layout-flow\">\n<p class=\"has-text-align-center\">Tytt\u00f6jen p\u00e4\u00e4valmentaja<br>Jarkko Laine<br>jarkko@jlaine.net<br>050 358 8858<\/p>\n\n\n\n<hr class=\"wp-block-separator has-alpha-channel-opacity\" \/>\n\n\n\n<p class=\"has-text-align-center\"><strong>2009 syntyneet tyt\u00f6t<\/strong><br><strong>Tomi Lemmink\u00e4inen<\/strong><br>tomi.lemminkainen@lpviesti.fi<br>045\u00a0110 2253<br><br><strong>Aigi Alapuranen<\/strong><br>aigi.alapuranen@live.com<br>040 595 4269<\/p>\n\n\n\n<hr class=\"wp-block-separator has-alpha-channel-opacity is-style-default\" \/>\n\n\n\n<p class=\"has-text-align-center\"><strong>2010 syntyneet tyt\u00f6t<\/strong><br><strong>Outi Schutskoff<\/strong><br>outikoff@gmail.com<br>040 530 0735<\/p>\n\n\n\n<p class=\"has-text-align-center\"><strong><strong>Noora Heikkil\u00e4<\/strong><\/strong><br>noorah9258@gmail.com<br>\u202d045 639 1033\u202c<\/p>\n\n\n\n<p class=\"has-text-align-center\"><strong>Linda Huhtala<\/strong><br>linda.k.huhtala@gmail.com<br>\u202d040 416 1821\u202c<\/p>\n\n\n\n<hr class=\"wp-block-separator has-alpha-channel-opacity is-style-default\" \/>\n\n\n\n<p class=\"has-text-align-center\"><strong>\u200b2011 syntyneet tyt\u00f6t<br>\u200bViivi Huurne<\/strong><br>viivi.huurne@gmail.com<br>044 308 9334<\/p>\n\n\n\n<p class=\"has-text-align-center\"><strong>Jenni Keskinen<\/strong><br>jenni.keskinen2@gmail.com<br><\/p>\n\n\n\n<hr class=\"wp-block-separator has-alpha-channel-opacity is-style-default\" \/>\n\n\n\n<p class=\"has-text-align-center\"><strong>2012 syntyneet tyt\u00f6t<br>Tuomas Tihinen<\/strong><br>tuomas.tihinen@gmail.com<br>\u202d+358 40 744 4967\u202c<\/p>\n\n\n\n<p class=\"has-text-align-center\"><strong>Juha Tapio<\/strong><br>jmtapio@hotmail.com<br>045 234 6275<\/p>\n\n\n\n<p class=\"has-text-align-center\"><strong>Katja Kylm\u00e4aho<br><\/strong>katja.kylmaaho@gmail.com<br><\/p>\n\n\n\n<hr class=\"wp-block-separator has-alpha-channel-opacity is-style-default\" \/>\n\n\n\n<p class=\"has-text-align-center\"><\/p>\n\n\n\n<p class=\"has-text-align-center\"><strong>2013 syntyneet tyt\u00f6t<br>Essi Tuomola<\/strong><br>essituo@gmail.com<br>\u202d040 525 5460\u202c<\/p>\n\n\n\n<p class=\"has-text-align-center\"><strong>Henna Juppo<\/strong><br>henna.juppo@gmail.com<br>040 521 7155<\/p>\n\n\n\n<p class=\"has-text-align-center\"><strong>Jussi Salmi<\/strong><\/p>\n<\/div>\n\n\n\n<div class=\"wp-block-column is-layout-flow wp-block-column-is-layout-flow\">\n<p class=\"has-text-align-center\">Poikien p\u00e4\u00e4valmentaja<br>Joona V\u00e4\u00e4n\u00e4nen<br>joonavaananen99@gmail.com<br>050 565 8643<\/p>\n\n\n\n<hr class=\"wp-block-separator has-alpha-channel-opacity\" \/>\n\n\n\n<p class=\"has-text-align-center\"><strong>2009 syntyneet pojat<\/strong><br><strong>Markku Puputti <\/strong><br>markku.puputti@orivesi.fi<br>050\u00a0361 1738\u200b <br><br><strong>Eerik Jago<\/strong><br>eerik.jago@gmail.com<br>040 555 9848<\/p>\n\n\n\n<hr class=\"wp-block-separator has-alpha-channel-opacity\" \/>\n\n\n\n<p class=\"has-text-align-center\"><strong>\u200b2010 syntyneet pojat<\/strong><br><strong>Tuomas Alatalo<\/strong><br>tumppi1980@gmail.com<br>045 153 1866<br><br><strong>Teemu Syv\u00e4nen<\/strong><br>teemu.syvanen@outlook.com<br>\u202d040 037 8183\u202c<br><br><strong>Simo Puttonen<\/strong><br>040 079 6217<br><\/p>\n\n\n\n<hr class=\"wp-block-separator has-alpha-channel-opacity is-style-default\" \/>\n\n\n\n<p class=\"has-text-align-center\"><strong>\u200b2011 syntyneet pojat<\/strong><br><strong>Mika Tuunainen <\/strong><br>mika.tuunainen@jameshaft.fi<br>040 079 8853<br><br><strong>Verneri Vatola<\/strong><br>verneri.vatola@gmail.com<br>040 029 6259<\/p>\n\n\n\n<hr class=\"wp-block-separator has-alpha-channel-opacity is-style-default\" \/>\n\n\n\n<p class=\"has-text-align-center\"><strong>\u200b2012 syntyneet pojat<\/strong><br><strong>Saara Esko<\/strong><br>saara.esko@gmail.com<br>050\u00a0336 5579<br><br><strong>Anna Kilpinen<\/strong><br>anna.kilpinen@gmail.com<br>040 744 0884<\/p>\n\n\n\n<hr class=\"wp-block-separator has-alpha-channel-opacity\" \/>\n\n\n\n<p class=\"has-text-align-center\"><strong>2013 syntyneet pojat<\/strong><br><br><strong>Aki Siimeksel\u00e4 <\/strong><br>aki.siimeksela@gmail.com<br>\u202d044 300 9014<br><br><strong>Valtteri J\u00e4\u00e4skel\u00e4inen<\/strong><br>valtteri.jaaskelainen@gmail.com<br>044 305 0051<\/p>\n\n\n\n<p class=\"has-text-align-center\"><strong>Julia J\u00e4rvi<br><\/strong>julia.jarvi@hotmail.com<br>044 543 2198<\/p>\n\n\n\n<p class=\"has-text-align-center\"><strong>Jutta J\u00e4rvi<br><\/strong>jarvi.jutta@hotmail.com<br>040 198 8110<\/p>\n<\/div>\n<\/div>\n\n\n\n<p class=\"has-text-align-center\"><\/p>\n","protected":false},"excerpt":{"rendered":"<p>Tytt\u00f6jen p\u00e4\u00e4valmentajaJarkko Lainejarkko@jlaine.net050 358 8858 2009 syntyneet tyt\u00f6tTomi Lemmink\u00e4inentomi.lemminkainen@lpviesti.fi045\u00a0110 2253 Aigi Alapuranenaigi.alapuranen@live.com040 595 4269 2010 syntyneet tyt\u00f6tOuti Schutskoffoutikoff@gmail.com040 530 0735 Noora Heikkil\u00e4noorah9258@gmail.com\u202d045 639 1033\u202c Linda Huhtalalinda.k.huhtala@gmail.com\u202d040 416 1821\u202c \u200b2011 syntyneet tyt\u00f6t\u200bViivi Huurneviivi.huurne@gmail.com044 308 9334 Jenni Keskinenjenni.keskinen2@gmail.com 2012 syntyneet tyt\u00f6tTuomas Tihinentuomas.tihinen@gmail.com\u202d+358 40 744 4967\u202c Juha Tapiojmtapio@hotmail.com045 234 6275 Katja Kylm\u00e4ahokatja.kylmaaho@gmail.com 2013 syntyneet tyt\u00f6tEssi Tuomolaessituo@gmail.com\u202d040 525 5460\u202c [&hellip;]<\/p>\n","protected":false},"author":4,"featured_media":0,"parent":257,"menu_order":0,"comment_status":"closed","ping_status":"closed","template":"pages\/template-kilpailu.php","meta":{"_acf_changed":false,"inline_featured_image":false,"footnotes":""},"class_list":["post-274","page","type-page","status-publish","hentry"],"acf":[],"_links":{"self":[{"href":"https:\/\/sivustot.lentopallo.fi\/lounais-suomi\/wp-json\/wp\/v2\/pages\/274","targetHints":{"allow":["GET"]}}],"collection":[{"href":"https:\/\/sivustot.lentopallo.fi\/lounais-suomi\/wp-json\/wp\/v2\/pages"}],"about":[{"href":"https:\/\/sivustot.lentopallo.fi\/lounais-suomi\/wp-json\/wp\/v2\/types\/page"}],"author":[{"embeddable":true,"href":"https:\/\/sivustot.lentopallo.fi\/lounais-suomi\/wp-json\/wp\/v2\/users\/4"}],"replies":[{"embeddable":true,"href":"https:\/\/sivustot.lentopallo.fi\/lounais-suomi\/wp-json\/wp\/v2\/comments?post=274"}],"version-history":[{"count":19,"href":"https:\/\/sivustot.lentopallo.fi\/lounais-suomi\/wp-json\/wp\/v2\/pages\/274\/revisions"}],"predecessor-version":[{"id":1209,"href":"https:\/\/sivustot.lentopallo.fi\/lounais-suomi\/wp-json\/wp\/v2\/pages\/274\/revisions\/1209"}],"up":[{"embeddable":true,"href":"https:\/\/sivustot.lentopallo.fi\/lounais-suomi\/wp-json\/wp\/v2\/pages\/257"}],"wp:attachment":[{"href":"https:\/\/sivustot.lentopallo.fi\/lounais-suomi\/wp-json\/wp\/v2\/media?parent=274"}],"curies":[{"name":"wp","href":"https:\/\/api.w.org\/{rel}","templated":true}]}}