{"id":280,"date":"2023-05-23T10:56:57","date_gmt":"2023-05-23T10:56:57","guid":{"rendered":"https:\/\/sivustot.lentopallo.fi\/lounais-suomi\/?page_id=280"},"modified":"2023-12-08T18:50:33","modified_gmt":"2023-12-08T18:50:33","slug":"saannot-ja-sarjamaaraykset","status":"publish","type":"page","link":"https:\/\/sivustot.lentopallo.fi\/lounais-suomi\/kilpailutoiminta\/saannot-ja-sarjamaaraykset\/","title":{"rendered":"S\u00e4\u00e4nn\u00f6t ja sarjam\u00e4\u00e4r\u00e4ykset"},"content":{"rendered":"\n<p><\/p>\n\n\n\n\t<section id=\"block_3ef6429c6f66bff8b97fc2174480bf94\" class=\"cta-grid\">\n\t\t<div class=\"container\">\n\t\t\t<div class=\"cta-grid-holder\">\n\t\t\t\t\t\t\t\t\t\t\t\t\t\t\t\t\t\t\t\t<div class=\"cta-grid-item width-100\">\n                                                            <a href=\"https:\/\/www.lentopallo.fi\/kilpailu\/kilpailusaannot-sarjamaaraykset-ja-poytakirjat\/aloitusjarjestyslipukkeet-ottelupoytakirjat-ja-niiden-tayttoohjeet\/tulosten-ilmoittaminen-ohjeet\/\" target=\"_self\" class=\"cta-block-link\">                            \t\t\t\t\t\t\t<div class=\"holder-cta-grid-item\" style=\"background-image:url(https:\/\/sivustot.lentopallo.fi\/lounais-suomi\/files\/2023\/02\/lentis8-1640x2460.jpeg);\">\n\t\t\t\t\t\t\t\t\t\t\t\t\t\t\t\t\t<div class=\"caption\">\n                                        <span>Paperisen p\u00f6yt\u00e4kirjan t\u00e4ytt\u00f6ohjeet<\/span>\n                                    <\/div>\n\t\t\t\t\t\t\t\t\t\t\t\t\t\t\t<\/div>\n                                                            <\/a>                            \t\t\t\t\t\t<\/div>\n\t\t\t\t\t\t\t\t\t\t\t\t\t\t\t\t\t\t\t\t\t\t\t\t\t<div class=\"cta-grid-item width-100\">\n                                                            <a href=\"https:\/\/www.lentopallo.fi\/kilpailu\/kilpailusaannot-sarjamaaraykset-ja-poytakirjat\/sahkoinen-poytakirja\/\" target=\"_self\" class=\"cta-block-link\">                            \t\t\t\t\t\t\t<div class=\"holder-cta-grid-item\" style=\"background-image:url(https:\/\/sivustot.lentopallo.fi\/lounais-suomi\/files\/2023\/12\/618700305.jpg);\">\n\t\t\t\t\t\t\t\t\t\t\t\t\t\t\t\t\t<div class=\"caption\">\n                                        <span>Mobiilip\u00f6yt\u00e4kirjan ohjeet<\/span>\n                                    <\/div>\n\t\t\t\t\t\t\t\t\t\t\t\t\t\t\t<\/div>\n                                                            <\/a>                            \t\t\t\t\t\t<\/div>\n\t\t\t\t\t\t\t\t\t\t\t\t\t\t\t\t\t\t\t\t\t\t\t\t\t<div class=\"cta-grid-item width-100\">\n                                                            <a href=\"https:\/\/www.lentopallo.fi\/kilpailu\/kilpailusaannot-sarjamaaraykset-ja-poytakirjat\/\" target=\"_self\" class=\"cta-block-link\">                            \t\t\t\t\t\t\t<div class=\"holder-cta-grid-item\" style=\"background-image:url(https:\/\/sivustot.lentopallo.fi\/lounais-suomi\/files\/2023\/12\/Suomen_Lentopalloliitto_logo.jpg);\">\n\t\t\t\t\t\t\t\t\t\t\t\t\t\t\t\t\t<div class=\"caption\">\n                                        <span>Sarjam\u00e4\u00e4r\u00e4ykset<\/span>\n                                    <\/div>\n\t\t\t\t\t\t\t\t\t\t\t\t\t\t\t<\/div>\n                                                            <\/a>                            \t\t\t\t\t\t<\/div>\n\t\t\t\t\t\t\t\t\t\t\t\t<\/div>\n\t\t<\/div>\n\t<\/section>\n","protected":false},"excerpt":{"rendered":"","protected":false},"author":4,"featured_media":0,"parent":259,"menu_order":0,"comment_status":"closed","ping_status":"closed","template":"pages\/template-kilpailu.php","meta":{"_acf_changed":false,"inline_featured_image":false,"footnotes":""},"class_list":["post-280","page","type-page","status-publish","hentry"],"acf":[],"_links":{"self":[{"href":"https:\/\/sivustot.lentopallo.fi\/lounais-suomi\/wp-json\/wp\/v2\/pages\/280","targetHints":{"allow":["GET"]}}],"collection":[{"href":"https:\/\/sivustot.lentopallo.fi\/lounais-suomi\/wp-json\/wp\/v2\/pages"}],"about":[{"href":"https:\/\/sivustot.lentopallo.fi\/lounais-suomi\/wp-json\/wp\/v2\/types\/page"}],"author":[{"embeddable":true,"href":"https:\/\/sivustot.lentopallo.fi\/lounais-suomi\/wp-json\/wp\/v2\/users\/4"}],"replies":[{"embeddable":true,"href":"https:\/\/sivustot.lentopallo.fi\/lounais-suomi\/wp-json\/wp\/v2\/comments?post=280"}],"version-history":[{"count":10,"href":"https:\/\/sivustot.lentopallo.fi\/lounais-suomi\/wp-json\/wp\/v2\/pages\/280\/revisions"}],"predecessor-version":[{"id":414,"href":"https:\/\/sivustot.lentopallo.fi\/lounais-suomi\/wp-json\/wp\/v2\/pages\/280\/revisions\/414"}],"up":[{"embeddable":true,"href":"https:\/\/sivustot.lentopallo.fi\/lounais-suomi\/wp-json\/wp\/v2\/pages\/259"}],"wp:attachment":[{"href":"https:\/\/sivustot.lentopallo.fi\/lounais-suomi\/wp-json\/wp\/v2\/media?parent=280"}],"curies":[{"name":"wp","href":"https:\/\/api.w.org\/{rel}","templated":true}]}}