{"id":714,"date":"2024-04-16T12:39:38","date_gmt":"2024-04-16T12:39:38","guid":{"rendered":"https:\/\/sivustot.lentopallo.fi\/lounais-suomi\/?page_id=714"},"modified":"2024-04-16T12:39:38","modified_gmt":"2024-04-16T12:39:38","slug":"2010-tyttojen-valinnat-varalan-alueleirille","status":"publish","type":"page","link":"https:\/\/sivustot.lentopallo.fi\/lounais-suomi\/2010-tyttojen-valinnat-varalan-alueleirille\/","title":{"rendered":"2010-tytt\u00f6jen valinnat Varalan alueleirille"},"content":{"rendered":"\n<p>Pelaajat alueen 2010 syntyneiden tytt\u00f6jen alueleirille Varalan urheiluopistolle 18.-19.5.2024 on valittu. Terveisin 2010-ik\u00e4luokan tytt\u00f6jen aluevalmentajat Outi ja Jarkko<\/p>\n\n\n\n<p>Leirille valitut pelaajat:<\/p>\n\n\n\n<figure class=\"wp-block-table\"><table><tbody><tr><td>Fiina<\/td><td>Alatalo<\/td><td>HLK<\/td><\/tr><tr><td>Polina<\/td><td>Bolshakova<\/td><td>Loimu<\/td><\/tr><tr><td>Riia<\/td><td>Juselius<\/td><td>Sopa<\/td><\/tr><tr><td>Olga<\/td><td>Kakko<\/td><td>Loimu<\/td><\/tr><tr><td>Iida<\/td><td>Kannisto<\/td><td>YPa<\/td><\/tr><tr><td>Lotta<\/td><td>Kannisto<\/td><td>YPa<\/td><\/tr><tr><td>Ella<\/td><td>Koivunen<\/td><td>Yl\u00f6R<\/td><\/tr><tr><td>Anna<\/td><td>Kokki<\/td><td>LPK<\/td><\/tr><tr><td>Kaisla<\/td><td>Kuivam\u00e4ki<\/td><td>EuRa<\/td><\/tr><tr><td>Kiti<\/td><td>Kuoksa<\/td><td>Loimu<\/td><\/tr><tr><td>Enni<\/td><td>Laine<\/td><td>LPK<\/td><\/tr><tr><td>Olivia<\/td><td>Lehtola<\/td><td>Yl\u00f6R<\/td><\/tr><tr><td>Jade<\/td><td>Lumme<\/td><td>Loimu<\/td><\/tr><tr><td>Aada<\/td><td>Luoto<\/td><td>Sopa<\/td><\/tr><tr><td>Matilda<\/td><td>Maanoja<\/td><td>Supi<\/td><\/tr><tr><td>Matleena<\/td><td>Mets\u00e4ranta<\/td><td>Loimu<\/td><\/tr><tr><td>Eevi<\/td><td>Neilimo<\/td><td>LPK<\/td><\/tr><tr><td>Alisa<\/td><td>Nikkil\u00e4<\/td><td>LPK<\/td><\/tr><tr><td>Elsa<\/td><td>Olkkonen<\/td><td>VilT\u00e4<\/td><\/tr><tr><td>Emma<\/td><td>Paananen<\/td><td>LPK<\/td><\/tr><tr><td>Saimi<\/td><td>Pakkala<\/td><td>LPK<\/td><\/tr><tr><td>Alisa<\/td><td>Pelto-Huikko<\/td><td>NarPa<\/td><\/tr><tr><td>Wilma<\/td><td>Rauhaniemi<\/td><td>Viesti<\/td><\/tr><tr><td>Lotta<\/td><td>Rautiainen<\/td><td>Jankko<\/td><\/tr><tr><td>Lydia<\/td><td>Rudd<\/td><td>OrPo<\/td><\/tr><tr><td>Milja<\/td><td>Salminen<\/td><td>Loimu<\/td><\/tr><tr><td>Elisabeth<\/td><td>Suoniemi<\/td><td>EuRa<\/td><\/tr><tr><td>Saana<\/td><td>T\u00e4htinen<\/td><td>VU<\/td><\/tr><tr><td>Emmi<\/td><td>Vainio<\/td><td>Viesti<\/td><\/tr><tr><td>Ellen<\/td><td>Vehkakoski<\/td><td>Yl\u00f6R<\/td><\/tr><tr><td>Jade<\/td><td>Virtanen<\/td><td>S\u00e4kU<\/td><\/tr><tr><td>Seela<\/td><td>V\u00e4nnil\u00e4<\/td><td>S\u00e4kU<\/td><\/tr><tr><td>Venla<\/td><td>Wetterstrand<\/td><td>OrPo<\/td><\/tr><\/tbody><\/table><\/figure>\n\n\n\n<p>Terveisin 2010-ik\u00e4luokan tytt\u00f6jen aluevalmentajat Outi ja Jarkko<\/p>\n","protected":false},"excerpt":{"rendered":"<p>Pelaajat alueen 2010 syntyneiden tytt\u00f6jen alueleirille Varalan urheiluopistolle 18.-19.5.2024 on valittu. Terveisin 2010-ik\u00e4luokan tytt\u00f6jen aluevalmentajat Outi ja Jarkko Leirille valitut pelaajat: Fiina Alatalo HLK Polina Bolshakova Loimu Riia Juselius Sopa Olga Kakko Loimu Iida Kannisto YPa Lotta Kannisto YPa Ella Koivunen Yl\u00f6R Anna Kokki LPK Kaisla Kuivam\u00e4ki EuRa Kiti Kuoksa Loimu Enni Laine LPK Olivia [&hellip;]<\/p>\n","protected":false},"author":11,"featured_media":0,"parent":0,"menu_order":0,"comment_status":"closed","ping_status":"closed","template":"pages\/template-kilpailu.php","meta":{"_acf_changed":false,"inline_featured_image":false,"footnotes":""},"class_list":["post-714","page","type-page","status-publish","hentry"],"acf":[],"_links":{"self":[{"href":"https:\/\/sivustot.lentopallo.fi\/lounais-suomi\/wp-json\/wp\/v2\/pages\/714","targetHints":{"allow":["GET"]}}],"collection":[{"href":"https:\/\/sivustot.lentopallo.fi\/lounais-suomi\/wp-json\/wp\/v2\/pages"}],"about":[{"href":"https:\/\/sivustot.lentopallo.fi\/lounais-suomi\/wp-json\/wp\/v2\/types\/page"}],"author":[{"embeddable":true,"href":"https:\/\/sivustot.lentopallo.fi\/lounais-suomi\/wp-json\/wp\/v2\/users\/11"}],"replies":[{"embeddable":true,"href":"https:\/\/sivustot.lentopallo.fi\/lounais-suomi\/wp-json\/wp\/v2\/comments?post=714"}],"version-history":[{"count":1,"href":"https:\/\/sivustot.lentopallo.fi\/lounais-suomi\/wp-json\/wp\/v2\/pages\/714\/revisions"}],"predecessor-version":[{"id":715,"href":"https:\/\/sivustot.lentopallo.fi\/lounais-suomi\/wp-json\/wp\/v2\/pages\/714\/revisions\/715"}],"wp:attachment":[{"href":"https:\/\/sivustot.lentopallo.fi\/lounais-suomi\/wp-json\/wp\/v2\/media?parent=714"}],"curies":[{"name":"wp","href":"https:\/\/api.w.org\/{rel}","templated":true}]}}