{"id":255,"date":"2023-05-23T10:23:12","date_gmt":"2023-05-23T10:23:12","guid":{"rendered":"https:\/\/sivustot.lentopallo.fi\/pohjois-suomi\/?page_id=255"},"modified":"2026-01-27T11:45:43","modified_gmt":"2026-01-27T11:45:43","slug":"ajankohtaista","status":"publish","type":"page","link":"https:\/\/sivustot.lentopallo.fi\/pohjois-suomi\/ajankohtaista\/","title":{"rendered":"Ajankohtaista"},"content":{"rendered":"\n<div class=\"wp-block-columns are-vertically-aligned-center is-layout-flex wp-container-core-columns-is-layout-9d6595d7 wp-block-columns-is-layout-flex\">\n<div class=\"wp-block-column is-vertically-aligned-center is-layout-flow wp-block-column-is-layout-flow\" style=\"flex-basis:100%\">\n<div class=\"wp-block-columns is-layout-flex wp-container-core-columns-is-layout-9d6595d7 wp-block-columns-is-layout-flex\">\n<div class=\"wp-block-column is-layout-flow wp-block-column-is-layout-flow\" style=\"flex-basis:33.33%\"><\/div>\n\n\n\n<div class=\"wp-block-column is-layout-flow wp-block-column-is-layout-flow\" style=\"flex-basis:66.66%\">\n<h2 class=\"wp-block-heading\">Pohjois-Suomen lentopallokoulutukset 2026<\/h2>\n\n\n\n<p>Valmentajien ja ohjaajien kouluttautuminen on yksi t\u00e4rkeimmist\u00e4 tekij\u00f6ist\u00e4 laadukkaan ja innostavan seuratoiminnan taustalla. Kouluttautuminen helpottaa valmentajan arkea, tuo harjoitteluun selkeytt\u00e4 ja varmuutta sek\u00e4 auttaa luomaan harjoituksia, joissa lapset ja nuoret oppivat enemm\u00e4n ja viihtyv\u00e4t paremmin. Pitk\u00e4ll\u00e4 aikav\u00e4lill\u00e4 koulutus vahvistaa my\u00f6s koko seuran toimintaa ja yhteist\u00e4 tekemisen kulttuuria.<\/p>\n\n\n\n<p>Alla koottuna Pohjois-Suomen (Pohjois-Pohjanmaa &amp; Lappi) alueella j\u00e4rjestett\u00e4v\u00e4t lentopallokoulutukset vuonna 2026. Koulutukset on tarkoitettu valmentajille, ohjaajille ja seuratoimijoille, jotka haluavat kehitt\u00e4\u00e4 osaamistaan.<\/p>\n\n\n\n<p><strong>Lentopallon tekniikka- ja taitovalmennus (LTTV)<\/strong><\/p>\n\n\n\n<p>LTTV-koulutus keskittyy lentopallon perustekniikoihin ja taitojen opettamiseen k\u00e4yt\u00e4nn\u00f6nl\u00e4heisesti. Koulutus sopii hyvin aloitteleville ja jo toiminnassa oleville valmentajille.<\/p>\n\n\n\n<ul class=\"wp-block-list\">\n<li>\ud83d\udccd Rovaniemi (Santasport)<br>\ud83d\udcc5 25.\u201326.4.2026<\/li>\n\n\n\n<li>\ud83d\udccd Oulu<br>\ud83d\udcc5 25.\u201326.4.2026<\/li>\n<\/ul>\n\n\n\n<p><strong>Juniorilentopallon valmentajatutkinto (JLVT), ent. 1. taso<\/strong><\/p>\n\n\n\n<p>JLVT on juniorivalmentajille suunnattu koulutus, jossa syvennyt\u00e4\u00e4n lasten ja nuorten valmennuksen perusteisiin ja harjoittelun suunnitteluun.<\/p>\n\n\n\n<ul class=\"wp-block-list\">\n<li>\ud83d\udccd Rovaniemi \u2013 1. l\u00e4hijakso<br>\ud83d\udcc5 23.\u201324.5.2026<\/li>\n\n\n\n<li>\ud83d\udccd Oulu \u2013 2. l\u00e4hijakso<br>\ud83d\udcc5 15.\u201316.8.2026<\/li>\n<\/ul>\n\n\n\n<p><strong>Muita valtakunnallisia koulutuksia<\/strong><\/p>\n\n\n\n<ul class=\"wp-block-list\">\n<li>Lasten lentopallovalmennus (LLV)<br>Uusi, parhaillaan kehitett\u00e4v\u00e4 koulutus lasten valmennuksen tueksi. Koulutukset alkavat syksyll\u00e4 2026.<\/li>\n\n\n\n<li>Lentopallon valmentajatutkinto (LVT)<br>Entinen 2. tason valmentajakoulutus. Hakuaika p\u00e4\u00e4ttyy: 31.3.2026.<\/li>\n\n\n\n<li>Huippulentopallon valmentajatutkinto (HLVT)<br>Uusi 3. tason valmentajakoulutus. Hakuaika p\u00e4\u00e4ttyy: 22.3.2026<\/li>\n\n\n\n<li>Verkkokoulutukset ja erotuomarikoulutukset<\/li>\n<\/ul>\n\n\n\n<p>\ud83d\udc49 Lis\u00e4tiedot ja ilmoittautuminen:<br><a href=\"https:\/\/www.lentopallo.fi\/tapahtumat\/koulutukset\/\">https:\/\/www.lentopallo.fi\/tapahtumat\/koulutukset\/<\/a><\/p>\n\n\n\n<p>Toivottavasti v\u00e4lit\u00e4tte tietoa eteenp\u00e4in seuroissa ja joukkueissa ja kannustatte valmentajia mukaan kouluttautumaan.<\/p>\n\n\n\n<p><\/p>\n\n\n\n<hr class=\"wp-block-separator has-alpha-channel-opacity is-style-wide\" \/>\n\n\n\n<h2 class=\"wp-block-heading\">Mobiilip\u00f6yt\u00e4kirjan uudistaminen sek\u00e4 koulutus<\/h2>\n\n\n\n<p>Lentopallon mobiilip\u00f6yt\u00e4kirja on uudistettu, ja Lentopalloliitto j\u00e4rjest\u00e4\u00e4 kirjureille koulutuksen sen k\u00e4yt\u00f6st\u00e4 Teamsissa 9.12.2025 kello 15:00 alkaen. Tilaisuudesta tehd\u00e4\u00e4n my\u00f6s nauhoite, joka julkaistaan my\u00f6hemmin Lentopalloliiton YouTube-kanavalla.&nbsp;Katso tarkemmat ilmoittautumistiedot Lentopalloliiton sivuilta:<br><a href=\"https:\/\/www.lentopallo.fi\/uutiset\/mobiilipoyatkirjan-kirjurikoulutus-9-12\/\">https:\/\/www.lentopallo.fi\/uutiset\/mobiilipoyatkirjan-kirjurikoulutus-9-12\/<\/a><\/p>\n<\/div>\n<\/div>\n<\/div>\n<\/div>\n\n\n\n<div class=\"wp-block-columns is-layout-flex wp-container-core-columns-is-layout-9d6595d7 wp-block-columns-is-layout-flex\">\n<div class=\"wp-block-column is-layout-flow wp-block-column-is-layout-flow\" style=\"flex-basis:33.33%\"><\/div>\n\n\n\n<div class=\"wp-block-column is-layout-flow wp-block-column-is-layout-flow\" style=\"flex-basis:66.66%\">\n<h2 class=\"wp-block-heading\"><a href=\"https:\/\/sivustot.lentopallo.fi\/pohjois-suomi\/lasten-urheilun-illat-kiertue\/\">\u201dLasten urheilun illat\u201d-kiertue<\/a><\/h2>\n\n\n\n<figure class=\"wp-block-image size-full is-resized\"><img loading=\"lazy\" decoding=\"async\" width=\"819\" height=\"1024\" src=\"https:\/\/sivustot.lentopallo.fi\/pohjois-suomi\/files\/2025\/09\/Karuselli1-819x1024-1.png\" alt=\"\" class=\"wp-image-920\" style=\"width:382px;height:auto\" srcset=\"https:\/\/sivustot.lentopallo.fi\/pohjois-suomi\/files\/2025\/09\/Karuselli1-819x1024-1.png 819w, https:\/\/sivustot.lentopallo.fi\/pohjois-suomi\/files\/2025\/09\/Karuselli1-819x1024-1-240x300.png 240w, https:\/\/sivustot.lentopallo.fi\/pohjois-suomi\/files\/2025\/09\/Karuselli1-819x1024-1-768x960.png 768w, https:\/\/sivustot.lentopallo.fi\/pohjois-suomi\/files\/2025\/09\/Karuselli1-819x1024-1-300x375.png 300w, https:\/\/sivustot.lentopallo.fi\/pohjois-suomi\/files\/2025\/09\/Karuselli1-819x1024-1-55x69.png 55w\" sizes=\"auto, (max-width: 819px) 100vw, 819px\" \/><\/figure>\n\n\n\n<p>___________________________________________________________________<\/p>\n\n\n\n<div class=\"wp-block-buttons is-layout-flex wp-block-buttons-is-layout-flex\">\n<div class=\"wp-block-button\"><a class=\"wp-block-button__link wp-element-button\" href=\"https:\/\/sivustot.lentopallo.fi\/pohjois-suomi\/uutiset\/sarjainfot\/\"><strong>Nuorten ja minien sarjainfot<\/strong><\/a><\/div>\n<\/div>\n\n\n\n<p><\/p>\n\n\n\n<p>U20-U15-sarjojen info 16.9. klo 17 ja minien info 17.9. klo 16. Lis\u00e4tietoja otsikon linkist\u00e4.<\/p>\n\n\n\n<p>____________________________________________________________________<\/p>\n\n\n\n<h2 class=\"wp-block-heading\">Syysloman lentopalloleirit Rovaniemell\u00e4 \u2013 ilmoittautuminen 6.10. menness\u00e4!<\/h2>\n\n\n\n<div class=\"wp-block-group\"><div class=\"wp-block-group__inner-container is-layout-constrained wp-block-group-is-layout-constrained\">\n<p>Syyslomalla (viikko 42) on luvassa huikeat lentopalloleirit 13.-15.10.2025 Santasport Lapin Urheiluopistolla Rovaniemell\u00e4! Tarjolla on kaksi erillist\u00e4 leiri\u00e4 \u2013 yksi lapsille ja toinen nuorille \u2013 joissa pelaamisen ilo, oppiminen ja yhteishenki yhdistyv\u00e4t huippuolosuhteisiin.<\/p>\n\n\n\n<div class=\"wp-block-group\"><div class=\"wp-block-group__inner-container is-layout-constrained wp-block-group-is-layout-constrained\">\n<p><strong>Lasten syysloman lentisleiri 13.-15.10.2025<\/strong><\/p>\n\n\n\n<p>Kenelle: E (U11) \u2013 D (U13) -ik\u00e4isille kaiken tasoisille pelaajille<\/p>\n\n\n\n<p>Teema: P\u00e4\u00e4paino hy\u00f6kk\u00e4\u00e4misess\u00e4 ja sy\u00f6tt\u00e4misess\u00e4 eli pisteiden tekemisess\u00e4<\/p>\n\n\n\n<p>Sis\u00e4lt\u00f6: perustaitojen harjoittelua, hauskoja pelej\u00e4, uusia kavereita ja vauhdikasta tekemist\u00e4 Santasportin upeissa puitteissa<\/p>\n\n\n\n<p>Valmentaja: Leirin p\u00e4\u00e4valmentajana toimii Markus Vilander sek\u00e4 mahdolliset apuvalmentajat &#8211; voi olla, ett\u00e4 treeneiss\u00e4 tulee k\u00e4ym\u00e4\u00e4n apuvalmentajan roolissa my\u00f6s Arctic Volleyn Mestaruusliiga-pelaajia.<\/p>\n\n\n\n<p>Hinnat:<\/p>\n\n\n\n<ul class=\"wp-block-list\">\n<li>P\u00e4iv\u00e4leiril\u00e4inen 90\u20ac<\/li>\n\n\n\n<li>Majoitus hotellissa t\u00e4yshoidolla 140\u20ac<\/li>\n<\/ul>\n\n\n\n<p>Ilmoittautuminen ja tarkempia lis\u00e4tietoja:<\/p>\n\n\n\n<p><a href=\"https:\/\/santasport.fi\/santasport-shop\/lasten-syysloman-lentisleiri-2025\/\"><mark style=\"background-color:#0693e3\" class=\"has-inline-color has-white-color\">https:\/\/santasport.fi\/santasport-shop\/lasten-syysloman-lentisleiri-2025\/<\/mark><\/a><\/p>\n\n\n\n<p>Ilmoittautuminen p\u00e4\u00e4ttyy ma 6.10.2025<\/p>\n<\/div><\/div>\n\n\n\n<p><strong>Nuorten lentopalloilijoiden pelipaikkakohtainen syyslomaleiri, 13.-15.10.2025<\/strong><\/p>\n\n\n\n<p>Kenelle: C-A eli U15-U20 ik\u00e4isille lentopallon harrastajille<\/p>\n\n\n\n<p>Teema: Pelipaikkakohtaiset taidot \u2013 mahdollisuus syventy\u00e4 omaan pelipaikkaan tai kokeilla ja oppia uusia taitoja muilla pelipaikoilla Mestaruusliiga-pelaajien opastuksessa<\/p>\n\n\n\n<p>Sis\u00e4lt\u00f6: Yksil\u00f6llist\u00e4 ohjausta, vaihtelua pelipaikkojen v\u00e4lill\u00e4 ja tavoitteellisia treenej\u00e4<\/p>\n\n\n\n<p>Valmentaja: Leirin p\u00e4\u00e4valmentajana toimii Lapin Urheiluakatemian akatemiavalmentaja Jarkko Alasaarela sek\u00e4 apuvalmentajina Arctic Volleyn Mestaruusliiga-pelaajia<\/p>\n\n\n\n<p>Hinnat:<\/p>\n\n\n\n<ul class=\"wp-block-list\">\n<li>P\u00e4iv\u00e4leiril\u00e4inen 105\u20ac<\/li>\n\n\n\n<li>Majoitus hotellissa t\u00e4yshoidolla 180\u20ac<\/li>\n<\/ul>\n\n\n\n<p>Ilmoittautuminen ja tarkempia lis\u00e4tietoja:<\/p>\n\n\n\n<p><a href=\"https:\/\/santasport.fi\/santasport-shop\/nuorten-lentopalloilijoiden-pelipaikkakohtainen-syyslomaleiri-2025\/\"><mark style=\"background-color:#0693e3\" class=\"has-inline-color has-white-color\">https:\/\/santasport.fi\/santasport-shop\/nuorten-lentopalloilijoiden-pelipaikkakohtainen-syyslomaleiri-2025\/<\/mark><\/a><\/p>\n\n\n\n<p>Ilmoittautuminen p\u00e4\u00e4ttyy ma 6.10.2025<\/p>\n\n\n\n<p>Toivomme, ett\u00e4 jaatte t\u00e4m\u00e4n tiedon eteenp\u00e4in oman joukkueenne pelaajille ja perheille. Syyslomaleirit tarjoavat innostavan ja kehitt\u00e4v\u00e4n kokemuksen jokaiselle \u2013 olipa tavoitteena hauska harrastaminen, uusien taitojen oppiminen tai oman pelipaikan syvent\u00e4minen.<\/p>\n\n\n\n<p>L\u00e4mpim\u00e4sti tervetuloa mukaan!<\/p>\n<\/div><\/div>\n\n\n\n<hr class=\"wp-block-separator has-alpha-channel-opacity is-style-wide\" \/>\n\n\n\n<h2 class=\"wp-block-heading\">Muistutus sarjailmoittautumisista<\/h2>\n\n\n\n<p>Ilmoittautuminen sarjoihin\u202f<a href=\"https:\/\/lentopalloliitto.us7.list-manage.com\/track\/click?u=8f721c85ae4d0439ee6d111a3&amp;id=262e6337b1&amp;e=dd4ba8a24a\" target=\"_blank\" rel=\"noreferrer noopener\">avautuu<\/a>\u202f15.8.2025.\u202f<strong>Kev\u00e4\u00e4n A-, B- ja C-nuorten sarjoihin voi ilmoittautua my\u00f6s 1.-15.12.2025, Pohjoisen alueen U13-U11-sarjoihin 1.-11.12.2025<\/strong>. Sarjaan voi ilmoittautua my\u00f6s viimeisen ilmoittautumisp\u00e4iv\u00e4n j\u00e4lkeen sarjahoitajalle, jos ilmoittautunut joukkue sopii helposti olemassa olevaan poolirakenteeseen.\u202f\u202f&nbsp;<\/p>\n\n\n\n<p>Vasta kev\u00e4tkaudelle ilmoittautuneilla ei ole\u202foikeutta osallistua SM-v\u00e4lieriin, joista on mahdollisuus nousta SM-finaaleihin. V\u00e4lierien j\u00e4lkeisiin sijoitusturnauksiin joukkueet sijoitetaan poolivaiheen sijoituksen perusteella.\u202f&nbsp;<\/p>\n\n\n\n<p>Ilmoittautumislomakkeessa tulee joukkueen nimen\u00e4 olla seuran lyhenne. Jos seurasta tulee samaan sarjaan useampia joukkueita, tulee joukkueet erottaa joko numeroinnilla tai kirjaimilla.<\/p>\n\n\n\n<p>Ilmoittautumisohjeet:<br><a href=\"https:\/\/www.lentopallo.fi\/kilpailu\/ohjeet\/\">https:\/\/www.lentopallo.fi\/kilpailu\/ohjeet\/<\/a><\/p>\n\n\n\n<p>Ilmoittautuminen:<br><a href=\"https:\/\/lentopalloliitto.us7.list-manage.com\/track\/click?u=8f721c85ae4d0439ee6d111a3&amp;id=aa5bac49f5&amp;e=dd4ba8a24a\" target=\"_blank\" rel=\"noreferrer noopener\">https:\/\/tulospalvelu.lentopallo.fi\/<\/a><\/p>\n\n\n\n<ul class=\"wp-block-list\">\n<li><strong>U13 D 13-14, D-pohjoinen 14.9.2025 menness\u00e4<\/strong><\/li>\n\n\n\n<li><strong>U11 E 15-16, E-pohjoinen 14.9.2025 menness\u00e4<\/strong><\/li>\n\n\n\n<li><strong>U13-U15-U17-6vs6, DCB-6vs6-pohjoinen 21.9.<\/strong><\/li>\n\n\n\n<li><strong>aikuiset alue- ja paikallissarjat 15.9<\/strong>.<\/li>\n<\/ul>\n\n\n\n<hr class=\"wp-block-separator has-alpha-channel-opacity is-style-wide\" \/>\n\n\n\n<h2 class=\"wp-block-heading\">Los Angelesin valmennusmatkan opit \u2013 esitys Pohjois-Suomen lentopallov\u00e4ell\u00e4<\/h2>\n\n\n\n<div class=\"wp-block-group\"><div class=\"wp-block-group__inner-container is-layout-constrained wp-block-group-is-layout-constrained\">\n<p>Keskiviikkona 13.8.2025 pidettiin Santasport Lapin urheiluopistolla esitys kev\u00e4\u00e4ll\u00e4 2025 lentopallon kehitt\u00e4mismatkasta Yhdysvaltoihin. Matkan aikana tutustuttiin Kalifornian huippuyliopistojen, kuten UCLA:n ja Pepperdinen, valmennusymp\u00e4rist\u00f6ihin ja junioritoimintaan.<br>Esityksess\u00e4 esitell\u00e4\u00e4n havaintoja, keskustellaan kilpailukulttuurista, valmennusmalleista ja siit\u00e4, mit\u00e4 suomalainen lentopallo voisi oppia amerikkalaisesta lentopalloilusta. Mukana my\u00f6s kokemuksia valmentajavaihdoista ja kaksoisuran mahdollisuuksista.<br><br>Koko esitys l\u00f6ytyy tallenteena Pohjois-Suomen lentopallon youtube-tililt\u00e4. Ota kuppi kahvia tai teet\u00e4 ja kuuntele, mit\u00e4 ajatuksia valmentajat ovat saaneet <\/p>\n<\/div><\/div>\n\n\n\n<div class=\"wp-block-group\"><div class=\"wp-block-group__inner-container is-layout-constrained wp-block-group-is-layout-constrained\">\n<div class=\"wp-block-group\"><div class=\"wp-block-group__inner-container is-layout-constrained wp-block-group-is-layout-constrained\">\n<div class=\"wp-block-buttons is-layout-flex wp-block-buttons-is-layout-flex\">\n<div class=\"wp-block-button\"><a class=\"wp-block-button__link wp-element-button\" href=\"https:\/\/www.youtube.com\/watch?v=Xd0Gt8Ayv5Q\" target=\"_blank\" rel=\"noreferrer noopener\">Lentopallon kehitt\u00e4mismatka Los Angelesiin -esitys<\/a><\/div>\n<\/div>\n\n\n\n<p><\/p>\n<\/div><\/div>\n<\/div><\/div>\n\n\n\n<hr class=\"wp-block-separator has-alpha-channel-opacity is-style-wide\" \/>\n\n\n\n<h2 class=\"wp-block-heading\">Valmentajakoulutukset ovat uudistuneet<\/h2>\n\n\n\n<div class=\"wp-block-group\"><div class=\"wp-block-group__inner-container is-layout-constrained wp-block-group-is-layout-constrained\">\n<p><strong>Valmentajien kouluttautuminen on yksi t\u00e4rkeimmist\u00e4 asioista miten saamme kehitetty\u00e4 lajia eteenp\u00e4in. <\/strong>Koulutuksien avulla saamme mielekk\u00e4\u00e4mpi\u00e4 ja merkityksellisempi\u00e4 tapahtumia lapsille ja nuorille.&nbsp; Lentopalloliiton koulutustarjonta ja niiden organisointi on uudistettu.<\/p>\n\n\n\n<p>Pohjois-Suomen osalta koulutuskalenteri l\u00f6ytyy alla olevan linkin kautta. <\/p>\n<\/div><\/div>\n\n\n\n<div class=\"wp-block-group\"><div class=\"wp-block-group__inner-container is-layout-constrained wp-block-group-is-layout-constrained\">\n<div class=\"wp-block-group\"><div class=\"wp-block-group__inner-container is-layout-constrained wp-block-group-is-layout-constrained\">\n<div class=\"wp-block-buttons is-layout-flex wp-block-buttons-is-layout-flex\">\n<div class=\"wp-block-button\"><a class=\"wp-block-button__link wp-element-button\" href=\"https:\/\/www.lentopallo.fi\/tapahtumat\/koulutukset\/\">Lis\u00e4tietoja Suomen lentopallon koulutuksista<\/a><\/div>\n<\/div>\n\n\n\n<div class=\"wp-block-group\"><div class=\"wp-block-group__inner-container is-layout-constrained wp-block-group-is-layout-constrained\">\n<p>Pohjoisen alueen koulutukset Tekniikka ja Taitokoulun ja 1-tason osalta j\u00e4rjestet\u00e4\u00e4n Oulussa ja Rovaniemell\u00e4 alla olevin tiedoin.<\/p>\n\n\n\n<p>26.-27.4. Rovaniemi &#8211; Tekniikka- ja taitokoulu<\/p>\n\n\n\n<p>17.-18.5. Rovaniemi &#8211; 1-taso<\/p>\n\n\n\n<p>24.-25.5. Oulu &#8211; 1-taso<\/p>\n<\/div><\/div>\n\n\n\n<p><\/p>\n<\/div><\/div>\n<\/div><\/div>\n\n\n\n<hr class=\"wp-block-separator has-alpha-channel-opacity is-style-wide\" \/>\n\n\n\n<h2 class=\"wp-block-heading\">Yl\u00e4koululeirityksen haku on alkanut<\/h2>\n\n\n\n<p>Kev\u00e4t etenee ja yl\u00e4koululeirityksen haku kaudelle 2025-2026 on juuri avautunut ja se p\u00e4\u00e4ttyy 30.4.2025!<\/p>\n\n\n\n<p>Leiritykseen ovat tervetulleita 2010-2012 syntyneet lentopalloilijat.<\/p>\n\n\n\n<p>Yl\u00e4kouluvaihe on t\u00e4rke\u00e4 osa urheilijan polkua ja kasvua. Lapin Urheiluakatemia Rovaniemell\u00e4 j\u00e4rjest\u00e4\u00e4 7.-9. luokkalaisille urheilijoille yl\u00e4koululeirej\u00e4, joiden p\u00e4\u00e4asiallisena tavoitteena on urheilijana sek\u00e4 ihmisen\u00e4 kasvaminen ja opettelu urheilijan el\u00e4m\u00e4\u00e4n kouluvuoden aikana. Kouluvuoden aikana j\u00e4rjestet\u00e4\u00e4n yhteens\u00e4 viisi (5) leiri\u00e4 maanantaista perjantaihin. Leiriviikkojen aikana urheilijat saavat nauttia ammattivalmentajien johdolla laji- ja fysiikkaharjoituksista, opiskella el\u00e4m\u00e4nhallintaa ja tutustua Pohjois-Suomen innostuneimpiin lentopalloilijoihin. Leireill\u00e4 opiskelu sek\u00e4 kokeiden teko onnistuu leirip\u00e4iv\u00e4\u00e4n sis\u00e4llytettyjen opiskeluhetkien avulla.<\/p>\n\n\n\n<p><strong>Infotilaisuudet<\/strong><\/p>\n\n\n\n<p>Markus Vilander j\u00e4rjest\u00e4\u00e4 yl\u00e4koululeiritys toiminnasta kiinnostuneille kaksi infotilaisuutta et\u00e4yhteydell\u00e4. Valitse itsellesi sopiva ajankohta ja tule kuuntelemaan millaista yl\u00e4koululeirityksen toiminta on ja kuinka tuemme nuoria urheilijan tiell\u00e4!<\/p>\n\n\n\n<div class=\"wp-block-group\"><div class=\"wp-block-group__inner-container is-layout-constrained wp-block-group-is-layout-constrained\">\n<div class=\"wp-block-group\"><div class=\"wp-block-group__inner-container is-layout-constrained wp-block-group-is-layout-constrained\">\n<ol class=\"wp-block-list\">\n<li><strong>Lentopallon yl\u00e4koululeiri -info<\/strong><\/li>\n<\/ol>\n\n\n\n<p>Torstaina 27.2.2025 klo 20.00-20.45<\/p>\n\n\n\n<div class=\"wp-block-buttons is-layout-flex wp-block-buttons-is-layout-flex\">\n<div class=\"wp-block-button\"><a class=\"wp-block-button__link wp-element-button\" href=\"https:\/\/teams.microsoft.com\/l\/meetup-join\/19%3ameeting_NTM5OWJhNmQtZmYxYy00ZWVkLWE1MjAtMjhiNTE5NWNlZDYw%40thread.v2\/0?context=%7b%22Tid%22%3a%224c60a66f-0a8d-446e-9ac0-836a00d84542%22%2c%22Oid%22%3a%22c5904acb-e343-45ab-acba-5b2691571207%22%7d\">Liity mukaan 1. infoon t\u00e4st\u00e4<\/a><\/div>\n<\/div>\n<\/div><\/div>\n\n\n\n<div class=\"wp-block-group\"><div class=\"wp-block-group__inner-container is-layout-constrained wp-block-group-is-layout-constrained\">\n<ol start=\"2\" class=\"wp-block-list\">\n<li><strong>Lentopallon yl\u00e4koululeiri -info<\/strong><\/li>\n<\/ol>\n\n\n\n<p>Torstaina 20.3.2025 klo 20.00-20.45<\/p>\n\n\n\n<div class=\"wp-block-buttons is-layout-flex wp-block-buttons-is-layout-flex\">\n<div class=\"wp-block-button\"><a class=\"wp-block-button__link wp-element-button\" href=\"https:\/\/teams.microsoft.com\/l\/meetup-join\/19%3ameeting_ZWU5YmVkNTEtODg2YS00M2FkLThmMDEtYzZkOTNlNWUyNGVl%40thread.v2\/0?context=%7b%22Tid%22%3a%224c60a66f-0a8d-446e-9ac0-836a00d84542%22%2c%22Oid%22%3a%22c5904acb-e343-45ab-acba-5b2691571207%22%7d\">Liity mukaan 2. infoon t\u00e4st\u00e4<\/a><\/div>\n<\/div>\n<\/div><\/div>\n<\/div><\/div>\n\n\n\n<p>Lis\u00e4tiedot ja ohjeet hakemiseen l\u00f6ytyv\u00e4t osoitteesta: <a href=\"https:\/\/lapinurheiluakatemia.fi\/ylakoululeiritys\/\">https:\/\/lapinurheiluakatemia.fi\/ylakoululeiritys\/<\/a><\/p>\n\n\n\n<hr class=\"wp-block-separator has-alpha-channel-opacity is-style-wide\" \/>\n<\/div>\n<\/div>\n\n\n\n<div class=\"wp-block-columns is-layout-flex wp-container-core-columns-is-layout-9d6595d7 wp-block-columns-is-layout-flex\">\n<div class=\"wp-block-column is-layout-flow wp-block-column-is-layout-flow\" style=\"flex-basis:33.33%\"><\/div>\n\n\n\n<div class=\"wp-block-column is-layout-flow wp-block-column-is-layout-flow\" style=\"flex-basis:66.66%\">\n<h2 class=\"wp-block-heading\">Tervetuloa Lentopallotuomarin peruskurssille Muhoksen T\u00e4htiareenalle sunn. 26.1.2025 kello 13:00 alkaen.<\/h2>\n\n\n\n<p>Kohderyhm\u00e4 on ABC-ik\u00e4iset ja aikuiset, hinta on 20,00 \u20ac\/osallistuja.<\/p>\n\n\n\n<ul class=\"wp-block-list\">\n<li>Sellaiset D-ik\u00e4isetkin saavat osallistua, jotka ovat pelanneet kuusikkopeli\u00e4 tai aikovat pelata alkaneella kaudella.<\/li>\n<\/ul>\n\n\n\n<p>T\u00e4m\u00e4 koulutus on yhdistelm\u00e4 vanhaa Nuorisotuomarikurssia ja III luokan kursia, ja nyky\u00e4\u00e4n se on pakollinen osa Lentopalloliiton valmentajakoulutusta.<\/p>\n\n\n\n<p>HUOM! ABC-ik\u00e4isten turnauksissa pit\u00e4\u00e4 olla kurssin k\u00e4ynyt ja lisenssin lunastanut tuomari, sanoo Junnulentis!<\/p>\n\n\n\n<p><strong>Sunn. 26.1.2025<\/strong>&nbsp;kello 13:00-15:30 T\u00e4htiareenan yl\u00e4kerrassa s\u00e4\u00e4nt\u00f6jen ja erikoistilanteiden tarkastelua (HUOM! Oletan, ett\u00e4 KAIKKI ovat lukeneet ennen tilaisuutta uusimmat s\u00e4\u00e4nn\u00f6t ja Casebookin!) &nbsp;<\/p>\n\n\n\n<p>Taukojumppaa, l\u00e4mmittely\u00e4 ja v\u00e4lipalaa kello 15:30-16:00.<\/p>\n\n\n\n<p>Kello 16:00-18:30 saliharjoittelu pallon ja pillin kanssa (kaikille mukaan omat pillit ja sis\u00e4pelivarusteet).<\/p>\n\n\n\n<ul class=\"wp-block-list\">\n<li>esim. FOX40 on ihan hyv\u00e4 uudenaikainen pilli, ja niit\u00e4 saa ainakin Oulun K\u00e4rkk\u00e4iselt\u00e4 sek\u00e4 Valkean Intersportista. Siin\u00e4 ei ole hernett\u00e4, joten se vaatii keuhkoja, mutta antaa kuuluvan \u00e4\u00e4nen.<\/li>\n<\/ul>\n\n\n\n<p>P\u00e4\u00e4tuomarin, verkkotuomarin ja rajatuomarien rooleja harjoittelevat vuorollaan kaikki, kun toiset pelaavat.<\/p>\n\n\n\n<p><strong>T\u00e4ss\u00e4 on linkki ilmoittautumiseen:<\/strong>&nbsp;<a href=\"https:\/\/www.suomisport.fi\/events\/a1c6b5e7-2e48-4167-8dfe-06b9f740a3d7\" target=\"_blank\" rel=\"noreferrer noopener\">https:\/\/www.suomisport.fi\/events\/a1c6b5e7-2e48-4167-8dfe-06b9f740a3d7<\/a><\/p>\n\n\n\n<p>HUOM! HUOLTAJILLE TIEDOKSI, ETT\u00c4 JOS TE ILMOITATTE LAPSEN\/NUOREN MUKAAN, NIIN LIS\u00c4TK\u00c4\u00c4 MY\u00d6S H\u00c4NEN OMA MAILIOSOITTEENSA KURSSILAISEN OMIIN TIETOIHIN SUOMISPORTISSA!<\/p>\n\n\n\n<p>T\u00e4ss\u00e4 on teille opeteltavaksi ja joukkueille sek\u00e4 erityisesti kaikkien aikuisten ja ABC-sarjojen valmentajille v\u00e4litett\u00e4v\u00e4ksi&nbsp;<strong>T\u00c4RKE\u00c4 S\u00c4\u00c4NT\u00d6MUUTOS PEITT\u00c4MISEST\u00c4!<\/strong><\/p>\n\n\n\n<figure class=\"wp-block-embed is-type-wp-embed is-provider-lentopalloliitto wp-block-embed-lentopalloliitto\"><div class=\"wp-block-embed__wrapper\">\n<blockquote class=\"wp-embedded-content\" data-secret=\"ue6IMsTeEg\"><a href=\"https:\/\/www.lentopallo.fi\/uutiset\/tuomariryhman-tiedote-10-9-2024\/\">Tuomariryhm\u00e4n tiedote 10.9.2024<\/a><\/blockquote><iframe loading=\"lazy\" class=\"wp-embedded-content\" sandbox=\"allow-scripts\" security=\"restricted\" style=\"position: absolute; visibility: hidden;\" title=\"&#8221;Tuomariryhm\u00e4n tiedote 10.9.2024&#8221; &#8212; Lentopalloliitto\" src=\"https:\/\/www.lentopallo.fi\/uutiset\/tuomariryhman-tiedote-10-9-2024\/embed\/#?secret=OoGUT8E5uu#?secret=ue6IMsTeEg\" data-secret=\"ue6IMsTeEg\" width=\"600\" height=\"338\" frameborder=\"0\" marginwidth=\"0\" marginheight=\"0\" scrolling=\"no\"><\/iframe>\n<\/div><\/figure>\n\n\n\n<ul class=\"wp-block-list\">\n<li>noiden sivujen puoliv\u00e4list\u00e4 l\u00f6ytyy&nbsp;<strong>Muuttuneet ohjeet liittyen peitt\u00e4miseen<\/strong><\/li>\n<\/ul>\n\n\n\n<p>Ennen kurssin l\u00e4hiopetusta 26.1. kaikkien pit\u00e4\u00e4 harjoitella n\u00e4it\u00e4 ennakkoteht\u00e4vi\u00e4:<\/p>\n\n\n\n<p><a href=\"https:\/\/www.lentopallotuomarit.fi\/saannot\/Sisallys.htm\">https:\/\/www.lentopallotuomarit.fi\/saannot\/Sisallys.htm<\/a><\/p>\n\n\n\n<p><a href=\"https:\/\/www.lentopallotuomarit.fi\/saannot\/CaseIndex.htm\">https:\/\/www.lentopallotuomarit.fi\/saannot\/CaseIndex.htm<\/a><\/p>\n\n\n\n<p><a href=\"https:\/\/www.lentopallotuomarit.fi\/saannot\/GuidelinesIndex.htm\">https:\/\/www.lentopallotuomarit.fi\/saannot\/GuidelinesIndex.htm<\/a><\/p>\n\n\n\n<p>N\u00e4hd\u00e4\u00e4n, tv. Jussi<\/p>\n\n\n\n<p>Tuomarien p\u00e4\u00e4kouluttaja<\/p>\n\n\n\n<p>Pohjois-Suomen Lentopallo<\/p>\n<\/div>\n<\/div>\n","protected":false},"excerpt":{"rendered":"<p>Pohjois-Suomen lentopallokoulutukset 2026 Valmentajien ja ohjaajien kouluttautuminen on yksi t\u00e4rkeimmist\u00e4 tekij\u00f6ist\u00e4 laadukkaan ja innostavan seuratoiminnan taustalla. Kouluttautuminen helpottaa valmentajan arkea, tuo harjoitteluun selkeytt\u00e4 ja varmuutta sek\u00e4 auttaa luomaan harjoituksia, joissa lapset ja nuoret oppivat enemm\u00e4n ja viihtyv\u00e4t paremmin. Pitk\u00e4ll\u00e4 aikav\u00e4lill\u00e4 koulutus vahvistaa my\u00f6s koko seuran toimintaa ja yhteist\u00e4 tekemisen kulttuuria. Alla koottuna Pohjois-Suomen (Pohjois-Pohjanmaa &amp; [&hellip;]<\/p>\n","protected":false},"author":4,"featured_media":0,"parent":0,"menu_order":0,"comment_status":"closed","ping_status":"closed","template":"","meta":{"_acf_changed":false,"inline_featured_image":false,"footnotes":""},"class_list":["post-255","page","type-page","status-publish","hentry"],"acf":[],"_links":{"self":[{"href":"https:\/\/sivustot.lentopallo.fi\/pohjois-suomi\/wp-json\/wp\/v2\/pages\/255","targetHints":{"allow":["GET"]}}],"collection":[{"href":"https:\/\/sivustot.lentopallo.fi\/pohjois-suomi\/wp-json\/wp\/v2\/pages"}],"about":[{"href":"https:\/\/sivustot.lentopallo.fi\/pohjois-suomi\/wp-json\/wp\/v2\/types\/page"}],"author":[{"embeddable":true,"href":"https:\/\/sivustot.lentopallo.fi\/pohjois-suomi\/wp-json\/wp\/v2\/users\/4"}],"replies":[{"embeddable":true,"href":"https:\/\/sivustot.lentopallo.fi\/pohjois-suomi\/wp-json\/wp\/v2\/comments?post=255"}],"version-history":[{"count":20,"href":"https:\/\/sivustot.lentopallo.fi\/pohjois-suomi\/wp-json\/wp\/v2\/pages\/255\/revisions"}],"predecessor-version":[{"id":997,"href":"https:\/\/sivustot.lentopallo.fi\/pohjois-suomi\/wp-json\/wp\/v2\/pages\/255\/revisions\/997"}],"wp:attachment":[{"href":"https:\/\/sivustot.lentopallo.fi\/pohjois-suomi\/wp-json\/wp\/v2\/media?parent=255"}],"curies":[{"name":"wp","href":"https:\/\/api.w.org\/{rel}","templated":true}]}}