{"id":257,"date":"2023-05-23T10:25:08","date_gmt":"2023-05-23T10:25:08","guid":{"rendered":"https:\/\/sivustot.lentopallo.fi\/pohjois-suomi\/?page_id=257"},"modified":"2025-02-13T10:52:03","modified_gmt":"2025-02-13T10:52:03","slug":"aluevalmennus","status":"publish","type":"page","link":"https:\/\/sivustot.lentopallo.fi\/pohjois-suomi\/aluevalmennus\/","title":{"rendered":"Aluevalmennus"},"content":{"rendered":"\n<p>Tervetuloa Pohjois-Suomen lentopallon eli PoSun aluevalmennuksen sivuille!<\/p>\n\n\n\n<p>Aluevalmennuksen tarkoituksena on edist\u00e4\u00e4 Pohjois-Suomen lentopallon tasoa ja harrastajam\u00e4\u00e4ri\u00e4, koota vuosittain alueen C- ja B-ik\u00e4luokkien pelaajista kaksi kilpailukykyisint\u00e4 joukkuetta alue SM -kisoihin sek\u00e4 edist\u00e4\u00e4 Pohjois-Suomen etevimpien pelaajien p\u00e4\u00e4sy\u00e4 maajoukkuekatsastukseen.<\/p>\n\n\n\n<p>Haluamme toimia koko Pohjois-Suomen alueen hyv\u00e4ksi seuraavia arvoja korostaen: <mark style=\"background-color:#ffffff\" class=\"has-inline-color has-vivid-cyan-blue-color\">yhteis\u00f6llisyys, positiivisuus sek\u00e4 avoimuus<\/mark><\/p>\n\n\n\n\t<section id=\"block_b1b1707ea6c59127d562c49e4e8e7ca0\" class=\"cta-color-grid\">\n\t\t<div class=\"cta-color-grid-holder\">\n\t\t\t\t\t\t\t\t\t\t\t\t\t\t\t\t<div class=\"cta-color-grid-item width-50\">\n\t\t\t\t\t\t<div class=\"holder-cta-color-grid-item\" style=\"background-color:#09162C;\">\n\t\t\t\t\t\t\t\t\t\t\t\t\t\t\t<div class=\"col-title\">\n\t\t\t\t\t\t\t\t\t<h3 class=\"title\">Pohjoisen tyt\u00f6t<\/h3>\n\t\t\t\t\t\t\t\t<\/div>\n\t\t\t\t\t\t\t\n\t\t\t\t\t\t\t\t\t\t\t\t\t\t\t<div class=\"col-content\">\n\t\t\t\t\t\t\t\t\t\n\t\t\t\t\t\t\t\t\t\t\t\t\t\t\t\t\t\t\t<div class=\"link\">\n\t\t\t\t\t\t\t\t\t\t\t<div class=\"link-wrap\">\n\t\t\t\t\t\t\t\t\t\t\t\t<a class=\"bordered\" href=\"https:\/\/sivustot.lentopallo.fi\/pohjois-suomi\/aluevalmennus\/pohjoisen-tytot\/\" target=\"_self\">Pohjoisen tyt\u00f6t<\/a>\t\t\t\t\t\t\t\t\t\t\t<\/div>\n\t\t\t\t\t\t\t\t\t\t<\/div>\n\t\t\t\t\t\t\t\t\t\t\t\t\t\t\t\t\t<\/div>\n\t\t\t\t\t\t\t\t\t\t\t\t\t<\/div>\n\t\t\t\t\t<\/div>\n\t\t\t\t\t\t\t\t\t\t\t\t\t\t\t\t\t\t\t\t<div class=\"cta-color-grid-item width-50\">\n\t\t\t\t\t\t<div class=\"holder-cta-color-grid-item\" style=\"background-color:#09162C;\">\n\t\t\t\t\t\t\t\t\t\t\t\t\t\t\t<div class=\"col-title\">\n\t\t\t\t\t\t\t\t\t<h3 class=\"title\">Pohjoisen pojat<\/h3>\n\t\t\t\t\t\t\t\t<\/div>\n\t\t\t\t\t\t\t\n\t\t\t\t\t\t\t\t\t\t\t\t\t\t\t<div class=\"col-content\">\n\t\t\t\t\t\t\t\t\t\n\t\t\t\t\t\t\t\t\t\t\t\t\t\t\t\t\t\t\t<div class=\"link\">\n\t\t\t\t\t\t\t\t\t\t\t<div class=\"link-wrap\">\n\t\t\t\t\t\t\t\t\t\t\t\t<a class=\"bordered\" href=\"https:\/\/sivustot.lentopallo.fi\/pohjois-suomi\/aluevalmennus\/joukkueet\/\" target=\"_self\">Pohjoisen pojat<\/a>\t\t\t\t\t\t\t\t\t\t\t<\/div>\n\t\t\t\t\t\t\t\t\t\t<\/div>\n\t\t\t\t\t\t\t\t\t\t\t\t\t\t\t\t\t<\/div>\n\t\t\t\t\t\t\t\t\t\t\t\t\t<\/div>\n\t\t\t\t\t<\/div>\n\t\t\t\t\t\t\t\t\t\t\t\t\t\t\t\t\t\t\t\t<div class=\"cta-color-grid-item width-50\">\n\t\t\t\t\t\t<div class=\"holder-cta-color-grid-item\" style=\"background-color:#09162C;\">\n\t\t\t\t\t\t\t\t\t\t\t\t\t\t\t<div class=\"col-title\">\n\t\t\t\t\t\t\t\t\t<h3 class=\"title\">Aluevalmennuksen staff<\/h3>\n\t\t\t\t\t\t\t\t<\/div>\n\t\t\t\t\t\t\t\n\t\t\t\t\t\t\t\t\t\t\t\t\t\t\t<div class=\"col-content\">\n\t\t\t\t\t\t\t\t\t\n\t\t\t\t\t\t\t\t\t\t\t\t\t\t\t\t\t\t\t<div class=\"link\">\n\t\t\t\t\t\t\t\t\t\t\t<div class=\"link-wrap\">\n\t\t\t\t\t\t\t\t\t\t\t\t<a class=\"bordered\" href=\"https:\/\/sivustot.lentopallo.fi\/pohjois-suomi\/aluevalmennus\/aluevalmentajat\/\" target=\"_self\">Aluevalmennuksen staff<\/a>\t\t\t\t\t\t\t\t\t\t\t<\/div>\n\t\t\t\t\t\t\t\t\t\t<\/div>\n\t\t\t\t\t\t\t\t\t\t\t\t\t\t\t\t\t<\/div>\n\t\t\t\t\t\t\t\t\t\t\t\t\t<\/div>\n\t\t\t\t\t<\/div>\n\t\t\t\t\t\t\t\t\t\t\t\t\t\t\t\t\t\t\t\t<div class=\"cta-color-grid-item width-50\">\n\t\t\t\t\t\t<div class=\"holder-cta-color-grid-item\" style=\"background-color:#09162C;\">\n\t\t\t\t\t\t\t\t\t\t\t\t\t\t\t<div class=\"col-title\">\n\t\t\t\t\t\t\t\t\t<h3 class=\"title\">D-teholeirit ja yl\u00e4koululeiritys<\/h3>\n\t\t\t\t\t\t\t\t<\/div>\n\t\t\t\t\t\t\t\n\t\t\t\t\t\t\t\t\t\t\t\t\t\t\t<div class=\"col-content\">\n\t\t\t\t\t\t\t\t\t\n\t\t\t\t\t\t\t\t\t\t\t\t\t\t\t\t\t\t\t<div class=\"link\">\n\t\t\t\t\t\t\t\t\t\t\t<div class=\"link-wrap\">\n\t\t\t\t\t\t\t\t\t\t\t\t<a class=\"bordered\" href=\"https:\/\/sivustot.lentopallo.fi\/pohjois-suomi\/aluevalmennus\/leirit\/\" target=\"_self\">Tehotreenit ja yl\u00e4koululeiritys<\/a>\t\t\t\t\t\t\t\t\t\t\t<\/div>\n\t\t\t\t\t\t\t\t\t\t<\/div>\n\t\t\t\t\t\t\t\t\t\t\t\t\t\t\t\t\t<\/div>\n\t\t\t\t\t\t\t\t\t\t\t\t\t<\/div>\n\t\t\t\t\t<\/div>\n\t\t\t\t\t\t\t\t\t\t\t\t\t\t\t\t\t\t\t\t<div class=\"cta-color-grid-item width-50\">\n\t\t\t\t\t\t<div class=\"holder-cta-color-grid-item\" style=\"background-color:#09162C;\">\n\t\t\t\t\t\t\t\t\t\t\t\t\t\t\t<div class=\"col-title\">\n\t\t\t\t\t\t\t\t\t<h3 class=\"title\">Materiaalit valmennuksen avuksi<\/h3>\n\t\t\t\t\t\t\t\t<\/div>\n\t\t\t\t\t\t\t\n\t\t\t\t\t\t\t\t\t\t\t\t\t\t\t<div class=\"col-content\">\n\t\t\t\t\t\t\t\t\t\n\t\t\t\t\t\t\t\t\t\t\t\t\t\t\t\t\t\t\t<div class=\"link\">\n\t\t\t\t\t\t\t\t\t\t\t<div class=\"link-wrap\">\n\t\t\t\t\t\t\t\t\t\t\t\t<a class=\"bordered\" href=\"https:\/\/sivustot.lentopallo.fi\/pohjois-suomi\/aluevalmennus\/materiaalit\/\" target=\"_self\">Materiaalit<\/a>\t\t\t\t\t\t\t\t\t\t\t<\/div>\n\t\t\t\t\t\t\t\t\t\t<\/div>\n\t\t\t\t\t\t\t\t\t\t\t\t\t\t\t\t\t<\/div>\n\t\t\t\t\t\t\t\t\t\t\t\t\t<\/div>\n\t\t\t\t\t<\/div>\n\t\t\t\t\t\t\t\t\t<\/div>\n\t<\/section>\n\n\n\n<p><\/p>\n","protected":false},"excerpt":{"rendered":"<p>Tervetuloa Pohjois-Suomen lentopallon eli PoSun aluevalmennuksen sivuille! Aluevalmennuksen tarkoituksena on edist\u00e4\u00e4 Pohjois-Suomen lentopallon tasoa ja harrastajam\u00e4\u00e4ri\u00e4, koota vuosittain alueen C- ja B-ik\u00e4luokkien pelaajista kaksi kilpailukykyisint\u00e4 joukkuetta alue SM -kisoihin sek\u00e4 edist\u00e4\u00e4 Pohjois-Suomen etevimpien pelaajien p\u00e4\u00e4sy\u00e4 maajoukkuekatsastukseen. Haluamme toimia koko Pohjois-Suomen alueen hyv\u00e4ksi seuraavia arvoja korostaen: yhteis\u00f6llisyys, positiivisuus sek\u00e4 avoimuus<\/p>\n","protected":false},"author":4,"featured_media":0,"parent":0,"menu_order":0,"comment_status":"closed","ping_status":"closed","template":"pages\/template-kilpailu.php","meta":{"_acf_changed":false,"inline_featured_image":false,"footnotes":""},"class_list":["post-257","page","type-page","status-publish","hentry"],"acf":[],"_links":{"self":[{"href":"https:\/\/sivustot.lentopallo.fi\/pohjois-suomi\/wp-json\/wp\/v2\/pages\/257","targetHints":{"allow":["GET"]}}],"collection":[{"href":"https:\/\/sivustot.lentopallo.fi\/pohjois-suomi\/wp-json\/wp\/v2\/pages"}],"about":[{"href":"https:\/\/sivustot.lentopallo.fi\/pohjois-suomi\/wp-json\/wp\/v2\/types\/page"}],"author":[{"embeddable":true,"href":"https:\/\/sivustot.lentopallo.fi\/pohjois-suomi\/wp-json\/wp\/v2\/users\/4"}],"replies":[{"embeddable":true,"href":"https:\/\/sivustot.lentopallo.fi\/pohjois-suomi\/wp-json\/wp\/v2\/comments?post=257"}],"version-history":[{"count":20,"href":"https:\/\/sivustot.lentopallo.fi\/pohjois-suomi\/wp-json\/wp\/v2\/pages\/257\/revisions"}],"predecessor-version":[{"id":767,"href":"https:\/\/sivustot.lentopallo.fi\/pohjois-suomi\/wp-json\/wp\/v2\/pages\/257\/revisions\/767"}],"wp:attachment":[{"href":"https:\/\/sivustot.lentopallo.fi\/pohjois-suomi\/wp-json\/wp\/v2\/media?parent=257"}],"curies":[{"name":"wp","href":"https:\/\/api.w.org\/{rel}","templated":true}]}}