{"id":259,"date":"2023-05-23T10:26:16","date_gmt":"2023-05-23T10:26:16","guid":{"rendered":"https:\/\/sivustot.lentopallo.fi\/pohjois-suomi\/?page_id=259"},"modified":"2024-05-30T09:56:23","modified_gmt":"2024-05-30T09:56:23","slug":"kilpailutoiminta","status":"publish","type":"page","link":"https:\/\/sivustot.lentopallo.fi\/pohjois-suomi\/kilpailutoiminta\/","title":{"rendered":"Kilpailutoiminta"},"content":{"rendered":"\n<div class=\"wp-block-group\"><div class=\"wp-block-group__inner-container is-layout-constrained wp-block-group-is-layout-constrained\">\n<div class=\"wp-block-group\"><div class=\"wp-block-group__inner-container is-layout-constrained wp-block-group-is-layout-constrained\">\n<div class=\"wp-block-columns is-layout-flex wp-container-core-columns-is-layout-9d6595d7 wp-block-columns-is-layout-flex\">\n<div class=\"wp-block-column is-vertically-aligned-center is-layout-flow wp-block-column-is-layout-flow\">\n<div class=\"wp-block-columns is-layout-flex wp-container-core-columns-is-layout-9d6595d7 wp-block-columns-is-layout-flex\">\n<div class=\"wp-block-column is-vertically-aligned-center is-layout-flow wp-block-column-is-layout-flow\">\n<section id=\"block_10a10f5daf6aec3cec208cd84341ede3\" class=\"cta-link-banner\">\n\t\n\n\t<div class=\"cta-link-banner-holder has-font-color-option\" style=\"background-color:#1e73be;\">\n\t\t<div class=\"container\">\n\t\t\t\t\t\t\t<div class=\"link\" style=\"color:#ffffff;\">\n\t\t\t\t\t<div class=\"link-wrap\" style=\"border-color:#ffffff;\">\n\t\t\t\t\t\t<a class=\"bordered\" href=\"https:\/\/sivustot.lentopallo.fi\/pohjois-suomi\/kilpailutoiminta\/aikuiset\/\" target=\"_self\">Aikuiset<\/a>\t\t\t\t\t<\/div>\n\t\t\t\t<\/div>\n\t\t\t\t\t<\/div>\n\t<\/div>\n<\/section>\n<\/div>\n\n\n\n<div class=\"wp-block-column is-vertically-aligned-center is-layout-flow wp-block-column-is-layout-flow\">\n<section id=\"block_ff36dfae8cc3614d66ced741a75c6b65\" class=\"cta-link-banner\">\n\t\n\n\t<div class=\"cta-link-banner-holder has-font-color-option\" style=\"background-color:#1e73be;\">\n\t\t<div class=\"container\">\n\t\t\t\t\t\t\t<div class=\"link\" style=\"color:#ffffff;\">\n\t\t\t\t\t<div class=\"link-wrap\" style=\"border-color:#ffffff;\">\n\t\t\t\t\t\t<a class=\"bordered\" href=\"https:\/\/sivustot.lentopallo.fi\/pohjois-suomi\/kilpailutoiminta\/nuoret\/\" target=\"_self\">Nuoret<\/a>\t\t\t\t\t<\/div>\n\t\t\t\t<\/div>\n\t\t\t\t\t<\/div>\n\t<\/div>\n<\/section>\n<\/div>\n<\/div>\n<\/div>\n\n\n\n<div class=\"wp-block-column is-layout-flow wp-block-column-is-layout-flow\">\n<div class=\"wp-block-columns are-vertically-aligned-center is-layout-flex wp-container-core-columns-is-layout-9d6595d7 wp-block-columns-is-layout-flex\">\n<div class=\"wp-block-column is-vertically-aligned-center is-layout-flow wp-block-column-is-layout-flow\">\n<section id=\"block_d86f56e2f21aeecfa28c31c8b79d2192\" class=\"cta-link-banner\">\n\t\n\n\t<div class=\"cta-link-banner-holder has-font-color-option\" style=\"background-color:#1e73be;\">\n\t\t<div class=\"container\">\n\t\t\t\t\t\t\t<div class=\"link\" style=\"color:#ffffff;\">\n\t\t\t\t\t<div class=\"link-wrap\" style=\"border-color:#ffffff;\">\n\t\t\t\t\t\t<a class=\"bordered\" href=\"https:\/\/sivustot.lentopallo.fi\/pohjois-suomi\/kilpailutoiminta\/saannot-ja-sarjamaaraykset\/\" target=\"_self\">S\u00e4\u00e4nn\u00f6t ja sarjam\u00e4\u00e4r\u00e4ykset<\/a>\t\t\t\t\t<\/div>\n\t\t\t\t<\/div>\n\t\t\t\t\t<\/div>\n\t<\/div>\n<\/section>\n<\/div>\n\n\n\n<div class=\"wp-block-column is-vertically-aligned-center is-layout-flow wp-block-column-is-layout-flow\">\n<section id=\"block_56cec5be30e2dd14c770f673ce92c483\" class=\"cta-link-banner\">\n\t\n\n\t<div class=\"cta-link-banner-holder has-font-color-option\" style=\"background-color:#1e73be;\">\n\t\t<div class=\"container\">\n\t\t\t\t\t\t\t<div class=\"link\" style=\"color:#ffffff;\">\n\t\t\t\t\t<div class=\"link-wrap\" style=\"border-color:#ffffff;\">\n\t\t\t\t\t\t<a class=\"bordered\" href=\"https:\/\/sivustot.lentopallo.fi\/pohjois-suomi\/kilpailutoiminta\/tuomaritoiminta\/\" target=\"_self\">Tuomaritoiminta<\/a>\t\t\t\t\t<\/div>\n\t\t\t\t<\/div>\n\t\t\t\t\t<\/div>\n\t<\/div>\n<\/section>\n<\/div>\n<\/div>\n<\/div>\n<\/div>\n<\/div><\/div>\n<\/div><\/div>\n\n\n\n<p>a<\/p>\n","protected":false},"excerpt":{"rendered":"<p>a<\/p>\n","protected":false},"author":4,"featured_media":0,"parent":0,"menu_order":0,"comment_status":"closed","ping_status":"closed","template":"","meta":{"_acf_changed":false,"inline_featured_image":false,"footnotes":""},"class_list":["post-259","page","type-page","status-publish","hentry"],"acf":[],"_links":{"self":[{"href":"https:\/\/sivustot.lentopallo.fi\/pohjois-suomi\/wp-json\/wp\/v2\/pages\/259","targetHints":{"allow":["GET"]}}],"collection":[{"href":"https:\/\/sivustot.lentopallo.fi\/pohjois-suomi\/wp-json\/wp\/v2\/pages"}],"about":[{"href":"https:\/\/sivustot.lentopallo.fi\/pohjois-suomi\/wp-json\/wp\/v2\/types\/page"}],"author":[{"embeddable":true,"href":"https:\/\/sivustot.lentopallo.fi\/pohjois-suomi\/wp-json\/wp\/v2\/users\/4"}],"replies":[{"embeddable":true,"href":"https:\/\/sivustot.lentopallo.fi\/pohjois-suomi\/wp-json\/wp\/v2\/comments?post=259"}],"version-history":[{"count":4,"href":"https:\/\/sivustot.lentopallo.fi\/pohjois-suomi\/wp-json\/wp\/v2\/pages\/259\/revisions"}],"predecessor-version":[{"id":486,"href":"https:\/\/sivustot.lentopallo.fi\/pohjois-suomi\/wp-json\/wp\/v2\/pages\/259\/revisions\/486"}],"wp:attachment":[{"href":"https:\/\/sivustot.lentopallo.fi\/pohjois-suomi\/wp-json\/wp\/v2\/media?parent=259"}],"curies":[{"name":"wp","href":"https:\/\/api.w.org\/{rel}","templated":true}]}}