{"id":270,"date":"2023-05-23T10:44:49","date_gmt":"2023-05-23T10:44:49","guid":{"rendered":"https:\/\/sivustot.lentopallo.fi\/pohjois-suomi\/?page_id=270"},"modified":"2026-04-17T10:34:50","modified_gmt":"2026-04-17T10:34:50","slug":"joukkueet","status":"publish","type":"page","link":"https:\/\/sivustot.lentopallo.fi\/pohjois-suomi\/aluevalmennus\/joukkueet\/","title":{"rendered":"Pohjoisen pojat"},"content":{"rendered":"\n<h1 class=\"wp-block-heading\"><strong>U15-pojat 2026 (2012-2013&nbsp;syntyneet)<\/strong>:<\/h1>\n\n\n\n<p>Pohjoisen-alueen aluevalmennus 2010-syntyneiden osalta koostuu yl\u00e4koululeirityksest\u00e4, katsastusleirist\u00e4 ja valintaleireist\u00e4. 2011-syntyneiden aluevalmennus koostuu&nbsp;teholeireist\u00e4, katsastusleirist\u00e4 ja valintaleireist\u00e4. U15-ik\u00e4isiss\u00e4 kev\u00e4\u00e4n ensimm\u00e4iselle katsastusleirille ovat tervetulleita kaikki, jotka eiv\u00e4t aikaisemmin ole olleet aluejoukkueessa ja ovat kiinnostuneita aluejoukkuetoiminnasta. Katsastusleirin j\u00e4lkeen valmentajat valitsevat pelaajat syksyn valintaleireille.<\/p>\n\n\n\n<p>Ik\u00e4luokan aluevalmentajat tekev\u00e4t valinnat valintaleirille, joiden j\u00e4lkeen tehd\u00e4\u00e4n lopulliset valinnat Alue SM-turnaukseen. Alue SM-turnaukseen valitaan&nbsp;sill\u00e4 hetkell\u00e4 parhaat ja potentiaalisimmat urheilijat huippu-urheilun n\u00e4k\u00f6kulmasta.<\/p>\n\n\n\n<p>Lis\u00e4tietoja aluevalmennukseen ja leireihin liittyen Pohjois-Suomen alueen p\u00e4\u00e4valmentajalta tai joukkueenjohtajalta. Yhteystiedot l\u00f6yd\u00e4t <a href=\"https:\/\/sivustot.lentopallo.fi\/pohjois-suomi\/aluevalmennus\/aluevalmentajat\/\" data-type=\"link\" data-id=\"https:\/\/sivustot.lentopallo.fi\/pohjois-suomi\/aluevalmennus\/aluevalmentajat\/\">t\u00e4\u00e4lt\u00e4<\/a>.<\/p>\n\n\n\n<h2 class=\"wp-block-heading\">U15-poikien alueleirit 2026*<\/h2>\n\n\n\n<figure class=\"wp-block-table is-style-regular\"><table class=\"has-fixed-layout\"><tbody><tr><td>9.-10.5.2026<br>PoSu U15-pojat katsastusleiri<\/td><td><a href=\"https:\/\/www.suomisport.fi\/events\/f3572dd8-36a7-47ec-abe9-a635572edef4\" data-type=\"link\" data-id=\"https:\/\/www.suomisport.fi\/events\/f3572dd8-36a7-47ec-abe9-a635572edef4\"><mark class=\"has-inline-color has-vivid-cyan-blue-color\">Ilmoittaudu mukaan<\/mark><\/a><\/td><\/tr><tr><td>8.-9.8.2026<br>PoSu U15-pojat valinta 1<\/td><td>Kutsuleiri. Kutsu l\u00e4hetet\u00e4\u00e4n jatkoon p\u00e4\u00e4sseiden huoltajille s\u00e4hk\u00f6postilla.<\/td><\/tr><tr><td>29.-30.8.2026<br>PoSu U15-pojat pelileiri (Oulu)<\/td><td>Kutsuleiri. Kutsu l\u00e4hetet\u00e4\u00e4n jatkoon p\u00e4\u00e4sseiden huoltajille s\u00e4hk\u00f6postilla.<\/td><\/tr><tr><td>25.-27.9.2026<br>U15-alue SM, Kuortane<\/td><td><\/td><\/tr><\/tbody><\/table><\/figure>\n\n\n\n<p>*Muutokset ovat viel\u00e4 mahdollisia etenkin valinta- ja pelileirin osalta<\/p>\n\n\n\n\n\n\n\n\n\n\n\n\n\n<hr class=\"wp-block-separator has-alpha-channel-opacity is-style-wide\" \/>\n\n\n\n<h1 class=\"wp-block-heading\"><strong>U17-pojat&nbsp;2026 (2010-2011 syntyneet)<\/strong><\/h1>\n\n\n\n<p>Pohjoisen-alueen aluevalmennus 2010 ja 2011 syntyneiden osalta koostuu yl\u00e4koululeirityksest\u00e4, katsastusleirist\u00e4&nbsp;ja valintaleireist\u00e4. Ik\u00e4luokan aluevalmentajat tekev\u00e4t valinnat valintaleirille, jonka j\u00e4lkeen tehd\u00e4\u00e4n lopulliset valinnat Alue SM-turnaukseen. Alue SM-turnaukseen valitaan&nbsp;sill\u00e4 hetkell\u00e4 parhaat ja potentiaalisimmat urheilijat huippu-urheilun n\u00e4k\u00f6kulmasta.<\/p>\n\n\n\n<p>Lis\u00e4tietoja aluevalmennukseen ja leireihin liittyen Pohjois-Suomen alueen p\u00e4\u00e4valmentajalta tai joukkueenjohtajalta. Yhteystiedot l\u00f6yd\u00e4t <a href=\"https:\/\/sivustot.lentopallo.fi\/pohjois-suomi\/aluevalmennus\/aluevalmentajat\/\" data-type=\"link\" data-id=\"https:\/\/sivustot.lentopallo.fi\/pohjois-suomi\/aluevalmennus\/aluevalmentajat\/\">t\u00e4\u00e4lt\u00e4<\/a>.<\/p>\n\n\n\n<h2 class=\"wp-block-heading\">U17-poikien alueleirit 2026*<\/h2>\n\n\n\n<figure class=\"wp-block-table is-style-regular\"><table class=\"has-fixed-layout\"><tbody><tr><td>1.-2.8.2026<br>PoSu U17-pojat katsastusleiri<\/td><td>Ilmoittautuminen my\u00f6hemmin kev\u00e4\u00e4ll\u00e4<\/td><\/tr><tr><td>Elokuun lopulla<br>PoSu U17-pojat valinta 1 \/ pelileiri<\/td><td>Kutsuleiri. Kutsu l\u00e4hetet\u00e4\u00e4n jatkoon p\u00e4\u00e4sseiden huoltajille s\u00e4hk\u00f6postilla.<\/td><\/tr><tr><td>4.-6.9.2026<br>U17-alue SM, Lounais-Suomi<\/td><td><\/td><\/tr><\/tbody><\/table><\/figure>\n\n\n\n<p>*Muutokset ovat viel\u00e4 mahdollisia.<\/p>\n\n\n\n\n\n\n\n\n\n\n\n\n\n<p><\/p>\n","protected":false},"excerpt":{"rendered":"<p>U15-pojat 2026 (2012-2013&nbsp;syntyneet): Pohjoisen-alueen aluevalmennus 2010-syntyneiden osalta koostuu yl\u00e4koululeirityksest\u00e4, katsastusleirist\u00e4 ja valintaleireist\u00e4. 2011-syntyneiden aluevalmennus koostuu&nbsp;teholeireist\u00e4, katsastusleirist\u00e4 ja valintaleireist\u00e4. U15-ik\u00e4isiss\u00e4 kev\u00e4\u00e4n ensimm\u00e4iselle katsastusleirille ovat tervetulleita kaikki, jotka eiv\u00e4t aikaisemmin ole olleet aluejoukkueessa ja ovat kiinnostuneita aluejoukkuetoiminnasta. Katsastusleirin j\u00e4lkeen valmentajat valitsevat pelaajat syksyn valintaleireille. Ik\u00e4luokan aluevalmentajat tekev\u00e4t valinnat valintaleirille, joiden j\u00e4lkeen tehd\u00e4\u00e4n lopulliset valinnat Alue SM-turnaukseen. Alue [&hellip;]<\/p>\n","protected":false},"author":4,"featured_media":0,"parent":257,"menu_order":0,"comment_status":"closed","ping_status":"closed","template":"pages\/template-kilpailu.php","meta":{"_acf_changed":false,"inline_featured_image":false,"footnotes":""},"class_list":["post-270","page","type-page","status-publish","hentry"],"acf":[],"_links":{"self":[{"href":"https:\/\/sivustot.lentopallo.fi\/pohjois-suomi\/wp-json\/wp\/v2\/pages\/270","targetHints":{"allow":["GET"]}}],"collection":[{"href":"https:\/\/sivustot.lentopallo.fi\/pohjois-suomi\/wp-json\/wp\/v2\/pages"}],"about":[{"href":"https:\/\/sivustot.lentopallo.fi\/pohjois-suomi\/wp-json\/wp\/v2\/types\/page"}],"author":[{"embeddable":true,"href":"https:\/\/sivustot.lentopallo.fi\/pohjois-suomi\/wp-json\/wp\/v2\/users\/4"}],"replies":[{"embeddable":true,"href":"https:\/\/sivustot.lentopallo.fi\/pohjois-suomi\/wp-json\/wp\/v2\/comments?post=270"}],"version-history":[{"count":20,"href":"https:\/\/sivustot.lentopallo.fi\/pohjois-suomi\/wp-json\/wp\/v2\/pages\/270\/revisions"}],"predecessor-version":[{"id":1029,"href":"https:\/\/sivustot.lentopallo.fi\/pohjois-suomi\/wp-json\/wp\/v2\/pages\/270\/revisions\/1029"}],"up":[{"embeddable":true,"href":"https:\/\/sivustot.lentopallo.fi\/pohjois-suomi\/wp-json\/wp\/v2\/pages\/257"}],"wp:attachment":[{"href":"https:\/\/sivustot.lentopallo.fi\/pohjois-suomi\/wp-json\/wp\/v2\/media?parent=270"}],"curies":[{"name":"wp","href":"https:\/\/api.w.org\/{rel}","templated":true}]}}