{"id":272,"date":"2023-05-23T10:49:17","date_gmt":"2023-05-23T10:49:17","guid":{"rendered":"https:\/\/sivustot.lentopallo.fi\/pohjois-suomi\/?page_id=272"},"modified":"2026-03-27T11:09:07","modified_gmt":"2026-03-27T11:09:07","slug":"leirit","status":"publish","type":"page","link":"https:\/\/sivustot.lentopallo.fi\/pohjois-suomi\/aluevalmennus\/leirit\/","title":{"rendered":"Tehotreenit ja yl\u00e4koululeiritys"},"content":{"rendered":"\n<h2 class=\"wp-block-heading\">Tehotreenit<\/h2>\n\n\n\n<p>Tehotoiminnan tarkoituksena on tutustuttaa pelaajat sek\u00e4 heid\u00e4n vanhempansa ja valmentajansa niihin valmennuksellisiin linjauksiin, joita pelaajat kohtaavat my\u00f6hemmin C- ja B-ik\u00e4isten alueleireill\u00e4. Teholeirien valmennuksesta vastaavat aluevalmentajat ja\/tai p\u00e4\u00e4valmentaja yhteisty\u00f6ss\u00e4 paikalla olevien seuravalmentajien kanssa.<\/p>\n\n\n\n<p>Leirip\u00e4iv\u00e4 on suunnattu tavoitteellisesti lentopalloon suhtautuville D-junioreille, heid\u00e4n vanhemmille ja valmentajille. Tavoitteellisesti lentopalloon suhtautuva nuori haluaa oppia lis\u00e4\u00e4 ja kehitty\u00e4 lentopalloilijana. Lis\u00e4ksi h\u00e4n n\u00e4kee itsens\u00e4 tulevaisuudessa kilpailevan lajissa nimelt\u00e4 lentopallo. Pelaajien vanhemman tai valmentajan olisi hyv\u00e4 olla mukana leirill\u00e4, jotta leirien sis\u00e4ll\u00f6ist\u00e4 siirtyisi asioita pelaajien arkeen.<\/p>\n\n\n\n<h2 class=\"wp-block-heading\">Tehotreenit kaudella 2025-2026<\/h2>\n\n\n\n<div class=\"wp-block-group\"><div class=\"wp-block-group__inner-container is-layout-constrained wp-block-group-is-layout-constrained\">\n<figure class=\"wp-block-table is-style-stripes\"><table class=\"has-fixed-layout\"><tbody><tr><td class=\"has-text-align-left\" data-align=\"left\">La 21.2.2026<br>Oulun alueen U13 tytt\u00f6jen teholeirip\u00e4iv\u00e4 Tyrn\u00e4v\u00e4n Rantaroustin koululla<\/td><td class=\"has-text-align-left\" data-align=\"left\"><\/td><\/tr><tr><td class=\"has-text-align-left\" data-align=\"left\">Su 22.2.2026<br>Oulun alueen U13 poikien teholeirip\u00e4iv\u00e4 Oulunsalon Niemenrannan koululla<\/td><td class=\"has-text-align-left\" data-align=\"left\"><\/td><\/tr><tr><td class=\"has-text-align-left\" data-align=\"left\">La 14.3.2026&nbsp;<br>Lapin alueen U13 tytt\u00f6jen ja poikien teholeirip\u00e4iv\u00e4 Sodankyl\u00e4ss\u00e4<\/td><td class=\"has-text-align-left\" data-align=\"left\"><\/td><\/tr><\/tbody><\/table><\/figure>\n\n\n\n<hr class=\"wp-block-separator has-alpha-channel-opacity is-style-wide\" \/>\n<\/div><\/div>\n\n\n\n<h2 class=\"wp-block-heading\">Yl\u00e4koululeiritys<\/h2>\n\n\n\n<p>Lentopalloliitto on linjannut ett\u00e4 valtakunnallisen&nbsp;yl\u00e4koululeiritys on osa aluevalmennusta. Pohjoisella alueella yl\u00e4koululeirien toteutuksesta vastaa Lapin Urheiluopisto ja siell\u00e4 alueen p\u00e4\u00e4valmentaja Markus Vilander.<\/p>\n\n\n\n<p>Yl\u00e4koululeiritys Lapin Urheiluopistolla koostuu viidest\u00e4 leirist\u00e4 joista ensimm\u00e4inen on tutustumisleiri ennen koulujen alkua.&nbsp;Loput nelj\u00e4 leiri\u00e4 sijoittuvat ajalle syys-toukokuu.<\/p>\n\n\n\n<p>Yl\u00e4koululeirityksen rooli aluevalmennuksessa on urheilijoiden kokonaisvaltainen kehittyminen paremmiksi&nbsp;urheilijoiksi ja lentopalloilijoiksi. Leireill\u00e4 lajiharjoittelu on isossa roolissa, mutta siit\u00e4 huolimatta siell\u00e4 harjoitellaan monipuolisesti taitoja joita urheilija tarvitsee matkalla omalle huipulle.&nbsp;<\/p>\n\n\n\n<p>Tarkempaa tietoa sis\u00e4ll\u00f6ist\u00e4 l\u00f6ytyy Lapin Urheiluakatemian sivuilta\u00a0<a href=\"https:\/\/lapinurheiluakatemia.fi\/ylakoululeiritys\/\">https:\/\/lapinurheiluakatemia.fi\/ylakoululeiritys\/<\/a>, tulevista infotilaisuuksista sek\u00e4 alla olevasta videosta<\/p>\n\n\n\n<p>Infotilaisuudet kauden 2026-2027 yl\u00e4koululeirityksest\u00e4:<br>1. Lapin urheiluopiston lentopallon yl\u00e4koululeiri -info<br>Ti 31.3.2026 klo 20.00\u201320.45<br>Linkki:\u00a0<a href=\"https:\/\/teams.microsoft.com\/meet\/38234914915567?p=vcVm4bYvGMG1p4eLvL\" target=\"_blank\" rel=\"noreferrer noopener\">Liity mukaan 1. infoon<\/a><\/p>\n\n\n\n<p>2. Lapin urheiluopiston lentopallon yl\u00e4koululeiri -info<br>Ti 14.4.2026 klo 20.00\u201320.45<br>Linkki:\u00a0<a href=\"https:\/\/teams.microsoft.com\/meet\/39561291017097?p=n4ksCPiL8sTggzfbib\" target=\"_blank\" rel=\"noreferrer noopener\">Liity mukaan 2. infoon<\/a><\/p>\n\n\n\n<figure class=\"wp-block-embed is-type-video is-provider-youtube wp-block-embed-youtube wp-embed-aspect-16-9 wp-has-aspect-ratio\"><div class=\"wp-block-embed__wrapper\">\n<iframe loading=\"lazy\" title=\"Lentopallon yl\u00e4koululeiritys Rovaniemell\u00e4\" width=\"900\" height=\"506\" src=\"https:\/\/www.youtube.com\/embed\/_wUcjcgMzCo?feature=oembed\" frameborder=\"0\" allow=\"accelerometer; autoplay; clipboard-write; encrypted-media; gyroscope; picture-in-picture; web-share\" referrerpolicy=\"strict-origin-when-cross-origin\" allowfullscreen><\/iframe>\n<\/div><\/figure>\n\n\n\n<p><\/p>\n","protected":false},"excerpt":{"rendered":"<p>Tehotreenit Tehotoiminnan tarkoituksena on tutustuttaa pelaajat sek\u00e4 heid\u00e4n vanhempansa ja valmentajansa niihin valmennuksellisiin linjauksiin, joita pelaajat kohtaavat my\u00f6hemmin C- ja B-ik\u00e4isten alueleireill\u00e4. Teholeirien valmennuksesta vastaavat aluevalmentajat ja\/tai p\u00e4\u00e4valmentaja yhteisty\u00f6ss\u00e4 paikalla olevien seuravalmentajien kanssa. Leirip\u00e4iv\u00e4 on suunnattu tavoitteellisesti lentopalloon suhtautuville D-junioreille, heid\u00e4n vanhemmille ja valmentajille. Tavoitteellisesti lentopalloon suhtautuva nuori haluaa oppia lis\u00e4\u00e4 ja kehitty\u00e4 lentopalloilijana. Lis\u00e4ksi [&hellip;]<\/p>\n","protected":false},"author":4,"featured_media":0,"parent":257,"menu_order":0,"comment_status":"closed","ping_status":"closed","template":"pages\/template-kilpailu.php","meta":{"_acf_changed":false,"inline_featured_image":false,"footnotes":""},"class_list":["post-272","page","type-page","status-publish","hentry"],"acf":[],"_links":{"self":[{"href":"https:\/\/sivustot.lentopallo.fi\/pohjois-suomi\/wp-json\/wp\/v2\/pages\/272","targetHints":{"allow":["GET"]}}],"collection":[{"href":"https:\/\/sivustot.lentopallo.fi\/pohjois-suomi\/wp-json\/wp\/v2\/pages"}],"about":[{"href":"https:\/\/sivustot.lentopallo.fi\/pohjois-suomi\/wp-json\/wp\/v2\/types\/page"}],"author":[{"embeddable":true,"href":"https:\/\/sivustot.lentopallo.fi\/pohjois-suomi\/wp-json\/wp\/v2\/users\/4"}],"replies":[{"embeddable":true,"href":"https:\/\/sivustot.lentopallo.fi\/pohjois-suomi\/wp-json\/wp\/v2\/comments?post=272"}],"version-history":[{"count":20,"href":"https:\/\/sivustot.lentopallo.fi\/pohjois-suomi\/wp-json\/wp\/v2\/pages\/272\/revisions"}],"predecessor-version":[{"id":1012,"href":"https:\/\/sivustot.lentopallo.fi\/pohjois-suomi\/wp-json\/wp\/v2\/pages\/272\/revisions\/1012"}],"up":[{"embeddable":true,"href":"https:\/\/sivustot.lentopallo.fi\/pohjois-suomi\/wp-json\/wp\/v2\/pages\/257"}],"wp:attachment":[{"href":"https:\/\/sivustot.lentopallo.fi\/pohjois-suomi\/wp-json\/wp\/v2\/media?parent=272"}],"curies":[{"name":"wp","href":"https:\/\/api.w.org\/{rel}","templated":true}]}}