{"id":274,"date":"2023-05-23T10:49:33","date_gmt":"2023-05-23T10:49:33","guid":{"rendered":"https:\/\/sivustot.lentopallo.fi\/pohjois-suomi\/?page_id=274"},"modified":"2026-03-12T07:16:07","modified_gmt":"2026-03-12T07:16:07","slug":"aluevalmentajat","status":"publish","type":"page","link":"https:\/\/sivustot.lentopallo.fi\/pohjois-suomi\/aluevalmennus\/aluevalmentajat\/","title":{"rendered":"Aluevalmennuksen staff"},"content":{"rendered":"\n<div class=\"wp-block-group\"><div class=\"wp-block-group__inner-container is-layout-constrained wp-block-group-is-layout-constrained\">\n<div class=\"wp-block-columns is-layout-flex wp-container-core-columns-is-layout-9d6595d7 wp-block-columns-is-layout-flex\">\n<div class=\"wp-block-column is-layout-flow wp-block-column-is-layout-flow\" style=\"flex-basis:100%\">\n<div class=\"wp-block-group\"><div class=\"wp-block-group__inner-container is-layout-constrained wp-block-group-is-layout-constrained\">\n<figure class=\"wp-block-image size-full\"><img loading=\"lazy\" decoding=\"async\" width=\"1920\" height=\"1080\" src=\"https:\/\/sivustot.lentopallo.fi\/pohjois-suomi\/files\/2026\/03\/Posu-staff-2026.png\" alt=\"\" class=\"wp-image-1008\" srcset=\"https:\/\/sivustot.lentopallo.fi\/pohjois-suomi\/files\/2026\/03\/Posu-staff-2026.png 1920w, https:\/\/sivustot.lentopallo.fi\/pohjois-suomi\/files\/2026\/03\/Posu-staff-2026-300x169.png 300w, https:\/\/sivustot.lentopallo.fi\/pohjois-suomi\/files\/2026\/03\/Posu-staff-2026-1024x576.png 1024w, https:\/\/sivustot.lentopallo.fi\/pohjois-suomi\/files\/2026\/03\/Posu-staff-2026-768x432.png 768w, https:\/\/sivustot.lentopallo.fi\/pohjois-suomi\/files\/2026\/03\/Posu-staff-2026-1536x864.png 1536w, https:\/\/sivustot.lentopallo.fi\/pohjois-suomi\/files\/2026\/03\/Posu-staff-2026-1640x923.png 1640w, https:\/\/sivustot.lentopallo.fi\/pohjois-suomi\/files\/2026\/03\/Posu-staff-2026-1126x633.png 1126w, https:\/\/sivustot.lentopallo.fi\/pohjois-suomi\/files\/2026\/03\/Posu-staff-2026-1060x596.png 1060w, https:\/\/sivustot.lentopallo.fi\/pohjois-suomi\/files\/2026\/03\/Posu-staff-2026-1039x584.png 1039w, https:\/\/sivustot.lentopallo.fi\/pohjois-suomi\/files\/2026\/03\/Posu-staff-2026-55x31.png 55w\" sizes=\"auto, (max-width: 1920px) 100vw, 1920px\" \/><\/figure>\n<\/div><\/div>\n<\/div>\n<\/div>\n<\/div><\/div>\n\n\n\n<figure class=\"wp-block-table\"><table><tbody><tr><th colspan=\"3\">P\u00e4\u00e4valmentaja<\/th><\/tr><tr><td>Markus Vilander<\/td><td>aluevalmennus.pohjoinen@gmail.com<\/td><td>040 670 3804&nbsp;<\/td><\/tr><\/tbody><\/table><\/figure>\n\n\n\n<figure class=\"wp-block-table\"><table><tbody><tr><th colspan=\"2\">Joukkueenjohtajat<\/th><\/tr><tr><td>Sirpa Willman<\/td><td>sirpawillman@yahoo.com<\/td><\/tr><tr><td><\/td><td><\/td><\/tr><\/tbody><\/table><\/figure>\n\n\n\n<h2 class=\"wp-block-heading\">Tytt\u00f6jen aluevalmentajat<\/h2>\n\n\n\n<figure class=\"wp-block-table\"><table><tbody><tr><td><strong>Kausi<\/strong><\/td><td><strong>C-ik\u00e4iset&nbsp;<\/strong><\/td><td><strong>B-ik\u00e4iset<\/strong><\/td><\/tr><tr><td><strong>2026<\/strong><\/td><td>U15-tyt\u00f6t (2012-2013 syntyneet)<br>Sami Hakola, Teemu Sorvoja, Valtteri Kehusmaa<\/td><td>U17-tyt\u00f6t (2010-2011 syntyneet)<br>Jeremia Heinonen, Niina Aikio-Siltala, Ilkka Madetoja, Rami Udelius<\/td><\/tr><tr><td><strong>2025<\/strong><\/td><td>C-tyt\u00f6t (2011-2012 syntyneet)<br>Jeremia Heinonen, Rami Udelius, Niina Aikio-Siltala, Valtteri Kehusmaa<\/td><td>B-tyt\u00f6t (2009-2010 syntyneet)<br>Sami Hakola, Asta Kinnunen, Ilkka Madetoja, Katri V\u00e4h\u00e4kuopus<\/td><\/tr><tr><td><strong>2024<\/strong><\/td><td>C-tyt\u00f6t (2010-2011 syntyneet)<br>Jeremia Heinonen, Ilkka Madetoja, Jarkko Happo, Teemu Sorvoja<\/td><td>B-tyt\u00f6t (2008-2009 syntyneet)<br>Virpi Kupari, Katri V\u00e4h\u00e4kuopus, Asta Kinnunen, Sami Hakola<\/td><\/tr><tr><td><strong>2023<\/strong><\/td><td>C-tyt\u00f6t (2009-2010 syntyneet)<br>Sami Hakola, Asta Kinnunen, Jeremia <br>Heinonen, Ilkka Madetoja, Jarkko Happo<\/td><td>B-tyt\u00f6t (2007-2008 syntyneet)<br>Virpi Kupari, Petri Keskitalo, Karri Raveala, Katri V\u00e4h\u00e4kuopus<\/td><\/tr><tr><td><strong>2022<\/strong><\/td><td>C-tyt\u00f6t&nbsp;(2008-2009 syntyneet)<br>Virpi Kupari, Sami Hakola, Asta Kinnunen, <br>Marja-Leena Engelberg<\/td><td>B-tyt\u00f6t&nbsp;(2006-2007 syntyneet)<br>Taina Kaikkonen, Janne Isomets\u00e4, Virpi Kupari, Petri Keskitalo<\/td><\/tr><\/tbody><\/table><\/figure>\n\n\n\n<h2 class=\"wp-block-heading\">Poikien aluevalmentajat<\/h2>\n\n\n\n<figure class=\"wp-block-table\"><table><tbody><tr><td class=\"has-text-align-center\" data-align=\"center\"><strong>Kausi<\/strong><\/td><td><strong>C-ik\u00e4iset<\/strong><\/td><td><strong>B-ik\u00e4iset<\/strong><\/td><\/tr><tr><td class=\"has-text-align-center\" data-align=\"center\"><strong>2026<\/strong><\/td><td>U15-pojat (2012-2013 syntyneet)<br>Heikki Vimpari, Juha Impi\u00f6, Jari Tuominen, Janne Kokko<\/td><td>U17-pojat (2010-2011 syntyneet)<br>Petteri Parkkisenniemi, Henri Tuomi, Jarkko Tihinen, Heikki Ylitalo<\/td><\/tr><tr><td class=\"has-text-align-center\" data-align=\"center\"><strong>2025<\/strong><\/td><td>C-pojat (2011-2012 syntyneet)<br>Petteri Parkkisenniemi, Heikki Vimpari,<br>Teemu Sorvoja, Juha Impi\u00f6, Heikki Ylitalo<\/td><td>B-pojat (2008-2009 syntyneet)<br>Marko Kupari, Henri Tuomi, Oskari Sepp\u00e4,<br>Jari Kaartinen<\/td><\/tr><tr><td class=\"has-text-align-center\" data-align=\"center\"><strong>2024<\/strong><\/td><td>C-pojat (2010-2011 syntyneet)<br>Marko Kupari, Henri Tuomi, Esa P\u00e4iv\u00e4rinta, Petteri Parkkisenniemi<\/td><td>B-pojat (2008-2009 syntyneet)<br>Leena Kuukasj\u00e4rvi, Oskari Sepp\u00e4, Karri Raveala, Jari Kaartinen<\/td><\/tr><tr><td class=\"has-text-align-center\" data-align=\"center\"><strong>2023<\/strong><\/td><td>C-pojat (2009-2010)<br>Marko Kupari, Henri Tuomi, Juho M\u00e4kikangas, Ville V\u00e4nsk\u00e4<\/td><td>B-pojat (2007-2008)<br>Tero M\u00e4kikyr\u00f6, Ismo Turpeinen,&nbsp;Leena Kuukasj\u00e4rvi, Oskari Sepp\u00e4<\/td><\/tr><tr><td class=\"has-text-align-center\" data-align=\"center\"><strong>2022<\/strong><\/td><td>C-pojat&nbsp;(2008-2009)<br>Leena Kuukasj\u00e4rvi, Oskari Sepp\u00e4, Marko Kupari, Juuso Ij\u00e4s<\/td><td>B-pojat&nbsp;(2006-2007)<br>Jukka Parkkinen, Kari Vanhatupa, Tero M\u00e4kikyr\u00f6, Ismo Turpeinen<\/td><\/tr><\/tbody><\/table><\/figure>\n\n\n\n<p><\/p>\n","protected":false},"excerpt":{"rendered":"<p>P\u00e4\u00e4valmentaja Markus Vilander aluevalmennus.pohjoinen@gmail.com 040 670 3804&nbsp; Joukkueenjohtajat Sirpa Willman sirpawillman@yahoo.com Tytt\u00f6jen aluevalmentajat Kausi C-ik\u00e4iset&nbsp; B-ik\u00e4iset 2026 U15-tyt\u00f6t (2012-2013 syntyneet)Sami Hakola, Teemu Sorvoja, Valtteri Kehusmaa U17-tyt\u00f6t (2010-2011 syntyneet)Jeremia Heinonen, Niina Aikio-Siltala, Ilkka Madetoja, Rami Udelius 2025 C-tyt\u00f6t (2011-2012 syntyneet)Jeremia Heinonen, Rami Udelius, Niina Aikio-Siltala, Valtteri Kehusmaa B-tyt\u00f6t (2009-2010 syntyneet)Sami Hakola, Asta Kinnunen, Ilkka Madetoja, Katri [&hellip;]<\/p>\n","protected":false},"author":4,"featured_media":0,"parent":257,"menu_order":0,"comment_status":"closed","ping_status":"closed","template":"pages\/template-kilpailu.php","meta":{"_acf_changed":false,"inline_featured_image":false,"footnotes":""},"class_list":["post-274","page","type-page","status-publish","hentry"],"acf":[],"_links":{"self":[{"href":"https:\/\/sivustot.lentopallo.fi\/pohjois-suomi\/wp-json\/wp\/v2\/pages\/274","targetHints":{"allow":["GET"]}}],"collection":[{"href":"https:\/\/sivustot.lentopallo.fi\/pohjois-suomi\/wp-json\/wp\/v2\/pages"}],"about":[{"href":"https:\/\/sivustot.lentopallo.fi\/pohjois-suomi\/wp-json\/wp\/v2\/types\/page"}],"author":[{"embeddable":true,"href":"https:\/\/sivustot.lentopallo.fi\/pohjois-suomi\/wp-json\/wp\/v2\/users\/4"}],"replies":[{"embeddable":true,"href":"https:\/\/sivustot.lentopallo.fi\/pohjois-suomi\/wp-json\/wp\/v2\/comments?post=274"}],"version-history":[{"count":14,"href":"https:\/\/sivustot.lentopallo.fi\/pohjois-suomi\/wp-json\/wp\/v2\/pages\/274\/revisions"}],"predecessor-version":[{"id":1009,"href":"https:\/\/sivustot.lentopallo.fi\/pohjois-suomi\/wp-json\/wp\/v2\/pages\/274\/revisions\/1009"}],"up":[{"embeddable":true,"href":"https:\/\/sivustot.lentopallo.fi\/pohjois-suomi\/wp-json\/wp\/v2\/pages\/257"}],"wp:attachment":[{"href":"https:\/\/sivustot.lentopallo.fi\/pohjois-suomi\/wp-json\/wp\/v2\/media?parent=274"}],"curies":[{"name":"wp","href":"https:\/\/api.w.org\/{rel}","templated":true}]}}