{"id":278,"date":"2023-05-23T10:56:30","date_gmt":"2023-05-23T10:56:30","guid":{"rendered":"https:\/\/sivustot.lentopallo.fi\/pohjois-suomi\/?page_id=278"},"modified":"2025-08-21T08:57:07","modified_gmt":"2025-08-21T08:57:07","slug":"aikuiset","status":"publish","type":"page","link":"https:\/\/sivustot.lentopallo.fi\/pohjois-suomi\/kilpailutoiminta\/aikuiset\/","title":{"rendered":"Aikuiset"},"content":{"rendered":"\n<h2 class=\"wp-block-heading\">Kausi 2025-2026<\/h2>\n\n\n\n<p><strong><a href=\"https:\/\/tulospalvelu.lentopallo.fi\/\">Ilmoittautuminen<\/a><\/strong> kauden sarjoihin tulee tehd\u00e4 viimeist\u00e4\u00e4n 15.9. Sarjamaksu on 150 \u20ac.<\/p>\n\n\n\n<p>Sarjat<\/p>\n\n\n\n<ul class=\"wp-block-list\">\n<li>miehet aluesarja, pelipassi: aikuisten kuntopassi<\/li>\n\n\n\n<li>miehet paikallissarja, pelipassi: aikuisten harrastepassi<\/li>\n\n\n\n<li>naiset aluesarja, pelipassi: aikuisten kuntopassi<\/li>\n\n\n\n<li>naiset paikallissarja, pelipassi: aikuisten harrastepassi<\/li>\n<\/ul>\n\n\n\n<p>Sarjat pyrit\u00e4\u00e4n j\u00e4rjest\u00e4m\u00e4\u00e4n siten, ett\u00e4 tarpeetonta matkustamista pyrit\u00e4\u00e4n v\u00e4ltt\u00e4m\u00e4\u00e4n. Sarjoihin laaditaan omat lohkot Oulun alueelle ja Lapin alueelle.<\/p>\n\n\n\n<p>Aikuisten aluesarjassa saavat pelata my\u00f6s ns. seurattomat joukkueet.&nbsp; Seurattomille joukkueille luodaan j\u00e4rjestelm\u00e4\u00e4n oma &#8221;seura&#8221;, jos sit\u00e4 ei viel\u00e4 ole, niin ilmoita &#8221;seuran&#8221; nimi, lyhenne, yhteyshenkil\u00f6n nimi, s\u00e4hk\u00f6postiosoite ja SuomiSport-id sarjanhoitajalle kaisu.polso@lentopalloliitto.fi.<\/p>\n\n\n\n<div class=\"wp-block-buttons is-layout-flex wp-block-buttons-is-layout-flex\">\n<div class=\"wp-block-button\"><a class=\"wp-block-button__link wp-element-button\" href=\"https:\/\/sivustot.lentopallo.fi\/pohjois-suomi\/files\/2024\/09\/Aikuisten-saannot-2024-25.pdf\">Pohjoisen aikuisten s\u00e4\u00e4nn\u00f6t 2024-2025<\/a><\/div>\n<\/div>\n\n\n\n<p><\/p>\n\n\n\n<p>Jokaisella joukkueella tulee olla v\u00e4hint\u00e4\u00e4n yksi henkil\u00f6, joka merkit\u00e4\u00e4n joukkueen valmentajaksi. <a href=\"https:\/\/www.lentopallo.fi\/kilpailu\/pelipassit\/\" target=\"_blank\" rel=\"noreferrer noopener\">Valmentajapassi<\/a>&nbsp;on alueen sarjoissa vapaaehtoinen.<\/p>\n\n\n\n<figure class=\"wp-block-embed is-type-wp-embed is-provider-lentopalloliitto wp-block-embed-lentopalloliitto\"><div class=\"wp-block-embed__wrapper\">\n<blockquote class=\"wp-embedded-content\" data-secret=\"MPfuD2dQer\"><a href=\"https:\/\/www.lentopallo.fi\/kilpailu\/pelipassit\/\">Pelipassit<\/a><\/blockquote><iframe loading=\"lazy\" class=\"wp-embedded-content\" sandbox=\"allow-scripts\" security=\"restricted\" style=\"position: absolute; visibility: hidden;\" title=\"&#8221;Pelipassit&#8221; &#8212; Lentopalloliitto\" src=\"https:\/\/www.lentopallo.fi\/kilpailu\/pelipassit\/embed\/#?secret=efdwAW6QQk#?secret=MPfuD2dQer\" data-secret=\"MPfuD2dQer\" width=\"600\" height=\"338\" frameborder=\"0\" marginwidth=\"0\" marginheight=\"0\" scrolling=\"no\"><\/iframe>\n<\/div><\/figure>\n\n\n\n<figure class=\"wp-block-embed is-type-wp-embed is-provider-lentopalloliitto wp-block-embed-lentopalloliitto\"><div class=\"wp-block-embed__wrapper\">\n<blockquote class=\"wp-embedded-content\" data-secret=\"OZe6QvrS9E\"><a href=\"https:\/\/www.lentopallo.fi\/kilpailu\/pelaajasiirrot-kotimaassa\/\">Pelaajasiirrot kotimaassa<\/a><\/blockquote><iframe loading=\"lazy\" class=\"wp-embedded-content\" sandbox=\"allow-scripts\" security=\"restricted\" style=\"position: absolute; visibility: hidden;\" title=\"&#8221;Pelaajasiirrot kotimaassa&#8221; &#8212; Lentopalloliitto\" src=\"https:\/\/www.lentopallo.fi\/kilpailu\/pelaajasiirrot-kotimaassa\/embed\/#?secret=9xQPzqE7I0#?secret=OZe6QvrS9E\" data-secret=\"OZe6QvrS9E\" width=\"600\" height=\"338\" frameborder=\"0\" marginwidth=\"0\" marginheight=\"0\" scrolling=\"no\"><\/iframe>\n<\/div><\/figure>\n\n\n\n<figure class=\"wp-block-embed is-type-wp-embed is-provider-lentopalloliitto wp-block-embed-lentopalloliitto\"><div class=\"wp-block-embed__wrapper\">\n<blockquote class=\"wp-embedded-content\" data-secret=\"4xj4RRA1Ig\"><a href=\"https:\/\/www.lentopallo.fi\/palvelut\/erotuomarit\/\">Erotuomarit<\/a><\/blockquote><iframe loading=\"lazy\" class=\"wp-embedded-content\" sandbox=\"allow-scripts\" security=\"restricted\" style=\"position: absolute; visibility: hidden;\" title=\"&#8221;Erotuomarit&#8221; &#8212; Lentopalloliitto\" src=\"https:\/\/www.lentopallo.fi\/palvelut\/erotuomarit\/embed\/#?secret=YKKwuLabip#?secret=4xj4RRA1Ig\" data-secret=\"4xj4RRA1Ig\" width=\"600\" height=\"338\" frameborder=\"0\" marginwidth=\"0\" marginheight=\"0\" scrolling=\"no\"><\/iframe>\n<\/div><\/figure>\n","protected":false},"excerpt":{"rendered":"<p>Kausi 2025-2026 Ilmoittautuminen kauden sarjoihin tulee tehd\u00e4 viimeist\u00e4\u00e4n 15.9. Sarjamaksu on 150 \u20ac. Sarjat Sarjat pyrit\u00e4\u00e4n j\u00e4rjest\u00e4m\u00e4\u00e4n siten, ett\u00e4 tarpeetonta matkustamista pyrit\u00e4\u00e4n v\u00e4ltt\u00e4m\u00e4\u00e4n. Sarjoihin laaditaan omat lohkot Oulun alueelle ja Lapin alueelle. Aikuisten aluesarjassa saavat pelata my\u00f6s ns. seurattomat joukkueet.&nbsp; Seurattomille joukkueille luodaan j\u00e4rjestelm\u00e4\u00e4n oma &#8221;seura&#8221;, jos sit\u00e4 ei viel\u00e4 ole, niin ilmoita &#8221;seuran&#8221; nimi, [&hellip;]<\/p>\n","protected":false},"author":4,"featured_media":0,"parent":259,"menu_order":0,"comment_status":"closed","ping_status":"closed","template":"pages\/template-kilpailu.php","meta":{"_acf_changed":false,"inline_featured_image":false,"footnotes":""},"class_list":["post-278","page","type-page","status-publish","hentry"],"acf":[],"_links":{"self":[{"href":"https:\/\/sivustot.lentopallo.fi\/pohjois-suomi\/wp-json\/wp\/v2\/pages\/278","targetHints":{"allow":["GET"]}}],"collection":[{"href":"https:\/\/sivustot.lentopallo.fi\/pohjois-suomi\/wp-json\/wp\/v2\/pages"}],"about":[{"href":"https:\/\/sivustot.lentopallo.fi\/pohjois-suomi\/wp-json\/wp\/v2\/types\/page"}],"author":[{"embeddable":true,"href":"https:\/\/sivustot.lentopallo.fi\/pohjois-suomi\/wp-json\/wp\/v2\/users\/4"}],"replies":[{"embeddable":true,"href":"https:\/\/sivustot.lentopallo.fi\/pohjois-suomi\/wp-json\/wp\/v2\/comments?post=278"}],"version-history":[{"count":15,"href":"https:\/\/sivustot.lentopallo.fi\/pohjois-suomi\/wp-json\/wp\/v2\/pages\/278\/revisions"}],"predecessor-version":[{"id":832,"href":"https:\/\/sivustot.lentopallo.fi\/pohjois-suomi\/wp-json\/wp\/v2\/pages\/278\/revisions\/832"}],"up":[{"embeddable":true,"href":"https:\/\/sivustot.lentopallo.fi\/pohjois-suomi\/wp-json\/wp\/v2\/pages\/259"}],"wp:attachment":[{"href":"https:\/\/sivustot.lentopallo.fi\/pohjois-suomi\/wp-json\/wp\/v2\/media?parent=278"}],"curies":[{"name":"wp","href":"https:\/\/api.w.org\/{rel}","templated":true}]}}