{"id":280,"date":"2023-05-23T10:56:57","date_gmt":"2023-05-23T10:56:57","guid":{"rendered":"https:\/\/sivustot.lentopallo.fi\/pohjois-suomi\/?page_id=280"},"modified":"2026-01-18T10:39:54","modified_gmt":"2026-01-18T10:39:54","slug":"saannot-ja-sarjamaaraykset","status":"publish","type":"page","link":"https:\/\/sivustot.lentopallo.fi\/pohjois-suomi\/kilpailutoiminta\/saannot-ja-sarjamaaraykset\/","title":{"rendered":"S\u00e4\u00e4nn\u00f6t ja sarjam\u00e4\u00e4r\u00e4ykset"},"content":{"rendered":"\n<h1 class=\"wp-block-heading\">U11 ja U13-sarjojen s\u00e4\u00e4nn\u00f6t kaudella 2025-2026<\/h1>\n\n\n\n<h2 class=\"wp-block-heading\">U11 (E-ik\u00e4iset)<\/h2>\n\n\n\n<ul class=\"wp-block-list\">\n<li>Syyskausi pelataan <a href=\"https:\/\/junnulentis.fi\/2025\/08\/14\/minisaannot-2025-2026\/#6\" data-type=\"link\" data-id=\"https:\/\/junnulentis.fi\/2025\/08\/14\/minisaannot-2025-2026\/#6\">Triplapallon<\/a> s\u00e4\u00e4nn\u00f6ill\u00e4 sek\u00e4 tiikeri- ett\u00e4 aluesarjassa.<\/li>\n\n\n\n<li>Kev\u00e4tkaudelle aluesarja muuttuu U11 <a href=\"https:\/\/junnulentis.fi\/2025\/08\/14\/minisaannot-2025-2026\/#42\" data-type=\"link\" data-id=\"https:\/\/junnulentis.fi\/2025\/08\/14\/minisaannot-2025-2026\/#42\">aluesarjan s\u00e4\u00e4nt\u00f6jen<\/a> mukaiseksi.<\/li>\n\n\n\n<li>Joukkueet voivat t\u00e4ten kev\u00e4tkaudelle ilmoittautua joko\n<ul class=\"wp-block-list\">\n<li>jatkamaan Tiikerisarjaa (Triplapallo)<\/li>\n\n\n\n<li>jatkamaan Aluesarjaa (<a href=\"http:\/\/junnulentis.fi\">junnulentis.fi<\/a>&#8211; U11 s\u00e4\u00e4nn\u00f6t)<\/li>\n\n\n\n<li>vaihtamaan Aluesarjasta Tiikerisarjaan. Jos halutaan pelata Triplapalloa my\u00f6s kev\u00e4kausi ja aluesarjan taso on liian kova omalle joukkueelle\/ryhm\u00e4lle<\/li>\n<\/ul>\n<\/li>\n\n\n\n<li>Kent\u00e4n koko 6,1m x 5,94m molemmissa sarjoissa<\/li>\n<\/ul>\n\n\n\n<ul class=\"wp-block-list\">\n<li><strong>Tiikerisarja<\/strong> (maakunnallinen, Pohjois-Suomi, Kainuu, Lappi)\n<ul class=\"wp-block-list\">\n<li>Tarkoitettu joukkueille jotka ovat harjoitelleet v\u00e4hemm\u00e4n, nuoremmille E-ik\u00e4isille tai juuri aloittaneille ryhmille.<\/li>\n\n\n\n<li>Vapaa sy\u00f6tt\u00f6 ja vapaa vastaanotto<\/li>\n\n\n\n<li>kaikki pelaajat kiertovaihdossa, ei pelaajavaihtoa<\/li>\n\n\n\n<li>Joukkueet voivat olla tytt\u00f6-, poika- tai sekajoukkueita<\/li>\n\n\n\n<li>Kev\u00e4\u00e4n lopputurnauksissa tiikerisarjan kolme parasta joukkuetta palkitaan mitaleilla, sek\u00e4 lis\u00e4ksi paras tytt\u00f6- ja poikajoukkue.<\/li>\n\n\n\n<li>Lopputurnauksessa jossa pelataan sijoista 1-6 ei voi pelata yli-ik\u00e4isi\u00e4 pelaajia.<\/li>\n<\/ul>\n<\/li>\n<\/ul>\n\n\n\n<ul class=\"wp-block-list\">\n<li><strong>Aluesarja<\/strong>: koko pohjoisen alueen sarja.\n<ul class=\"wp-block-list\">\n<li>Tavoitteellisesti harjoittelevat joukkueet tai lajia jo pidemp\u00e4\u00e4n harrastaneet<\/li>\n\n\n\n<li>Syksyn kaksi ensimm\u00e4ist\u00e4 turnausta pelataan maakunnallisesti seuraavasti: Pople ja Kainuu samassa sarjassa ja Lappi omassa lohkossa<\/li>\n\n\n\n<li>Loput turnaukset koko pohjoisen alueella, poolimuotoisena sarjana<\/li>\n\n\n\n<li>Joukkueet voivat olla tytt\u00f6-, poika- tai sekajoukkueita<\/li>\n\n\n\n<li>Kaikki pelaajat kiertovaihdossa, ei pelaajavaihtoja<\/li>\n\n\n\n<li>Vapaa sy\u00f6tt\u00f6 ja vastaanotto<\/li>\n\n\n\n<li>Kev\u00e4\u00e4n lopputurnauksissa aluesarjan kolme parasta joukkuetta palkitaan mitaleilla sek\u00e4 lis\u00e4ksi paras tytt\u00f6- ja poikajoukkue.<\/li>\n\n\n\n<li>Lopputurnauksessa jossa pelataan sijoista 1-6 ei voi pelata yli-ik\u00e4isi\u00e4 pelaajia.<\/li>\n\n\n\n<li>Aikataulut: <a href=\"http:\/\/junnulentis.fi\">junnulentis.fi<\/a><\/li>\n<\/ul>\n<\/li>\n<\/ul>\n\n\n\n<h2 class=\"wp-block-heading\">U13 (D-ik\u00e4iset)<\/h2>\n\n\n\n<ul class=\"wp-block-list\">\n<li><strong>Tiikerisarja<\/strong>: maakunnallinen (Pohjois-Suomi \/ Kainuu \/ Lappi)\n<ul class=\"wp-block-list\">\n<li>Suunnattu hiljattain lajin aloittaneille pelaajille, v\u00e4hemm\u00e4n harjoitteleville tai juuri aloittaneille ryhmille<\/li>\n\n\n\n<li>Ei pooleja<\/li>\n\n\n\n<li>Tiikerisarja pelataan <a href=\"https:\/\/junnulentis.fi\/2025\/08\/14\/minisaannot-2025-2026\/#6\" data-type=\"link\" data-id=\"https:\/\/junnulentis.fi\/2025\/08\/14\/minisaannot-2025-2026\/#6\">Triplapallon<\/a> s\u00e4\u00e4nn\u00f6in<\/li>\n\n\n\n<li>3vs3<\/li>\n\n\n\n<li>Vapaa sy\u00f6tt\u00f6 ja vastaanotto<\/li>\n\n\n\n<li>Kaikki pelaajat kiertovaihdossa<\/li>\n\n\n\n<li>Joukkueet voivat olla tytt\u00f6-, poika- tai sekajoukkueita<\/li>\n\n\n\n<li>Kev\u00e4\u00e4n lopputurnauksessa palkitaan kolme parasta joukkuetta sek\u00e4 paras tytt\u00f6- ja poikajoukkue<\/li>\n\n\n\n<li>Lopputurnauksessa sijoista 1-6 ei voi pelata yli-ik\u00e4isi\u00e4 pelaajia joukkueissa<\/li>\n<\/ul>\n<\/li>\n<\/ul>\n\n\n\n<ul class=\"wp-block-list\">\n<li><strong>Aluesarja<\/strong>: koko pohjoisen alueen sarja\n<ul class=\"wp-block-list\">\n<li>suunnattu tavoitteellisesti harjoitteleville joukkueille tai ryhmille tai lajia pidemp\u00e4\u00e4n harrastaneille<\/li>\n\n\n\n<li>Ensimm\u00e4isen turnauksen j\u00e4lkeen siirryt\u00e4\u00e4n poolij\u00e4rjestelm\u00e4\u00e4n<\/li>\n\n\n\n<li>Vapaa sy\u00f6tt\u00f6 ja vastaanotto<\/li>\n\n\n\n<li>3vs3<\/li>\n\n\n\n<li>kaikki pelaajat kiertovaihdossa &#8211; ei pelaajavaihtoja<\/li>\n\n\n\n<li>joukkueet voivat olla poika-, tytt\u00f6- tai sekajoukkueita<\/li>\n\n\n\n<li>kev\u00e4\u00e4n lopputurnauksissa aluesarjan ja tiikerisarjan kolme parasta joukkuetta palkitaan mitaleilla sek\u00e4 lis\u00e4ksi paras tytt\u00f6- ja poikajoukkue<\/li>\n\n\n\n<li>Lopputurnauksessa jossa pelataan sijoista 1-6 ei voi pelata joukkueissa yli-ik\u00e4isi\u00e4 pelaajia.<\/li>\n\n\n\n<li>Finaaliturnausta edelt\u00e4v\u00e4ss\u00e4 turnauksessa ei voi pelata yli-ik\u00e4ist\u00e4 pelaajaa<\/li>\n<\/ul>\n<\/li>\n<\/ul>\n\n\n\n<p>Edell\u00e4 mainitut s\u00e4\u00e4nn\u00f6t mukailevat Lentopalloliiton suosituksia U11- ja U13- sarjojen pelimuodoista sek\u00e4 s\u00e4\u00e4nt\u00f6uudistuksista.<\/p>\n\n\n\n<p>Triplapallosta tullaan toteuttamaan erillinen ohjevideo syyskuussa 2025. T\u00e4t\u00e4 kautta uuden pelimuodon opettaminen ja valmentaminen helpottuu teille valmentajille sek\u00e4 huoltajille<\/p>\n\n\n\n<h2 class=\"wp-block-heading\">Tarkemmat s\u00e4\u00e4nn\u00f6t mm. Triplapallosta sek\u00e4 mini-ik\u00e4isten s\u00e4\u00e4nn\u00f6ist\u00e4 l\u00f6yd\u00e4t <a href=\"https:\/\/junnulentis.fi\/\" data-type=\"link\" data-id=\"https:\/\/junnulentis.fi\/\">junnulentis.fi<\/a>&#8211; sivustolta<\/h2>\n\n\n\n<h1 class=\"wp-block-heading\">U13 ik\u00e4iset &#8211; 6v6<\/h1>\n\n\n\n<p>Kaudelle 2025-2026 tullaan toteuttamaan U13-ik\u00e4sille pelaajille kolmen turnauksen sarja.<br>Ilmoittautuminen sarjaan tapahtuu 1.12.-18.12.2025 v\u00e4lisen\u00e4 aikana KiSa-palvelun kautta.<\/p>\n\n\n\n<h4 class=\"wp-block-heading\">Sarjan j\u00e4rjest\u00e4minen<\/h4>\n\n\n\n<p>U13 6v6 kev\u00e4\u00e4n 2026 sarja j\u00e4rjestet\u00e4\u00e4n, mik\u00e4li mukaan ilmoittautuu v\u00e4hint\u00e4\u00e4n nelj\u00e4 joukkuetta.<br>Mik\u00e4li joukkueita ilmoittautuu v\u00e4hemm\u00e4n kuin nelj\u00e4, niin sarjaa ei k\u00e4ynnistet\u00e4. T\u00e4ll\u00f6in joukkueilla on mahdollisuus ilmoittautua edelleen kev\u00e4\u00e4n ajaksi U17 harrastesarjaan tai sopia esim. kesken\u00e4\u00e4n yksitt\u00e4isist\u00e4 turnauksista tai tapahtumista alueen seurojen kesken.<\/p>\n\n\n\n<h4 class=\"wp-block-heading\">Sarjan rakenne<\/h4>\n\n\n\n<p>Sarjan ik\u00e4luokka on U13. Pelimuotona on 6v6 systeemi tietyin poikkeuksin. Kev\u00e4\u00e4n 2026 aikana turnauksia j\u00e4rjestet\u00e4\u00e4n kolme kappaletta ja turnaukset sijoittuvat samoille viikonlopuille kuin U17 harrastesarjan turnaukset.<\/p>\n\n\n\n<h4 class=\"wp-block-heading\">Pelimuoto ja s\u00e4\u00e4nn\u00f6t &#8211; modifioitu Triplapallo<\/h4>\n\n\n\n<h5 class=\"wp-block-heading\">Kolmen pallon systeemi<\/h5>\n\n\n\n<ul class=\"wp-block-list\">\n<li>sy\u00f6tt\u00f6 &#8211; normaali palloralli pisteeseen saakka (normaalein lentopallon s\u00e4\u00e4nn\u00f6in)<\/li>\n\n\n\n<li>jatkopallo vastaanottaneelle joukkueelle &#8211; palloralli pisteeseen saakka<\/li>\n\n\n\n<li>jatkopallo sy\u00f6tt\u00e4neelle joukkueelle &#8211; palloralli pisteeseen saakka<\/li>\n\n\n\n<li>T\u00e4m\u00e4n j\u00e4lkeen sy\u00f6tt\u00f6vuoro vaihtuu ja joukkueet kiert\u00e4v\u00e4t normaalin 6v6 rotaation mukaisesti<\/li>\n<\/ul>\n\n\n\n<h5 class=\"wp-block-heading\">Jatkopalloheitot<\/h5>\n\n\n\n<ul class=\"wp-block-list\">\n<li>Kaikki jatkopallot heitet\u00e4\u00e4n helppona pallona VI-paikan pelaajalle<\/li>\n\n\n\n<li>Jatkopallon heitt\u00e4j\u00e4 voi tulla heitt\u00e4m\u00e4\u00e4n pallon kent\u00e4lt\u00e4 tai vaihtoehtoisesti heitto voidaan my\u00f6s tehd\u00e4 kent\u00e4n ulkopuolelta esim. vaihtopenkin l\u00e4heisyydest\u00e4<\/li>\n\n\n\n<li>Heiton tulee olla riitt\u00e4v\u00e4n kaukana VI-paikalla, noin 2m hy\u00f6kk\u00e4ysrajasta<\/li>\n\n\n\n<li>Pyrit\u00e4\u00e4n kolmen kosketuksen peliin, nosto &#8211; passi &#8211; hy\u00f6kk\u00e4ys<\/li>\n\n\n\n<li>Mik\u00e4li pallo joudutaan toimittamaan 1. tai 2. kosketuksella vastustajan puolelle, niin peli\u00e4 jatketaan normaalisti pisteeseen saakka, heittoa ei uusita<\/li>\n<\/ul>\n\n\n\n<h5 class=\"wp-block-heading\">Aikalis\u00e4t<\/h5>\n\n\n\n<ul class=\"wp-block-list\">\n<li>Joukkueilla on k\u00e4yt\u00f6ss\u00e4\u00e4n kaksi aikalis\u00e4\u00e4 per er\u00e4<\/li>\n\n\n\n<li>Aikalis\u00e4t voidaan ottaa sy\u00f6tt\u00f6vuoron vaihtuessa Triplapallon s\u00e4\u00e4nt\u00f6jen mukaisesti<\/li>\n<\/ul>\n\n\n\n<h5 class=\"wp-block-heading\">Pelaajavaihdot<\/h5>\n\n\n\n<ul class=\"wp-block-list\">\n<li>Valmentajat voivat vaihtaa pelaajia er\u00e4n aikana sek\u00e4 erien v\u00e4liss\u00e4<\/li>\n\n\n\n<li>Pelaajavaihtojen m\u00e4\u00e4r\u00e4\u00e4 ei rajoiteta ja kaikkien p\u00f6yt\u00e4kirjaan merkattujen pelaajien tulee saada riitt\u00e4v\u00e4sti peliaikaa sek\u00e4 kokemusta 6v6-pelaamisesta<\/li>\n<\/ul>\n\n\n\n<h5 class=\"wp-block-heading\">Sy\u00f6tt\u00f6raja<\/h5>\n\n\n\n<ul class=\"wp-block-list\">\n<li>Sy\u00f6tt\u00f6rajana toimii kent\u00e4n takaraja, 9m verkosta<\/li>\n\n\n\n<li>Joukkueet voivat ottelukohtaisesti sopia sy\u00f6tt\u00f6rajan siirt\u00e4misest\u00e4 l\u00e4hemm\u00e4s verkkoa mik\u00e4li se tukee tasoerojen tasoittamista tai pelin laatua<\/li>\n\n\n\n<li>Muutoksista voidaan sopia teknisess\u00e4 palaverissa tai ottelukohtaisesti ennen pelin alkua<\/li>\n<\/ul>\n\n\n\n<h5 class=\"wp-block-heading\">Verkon korkeus ja kentt\u00e4koko, pelipallo<\/h5>\n\n\n\n<ul class=\"wp-block-list\">\n<li>Verkon korkeus on 220cm<\/li>\n\n\n\n<li>Kent\u00e4n koko 9m x 9m<\/li>\n\n\n\n<li>Pelipallona k\u00e4ytet\u00e4\u00e4n U13-ik\u00e4luokan palloa (Mikasa V400W)<\/li>\n<\/ul>\n\n\n\n<h4 class=\"wp-block-heading\">Ottelumuoto<\/h4>\n\n\n\n<ul class=\"wp-block-list\">\n<li>Nelj\u00e4n joukkueen lohkoissa pelataan kahden voittoer\u00e4n pelit\n<ul class=\"wp-block-list\">\n<li>Kaksi ensimm\u00e4ist\u00e4 er\u00e4\u00e4 25 pisteeseen kahden pisteen erolla<\/li>\n\n\n\n<li>Mahdollinen kolmas er\u00e4 15 pisteeseen kahden pisteen erolla<\/li>\n<\/ul>\n<\/li>\n\n\n\n<li>Viiden joukkueen lohkoissa pelataan kaksi er\u00e4\u00e4\n<ul class=\"wp-block-list\">\n<li>Peli voi p\u00e4\u00e4tty\u00e4 2-0, 1-1 tai 0-2<\/li>\n<\/ul>\n<\/li>\n<\/ul>\n\n\n\n<h4 class=\"wp-block-heading\">Sarjamaksu<\/h4>\n\n\n\n<p>Kev\u00e4\u00e4n 2026 U13 6v6 sarjamaksu on 35\u20ac \/ joukkue. Maksu kattaa koko kev\u00e4tkauden kolmen turnauksen sarjan<\/p>\n\n\n\n<h4 class=\"wp-block-heading\">Muut huomioitavat<\/h4>\n\n\n\n<p>Pelit pelataan Suomen Lentopalloliiton + junnulentiksen s\u00e4\u00e4nt\u00f6jen mukaisesti edell\u00e4 mainitut poikkeukset huomioiden.<br>Reilu peli, oppiminen, tasapuolisuus sek\u00e4 turvallisuus ovat kaikissa otteluissa ensisijaisia<br>Sarjan tarkoituksena on opettaa 6v6-pelaamista ja tukea ik\u00e4kauden pelaajien pelaamisen kehittymist\u00e4<\/p>\n\n\n\n<h1 class=\"wp-block-heading\">Mobiilip\u00f6yt\u00e4kirja<\/h1>\n\n\n\n<p><strong><a href=\"https:\/\/www.lentopallo.fi\/kilpailu\/ohjeet\/\">MOBIILIP\u00d6YT\u00c4KIRJA<\/a>&nbsp;ohjeet (p\u00e4ivitetty 1.1.2026)<\/strong><\/p>\n\n\n\n<p><strong>Ottelukohtaiset pelaajalistat<\/strong><\/p>\n\n\n\n<ul class=\"wp-block-list\">\n<li>T\u00e4ytet\u00e4\u00e4n kaikissa sarjoissa&nbsp;(p\u00e4iv\u00e4&nbsp;ennen ottelua).&nbsp;<\/li>\n\n\n\n<li>ohjeet l\u00f6ytyv\u00e4t&nbsp;<a href=\"https:\/\/www.lentopallo.fi\/kilpailu\/ohjeet\/\" target=\"_blank\" rel=\"noreferrer noopener\"><strong>lentopalloliiton sivuilta<\/strong><\/a><\/li>\n<\/ul>\n\n\n\n<p><br><strong>Joukkueenjohtajan teht\u00e4v\u00e4t<\/strong><br>Joukkueenjohtaja teht\u00e4v\u00e4&nbsp;on huolehtia KiSa-palveluun pelaajaluettelot kuntoon pelinumeroineen, nimet\u00e4 (liberot ja) kapteeni, sek\u00e4 lis\u00e4t\u00e4 toimihenkil\u00f6t peleihin, joukkueen p\u00e4\u00e4valmentajalta saamansa informaation perusteella.<br><br>T\u00e4h\u00e4n liittyv\u00e4 ohjeistus&nbsp;l\u00f6ytyy&nbsp;<a href=\"https:\/\/www.lentopallo.fi\/kilpailu\/kilpailusaannot-sarjamaaraykset-ja-poytakirjat\/sahkoinen-poytakirja\/\" target=\"_blank\" rel=\"noreferrer noopener\"><strong>lentopalloliiton sivuilta<\/strong><\/a>.<br><br>N\u00e4m\u00e4 otteluun valmistavat toimenpiteet tehd\u00e4\u00e4n mielell\u00e4\u00e4n p\u00e4iv\u00e4\u00e4 ennen ottelua. Sairastumiset ja muut yll\u00e4tt\u00e4v\u00e4t muutokset voi lis\u00e4t\u00e4 my\u00f6hemmin.<br>Ohje on tehty aikuisten sarjoihin, alueen turnauksiin pelaajien valinta tehd\u00e4\u00e4n etuk\u00e4teen jokaisen pelin p\u00f6yt\u00e4kirjaan.<br><br>Ottelun j\u00e4lkeinen tuloksen l\u00e4hett\u00e4minen&nbsp;<a href=\"http:\/\/torneopal.lentopallo.fi\/ilmoita\" target=\"_blank\" rel=\"noreferrer noopener\">torneopal.lentopallo.fi\/ilmoita<\/a>&nbsp;toimii entiseen tapaan k\u00e4sin teht\u00e4v\u00e4ll\u00e4 p\u00f6yt\u00e4kirjan kuvalla niiss\u00e4 peleiss\u00e4 miss\u00e4 livescorea ei ole k\u00e4ytetty.<br><br>Livescore-mahdollisuus on aikuisten sarjoissa vain kuuden pelaajan otteluissa.<\/p>\n\n\n\n<p><strong>Kirjurointi:<\/strong><\/p>\n\n\n\n<p>Turnauksessa ottelun kirjuri kirjautuu peliin&nbsp;<strong><u><em>j\u00e4rjest\u00e4v\u00e4n joukkueen<\/em><\/u><\/strong>&nbsp;p\u00f6yt\u00e4kirjakoodilla.<\/p>\n\n\n\n<p><br><strong>Sovelluksesta<\/strong><br>Kokonaisuus muodostuu kahdesta osasta: KiSa-palvelusta ja selaimella toimivasta sovelluksesta. Sovellus voi k\u00e4ytt\u00e4\u00e4 mill\u00e4 tahansa p\u00e4\u00e4telaitteella; puhelimella, tabletilla tai l\u00e4pp\u00e4rill\u00e4.<br>Jos laite rikkoutuu tai akku loppuu, niin laitteen voi vaihtaa kesken p\u00f6yt\u00e4kirjan pidon, luonnollisesti pienell\u00e4 viiveell\u00e4 ja jatkaa sitten s\u00e4hk\u00f6isesti.<br>&nbsp;<br>Sovellus toimii livescorena, mutta tallentaa tapahtumat p\u00e4\u00e4telaitteen (esim. puhelimen) v\u00e4limuistiin, ja verkkokatkon j\u00e4lkeen tieto siirtyy livescoreen siin\u00e4 vaiheessa, kun taas verkkoyhteys on k\u00e4ytett\u00e4viss\u00e4.<br><br><strong>Testimahdollisuus<\/strong><\/p>\n\n\n\n<p><a href=\"http:\/\/score.torneopal.fi\">Kirjautumissivuilta<\/a> l\u00f6ytyy eri p\u00f6yt\u00e4kirjaversioiden testausmahdollisuus.<\/p>\n\n\n\n<p>Huom! Aloitusj\u00e4rjestyslipukkeita k\u00e4ytet\u00e4\u00e4n kirjurin ty\u00f6n helpottamiseksi. Ottelun j\u00e4lkeinen tuloksen l\u00e4hett\u00e4minen&nbsp;<a href=\"http:\/\/torneopal.lentopallo.fi\/ilmoita\" target=\"_blank\" rel=\"noreferrer noopener\">torneopal.lentopallo.fi\/ilmoita<\/a>&nbsp;toimii tarvittaessa entiseen tapaan.<\/p>\n","protected":false},"excerpt":{"rendered":"<p>U11 ja U13-sarjojen s\u00e4\u00e4nn\u00f6t kaudella 2025-2026 U11 (E-ik\u00e4iset) U13 (D-ik\u00e4iset) Edell\u00e4 mainitut s\u00e4\u00e4nn\u00f6t mukailevat Lentopalloliiton suosituksia U11- ja U13- sarjojen pelimuodoista sek\u00e4 s\u00e4\u00e4nt\u00f6uudistuksista. Triplapallosta tullaan toteuttamaan erillinen ohjevideo syyskuussa 2025. T\u00e4t\u00e4 kautta uuden pelimuodon opettaminen ja valmentaminen helpottuu teille valmentajille sek\u00e4 huoltajille Tarkemmat s\u00e4\u00e4nn\u00f6t mm. Triplapallosta sek\u00e4 mini-ik\u00e4isten s\u00e4\u00e4nn\u00f6ist\u00e4 l\u00f6yd\u00e4t junnulentis.fi&#8211; sivustolta U13 ik\u00e4iset &#8211; [&hellip;]<\/p>\n","protected":false},"author":4,"featured_media":0,"parent":259,"menu_order":0,"comment_status":"closed","ping_status":"closed","template":"pages\/template-kilpailu.php","meta":{"_acf_changed":false,"inline_featured_image":false,"footnotes":""},"class_list":["post-280","page","type-page","status-publish","hentry"],"acf":[],"_links":{"self":[{"href":"https:\/\/sivustot.lentopallo.fi\/pohjois-suomi\/wp-json\/wp\/v2\/pages\/280","targetHints":{"allow":["GET"]}}],"collection":[{"href":"https:\/\/sivustot.lentopallo.fi\/pohjois-suomi\/wp-json\/wp\/v2\/pages"}],"about":[{"href":"https:\/\/sivustot.lentopallo.fi\/pohjois-suomi\/wp-json\/wp\/v2\/types\/page"}],"author":[{"embeddable":true,"href":"https:\/\/sivustot.lentopallo.fi\/pohjois-suomi\/wp-json\/wp\/v2\/users\/4"}],"replies":[{"embeddable":true,"href":"https:\/\/sivustot.lentopallo.fi\/pohjois-suomi\/wp-json\/wp\/v2\/comments?post=280"}],"version-history":[{"count":15,"href":"https:\/\/sivustot.lentopallo.fi\/pohjois-suomi\/wp-json\/wp\/v2\/pages\/280\/revisions"}],"predecessor-version":[{"id":993,"href":"https:\/\/sivustot.lentopallo.fi\/pohjois-suomi\/wp-json\/wp\/v2\/pages\/280\/revisions\/993"}],"up":[{"embeddable":true,"href":"https:\/\/sivustot.lentopallo.fi\/pohjois-suomi\/wp-json\/wp\/v2\/pages\/259"}],"wp:attachment":[{"href":"https:\/\/sivustot.lentopallo.fi\/pohjois-suomi\/wp-json\/wp\/v2\/media?parent=280"}],"curies":[{"name":"wp","href":"https:\/\/api.w.org\/{rel}","templated":true}]}}