{"id":282,"date":"2023-05-23T10:57:17","date_gmt":"2023-05-23T10:57:17","guid":{"rendered":"https:\/\/sivustot.lentopallo.fi\/pohjois-suomi\/?page_id=282"},"modified":"2025-10-09T14:49:38","modified_gmt":"2025-10-09T14:49:38","slug":"tuomaritoiminta","status":"publish","type":"page","link":"https:\/\/sivustot.lentopallo.fi\/pohjois-suomi\/kilpailutoiminta\/tuomaritoiminta\/","title":{"rendered":"Tuomaritoiminta"},"content":{"rendered":"\n<h2 class=\"wp-block-heading\">Aluekouluttajat ja nime\u00e4j\u00e4t<\/h2>\n\n\n\n<figure class=\"wp-block-table is-style-stripes\"><table class=\"has-fixed-layout\"><tbody><tr><td>Alue <br>Paikkakunta<\/td><td>Nimi                             <br>Kouluttaja (Nime\u00e4j\u00e4)<\/td><td>S\u00e4hk\u00f6postiosoite<br>Puhelin<\/td><\/tr><tr><td>Koillismaa <br>Kuusamo<\/td><td>Heikkil\u00e4 Arto<br>Nim N1-2 M2-A U20-15 Rt<\/td><td>arto.heikkila@kuusamo.fi<br>0445792068<\/td><\/tr><tr><td>Lappi <br>Rovaniemi<\/td><td>Jokelainen Ari Tk<br>Perus, II, Ptk, Bea<\/td><td>ari.jokelainen@pp2.inet.fi<br>0403557860<\/td><\/tr><tr><td>Lappi<br>Rovaniemi<\/td><td>Kiimalainen Heikki Tk<br>Perus, II, Ptk<\/td><td>heikkikiimalainen@gmail.com<br>0407252084<\/td><\/tr><tr><td>Lappi <br>Rovaniemi<\/td><td>Kivilompolo Mikko Tk<br>Perus, Nt, Minit<\/td><td>mikko.kivilompolo@outlook.com<br>0440338038<\/td><\/tr><tr><td>Lappi <br>Rovaniemi<\/td><td>Peteri Kaisa<br>Nim N1-2 M2-A U20-15 Mast Rt<\/td><td>kaisa.peteri@rovaniemi.fi<br>0407160123<\/td><\/tr><tr><td>Pohjois-pohjanmaa <br>Oulu<\/td><td>Jokinen Tuomas                  <br>Minit<\/td><td>tuomas.sa.jokinen@gmail.com<br>0452393002<\/td><\/tr><tr><td>Pohjois-pohjanmaa <br>Oulu<\/td><td>Kuukasj\u00e4rvi Justus               <br>Minit<\/td><td>justus.kuukasjarvi@gmail.com<br>0443158902<\/td><\/tr><tr><td>Pohjois-pohjanmaa <br>Liminka<\/td><td><strong>M\u00e4kinen Jussi<\/strong> <strong>Pk<\/strong><br>Perus, II, Ptk<br>Nim N1-2 M2-A U20-15 Mast Rt<\/td><td>jussi.k.makinen@outlook.com<br>0400995466<\/td><\/tr><tr><td>Pohjois-pohjanmaa <br>Oulu<\/td><td>Sipola Juha Tk<br>Perus, II, Ptk<\/td><td>juha.sipola@pokooy.fi<br>0505400266<\/td><\/tr><\/tbody><\/table><\/figure>\n\n\n\n<p>Selite<\/p>\n\n\n\n<figure class=\"wp-block-table is-style-stripes\"><table class=\"has-fixed-layout\"><tbody><tr><td>Tk <\/td><td>tuomari<br>kouluttaja<\/td><td>U20-15 <\/td><td>U20, U17, U15 (A-C) nuorten sarjojen nime\u00e4j\u00e4 <\/td><td>Nim <\/td><td>tuomari nime\u00e4j\u00e4<\/td><\/tr><tr><td>Bea <\/td><td>beach-kouluttaja\/-nime\u00e4j\u00e4<\/td><td>M <\/td><td>miesten nime\u00e4j\u00e4 ja sarjataso<\/td><td>Rt <\/td><td>rajatuomari nime\u00e4j\u00e4<\/td><\/tr><tr><td>Perus, Nt<\/td><td>peruskurssi (aikuiset), nuoret<\/td><td>Mast <\/td><td>masters-sarjojen nime\u00e4j\u00e4<\/td><td>Psk <\/td><td>p\u00e4\u00e4sarja kouluttaja<\/td><\/tr><tr><td>II, I, ptk <\/td><td>tuomaritasot, p\u00f6yt\u00e4kirja <\/td><td>N <\/td><td>naisten nime\u00e4j\u00e4 ja sarjataso <\/td><td>MA, NA <\/td><td>miesten\/naisten aluesarja<\/td><\/tr><tr><td>Minit <\/td><td>mini-ik\u00e4iset <\/td><td><\/td><td><\/td><td>MP, NP<\/td><td>miesten\/naisten paikallissarja<\/td><\/tr><tr><td>Pk <\/td><td>alueen p\u00e4\u00e4-kouluttaja<\/td><td><\/td><td><\/td><td><\/td><td><\/td><\/tr><\/tbody><\/table><\/figure>\n","protected":false},"excerpt":{"rendered":"<p>Aluekouluttajat ja nime\u00e4j\u00e4t Alue Paikkakunta Nimi Kouluttaja (Nime\u00e4j\u00e4) S\u00e4hk\u00f6postiosoitePuhelin Koillismaa Kuusamo Heikkil\u00e4 ArtoNim N1-2 M2-A U20-15 Rt arto.heikkila@kuusamo.fi0445792068 Lappi Rovaniemi Jokelainen Ari TkPerus, II, Ptk, Bea ari.jokelainen@pp2.inet.fi0403557860 LappiRovaniemi Kiimalainen Heikki TkPerus, II, Ptk heikkikiimalainen@gmail.com0407252084 Lappi Rovaniemi Kivilompolo Mikko TkPerus, Nt, Minit mikko.kivilompolo@outlook.com0440338038 Lappi Rovaniemi Peteri KaisaNim N1-2 M2-A U20-15 Mast Rt kaisa.peteri@rovaniemi.fi0407160123 Pohjois-pohjanmaa Oulu Jokinen [&hellip;]<\/p>\n","protected":false},"author":4,"featured_media":0,"parent":259,"menu_order":0,"comment_status":"closed","ping_status":"closed","template":"pages\/template-kilpailu.php","meta":{"_acf_changed":false,"inline_featured_image":false,"footnotes":""},"class_list":["post-282","page","type-page","status-publish","hentry"],"acf":[],"_links":{"self":[{"href":"https:\/\/sivustot.lentopallo.fi\/pohjois-suomi\/wp-json\/wp\/v2\/pages\/282","targetHints":{"allow":["GET"]}}],"collection":[{"href":"https:\/\/sivustot.lentopallo.fi\/pohjois-suomi\/wp-json\/wp\/v2\/pages"}],"about":[{"href":"https:\/\/sivustot.lentopallo.fi\/pohjois-suomi\/wp-json\/wp\/v2\/types\/page"}],"author":[{"embeddable":true,"href":"https:\/\/sivustot.lentopallo.fi\/pohjois-suomi\/wp-json\/wp\/v2\/users\/4"}],"replies":[{"embeddable":true,"href":"https:\/\/sivustot.lentopallo.fi\/pohjois-suomi\/wp-json\/wp\/v2\/comments?post=282"}],"version-history":[{"count":10,"href":"https:\/\/sivustot.lentopallo.fi\/pohjois-suomi\/wp-json\/wp\/v2\/pages\/282\/revisions"}],"predecessor-version":[{"id":946,"href":"https:\/\/sivustot.lentopallo.fi\/pohjois-suomi\/wp-json\/wp\/v2\/pages\/282\/revisions\/946"}],"up":[{"embeddable":true,"href":"https:\/\/sivustot.lentopallo.fi\/pohjois-suomi\/wp-json\/wp\/v2\/pages\/259"}],"wp:attachment":[{"href":"https:\/\/sivustot.lentopallo.fi\/pohjois-suomi\/wp-json\/wp\/v2\/media?parent=282"}],"curies":[{"name":"wp","href":"https:\/\/api.w.org\/{rel}","templated":true}]}}