{"id":503,"date":"2024-06-05T08:03:37","date_gmt":"2024-06-05T08:03:37","guid":{"rendered":"https:\/\/sivustot.lentopallo.fi\/pohjois-suomi\/?page_id=503"},"modified":"2026-04-17T09:26:46","modified_gmt":"2026-04-17T09:26:46","slug":"pohjoisen-tytot","status":"publish","type":"page","link":"https:\/\/sivustot.lentopallo.fi\/pohjois-suomi\/aluevalmennus\/pohjoisen-tytot\/","title":{"rendered":"Pohjoisen tyt\u00f6t"},"content":{"rendered":"\n<h1 class=\"wp-block-heading\"><strong>U15-tyt\u00f6t 2026 (2012-2013 syntyneet):<\/strong><\/h1>\n\n\n\n<p>Pohjoisen-alueen aluevalmennus 2010-syntyneiden osalta koostuu yl\u00e4koululeirityksest\u00e4, katsastusleirist\u00e4 ja valintaleireist\u00e4. 2011-syntyneiden aluevalmennus koostuu&nbsp;teholeireist\u00e4, katsastusleirist\u00e4 ja valintaleireist\u00e4. U15-ik\u00e4isiss\u00e4 kev\u00e4\u00e4n ensimm\u00e4iselle katsastusleirille ovat tervetulleita kaikki, jotka eiv\u00e4t aikaisemmin ole olleet aluejoukkueessa ja ovat kiinnostuneita aluejoukkuetoiminnasta. Katsastusleirin j\u00e4lkeen valmentajat valitsevat pelaajat syksyn valintaleireille.<\/p>\n\n\n\n<p>Ik\u00e4luokan aluevalmentajat tekev\u00e4t valinnat valintaleirille, joiden j\u00e4lkeen tehd\u00e4\u00e4n lopulliset valinnat Alue SM-turnaukseen. Alue SM-turnaukseen valitaan&nbsp;sill\u00e4 hetkell\u00e4 parhaat ja potentiaalisimmat urheilijat huippu-urheilun n\u00e4k\u00f6kulmasta.<\/p>\n\n\n\n<p>Lis\u00e4tietoja aluevalmennukseen ja leireihin liittyen Pohjois-Suomen alueen p\u00e4\u00e4valmentajalta tai joukkueenjohtajalta. Yhteystiedot l\u00f6yd\u00e4t <a href=\"https:\/\/sivustot.lentopallo.fi\/pohjois-suomi\/aluevalmennus\/aluevalmentajat\/\" data-type=\"link\" data-id=\"https:\/\/sivustot.lentopallo.fi\/pohjois-suomi\/aluevalmennus\/aluevalmentajat\/\">t\u00e4\u00e4lt\u00e4<\/a>.<\/p>\n\n\n\n<h2 class=\"wp-block-heading\">U15-tytt\u00f6jen alueleirit 2026*<\/h2>\n\n\n\n<figure class=\"wp-block-table\"><table class=\"has-fixed-layout\"><tbody><tr><td>9.-10.5.2026<br>PoSu U15-tyt\u00f6t katsastusleiri<\/td><td><a href=\"https:\/\/www.suomisport.fi\/events\/0d85340f-6bbe-4986-a3ac-037dd739566d\" data-type=\"link\" data-id=\"https:\/\/www.suomisport.fi\/events\/0d85340f-6bbe-4986-a3ac-037dd739566d\"><mark style=\"background-color:#0693e3\" class=\"has-inline-color has-white-color\">Ilmoittaudu mukaan<\/mark><\/a><\/td><\/tr><tr><td>8.-9.8.2026<br>PoSu U15-tyt\u00f6t valinta 1<\/td><td>Kutsuleiri. Kutsu l\u00e4hetet\u00e4\u00e4n jatkoon p\u00e4\u00e4sseiden huoltajille s\u00e4hk\u00f6postilla.<\/td><\/tr><tr><td>28.-30.8.2026<br>PoSu U15-tyt\u00f6t pelileiri (hilla)<\/td><td>Kutsuleiri. Kutsu l\u00e4hetet\u00e4\u00e4n jatkoon p\u00e4\u00e4sseiden huoltajille s\u00e4hk\u00f6postilla.<\/td><\/tr><tr><td>25.-27.9.2026<br>U15-alue SM, Kuortane<\/td><td><\/td><\/tr><\/tbody><\/table><\/figure>\n\n\n\n<p>*Muutokset ovat viel\u00e4 mahdollisia etenkin valinta- ja pelileirin osalta<\/p>\n\n\n\n\n\n\n\n\n\n\n\n<hr class=\"wp-block-separator has-alpha-channel-opacity is-style-wide\" \/>\n\n\n\n<h1 class=\"wp-block-heading\"><strong>U17-tyt\u00f6t 2026 (2010-2011 syntyneet):<\/strong><\/h1>\n\n\n\n<p>Pohjoisen-alueen aluevalmennus 2010 ja 2011 syntyneiden osalta koostuu yl\u00e4koululeirityksest\u00e4, katsastusleirist\u00e4&nbsp;ja valintaleireist\u00e4. Ik\u00e4luokan aluevalmentajat tekev\u00e4t valinnat valintaleirille, jonka j\u00e4lkeen tehd\u00e4\u00e4n lopulliset valinnat Alue SM-turnaukseen. Alue SM-turnaukseen valitaan&nbsp;sill\u00e4 hetkell\u00e4 parhaat ja potentiaalisimmat urheilijat huippu-urheilun n\u00e4k\u00f6kulmasta.<\/p>\n\n\n\n<p>Lis\u00e4tietoja aluevalmennukseen ja leireihin liittyen Pohjois-Suomen alueen p\u00e4\u00e4valmentajalta tai joukkueenjohtajalta. Yhteystiedot l\u00f6yd\u00e4t <a href=\"https:\/\/sivustot.lentopallo.fi\/pohjois-suomi\/aluevalmennus\/aluevalmentajat\/\" data-type=\"link\" data-id=\"https:\/\/sivustot.lentopallo.fi\/pohjois-suomi\/aluevalmennus\/aluevalmentajat\/\">t\u00e4\u00e4lt\u00e4<\/a>.<\/p>\n\n\n\n<h2 class=\"wp-block-heading\">U17-tytt\u00f6jen alueleirit 2026*<\/h2>\n\n\n\n\n\n\n\n\n\n\n\n\n\n<figure class=\"wp-block-table\"><table class=\"has-fixed-layout\"><tbody><tr><td>6.-7.6.2026<br>PoSu U17-tytt\u00f6jen katsastusleiri<\/td><td><a href=\"https:\/\/www.suomisport.fi\/events\/7c8ff460-1e8e-4011-8b8e-93ade4e9c3be\"><mark style=\"background-color:#0693e3\" class=\"has-inline-color has-white-color\">Ilmoittaudu mukaan<\/mark><\/a><\/td><\/tr><tr><td>25.-26.7.2026<br>PoSu U17-tyt\u00f6t valintaleiri 1<\/td><td>Kutsuleiri. Kutsu l\u00e4hetet\u00e4\u00e4n jatkoon p\u00e4\u00e4sseiden huoltajille s\u00e4hk\u00f6postilla.<\/td><\/tr><tr><td>15.-16.8.2026<br>PoSu U17-tyt\u00f6t valintaleiri 2 (pelileiri)<\/td><td>Kutsuleiri. Kutsu l\u00e4hetet\u00e4\u00e4n jatkoon p\u00e4\u00e4sseiden huoltajille s\u00e4hk\u00f6postilla.<\/td><\/tr><tr><td>4.-6.9.2026<br>U17-alue SM, Lounais-Suomi<\/td><td><\/td><\/tr><\/tbody><\/table><\/figure>\n\n\n\n<p>*Muutokset ovat viel\u00e4 mahdollisia etenkin valinta- ja pelileirin osalta<\/p>\n\n\n\n<p><\/p>\n","protected":false},"excerpt":{"rendered":"<p>U15-tyt\u00f6t 2026 (2012-2013 syntyneet): Pohjoisen-alueen aluevalmennus 2010-syntyneiden osalta koostuu yl\u00e4koululeirityksest\u00e4, katsastusleirist\u00e4 ja valintaleireist\u00e4. 2011-syntyneiden aluevalmennus koostuu&nbsp;teholeireist\u00e4, katsastusleirist\u00e4 ja valintaleireist\u00e4. U15-ik\u00e4isiss\u00e4 kev\u00e4\u00e4n ensimm\u00e4iselle katsastusleirille ovat tervetulleita kaikki, jotka eiv\u00e4t aikaisemmin ole olleet aluejoukkueessa ja ovat kiinnostuneita aluejoukkuetoiminnasta. Katsastusleirin j\u00e4lkeen valmentajat valitsevat pelaajat syksyn valintaleireille. Ik\u00e4luokan aluevalmentajat tekev\u00e4t valinnat valintaleirille, joiden j\u00e4lkeen tehd\u00e4\u00e4n lopulliset valinnat Alue SM-turnaukseen. [&hellip;]<\/p>\n","protected":false},"author":20,"featured_media":0,"parent":257,"menu_order":0,"comment_status":"closed","ping_status":"closed","template":"pages\/template-kilpailu.php","meta":{"_acf_changed":false,"inline_featured_image":false,"footnotes":""},"class_list":["post-503","page","type-page","status-publish","hentry"],"acf":[],"_links":{"self":[{"href":"https:\/\/sivustot.lentopallo.fi\/pohjois-suomi\/wp-json\/wp\/v2\/pages\/503","targetHints":{"allow":["GET"]}}],"collection":[{"href":"https:\/\/sivustot.lentopallo.fi\/pohjois-suomi\/wp-json\/wp\/v2\/pages"}],"about":[{"href":"https:\/\/sivustot.lentopallo.fi\/pohjois-suomi\/wp-json\/wp\/v2\/types\/page"}],"author":[{"embeddable":true,"href":"https:\/\/sivustot.lentopallo.fi\/pohjois-suomi\/wp-json\/wp\/v2\/users\/20"}],"replies":[{"embeddable":true,"href":"https:\/\/sivustot.lentopallo.fi\/pohjois-suomi\/wp-json\/wp\/v2\/comments?post=503"}],"version-history":[{"count":20,"href":"https:\/\/sivustot.lentopallo.fi\/pohjois-suomi\/wp-json\/wp\/v2\/pages\/503\/revisions"}],"predecessor-version":[{"id":1028,"href":"https:\/\/sivustot.lentopallo.fi\/pohjois-suomi\/wp-json\/wp\/v2\/pages\/503\/revisions\/1028"}],"up":[{"embeddable":true,"href":"https:\/\/sivustot.lentopallo.fi\/pohjois-suomi\/wp-json\/wp\/v2\/pages\/257"}],"wp:attachment":[{"href":"https:\/\/sivustot.lentopallo.fi\/pohjois-suomi\/wp-json\/wp\/v2\/media?parent=503"}],"curies":[{"name":"wp","href":"https:\/\/api.w.org\/{rel}","templated":true}]}}