{"id":597,"date":"2024-09-09T06:19:15","date_gmt":"2024-09-09T06:19:15","guid":{"rendered":"https:\/\/sivustot.lentopallo.fi\/pohjois-suomi\/?page_id=597"},"modified":"2025-12-22T05:07:06","modified_gmt":"2025-12-22T05:07:06","slug":"u13-u11-ikaisten-sarjat","status":"publish","type":"page","link":"https:\/\/sivustot.lentopallo.fi\/pohjois-suomi\/kilpailutoiminta\/nuoret\/u13-u11-ikaisten-sarjat\/","title":{"rendered":"U13-U11-ik\u00e4isten sarjat"},"content":{"rendered":"\n<h2 class=\"wp-block-heading\">2025-2026<\/h2>\n\n\n\n<p>Sarjan otsikko on linkki sarjan ohjelmaan tulospalvelussa.<\/p>\n\n\n\n<p>Sarjat jatkuvat kev\u00e4\u00e4ll\u00e4. Uusia joukkueita kev\u00e4\u00e4ksi voi ilmoittaa 1.-11.12. v\u00e4lisen\u00e4 aikana, ohjeet l\u00f6ytyv\u00e4t lentopalloliiton&nbsp;<a href=\"https:\/\/www.lentopallo.fi\/kilpailu\/ohjeet\/\">ohjeet-sivulta<\/a>. Sarjaa voi vaihtaa (esim. Tiikerisarjasta aluesarjaan) ilmoittamalla siit\u00e4&nbsp;sarjanhoitajalle&nbsp;viimeist\u00e4\u00e4n 11.12.<\/p>\n\n\n\n<div class=\"wp-block-buttons is-layout-flex wp-block-buttons-is-layout-flex\">\n<div class=\"wp-block-button is-style-fill\"><a class=\"wp-block-button__link wp-element-button\" href=\"https:\/\/sivustot.lentopallo.fi\/pohjois-suomi\/kilpailutoiminta\/nuoret\/turnausjarjestajat\/\"><strong>TURNAUSJ\u00c4RJEST\u00c4J\u00c4T<\/strong><\/a><\/div>\n<\/div>\n\n\n\n<ul class=\"wp-block-list\">\n<li>J\u00e4rjest\u00e4j\u00e4taulukko, ohjeita turnausten j\u00e4rjest\u00e4miseen, turnauskutsun tekemiseen, mobiilip\u00f6yt\u00e4kirjan k\u00e4ytt\u00f6\u00f6n, tekniseen palaveriin ja minituomareille<\/li>\n\n\n\n<li>Sarjanhoitajalle voi ilmoittaa mahdollisista esteist\u00e4 ja\/tai j\u00e4rjest\u00e4j\u00e4toiveista.<\/li>\n\n\n\n<li>Tulospalvelussa turnausten j\u00e4rjest\u00e4j\u00e4t n\u00e4kyv\u00e4t joko lohkon otsikossa tai lohkoissa, joissa pelataan useampi turnaus, avaamalla lohko lohkon otsikosta, sen j\u00e4lkeen kohdasta Tulevat.<\/li>\n<\/ul>\n\n\n\n<div class=\"wp-block-buttons is-layout-flex wp-block-buttons-is-layout-flex\">\n<div class=\"wp-block-button\"><a class=\"wp-block-button__link wp-element-button\" href=\"https:\/\/www.lentopallo.fi\/kilpailu\/ohjeet\/\"><strong>OHJEET KiSa-PALVELUN K\u00c4YTT\u00d6\u00d6N<\/strong><\/a><\/div>\n<\/div>\n\n\n\n<ul class=\"wp-block-list\">\n<li>pelaajaluettelot<\/li>\n\n\n\n<li>joukkueiden taustahenkil\u00f6t<\/li>\n\n\n\n<li>turnauskutsut<\/li>\n\n\n\n<li>1.1.2026 k\u00e4ytt\u00f6\u00f6n otettavat p\u00f6yt\u00e4kirjat<\/li>\n<\/ul>\n\n\n\n<p>Sarjan otsikko on linkki ohjelmaan tulospalvelussa<\/p>\n\n\n\n<h3 class=\"wp-block-heading\"><a href=\"https:\/\/tulospalvelu.lentopallo.fi\/category\/U13!vb2025psuomi\/tables\">U13(D)-tyt\u00f6t ja -pojat aluesarja<\/a><\/h3>\n\n\n\n<h4 class=\"wp-block-heading\">Syksy 2025<\/h4>\n\n\n\n<figure class=\"wp-block-image size-full is-resized\"><img loading=\"lazy\" decoding=\"async\" width=\"535\" height=\"499\" src=\"https:\/\/sivustot.lentopallo.fi\/pohjois-suomi\/files\/2025\/09\/image-2.png\" alt=\"\" class=\"wp-image-909\" style=\"width:554px;height:auto\" srcset=\"https:\/\/sivustot.lentopallo.fi\/pohjois-suomi\/files\/2025\/09\/image-2.png 535w, https:\/\/sivustot.lentopallo.fi\/pohjois-suomi\/files\/2025\/09\/image-2-300x280.png 300w, https:\/\/sivustot.lentopallo.fi\/pohjois-suomi\/files\/2025\/09\/image-2-55x51.png 55w\" sizes=\"auto, (max-width: 535px) 100vw, 535px\" \/><\/figure>\n\n\n\n<h4 class=\"wp-block-heading\">Kev\u00e4t 2026<\/h4>\n\n\n\n<figure class=\"wp-block-image size-full\"><img loading=\"lazy\" decoding=\"async\" width=\"903\" height=\"647\" src=\"https:\/\/sivustot.lentopallo.fi\/pohjois-suomi\/files\/2025\/12\/image.png\" alt=\"\" class=\"wp-image-970\" style=\"aspect-ratio:1.3957110961109092\" srcset=\"https:\/\/sivustot.lentopallo.fi\/pohjois-suomi\/files\/2025\/12\/image.png 903w, https:\/\/sivustot.lentopallo.fi\/pohjois-suomi\/files\/2025\/12\/image-300x215.png 300w, https:\/\/sivustot.lentopallo.fi\/pohjois-suomi\/files\/2025\/12\/image-768x550.png 768w, https:\/\/sivustot.lentopallo.fi\/pohjois-suomi\/files\/2025\/12\/image-55x39.png 55w\" sizes=\"auto, (max-width: 903px) 100vw, 903px\" \/><\/figure>\n\n\n\n<h3 class=\"wp-block-heading\"><a href=\"https:\/\/tulospalvelu.lentopallo.fi\/category\/U13ti!vb2025psuomi\/tables\">U13(D)-tyt\u00f6t- ja pojat Tiikerisarja<\/a><\/h3>\n\n\n\n<h4 class=\"wp-block-heading\">Syksy 2025<\/h4>\n\n\n\n<p>Sarjassa pelataan triplapallos\u00e4\u00e4nn\u00f6ill\u00e4.<\/p>\n\n\n\n<figure class=\"wp-block-image size-full is-resized\"><img loading=\"lazy\" decoding=\"async\" width=\"697\" height=\"256\" src=\"https:\/\/sivustot.lentopallo.fi\/pohjois-suomi\/files\/2025\/09\/image-4.png\" alt=\"\" class=\"wp-image-924\" style=\"width:702px;height:auto\" srcset=\"https:\/\/sivustot.lentopallo.fi\/pohjois-suomi\/files\/2025\/09\/image-4.png 697w, https:\/\/sivustot.lentopallo.fi\/pohjois-suomi\/files\/2025\/09\/image-4-300x110.png 300w, https:\/\/sivustot.lentopallo.fi\/pohjois-suomi\/files\/2025\/09\/image-4-55x20.png 55w\" sizes=\"auto, (max-width: 697px) 100vw, 697px\" \/><\/figure>\n\n\n\n<h4 class=\"wp-block-heading\">Kev\u00e4t 2026<\/h4>\n\n\n\n<figure class=\"wp-block-image size-full is-resized\"><img loading=\"lazy\" decoding=\"async\" width=\"648\" height=\"512\" src=\"https:\/\/sivustot.lentopallo.fi\/pohjois-suomi\/files\/2025\/12\/image-1.png\" alt=\"\" class=\"wp-image-971\" style=\"aspect-ratio:1.2656717328938534;width:701px;height:auto\" srcset=\"https:\/\/sivustot.lentopallo.fi\/pohjois-suomi\/files\/2025\/12\/image-1.png 648w, https:\/\/sivustot.lentopallo.fi\/pohjois-suomi\/files\/2025\/12\/image-1-300x237.png 300w, https:\/\/sivustot.lentopallo.fi\/pohjois-suomi\/files\/2025\/12\/image-1-55x43.png 55w\" sizes=\"auto, (max-width: 648px) 100vw, 648px\" \/><\/figure>\n\n\n\n<h3 class=\"wp-block-heading\"><a href=\"http:\/\/tulospalvelu.lentopallo.fi\/category\/U11!vb2025psuomi\/tables\">U11(E)-tyt\u00f6t ja -pojat aluesarja<\/a><\/h3>\n\n\n\n<h4 class=\"wp-block-heading\">Syksy 2025<\/h4>\n\n\n\n<figure class=\"wp-block-image size-full is-resized\"><img loading=\"lazy\" decoding=\"async\" width=\"272\" height=\"337\" src=\"https:\/\/sivustot.lentopallo.fi\/pohjois-suomi\/files\/2025\/09\/image.png\" alt=\"\" class=\"wp-image-907\" style=\"width:309px;height:auto\" srcset=\"https:\/\/sivustot.lentopallo.fi\/pohjois-suomi\/files\/2025\/09\/image.png 272w, https:\/\/sivustot.lentopallo.fi\/pohjois-suomi\/files\/2025\/09\/image-242x300.png 242w, https:\/\/sivustot.lentopallo.fi\/pohjois-suomi\/files\/2025\/09\/image-55x68.png 55w\" sizes=\"auto, (max-width: 272px) 100vw, 272px\" \/><\/figure>\n\n\n\n<h4 class=\"wp-block-heading\">Kev\u00e4t 2026<\/h4>\n\n\n\n<figure class=\"wp-block-image size-full is-resized\"><img loading=\"lazy\" decoding=\"async\" width=\"467\" height=\"667\" src=\"https:\/\/sivustot.lentopallo.fi\/pohjois-suomi\/files\/2025\/12\/image-2.png\" alt=\"\" class=\"wp-image-972\" style=\"aspect-ratio:0.7001593028159115;width:533px;height:auto\" srcset=\"https:\/\/sivustot.lentopallo.fi\/pohjois-suomi\/files\/2025\/12\/image-2.png 467w, https:\/\/sivustot.lentopallo.fi\/pohjois-suomi\/files\/2025\/12\/image-2-210x300.png 210w, https:\/\/sivustot.lentopallo.fi\/pohjois-suomi\/files\/2025\/12\/image-2-300x428.png 300w, https:\/\/sivustot.lentopallo.fi\/pohjois-suomi\/files\/2025\/12\/image-2-55x79.png 55w\" sizes=\"auto, (max-width: 467px) 100vw, 467px\" \/><\/figure>\n\n\n\n<h3 class=\"wp-block-heading\"><a href=\"https:\/\/tulospalvelu.lentopallo.fi\/category\/U11ti!vb2025psuomi\/tables\">U11(E)-tyt\u00f6t ja -pojat Tiikerisarja<\/a><\/h3>\n\n\n\n<h4 class=\"wp-block-heading\">Syksy 2025<\/h4>\n\n\n\n<p>Sarjassa pelataan triplapallos\u00e4\u00e4nn\u00f6ill\u00e4.<\/p>\n\n\n\n<figure class=\"wp-block-image size-full is-resized\"><img loading=\"lazy\" decoding=\"async\" width=\"667\" height=\"515\" src=\"https:\/\/sivustot.lentopallo.fi\/pohjois-suomi\/files\/2025\/09\/image-6.png\" alt=\"\" class=\"wp-image-936\" style=\"width:605px;height:auto\" srcset=\"https:\/\/sivustot.lentopallo.fi\/pohjois-suomi\/files\/2025\/09\/image-6.png 667w, https:\/\/sivustot.lentopallo.fi\/pohjois-suomi\/files\/2025\/09\/image-6-300x232.png 300w, https:\/\/sivustot.lentopallo.fi\/pohjois-suomi\/files\/2025\/09\/image-6-55x42.png 55w\" sizes=\"auto, (max-width: 667px) 100vw, 667px\" \/><\/figure>\n\n\n\n<h4 class=\"wp-block-heading\">Kev\u00e4t 2026<\/h4>\n\n\n\n<figure class=\"wp-block-image size-full\"><img loading=\"lazy\" decoding=\"async\" width=\"869\" height=\"799\" src=\"https:\/\/sivustot.lentopallo.fi\/pohjois-suomi\/files\/2025\/12\/image-5.png\" alt=\"\" class=\"wp-image-979\" srcset=\"https:\/\/sivustot.lentopallo.fi\/pohjois-suomi\/files\/2025\/12\/image-5.png 869w, https:\/\/sivustot.lentopallo.fi\/pohjois-suomi\/files\/2025\/12\/image-5-300x276.png 300w, https:\/\/sivustot.lentopallo.fi\/pohjois-suomi\/files\/2025\/12\/image-5-768x706.png 768w, https:\/\/sivustot.lentopallo.fi\/pohjois-suomi\/files\/2025\/12\/image-5-55x51.png 55w\" sizes=\"auto, (max-width: 869px) 100vw, 869px\" \/><\/figure>\n\n\n\n<figure class=\"wp-block-embed is-type-wp-embed is-provider-junnulentis wp-block-embed-junnulentis\"><div class=\"wp-block-embed__wrapper\">\n<blockquote class=\"wp-embedded-content\" data-secret=\"jHsBPKP2US\"><a href=\"https:\/\/junnulentis.fi\/kausiaikataulu\/\">Kausiaikataulu<\/a><\/blockquote><iframe loading=\"lazy\" class=\"wp-embedded-content\" sandbox=\"allow-scripts\" security=\"restricted\" style=\"position: absolute; visibility: hidden;\" title=\"&#8221;Kausiaikataulu&#8221; &#8212; Junnulentis\" src=\"https:\/\/junnulentis.fi\/kausiaikataulu\/embed\/#?secret=tfNyj9N9x3#?secret=jHsBPKP2US\" data-secret=\"jHsBPKP2US\" width=\"600\" height=\"338\" frameborder=\"0\" marginwidth=\"0\" marginheight=\"0\" scrolling=\"no\"><\/iframe>\n<\/div><\/figure>\n\n\n\n<figure class=\"wp-block-embed is-type-wp-embed is-provider-junnulentis wp-block-embed-junnulentis\"><div class=\"wp-block-embed__wrapper\">\n<blockquote class=\"wp-embedded-content\" data-secret=\"ICBwTqjUwp\"><a href=\"https:\/\/junnulentis.fi\/2025\/08\/14\/minisaannot-2025-2026\/\">Minis\u00e4\u00e4nn\u00f6t 2025-2026<\/a><\/blockquote><iframe loading=\"lazy\" class=\"wp-embedded-content\" sandbox=\"allow-scripts\" security=\"restricted\" style=\"position: absolute; visibility: hidden;\" title=\"&#8221;Minis\u00e4\u00e4nn\u00f6t 2025-2026&#8221; &#8212; Junnulentis\" src=\"https:\/\/junnulentis.fi\/2025\/08\/14\/minisaannot-2025-2026\/embed\/#?secret=ud1fzL3R4H#?secret=ICBwTqjUwp\" data-secret=\"ICBwTqjUwp\" width=\"600\" height=\"338\" frameborder=\"0\" marginwidth=\"0\" marginheight=\"0\" scrolling=\"no\"><\/iframe>\n<\/div><\/figure>\n\n\n\n<h2 class=\"wp-block-heading\">Nuorten sekaharrastesarja<\/h2>\n\n\n\n<p>Nuorten sekaharrastesarja tulee my\u00f6s kaudelle 2025-2026. Sarjasta ollaan saatu viime vuosina hyvi\u00e4 kokemuksia ja sarjalle alueellamme on tarvetta. Sarjassa saavat pelata vuosina 2009-2013 syntyneet pelaajat ja erityisesti sarja on tarkoitettu niille, jotka ovat aloittaneet lentopalloharrastuksen my\u00f6hemm\u00e4ll\u00e4 i\u00e4ll\u00e4 ja taidot eiv\u00e4t viel\u00e4 aivan riit\u00e4 valtakunnalliseen sm-sarjaan.<\/p>\n\n\n\n<p>Ilmoittautuminen on nyt avoinna osoitteessa&nbsp;<a href=\"https:\/\/torneopal.lentopallo.fi\/taso\/login.php\">https:\/\/torneopal.lentopallo.fi\/taso\/login.php<\/a>. Tarkempaa tietoa sarjasta saa Heikki Vimparilta numerosta&nbsp;0408291230. Turnauksia kauden aikana noin 5-6 kpl ja sarjan kolmelle parhaalla palkinnot. Ilmoittautuminen sarjaan&nbsp;p\u00e4\u00e4ttyy&nbsp;21.9.<\/p>\n","protected":false},"excerpt":{"rendered":"<p>2025-2026 Sarjan otsikko on linkki sarjan ohjelmaan tulospalvelussa. Sarjat jatkuvat kev\u00e4\u00e4ll\u00e4. Uusia joukkueita kev\u00e4\u00e4ksi voi ilmoittaa 1.-11.12. v\u00e4lisen\u00e4 aikana, ohjeet l\u00f6ytyv\u00e4t lentopalloliiton&nbsp;ohjeet-sivulta. Sarjaa voi vaihtaa (esim. Tiikerisarjasta aluesarjaan) ilmoittamalla siit\u00e4&nbsp;sarjanhoitajalle&nbsp;viimeist\u00e4\u00e4n 11.12. Sarjan otsikko on linkki ohjelmaan tulospalvelussa U13(D)-tyt\u00f6t ja -pojat aluesarja Syksy 2025 Kev\u00e4t 2026 U13(D)-tyt\u00f6t- ja pojat Tiikerisarja Syksy 2025 Sarjassa pelataan triplapallos\u00e4\u00e4nn\u00f6ill\u00e4. Kev\u00e4t [&hellip;]<\/p>\n","protected":false},"author":9,"featured_media":0,"parent":276,"menu_order":0,"comment_status":"closed","ping_status":"closed","template":"pages\/template-kilpailu.php","meta":{"_acf_changed":false,"inline_featured_image":false,"footnotes":""},"class_list":["post-597","page","type-page","status-publish","hentry"],"acf":[],"_links":{"self":[{"href":"https:\/\/sivustot.lentopallo.fi\/pohjois-suomi\/wp-json\/wp\/v2\/pages\/597","targetHints":{"allow":["GET"]}}],"collection":[{"href":"https:\/\/sivustot.lentopallo.fi\/pohjois-suomi\/wp-json\/wp\/v2\/pages"}],"about":[{"href":"https:\/\/sivustot.lentopallo.fi\/pohjois-suomi\/wp-json\/wp\/v2\/types\/page"}],"author":[{"embeddable":true,"href":"https:\/\/sivustot.lentopallo.fi\/pohjois-suomi\/wp-json\/wp\/v2\/users\/9"}],"replies":[{"embeddable":true,"href":"https:\/\/sivustot.lentopallo.fi\/pohjois-suomi\/wp-json\/wp\/v2\/comments?post=597"}],"version-history":[{"count":19,"href":"https:\/\/sivustot.lentopallo.fi\/pohjois-suomi\/wp-json\/wp\/v2\/pages\/597\/revisions"}],"predecessor-version":[{"id":981,"href":"https:\/\/sivustot.lentopallo.fi\/pohjois-suomi\/wp-json\/wp\/v2\/pages\/597\/revisions\/981"}],"up":[{"embeddable":true,"href":"https:\/\/sivustot.lentopallo.fi\/pohjois-suomi\/wp-json\/wp\/v2\/pages\/276"}],"wp:attachment":[{"href":"https:\/\/sivustot.lentopallo.fi\/pohjois-suomi\/wp-json\/wp\/v2\/media?parent=597"}],"curies":[{"name":"wp","href":"https:\/\/api.w.org\/{rel}","templated":true}]}}