{"id":918,"date":"2025-09-22T04:56:35","date_gmt":"2025-09-22T04:56:35","guid":{"rendered":"https:\/\/sivustot.lentopallo.fi\/pohjois-suomi\/?page_id=918"},"modified":"2025-09-22T04:56:36","modified_gmt":"2025-09-22T04:56:36","slug":"lasten-urheilun-illat-kiertue","status":"publish","type":"page","link":"https:\/\/sivustot.lentopallo.fi\/pohjois-suomi\/lasten-urheilun-illat-kiertue\/","title":{"rendered":"\u201dLasten urheilun illat\u201d-kiertue"},"content":{"rendered":"\n<p>Tervehdys hyv\u00e4t lentopalloseurat, valmentajat ja seuratoimijat.<\/p>\n\n\n\n<p>V\u00c4LIT\u00c4TH\u00c4N t\u00e4m\u00e4n viestin oman seurasi lasten vaiheen valmentajille.<\/p>\n\n\n\n<p>Suurimmat joukkuepalloilulajit ovat yhdess\u00e4 julkaisseet helmikuussa 2025 joukkuepalloilulajien lasten urheilun viitekehyksen. Yhteisen arvopohjan ymp\u00e4rille tehdyn ty\u00f6n avulla halutaan vaikuttaa lasten vaiheen urheiluun ja muodostaa lapsil\u00e4ht\u00f6isi\u00e4 toimintaymp\u00e4rist\u00f6j\u00e4, jotka mahdollistavat lasten kehittymisen ja urheilemisen.<\/p>\n\n\n\n<p>Viitekehyksen asioiden jalkautumiseen toteutetaan \u201dLasten urheilun illat\u201d kiertue, johon kutsutaan lasten vaiheen valmentajat ja seurojen avainhenkil\u00f6t. Tapahtumissa keskustellaan lasten urheilusta ja lajien v\u00e4lisest\u00e4 yhteisty\u00f6st\u00e4. Tapahtumia j\u00e4rjestet\u00e4\u00e4n kaikilla J\u00e4\u00e4kiekkoliiton alueilla ja yhteens\u00e414 paikkakunnalla.<\/p>\n\n\n\n<p><a href=\"https:\/\/eur01.safelinks.protection.outlook.com\/?url=https%3A%2F%2Fwww.suomisport.fi%2Fevents%3FdateTimeRangeEnd%3D%26dateTimeRangeStart%3D%26masterSportIds%26organizers%3D%255B%257B%2522id%2522%253A6248%252C%2522organizationType%2522%253A%2522SPORTS_FEDERATION%2522%257D%255D%26purpose%3D%26searchTerm%3DJoukkuepelien%2520lasten%2520urheilun%2520ilta%26tagIds&amp;data=05%7C02%7C%7Cbac0bfd3626147e70af608ddf449e5f3%7C9d4872525a3743049f2524a5d2e40900%7C0%7C0%7C638935320426179643%7CUnknown%7CTWFpbGZsb3d8eyJFbXB0eU1hcGkiOnRydWUsIlYiOiIwLjAuMDAwMCIsIlAiOiJXaW4zMiIsIkFOIjoiTWFpbCIsIldUIjoyfQ%3D%3D%7C0%7C%7C%7C&amp;sdata=gwSm6lSkC%2BYL1WVD0i%2BKwJywpbaguZB%2Bqe8iXVSTFZA%3D&amp;reserved=0\">ILMOITTAUDU T\u00c4ST\u00c4 tapahtumaan <\/a>&nbsp;ja tuo oma n\u00e4kemyksesi mukaan alueelliseen lasten urheilun kehitt\u00e4miseen.<\/p>\n\n\n\n<p>Tapahtumat ovat osallistujille maksuttomia.<\/p>\n\n\n\n<p>ETEL\u00c4<\/p>\n\n\n\n<ul class=\"wp-block-list\">\n<li>Vantaa ma 20.10. klo 18.00 \u2013 20.00<\/li>\n\n\n\n<li>Espoo ti 21.10. klo 18.00 \u2013 20.00<\/li>\n\n\n\n<li>Helsinki ti 4.11. klo 17.30 \u201319.30<\/li>\n<\/ul>\n\n\n\n<p>H\u00c4ME<\/p>\n\n\n\n<ul class=\"wp-block-list\">\n<li>Tampere ma 22.9. klo 18.00 \u2013 20.00<\/li>\n\n\n\n<li>Lahti to 20.11. klo 17.30 \u201319.30<\/li>\n<\/ul>\n\n\n\n<p>KESKIMAA<\/p>\n\n\n\n<ul class=\"wp-block-list\">\n<li>Jyv\u00e4skyl\u00e4 to 30.10. klo 17.30 \u2013 19.30<\/li>\n\n\n\n<li>Vaasa ti 18.11. klo 17.30 \u201319.30<\/li>\n<\/ul>\n\n\n\n<p>KYMI-SAIMAA<\/p>\n\n\n\n<ul class=\"wp-block-list\">\n<li>Kouvola ti 2.12. klo 18.00 \u2013 20.00<\/li>\n<\/ul>\n\n\n\n<p>LAPPI<\/p>\n\n\n\n<ul class=\"wp-block-list\">\n<li>Rovaniemi ma 8.12. klo 17.30 \u2013 19.30<\/li>\n<\/ul>\n\n\n\n<p>L\u00c4NSIRANNIKKO<\/p>\n\n\n\n<ul class=\"wp-block-list\">\n<li>Turku ma 20.10. klo 17.30 \u201319.30<\/li>\n\n\n\n<li>Pori ti 4.11. klo 17.30 \u201319.30<\/li>\n<\/ul>\n\n\n\n<p>POHJOINEN<\/p>\n\n\n\n<ul class=\"wp-block-list\">\n<li>Oulu ti 9.12. klo 17.00 \u2013 19.00<\/li>\n<\/ul>\n\n\n\n<p>SAVO-KARJALA<\/p>\n\n\n\n<ul class=\"wp-block-list\">\n<li>Kuopio ti 30.9. klo 17.00 \u201319.00<\/li>\n\n\n\n<li>Joensuu ma 1.12. klo 17.30 \u201319.30<\/li>\n<\/ul>\n\n\n\n<p>Alla linkki lentopalloliiton uutiseen:<\/p>\n\n\n\n<figure class=\"wp-block-embed is-type-wp-embed is-provider-lentopalloliitto wp-block-embed-lentopalloliitto\"><div class=\"wp-block-embed__wrapper\">\n<blockquote class=\"wp-embedded-content\" data-secret=\"0v426Bl02M\"><a href=\"https:\/\/www.lentopallo.fi\/uutiset\/joukkuepelien-lasten-urheilun-illat-valmentajille-ja-seurojen-avainhenkiloille-nyt-on-aika-muuttaa-suuntaa\/\">Joukkuepelien lasten urheilun illat valmentajille ja seurojen avainhenkil\u00f6ille \u2013 nyt on aika muuttaa suuntaa!<\/a><\/blockquote><iframe loading=\"lazy\" class=\"wp-embedded-content\" sandbox=\"allow-scripts\" security=\"restricted\" style=\"position: absolute; visibility: hidden;\" title=\"&#8221;Joukkuepelien lasten urheilun illat valmentajille ja seurojen avainhenkil\u00f6ille \u2013 nyt on aika muuttaa suuntaa!&#8221; &#8212; Lentopalloliitto\" src=\"https:\/\/www.lentopallo.fi\/uutiset\/joukkuepelien-lasten-urheilun-illat-valmentajille-ja-seurojen-avainhenkiloille-nyt-on-aika-muuttaa-suuntaa\/embed\/#?secret=a60Rw9UH7a#?secret=0v426Bl02M\" data-secret=\"0v426Bl02M\" width=\"600\" height=\"338\" frameborder=\"0\" marginwidth=\"0\" marginheight=\"0\" scrolling=\"no\"><\/iframe>\n<\/div><\/figure>\n\n\n\n<p>Terveisin,<\/p>\n\n\n\n<p><strong>Oskar Muurinen<\/strong><\/p>\n\n\n\n<p><strong>Valmennusp\u00e4\u00e4llikk\u00f6 \/ Head of coaching<\/strong><\/p>\n\n\n\n<p><strong>Suomen Lentopalloliitto \/ Finnish Volleyball Federation<\/strong><\/p>\n\n\n\n<p><strong>Email: <\/strong><strong><a href=\"mailto:oskar.muurinen@lentopalloliitto.fi\">oskar.<\/a><\/strong><strong><a href=\"mailto:oskar.muurinen@lentopalloliitto.fi\">muurinen@lentopalloliitto<\/a><\/strong><strong><a href=\"mailto:oskar.muurinen@lentopalloliitto.fi\">.fi<\/a><\/strong><\/p>\n\n\n\n<p><strong>Phone: +358 50 3226163<\/strong><\/p>\n","protected":false},"excerpt":{"rendered":"<p>Tervehdys hyv\u00e4t lentopalloseurat, valmentajat ja seuratoimijat. V\u00c4LIT\u00c4TH\u00c4N t\u00e4m\u00e4n viestin oman seurasi lasten vaiheen valmentajille. Suurimmat joukkuepalloilulajit ovat yhdess\u00e4 julkaisseet helmikuussa 2025 joukkuepalloilulajien lasten urheilun viitekehyksen. Yhteisen arvopohjan ymp\u00e4rille tehdyn ty\u00f6n avulla halutaan vaikuttaa lasten vaiheen urheiluun ja muodostaa lapsil\u00e4ht\u00f6isi\u00e4 toimintaymp\u00e4rist\u00f6j\u00e4, jotka mahdollistavat lasten kehittymisen ja urheilemisen. Viitekehyksen asioiden jalkautumiseen toteutetaan \u201dLasten urheilun illat\u201d kiertue, johon [&hellip;]<\/p>\n","protected":false},"author":9,"featured_media":0,"parent":0,"menu_order":0,"comment_status":"closed","ping_status":"closed","template":"","meta":{"_acf_changed":false,"inline_featured_image":false,"footnotes":""},"class_list":["post-918","page","type-page","status-publish","hentry"],"acf":[],"_links":{"self":[{"href":"https:\/\/sivustot.lentopallo.fi\/pohjois-suomi\/wp-json\/wp\/v2\/pages\/918","targetHints":{"allow":["GET"]}}],"collection":[{"href":"https:\/\/sivustot.lentopallo.fi\/pohjois-suomi\/wp-json\/wp\/v2\/pages"}],"about":[{"href":"https:\/\/sivustot.lentopallo.fi\/pohjois-suomi\/wp-json\/wp\/v2\/types\/page"}],"author":[{"embeddable":true,"href":"https:\/\/sivustot.lentopallo.fi\/pohjois-suomi\/wp-json\/wp\/v2\/users\/9"}],"replies":[{"embeddable":true,"href":"https:\/\/sivustot.lentopallo.fi\/pohjois-suomi\/wp-json\/wp\/v2\/comments?post=918"}],"version-history":[{"count":1,"href":"https:\/\/sivustot.lentopallo.fi\/pohjois-suomi\/wp-json\/wp\/v2\/pages\/918\/revisions"}],"predecessor-version":[{"id":919,"href":"https:\/\/sivustot.lentopallo.fi\/pohjois-suomi\/wp-json\/wp\/v2\/pages\/918\/revisions\/919"}],"wp:attachment":[{"href":"https:\/\/sivustot.lentopallo.fi\/pohjois-suomi\/wp-json\/wp\/v2\/media?parent=918"}],"curies":[{"name":"wp","href":"https:\/\/api.w.org\/{rel}","templated":true}]}}